{"id":9674,"date":"2018-12-25T10:36:28","date_gmt":"2018-12-25T18:36:28","guid":{"rendered":"https:\/\/dev.getmedbox.com\/?page_id=9674"},"modified":"2024-10-10T22:53:25","modified_gmt":"2024-10-11T05:53:25","slug":"thank-you","status":"publish","type":"page","link":"https:\/\/ameripharmainfusioncenter.com\/vi\/thank-you\/","title":{"rendered":"C\u1ea3m \u01a1n"},"content":{"rendered":"<div class=\"wp-block-columns thankyou-content container is-layout-flex wp-container-core-columns-is-layout-d458a907 wp-block-columns-is-layout-flex\" style=\"padding-right:30px;padding-left:30px\">\n<div class=\"wp-block-column is-layout-flow wp-block-column-is-layout-flow\" style=\"flex-basis:100%\">\n<div class=\"wp-block-uagb-container uagb-block-81cc8be3 default uagb-is-root-container\">\n<div class=\"wp-block-uagb-container uagb-block-d4b7e909\">\n<h2>C\u1ea3m \u01a1n b\u1ea1n \u0111\u00e3 g\u1eedi c\u00e2u h\u1ecfi! Ch\u00fang t\u00f4i s\u1ebd s\u1edbm li\u00ean h\u1ec7 v\u1edbi b\u1ea1n!<\/h2>\n\n<p>Ch\u00fang t\u00f4i \u1edf \u0111\u00e2y \u0111\u1ec3 ph\u1ee5c v\u1ee5 nhu c\u1ea7u truy\u1ec1n d\u1ecbch c\u1ee7a b\u1ea1n v\u00e0 gi\u00fap tr\u1ea3i nghi\u1ec7m truy\u1ec1n d\u1ecbch c\u1ee7a b\u1ea1n tho\u1ea3i m\u00e1i h\u01a1n. Khi n\u00f3i \u0111\u1ebfn s\u1ee9c kh\u1ecfe c\u1ee7a b\u1ea1n, \u0111i\u1ec1u c\u1ea7n thi\u1ebft l\u00e0 ph\u1ea3i c\u00f3 quy\u1ec1n truy c\u1eadp v\u00e0o d\u1ecbch v\u1ee5 kh\u00e1ch h\u00e0ng v\u00e0 h\u1ed7 tr\u1ee3 khi b\u1ea1n c\u1ea7n. N\u1ebfu b\u1ea1n c\u00f3 b\u1ea5t k\u1ef3 c\u00e2u h\u1ecfi n\u00e0o ngay l\u1eadp t\u1ee9c, ch\u00fang t\u00f4i lu\u00f4n tr\u1ef1c 24\/7\/365.<\/p>\n\n<div class=\"col-md-3 main-top-margin\">\n<h3>Th\u00f4ng tin li\u00ean l\u1ea1c<\/h3>\n<p class=\"phone-fax\"><span class=\"footer-phone\">\u0110i\u1ec7n tho\u1ea1i: (<a href=\"tel:+17145516629\">714) 551-6629<\/a>\nS\u1ed1 Fax: (877) 778-0399<\/span><\/p>\n\n<h3>Tr\u1ee5 s\u1edf ch\u00ednh<\/h3>\n<p><a href=\"https:\/\/www.google.com\/maps\/place\/132+S+Anita+Dr,+Orange,+CA+92868\/@33.786143,-117.881629,17z\/data=!4m5!3m4!1s0x80dcd82a79380a29:0xc21b6ad0cde384a!8m2!3d33.787382!4d-117.8813661?hl=en-US&amp;shorturl=1\" target=\"new\" rel=\"noopener noreferrer\">132 S. Anita Dr., Orange, CA 92868<\/a><\/p>\n<\/div>\n<\/div>\n\n\n\n<div class=\"wp-block-uagb-container uagb-block-e3e4db77\">\n<div style=\"height:10px\" aria-hidden=\"true\" class=\"wp-block-spacer\"><\/div>\n<\/div>\n<\/div>\n<\/div>\n<\/div>\n\n\n\t\t\t<div \n\t\t\tclass=\"wp-block-uagb-google-map uagb-google-map__wrap uagb-block-b4d1bc67\"\n\t\t\tstyle=\"\" >\n\t\t\t\t<embed\n\t\t\t\t\tclass=\"uagb-google-map__iframe\"\n\t\t\t\t\ttitle=\"B\u1ea3n \u0111\u1ed3 Google cho \"\n\t\t\t\t\tsrc=\"https:\/\/maps.google.com\/maps?q=132%20S%20Anita%20Dr%2C%20Orange%2C%20CA%2092868&#038;z=16&#038;hl=en&#038;t=m&#038;output=embed&#038;iwloc=near\"\n\t\t\t\t\twidth=\"640\"\n\t\t\t\t\theight=\"450\"\n\t\t\t\t\tloading=\"lazy\"\n\t\t\t\t><\/embed>\n\t\t\t<\/div>","protected":false},"excerpt":{"rendered":"<p>C\u1ea3m \u01a1n b\u1ea1n \u0111\u00e3 quan t\u00e2m! Ch\u00fang t\u00f4i s\u1ebd s\u1edbm li\u00ean h\u1ec7 v\u1edbi b\u1ea1n! Ch\u00fang t\u00f4i lu\u00f4n s\u1eb5n s\u00e0ng ph\u1ee5c v\u1ee5 nhu c\u1ea7u truy\u1ec1n d\u1ecbch c\u1ee7a b\u1ea1n v\u00e0 mang \u0111\u1ebfn cho b\u1ea1n tr\u1ea3i nghi\u1ec7m truy\u1ec1n d\u1ecbch tho\u1ea3i m\u00e1i h\u01a1n. Khi n\u00f3i \u0111\u1ebfn s\u1ee9c kh\u1ecfe, vi\u1ec7c \u0111\u01b0\u1ee3c h\u1ed7 tr\u1ee3 v\u00e0 ch\u0103m s\u00f3c kh\u00e1ch h\u00e0ng khi c\u1ea7n l\u00e0 v\u00f4 c\u00f9ng quan tr\u1ecdng.<\/p>","protected":false},"author":1,"featured_media":0,"parent":0,"menu_order":0,"comment_status":"closed","ping_status":"closed","template":"","meta":{"_acf_changed":false,"inline_featured_image":false,"_uag_custom_page_level_css":"","footnotes":""},"class_list":["post-9674","page","type-page","status-publish","hentry"],"acf":[],"yoast_head":"<!-- This site is optimized with the Yoast SEO plugin v27.4 - https:\/\/yoast.com\/product\/yoast-seo-wordpress\/ -->\n<title>Thank you for your inquiry<\/title>\n<meta name=\"description\" content=\"We are always here to help. AmeriPharma Infusion Center provides high-tech, secure and comfortable suites specifically for IV therapy.\" \/>\n<meta name=\"robots\" content=\"noindex, follow\" \/>\n<meta property=\"og:locale\" content=\"vi_VN\" \/>\n<meta property=\"og:type\" content=\"article\" \/>\n<meta property=\"og:title\" content=\"Thank you for your inquiry\" \/>\n<meta property=\"og:description\" content=\"We are always here to help. AmeriPharma Infusion Center provides high-tech, secure and comfortable suites specifically for IV therapy.\" \/>\n<meta property=\"og:url\" content=\"https:\/\/ameripharmainfusioncenter.com\/vi\/thank-you\/\" \/>\n<meta property=\"og:site_name\" content=\"AmeriPharma Infusion Center\" \/>\n<meta property=\"article:publisher\" content=\"https:\/\/www.facebook.com\/AmeriPharmaInfusionCenter\/\" \/>\n<meta property=\"article:modified_time\" content=\"2024-10-11T05:53:25+00:00\" \/>\n<meta property=\"og:image\" content=\"https:\/\/ameripharmainfusioncenter.com\/wp-content\/uploads\/2023\/06\/infusion-center-logo-large-square.png\" \/>\n\t<meta property=\"og:image:width\" content=\"400\" \/>\n\t<meta property=\"og:image:height\" content=\"400\" \/>\n\t<meta property=\"og:image:type\" content=\"image\/png\" \/>\n<meta name=\"twitter:card\" content=\"summary_large_image\" \/>\n<meta name=\"twitter:label1\" content=\"\u01af\u1edbc t\u00ednh th\u1eddi gian \u0111\u1ecdc\" \/>\n\t<meta name=\"twitter:data1\" content=\"1 ph\u00fat\" \/>\n<script type=\"application\/ld+json\" class=\"yoast-schema-graph\">{\"@context\":\"https:\\\/\\\/schema.org\",\"@graph\":[{\"@type\":\"WebPage\",\"@id\":\"https:\\\/\\\/ameripharmainfusioncenter.com\\\/thank-you\\\/\",\"url\":\"https:\\\/\\\/ameripharmainfusioncenter.com\\\/thank-you\\\/\",\"name\":\"Thank you for your inquiry\",\"isPartOf\":{\"@id\":\"https:\\\/\\\/ameripharmainfusioncenter.com\\\/#website\"},\"datePublished\":\"2018-12-25T18:36:28+00:00\",\"dateModified\":\"2024-10-11T05:53:25+00:00\",\"description\":\"We are always here to help. AmeriPharma Infusion Center provides high-tech, secure and comfortable suites specifically for IV therapy.\",\"breadcrumb\":{\"@id\":\"https:\\\/\\\/ameripharmainfusioncenter.com\\\/thank-you\\\/#breadcrumb\"},\"inLanguage\":\"vi\",\"potentialAction\":[{\"@type\":\"ReadAction\",\"target\":[\"https:\\\/\\\/ameripharmainfusioncenter.com\\\/thank-you\\\/\"]}]},{\"@type\":\"BreadcrumbList\",\"@id\":\"https:\\\/\\\/ameripharmainfusioncenter.com\\\/thank-you\\\/#breadcrumb\",\"itemListElement\":[{\"@type\":\"ListItem\",\"position\":1,\"name\":\"Home\",\"item\":\"https:\\\/\\\/ameripharmainfusioncenter.com\\\/\"},{\"@type\":\"ListItem\",\"position\":2,\"name\":\"Thank You\"}]},{\"@type\":\"WebSite\",\"@id\":\"https:\\\/\\\/ameripharmainfusioncenter.com\\\/#website\",\"url\":\"https:\\\/\\\/ameripharmainfusioncenter.com\\\/\",\"name\":\"AmeriPharma Infusion Center\",\"description\":\"Prescription-based Infusion Center in Orange, CA\",\"publisher\":{\"@id\":\"https:\\\/\\\/ameripharmainfusioncenter.com\\\/#organization\"},\"potentialAction\":[{\"@type\":\"SearchAction\",\"target\":{\"@type\":\"EntryPoint\",\"urlTemplate\":\"https:\\\/\\\/ameripharmainfusioncenter.com\\\/?s={search_term_string}\"},\"query-input\":{\"@type\":\"PropertyValueSpecification\",\"valueRequired\":true,\"valueName\":\"search_term_string\"}}],\"inLanguage\":\"vi\"},{\"@type\":\"Organization\",\"@id\":\"https:\\\/\\\/ameripharmainfusioncenter.com\\\/#organization\",\"name\":\"AmeriPharma Infusion Center\",\"url\":\"https:\\\/\\\/ameripharmainfusioncenter.com\\\/\",\"logo\":{\"@type\":\"ImageObject\",\"inLanguage\":\"vi\",\"@id\":\"https:\\\/\\\/ameripharmainfusioncenter.com\\\/#\\\/schema\\\/logo\\\/image\\\/\",\"url\":\"https:\\\/\\\/ameripharmainfusioncenter.com\\\/wp-content\\\/uploads\\\/2023\\\/02\\\/AmeriPharma-InfusionCenter-logo.png\",\"contentUrl\":\"https:\\\/\\\/ameripharmainfusioncenter.com\\\/wp-content\\\/uploads\\\/2023\\\/02\\\/AmeriPharma-InfusionCenter-logo.png\",\"width\":375,\"height\":60,\"caption\":\"AmeriPharma Infusion Center\"},\"image\":{\"@id\":\"https:\\\/\\\/ameripharmainfusioncenter.com\\\/#\\\/schema\\\/logo\\\/image\\\/\"},\"sameAs\":[\"https:\\\/\\\/www.facebook.com\\\/AmeriPharmaInfusionCenter\\\/\",\"https:\\\/\\\/www.linkedin.com\\\/company\\\/ameripharma\",\"https:\\\/\\\/www.youtube.com\\\/channel\\\/UCdo4qXkWsAwiSz4-f-yz0Aw\"]}]}<\/script>\n<!-- \/ Yoast SEO plugin. -->","yoast_head_json":{"title":"C\u1ea3m \u01a1n b\u1ea1n \u0111\u00e3 h\u1ecfi th\u0103m","description":"Ch\u00fang t\u00f4i lu\u00f4n \u1edf \u0111\u00e2y \u0111\u1ec3 gi\u00fap \u0111\u1ee1. AmeriPharma Infusion Center cung c\u1ea5p c\u00e1c ph\u00f2ng d\u1ecbch v\u1ee5 c\u00f4ng ngh\u1ec7 cao, an to\u00e0n v\u00e0 tho\u1ea3i m\u00e1i d\u00e0nh ri\u00eang cho li\u1ec7u ph\u00e1p truy\u1ec1n d\u1ecbch t\u0129nh m\u1ea1ch.","robots":{"index":"noindex","follow":"follow"},"og_locale":"vi_VN","og_type":"article","og_title":"Thank you for your inquiry","og_description":"We are always here to help. AmeriPharma Infusion Center provides high-tech, secure and comfortable suites specifically for IV therapy.","og_url":"https:\/\/ameripharmainfusioncenter.com\/vi\/thank-you\/","og_site_name":"AmeriPharma Infusion Center","article_publisher":"https:\/\/www.facebook.com\/AmeriPharmaInfusionCenter\/","article_modified_time":"2024-10-11T05:53:25+00:00","og_image":[{"width":400,"height":400,"url":"https:\/\/ameripharmainfusioncenter.com\/wp-content\/uploads\/2023\/06\/infusion-center-logo-large-square.png","type":"image\/png"}],"twitter_card":"summary_large_image","twitter_misc":{"\u01af\u1edbc t\u00ednh th\u1eddi gian \u0111\u1ecdc":"1 ph\u00fat"},"schema":{"@context":"https:\/\/schema.org","@graph":[{"@type":"WebPage","@id":"https:\/\/ameripharmainfusioncenter.com\/thank-you\/","url":"https:\/\/ameripharmainfusioncenter.com\/thank-you\/","name":"C\u1ea3m \u01a1n b\u1ea1n \u0111\u00e3 h\u1ecfi th\u0103m","isPartOf":{"@id":"https:\/\/ameripharmainfusioncenter.com\/#website"},"datePublished":"2018-12-25T18:36:28+00:00","dateModified":"2024-10-11T05:53:25+00:00","description":"Ch\u00fang t\u00f4i lu\u00f4n \u1edf \u0111\u00e2y \u0111\u1ec3 gi\u00fap \u0111\u1ee1. AmeriPharma Infusion Center cung c\u1ea5p c\u00e1c ph\u00f2ng d\u1ecbch v\u1ee5 c\u00f4ng ngh\u1ec7 cao, an to\u00e0n v\u00e0 tho\u1ea3i m\u00e1i d\u00e0nh ri\u00eang cho li\u1ec7u ph\u00e1p truy\u1ec1n d\u1ecbch t\u0129nh m\u1ea1ch.","breadcrumb":{"@id":"https:\/\/ameripharmainfusioncenter.com\/thank-you\/#breadcrumb"},"inLanguage":"vi","potentialAction":[{"@type":"ReadAction","target":["https:\/\/ameripharmainfusioncenter.com\/thank-you\/"]}]},{"@type":"BreadcrumbList","@id":"https:\/\/ameripharmainfusioncenter.com\/thank-you\/#breadcrumb","itemListElement":[{"@type":"ListItem","position":1,"name":"Home","item":"https:\/\/ameripharmainfusioncenter.com\/"},{"@type":"ListItem","position":2,"name":"Thank You"}]},{"@type":"WebSite","@id":"https:\/\/ameripharmainfusioncenter.com\/#website","url":"https:\/\/ameripharmainfusioncenter.com\/","name":"AmeriPharma Infusion Center","description":"Trung t\u00e2m truy\u1ec1n d\u1ecbch theo toa t\u1ea1i Orange, CA","publisher":{"@id":"https:\/\/ameripharmainfusioncenter.com\/#organization"},"potentialAction":[{"@type":"SearchAction","target":{"@type":"EntryPoint","urlTemplate":"https:\/\/ameripharmainfusioncenter.com\/?s={search_term_string}"},"query-input":{"@type":"PropertyValueSpecification","valueRequired":true,"valueName":"search_term_string"}}],"inLanguage":"vi"},{"@type":"Organization","@id":"https:\/\/ameripharmainfusioncenter.com\/#organization","name":"AmeriPharma Infusion Center","url":"https:\/\/ameripharmainfusioncenter.com\/","logo":{"@type":"ImageObject","inLanguage":"vi","@id":"https:\/\/ameripharmainfusioncenter.com\/#\/schema\/logo\/image\/","url":"https:\/\/ameripharmainfusioncenter.com\/wp-content\/uploads\/2023\/02\/AmeriPharma-InfusionCenter-logo.png","contentUrl":"https:\/\/ameripharmainfusioncenter.com\/wp-content\/uploads\/2023\/02\/AmeriPharma-InfusionCenter-logo.png","width":375,"height":60,"caption":"AmeriPharma Infusion Center"},"image":{"@id":"https:\/\/ameripharmainfusioncenter.com\/#\/schema\/logo\/image\/"},"sameAs":["https:\/\/www.facebook.com\/AmeriPharmaInfusionCenter\/","https:\/\/www.linkedin.com\/company\/ameripharma","https:\/\/www.youtube.com\/channel\/UCdo4qXkWsAwiSz4-f-yz0Aw"]}]}},"uagb_featured_image_src":{"full":false,"thumbnail":false,"medium":false,"medium_large":false,"large":false,"1536x1536":false,"2048x2048":false,"trp-custom-language-flag":false,"block-image-html-large":false,"ct-gallery":false,"ct-section-header":false,"ct-thumb":false,"ct-thumb-large":false,"ct-small":false,"ct-medium":false,"ct-xmedium":false,"ct-large":false},"uagb_author_info":{"display_name":"AmeriPharma\u00ae Infusion Center Staff","author_link":"https:\/\/ameripharmainfusioncenter.com\/vi\/author\/admin\/"},"uagb_comment_info":0,"uagb_excerpt":"Thank you for your inquiry! We will contact you soon! We are here to serve your infusion needs and to make your infusion experience more comfortable. When it comes to your health, it\u2019s essential to have access to customer service and support when you need it.","_links":{"self":[{"href":"https:\/\/ameripharmainfusioncenter.com\/vi\/wp-json\/wp\/v2\/pages\/9674","targetHints":{"allow":["GET"]}}],"collection":[{"href":"https:\/\/ameripharmainfusioncenter.com\/vi\/wp-json\/wp\/v2\/pages"}],"about":[{"href":"https:\/\/ameripharmainfusioncenter.com\/vi\/wp-json\/wp\/v2\/types\/page"}],"author":[{"embeddable":true,"href":"https:\/\/ameripharmainfusioncenter.com\/vi\/wp-json\/wp\/v2\/users\/1"}],"replies":[{"embeddable":true,"href":"https:\/\/ameripharmainfusioncenter.com\/vi\/wp-json\/wp\/v2\/comments?post=9674"}],"version-history":[{"count":0,"href":"https:\/\/ameripharmainfusioncenter.com\/vi\/wp-json\/wp\/v2\/pages\/9674\/revisions"}],"wp:attachment":[{"href":"https:\/\/ameripharmainfusioncenter.com\/vi\/wp-json\/wp\/v2\/media?parent=9674"}],"curies":[{"name":"wp","href":"https:\/\/api.w.org\/{rel}","templated":true}]}}