{"id":12350,"date":"2024-07-12T10:57:12","date_gmt":"2024-07-12T17:57:12","guid":{"rendered":"https:\/\/ameripharmainfusioncenter.com\/?page_id=12350"},"modified":"2026-02-10T14:54:36","modified_gmt":"2026-02-10T22:54:36","slug":"patient-faqs","status":"publish","type":"page","link":"https:\/\/ameripharmainfusioncenter.com\/vi\/patient-faqs\/","title":{"rendered":"C\u00e2u h\u1ecfi th\u01b0\u1eddng g\u1eb7p c\u1ee7a b\u1ec7nh nh\u00e2n"},"content":{"rendered":"<div class=\"wp-block-columns patients-faq has-background is-layout-flex wp-container-core-columns-is-layout-9d6595d7 wp-block-columns-is-layout-flex\" style=\"background-color:#f8f9fb\">\n<div class=\"wp-block-column is-layout-flow wp-block-column-is-layout-flow\">\n<div style=\"height:60px\" aria-hidden=\"true\" class=\"wp-block-spacer\"><\/div>\n\n\n\n<div class=\"wp-block-uagb-image aligncenter uagb-block-3a349f99 wp-block-uagb-image--layout-default wp-block-uagb-image--effect-static wp-block-uagb-image--align-center\"><figure class=\"wp-block-uagb-image__figure\"><img decoding=\"async\" srcset=\"https:\/\/ameripharmainfusioncenter.com\/wp-content\/uploads\/2024\/07\/Patient-picking-snacks-iv-therapy-1024x450.webp ,https:\/\/ameripharmainfusioncenter.com\/wp-content\/uploads\/2024\/07\/Patient-picking-snacks-iv-therapy.webp 780w, https:\/\/ameripharmainfusioncenter.com\/wp-content\/uploads\/2024\/07\/Patient-picking-snacks-iv-therapy.webp 360w\" sizes=\"auto, (max-width: 480px) 150px\" src=\"https:\/\/ameripharmainfusioncenter.com\/wp-content\/uploads\/2024\/07\/Patient-picking-snacks-iv-therapy-1024x450.webp\" alt=\"Nurse offering snack to infusion therapy patient\" class=\"uag-image-12351\" width=\"1024\" height=\"450\" title=\"B\u1ec7nh nh\u00e2n h\u00e1i \u0111\u1ed3 \u0103n nh\u1eb9-li\u1ec7u ph\u00e1p truy\u1ec1n d\u1ecbch\" loading=\"lazy\" role=\"img\"\/><\/figure><\/div>\n\n\n\n<div  id=\"faq-1afba9f45023a1e8c5240dc5c29703b2\" style=\"\" class=\"faqBlock\">\n\t<div class=\"container\">\n\t\t<div class=\"faqBlockWrapper\">\n\t\t\t<h2 class=\"title\"><\/h2>\n\t\t\t\t\t\t<div class=\"list faqs-accordion accordion\">\n\t\t\t\t\t\t\t\t\t<div class=\"list-item accordion-item\">\n\t\t\t\t\t\t<h4 class=\"question accordion-thumb\">Trung t\u00e2m truy\u1ec1n d\u1ecbch AmeriPharma\u00ae l\u00e0 g\u00ec?<\/h4>\n\t\t\t\t\t\t<div class=\"answer accordion-panel\"><p>Trung t\u00e2m truy\u1ec1n d\u1ecbch AmeriPharma\u00ae cung c\u1ea5p c\u00e1c c\u01a1 s\u1edf hi\u1ec7n \u0111\u1ea1i cho m\u1ecdi nhu c\u1ea7u \u0111i\u1ec1u tr\u1ecb truy\u1ec1n d\u1ecbch theo \u0111\u01a1n thu\u1ed1c. T\u1eeb c\u00e1c khu v\u1ef1c chung \u0111\u1ebfn ph\u00f2ng truy\u1ec1n d\u1ecbch, c\u00e1c c\u01a1 s\u1edf c\u1ee7a ch\u00fang t\u00f4i \u0111\u01b0\u1ee3c thi\u1ebft k\u1ebf v\u00e0 x\u00e2y d\u1ef1ng t\u1ec9 m\u1ec9 cho m\u1ed9t m\u1ee5c \u0111\u00edch: cung c\u1ea5p d\u1ecbch v\u1ee5 truy\u1ec1n d\u1ecbch c\u00f4ng ngh\u1ec7 cao, an to\u00e0n v\u00e0 tho\u1ea3i m\u00e1i.<\/p>\n<p>\u0110\u1ed9i ng\u0169 nh\u00e2n vi\u00ean t\u1eadn t\u00e2m v\u00e0 chuy\u00ean nghi\u1ec7p c\u1ee7a ch\u00fang t\u00f4i cam k\u1ebft mang \u0111\u1ebfn cho b\u1ec7nh nh\u00e2n tr\u1ea3i nghi\u1ec7m gi\u00fap lo\u1ea1i b\u1ecf c\u0103ng th\u1eb3ng, \u0111\u1ea3m b\u1ea3o s\u1ef1 tho\u1ea3i m\u00e1i t\u1ed1i \u0111a v\u00e0 t\u1ed1i \u01b0u h\u00f3a k\u1ebft qu\u1ea3 \u0111i\u1ec1u tr\u1ecb.<\/p>\n<p>T\u1ea1i trung t\u00e2m truy\u1ec1n d\u1ecbch h\u1ea5p d\u1eabn c\u1ee7a AmeriPharma, ch\u00fang t\u00f4i cung c\u1ea5p d\u1ecbch v\u1ee5 tr\u1ee3 gi\u00fap c\u00e1 nh\u00e2n cho b\u1ec7nh nh\u00e2n c\u1ee7a m\u00ecnh. Cho d\u00f9 \u1edf ph\u00f2ng ri\u00eang hay ph\u00f2ng ti\u00eau chu\u1ea9n, b\u1ea1n s\u1ebd \u0111\u01b0\u1ee3c ng\u1ed3i tr\u00ean gh\u1ebf truy\u1ec1n d\u1ecbch ng\u1ea3 l\u01b0ng tho\u1ea3i m\u00e1i v\u00e0 c\u00f3 th\u1ec3 truy c\u1eadp v\u00e0o th\u01b0 vi\u1ec7n r\u1ed9ng l\u1edbn, c\u00e2u \u0111\u1ed1, t\u00e0i li\u1ec7u gi\u00e1o d\u1ee5c, truy\u1ec1n h\u00ecnh, \u00e2m nh\u1ea1c, v.v. c\u1ee7a ch\u00fang t\u00f4i. Kh\u00e1ch v\u00e0 c\u00e1c th\u00e0nh vi\u00ean gia \u0111\u00ecnh c\u1ee7a b\u1ea1n lu\u00f4n \u0111\u01b0\u1ee3c ch\u00e0o \u0111\u00f3n \u1edf b\u00ean c\u1ea1nh b\u1ea1n.<\/p>\n<p>Hi\u1ec7n t\u1ea1i ch\u00fang t\u00f4i c\u00f3 ba c\u01a1 s\u1edf \u1edf California v\u00e0 m\u1ed9t \u1edf Washington v\u00e0 \u0111ang li\u00ean t\u1ee5c m\u1edf r\u1ed9ng th\u00eam c\u00e1c \u0111\u1ecba \u0111i\u1ec3m m\u1edbi.<\/p>\n<\/div>\n\t\t\t\t\t<\/div>\n\t\t\t\t\t\t\t\t\t<div class=\"list-item accordion-item\">\n\t\t\t\t\t\t<h4 class=\"question accordion-thumb\">Trung t\u00e2m truy\u1ec1n d\u1ecbch AmeriPharma\u00ae c\u00f3 th\u1ec3 h\u1ed7 tr\u1ee3 t\u00f4i v\u1ec1 b\u1ea3o hi\u1ec3m ho\u1eb7c h\u1ed7 tr\u1ee3 t\u00e0i ch\u00ednh kh\u00f4ng?<\/h4>\n\t\t\t\t\t\t<div class=\"answer accordion-panel\"><p>Ch\u1eafc ch\u1eafn r\u1ed3i! AmeriPharma\u00ae s\u1ebd ph\u1ed1i h\u1ee3p v\u1edbi b\u00e1c s\u0129 v\u00e0 nh\u00e0 cung c\u1ea5p b\u1ea3o hi\u1ec3m c\u1ee7a b\u1ea1n thay m\u1eb7t b\u1ea1n. M\u1ed7i b\u1ec7nh nh\u00e2n t\u1ea1i Trung t\u00e2m Truy\u1ec1n d\u1ecbch c\u0169ng \u0111\u01b0\u1ee3c ch\u1ec9 \u0111\u1ecbnh m\u1ed9t \u0111i\u1ec1u ph\u1ed1i vi\u00ean ch\u0103m s\u00f3c b\u1ec7nh nh\u00e2n \u0111\u1ec3 h\u01b0\u1edbng d\u1eabn b\u1ea1n ho\u00e0n t\u1ea5t m\u1ecdi th\u1ee7 t\u1ee5c gi\u1ea5y t\u1edd v\u00e0 quy tr\u00ecnh.<\/p>\n<p>\u0110\u1ed1i v\u1edbi nh\u1eefng b\u1ec7nh nh\u00e2n c\u00f3 b\u1ea3o hi\u1ec3m nh\u01b0ng g\u1eb7p kh\u00f3 kh\u0103n trong vi\u1ec7c chi tr\u1ea3 \u0111\u1ed3ng thanh to\u00e1n, nh\u00f3m chuy\u00ean gia c\u1ee7a ch\u00fang t\u00f4i c\u00f3 th\u1ec3 gi\u00fap t\u00ecm c\u00e1c ch\u01b0\u01a1ng tr\u00ecnh h\u1ed7 tr\u1ee3 \u0111\u1ed3ng thanh to\u00e1n.<\/p>\n<p>\u0110\u1ed1i v\u1edbi nh\u1eefng b\u1ec7nh nh\u00e2n c\u1ea7n h\u1ed7 tr\u1ee3 t\u00e0i ch\u00ednh b\u1ed5 sung, ch\u00fang t\u00f4i cung c\u1ea5p chuy\u00ean m\u00f4n c\u1ee7a c\u00e1c chuy\u00ean gia l\u00e0m vi\u1ec7c v\u1edbi m\u1ea1ng l\u01b0\u1edbi c\u00e1c t\u1ed5 ch\u1ee9c h\u1ed7 tr\u1ee3 t\u00e0i ch\u00ednh, qu\u1ef9 v\u00e0 t\u1ed5 ch\u1ee9c t\u1eeb thi\u1ec7n \u0111ang ng\u00e0y c\u00e0ng m\u1edf r\u1ed9ng c\u1ee7a ch\u00fang t\u00f4i \u0111\u1ec3 c\u00f3 th\u1ec3 cung c\u1ea5p h\u1ed7 tr\u1ee3 c\u1ea7n thi\u1ebft.<\/p>\n<\/div>\n\t\t\t\t\t<\/div>\n\t\t\t\t\t\t\t\t\t<div class=\"list-item accordion-item\">\n\t\t\t\t\t\t<h4 class=\"question accordion-thumb\">T\u00f4i g\u1eb7p v\u1ea5n \u0111\u1ec1 v\u1edbi thu\u1ed1c truy\u1ec1n t\u0129nh m\u1ea1ch ho\u1eb7c k\u1ebf ho\u1ea1ch \u0111i\u1ec1u tr\u1ecb c\u1ee7a m\u00ecnh. Trung t\u00e2m truy\u1ec1n d\u1ecbch AmeriPharma\u00ae c\u00f3 th\u1ec3 gi\u00fap g\u00ec?<\/h4>\n\t\t\t\t\t\t<div class=\"answer accordion-panel\"><p>B\u1ea1n c\u00f3 th\u1ec3 g\u1ecdi cho m\u1ed9t trong nh\u1eefng chuy\u00ean gia c\u1ee7a ch\u00fang t\u00f4i b\u1ea5t c\u1ee9 l\u00fac n\u00e0o, 24 gi\u1edd m\u1ed9t ng\u00e0y, 365 ng\u00e0y m\u1ed9t n\u0103m. Ch\u00fang t\u00f4i lu\u00f4n s\u1eb5n s\u00e0ng h\u1ed7 tr\u1ee3 b\u1ea1n v\u1ec1 m\u1eb7t l\u00e2m s\u00e0ng cho b\u1ea5t k\u1ef3 v\u1ea5n \u0111\u1ec1 ho\u1eb7c m\u1ed1i quan t\u00e2m n\u00e0o b\u1ea1n c\u00f3 th\u1ec3 g\u1eb7p ph\u1ea3i. Ch\u00fang t\u00f4i r\u1ea5t vui khi \u0111\u01b0\u1ee3c l\u1eafng nghe b\u1ea1n v\u00e0 hoan ngh\u00eanh s\u1ef1 tham gia v\u00e0 giao ti\u1ebfp t\u00edch c\u1ef1c c\u1ee7a b\u1ea1n trong su\u1ed1t qu\u00e1 tr\u00ecnh \u0111i\u1ec1u tr\u1ecb.<\/p>\n<\/div>\n\t\t\t\t\t<\/div>\n\t\t\t\t\t\t\t\t\t<div class=\"list-item accordion-item\">\n\t\t\t\t\t\t<h4 class=\"question accordion-thumb\">C\u00f3 cung c\u1ea5p \u0111\u1ed3 \u0103n v\u00e0 \u0111\u1ed3 u\u1ed1ng trong su\u1ed1t bu\u1ed5i \u0111i\u1ec1u tr\u1ecb kh\u00f4ng?<\/h4>\n\t\t\t\t\t\t<div class=\"answer accordion-panel\"><p>C\u00f3. Ch\u00fang t\u00f4i cung c\u1ea5p \u0111\u1ed3 \u0103n nh\u1eb9 l\u00e0nh m\u1ea1nh nh\u01b0 b\u00e1nh g\u1ea1o, b\u00e1nh quy gi\u00f2n v\u00e0 thanh granola \u0111\u1ec3 ng\u0103n c\u01a1n \u0111\u00f3i trong qu\u00e1 tr\u00ecnh \u0111i\u1ec1u tr\u1ecb c\u1ee7a b\u1ea1n. Ch\u00fang t\u00f4i c\u0169ng cung c\u1ea5p cho b\u1ea1n n\u01b0\u1edbc, n\u01b0\u1edbc tr\u00e1i c\u00e2y v\u00e0 c\u00e1c lo\u1ea1i \u0111\u1ed3 u\u1ed1ng kh\u00e1c. B\u1ea1n v\u00e0 kh\u00e1ch c\u1ee7a b\u1ea1n c\u0169ng \u0111\u01b0\u1ee3c ph\u00e9p mang theo \u0111\u1ed3 \u0103n.<\/p>\n<\/div>\n\t\t\t\t\t<\/div>\n\t\t\t\t\t\t\t\t\t<div class=\"list-item accordion-item\">\n\t\t\t\t\t\t<h4 class=\"question accordion-thumb\">Nhi\u1ec7t \u0111\u1ed9 trong c\u01a1 s\u1edf nh\u01b0 th\u1ebf n\u00e0o?<\/h4>\n\t\t\t\t\t\t<div class=\"answer accordion-panel\"><p>Trung t\u00e2m truy\u1ec1n d\u1ecbch IV c\u1ee7a ch\u00fang t\u00f4i \u0111\u01b0\u1ee3c \u0111i\u1ec1u ch\u1ec9nh b\u1eb1ng AC \u0111\u1ec3 c\u00f3 nhi\u1ec7t \u0111\u1ed9 t\u1ed1i \u01b0u khi ti\u1ebfp nh\u1eadn thu\u1ed1c. \u0110i\u1ec1u n\u00e0y c\u00f3 ngh\u0129a l\u00e0 nhi\u1ec7t \u0111\u1ed9 \u0111\u01b0\u1ee3c gi\u1eef \u1edf m\u1ee9c m\u00e1t h\u01a1n. Ch\u00fang t\u00f4i khuy\u00ean b\u1ea1n n\u00ean m\u1eb7c qu\u1ea7n \u00e1o ph\u00f9 h\u1ee3p \u0111\u1ec3 c\u00f3 nhi\u1ec7t \u0111\u1ed9 m\u00e1t h\u01a1n. Ch\u00fang t\u00f4i c\u0169ng s\u1ebd cung c\u1ea5p cho b\u1ea1n ch\u0103n mi\u1ec5n ph\u00ed khi c\u1ea7n.<\/p>\n<\/div>\n\t\t\t\t\t<\/div>\n\t\t\t\t\t\t\t\t\t<div class=\"list-item accordion-item\">\n\t\t\t\t\t\t<h4 class=\"question accordion-thumb\">Ph\u00f2ng truy\u1ec1n d\u1ecbch c\u00f3 ri\u00eang t\u01b0 kh\u00f4ng v\u00e0 c\u00f3 cung c\u1ea5p gh\u1ebf ho\u1eb7c gi\u01b0\u1eddng kh\u00f4ng?<\/h4>\n\t\t\t\t\t\t<div class=\"answer accordion-panel\"><p>B\u1ea1n c\u00f3 th\u1ec3 ch\u1ecdn ph\u00f2ng ri\u00eang trong su\u1ed1t bu\u1ed5i tr\u1ecb li\u1ec7u \u0111\u1ec3 c\u00f3 tr\u1ea3i nghi\u1ec7m y\u00ean t\u0129nh v\u00e0 thanh b\u00ecnh, ho\u1eb7c b\u1ea1n c\u00f3 th\u1ec3 giao l\u01b0u v\u1edbi nh\u1eefng kh\u00e1ch kh\u00e1c trong ph\u00f2ng truy\u1ec1n d\u1ecbch c\u1ed9ng \u0111\u1ed3ng c\u1ee7a ch\u00fang t\u00f4i. C\u1ea3 hai ph\u00f2ng \u0111\u1ec1u c\u00f3 gh\u1ebf ng\u1ea3 tho\u1ea3i m\u00e1i gi\u00fap b\u1ea1n th\u01b0 gi\u00e3n trong qu\u00e1 tr\u00ecnh \u0111i\u1ec1u tr\u1ecb.<\/p>\n<p>T\u1ea5t c\u1ea3 kh\u00e1ch \u0111\u1ec1u c\u00f3 th\u1ec3 s\u1eed d\u1ee5ng Wi-Fi mi\u1ec5n ph\u00ed v\u00e0 c\u00e1c ti\u1ec7n nghi gi\u1ea3i tr\u00ed c\u1ee7a ch\u00fang t\u00f4i. N\u1ebfu b\u1ea1n qu\u00ean m\u00e1y t\u00ednh b\u1ea3ng ho\u1eb7c m\u00e1y t\u00ednh x\u00e1ch tay, b\u1ea1n c\u00f3 th\u1ec3 s\u1eed d\u1ee5ng m\u1ed9t trong nh\u1eefng m\u00e1y t\u00ednh b\u1ea3ng ho\u1eb7c tivi c\u1ee7a c\u01a1 s\u1edf ch\u00fang t\u00f4i \u0111\u1ec3 xem Amazon Prime, Netflix ho\u1eb7c ch\u01a1i tr\u00f2 ch\u01a1i.<\/p>\n<p>N\u1ebfu b\u1ea1n c\u1ea3m th\u1ea5y b\u1ed3n ch\u1ed3n khi ng\u1ed3i, b\u1ea1n c\u00f3 th\u1ec3 \u0111i d\u1ea1o quanh c\u01a1 s\u1edf v\u1edbi d\u1ecbch truy\u1ec1n c\u1ee7a m\u00ecnh.<\/p>\n<\/div>\n\t\t\t\t\t<\/div>\n\t\t\t\t\t\t\t\t\t<div class=\"list-item accordion-item\">\n\t\t\t\t\t\t<h4 class=\"question accordion-thumb\">B\u1ea1n \u1edf \u0111\u00e2u?<\/h4>\n\t\t\t\t\t\t<div class=\"answer accordion-panel\"><p>Hi\u1ec7n t\u1ea1i ch\u00fang t\u00f4i c\u00f3 ba \u0111\u1ecba \u0111i\u1ec3m:<\/p>\n<div class=\"pfaq-locations\">\n<div class=\"row\">\n<div class=\"col-md-6\">\n<p><strong>Anita \u2013 Orange, CA<\/strong><\/p>\n<p><a href=\"https:\/\/maps.app.goo.gl\/h9EQsNoeMRVo9Zox5\" target=\"_blank\" rel=\"noopener\">132 S. Anita Dr.<br \/>\nSuite A<br \/>\nOrange, CA 92868<\/a><\/p>\n<\/div>\n<div class=\"col-md-6\">\n<p><strong>La Veta \u2013 Orange, CA<\/strong><br \/>\n(g\u1ea7n CHOC v\u00e0 St. Joseph)<\/p>\n<p><a href=\"https:\/\/maps.app.goo.gl\/a8tE2Sf6TK5an97YA\" target=\"_blank\" rel=\"noopener\">1140 W La Veta<br \/>\nSte 750<br \/>\nOrange, CA 92868<\/a><\/p>\n<\/div>\n<div class=\"col-md-6\">\n<p><strong>Trung t\u00e2m truy\u1ec1n d\u1ecbch Beverly Hills<\/strong><\/p>\n<p><a href=\"https:\/\/maps.app.goo.gl\/g9AqsB7fXMDfxiwv9\" target=\"_blank\" rel=\"noopener\">8750 Wilshire Blvd<br \/>\nSuite 210<br \/>\nBeverly Hills, CA 90211<\/a><\/p>\n<\/div>\n<\/div>\n<\/div>\n<\/div>\n\t\t\t\t\t<\/div>\n\t\t\t\t\t\t\t<\/div>\n\t\t\t\t\t<\/div>\n\t<\/div>\n<\/div>\n<\/div>\n<\/div>","protected":false},"excerpt":{"rendered":"","protected":false},"author":17,"featured_media":0,"parent":0,"menu_order":0,"comment_status":"closed","ping_status":"closed","template":"","meta":{"_acf_changed":true,"inline_featured_image":false,"_uag_custom_page_level_css":"","footnotes":""},"class_list":["post-12350","page","type-page","status-publish","hentry"],"acf":[],"yoast_head":"<!-- This site is optimized with the Yoast SEO plugin v27.5 - https:\/\/yoast.com\/product\/yoast-seo-wordpress\/ -->\n<title>Patient FAQs - AmeriPharma Infusion Center<\/title>\n<meta name=\"robots\" content=\"index, follow, max-snippet:-1, max-image-preview:large, max-video-preview:-1\" \/>\n<link rel=\"canonical\" href=\"https:\/\/ameripharmainfusioncenter.com\/vi\/patient-faqs\/\" \/>\n<meta property=\"og:locale\" content=\"vi_VN\" \/>\n<meta property=\"og:type\" content=\"article\" \/>\n<meta property=\"og:title\" content=\"Patient FAQs - AmeriPharma Infusion Center\" \/>\n<meta property=\"og:url\" content=\"https:\/\/ameripharmainfusioncenter.com\/vi\/patient-faqs\/\" \/>\n<meta property=\"og:site_name\" content=\"AmeriPharma Infusion Center\" \/>\n<meta property=\"article:publisher\" content=\"https:\/\/www.facebook.com\/AmeriPharmaInfusionCenter\/\" \/>\n<meta property=\"article:modified_time\" content=\"2026-02-10T22:54:36+00:00\" \/>\n<meta property=\"og:image\" content=\"https:\/\/ameripharmainfusioncenter.com\/wp-content\/uploads\/2024\/07\/Patient-picking-snacks-iv-therapy-1024x450.webp\" \/>\n<meta name=\"twitter:card\" content=\"summary_large_image\" \/>\n<meta name=\"twitter:label1\" content=\"\u01af\u1edbc t\u00ednh th\u1eddi gian \u0111\u1ecdc\" \/>\n\t<meta name=\"twitter:data1\" content=\"1 ph\u00fat\" \/>\n<script type=\"application\/ld+json\" class=\"yoast-schema-graph\">{\"@context\":\"https:\\\/\\\/schema.org\",\"@graph\":[{\"@type\":\"WebPage\",\"@id\":\"https:\\\/\\\/ameripharmainfusioncenter.com\\\/patient-faqs\\\/\",\"url\":\"https:\\\/\\\/ameripharmainfusioncenter.com\\\/patient-faqs\\\/\",\"name\":\"Patient FAQs - AmeriPharma Infusion Center\",\"isPartOf\":{\"@id\":\"https:\\\/\\\/ameripharmainfusioncenter.com\\\/#website\"},\"primaryImageOfPage\":{\"@id\":\"https:\\\/\\\/ameripharmainfusioncenter.com\\\/patient-faqs\\\/#primaryimage\"},\"image\":{\"@id\":\"https:\\\/\\\/ameripharmainfusioncenter.com\\\/patient-faqs\\\/#primaryimage\"},\"thumbnailUrl\":\"https:\\\/\\\/ameripharmainfusioncenter.com\\\/wp-content\\\/uploads\\\/2024\\\/07\\\/Patient-picking-snacks-iv-therapy-1024x450.webp\",\"datePublished\":\"2024-07-12T17:57:12+00:00\",\"dateModified\":\"2026-02-10T22:54:36+00:00\",\"breadcrumb\":{\"@id\":\"https:\\\/\\\/ameripharmainfusioncenter.com\\\/patient-faqs\\\/#breadcrumb\"},\"inLanguage\":\"vi\",\"potentialAction\":[{\"@type\":\"ReadAction\",\"target\":[\"https:\\\/\\\/ameripharmainfusioncenter.com\\\/patient-faqs\\\/\"]}]},{\"@type\":\"ImageObject\",\"inLanguage\":\"vi\",\"@id\":\"https:\\\/\\\/ameripharmainfusioncenter.com\\\/patient-faqs\\\/#primaryimage\",\"url\":\"https:\\\/\\\/ameripharmainfusioncenter.com\\\/wp-content\\\/uploads\\\/2024\\\/07\\\/Patient-picking-snacks-iv-therapy-1024x450.webp\",\"contentUrl\":\"https:\\\/\\\/ameripharmainfusioncenter.com\\\/wp-content\\\/uploads\\\/2024\\\/07\\\/Patient-picking-snacks-iv-therapy-1024x450.webp\"},{\"@type\":\"BreadcrumbList\",\"@id\":\"https:\\\/\\\/ameripharmainfusioncenter.com\\\/patient-faqs\\\/#breadcrumb\",\"itemListElement\":[{\"@type\":\"ListItem\",\"position\":1,\"name\":\"Home\",\"item\":\"https:\\\/\\\/ameripharmainfusioncenter.com\\\/\"},{\"@type\":\"ListItem\",\"position\":2,\"name\":\"Patient FAQs\"}]},{\"@type\":\"WebSite\",\"@id\":\"https:\\\/\\\/ameripharmainfusioncenter.com\\\/#website\",\"url\":\"https:\\\/\\\/ameripharmainfusioncenter.com\\\/\",\"name\":\"AmeriPharma Infusion Center\",\"description\":\"Prescription-based Infusion Center in Orange, CA\",\"publisher\":{\"@id\":\"https:\\\/\\\/ameripharmainfusioncenter.com\\\/#organization\"},\"potentialAction\":[{\"@type\":\"SearchAction\",\"target\":{\"@type\":\"EntryPoint\",\"urlTemplate\":\"https:\\\/\\\/ameripharmainfusioncenter.com\\\/?s={search_term_string}\"},\"query-input\":{\"@type\":\"PropertyValueSpecification\",\"valueRequired\":true,\"valueName\":\"search_term_string\"}}],\"inLanguage\":\"vi\"},{\"@type\":\"Organization\",\"@id\":\"https:\\\/\\\/ameripharmainfusioncenter.com\\\/#organization\",\"name\":\"AmeriPharma Infusion Center\",\"url\":\"https:\\\/\\\/ameripharmainfusioncenter.com\\\/\",\"logo\":{\"@type\":\"ImageObject\",\"inLanguage\":\"vi\",\"@id\":\"https:\\\/\\\/ameripharmainfusioncenter.com\\\/#\\\/schema\\\/logo\\\/image\\\/\",\"url\":\"https:\\\/\\\/ameripharmainfusioncenter.com\\\/wp-content\\\/uploads\\\/2023\\\/02\\\/AmeriPharma-InfusionCenter-logo.png\",\"contentUrl\":\"https:\\\/\\\/ameripharmainfusioncenter.com\\\/wp-content\\\/uploads\\\/2023\\\/02\\\/AmeriPharma-InfusionCenter-logo.png\",\"width\":375,\"height\":60,\"caption\":\"AmeriPharma Infusion Center\"},\"image\":{\"@id\":\"https:\\\/\\\/ameripharmainfusioncenter.com\\\/#\\\/schema\\\/logo\\\/image\\\/\"},\"sameAs\":[\"https:\\\/\\\/www.facebook.com\\\/AmeriPharmaInfusionCenter\\\/\",\"https:\\\/\\\/www.linkedin.com\\\/company\\\/ameripharma\",\"https:\\\/\\\/www.youtube.com\\\/channel\\\/UCdo4qXkWsAwiSz4-f-yz0Aw\"]}]}<\/script>\n<!-- \/ Yoast SEO plugin. -->","yoast_head_json":{"title":"C\u00e2u h\u1ecfi th\u01b0\u1eddng g\u1eb7p c\u1ee7a b\u1ec7nh nh\u00e2n - AmeriPharma Infusion Center","robots":{"index":"index","follow":"follow","max-snippet":"max-snippet:-1","max-image-preview":"max-image-preview:large","max-video-preview":"max-video-preview:-1"},"canonical":"https:\/\/ameripharmainfusioncenter.com\/vi\/patient-faqs\/","og_locale":"vi_VN","og_type":"article","og_title":"Patient FAQs - AmeriPharma Infusion Center","og_url":"https:\/\/ameripharmainfusioncenter.com\/vi\/patient-faqs\/","og_site_name":"AmeriPharma Infusion Center","article_publisher":"https:\/\/www.facebook.com\/AmeriPharmaInfusionCenter\/","article_modified_time":"2026-02-10T22:54:36+00:00","og_image":[{"url":"https:\/\/ameripharmainfusioncenter.com\/wp-content\/uploads\/2024\/07\/Patient-picking-snacks-iv-therapy-1024x450.webp","type":"","width":"","height":""}],"twitter_card":"summary_large_image","twitter_misc":{"\u01af\u1edbc t\u00ednh th\u1eddi gian \u0111\u1ecdc":"1 ph\u00fat"},"schema":{"@context":"https:\/\/schema.org","@graph":[{"@type":"WebPage","@id":"https:\/\/ameripharmainfusioncenter.com\/patient-faqs\/","url":"https:\/\/ameripharmainfusioncenter.com\/patient-faqs\/","name":"C\u00e2u h\u1ecfi th\u01b0\u1eddng g\u1eb7p c\u1ee7a b\u1ec7nh nh\u00e2n - AmeriPharma Infusion Center","isPartOf":{"@id":"https:\/\/ameripharmainfusioncenter.com\/#website"},"primaryImageOfPage":{"@id":"https:\/\/ameripharmainfusioncenter.com\/patient-faqs\/#primaryimage"},"image":{"@id":"https:\/\/ameripharmainfusioncenter.com\/patient-faqs\/#primaryimage"},"thumbnailUrl":"https:\/\/ameripharmainfusioncenter.com\/wp-content\/uploads\/2024\/07\/Patient-picking-snacks-iv-therapy-1024x450.webp","datePublished":"2024-07-12T17:57:12+00:00","dateModified":"2026-02-10T22:54:36+00:00","breadcrumb":{"@id":"https:\/\/ameripharmainfusioncenter.com\/patient-faqs\/#breadcrumb"},"inLanguage":"vi","potentialAction":[{"@type":"ReadAction","target":["https:\/\/ameripharmainfusioncenter.com\/patient-faqs\/"]}]},{"@type":"ImageObject","inLanguage":"vi","@id":"https:\/\/ameripharmainfusioncenter.com\/patient-faqs\/#primaryimage","url":"https:\/\/ameripharmainfusioncenter.com\/wp-content\/uploads\/2024\/07\/Patient-picking-snacks-iv-therapy-1024x450.webp","contentUrl":"https:\/\/ameripharmainfusioncenter.com\/wp-content\/uploads\/2024\/07\/Patient-picking-snacks-iv-therapy-1024x450.webp"},{"@type":"BreadcrumbList","@id":"https:\/\/ameripharmainfusioncenter.com\/patient-faqs\/#breadcrumb","itemListElement":[{"@type":"ListItem","position":1,"name":"Home","item":"https:\/\/ameripharmainfusioncenter.com\/"},{"@type":"ListItem","position":2,"name":"Patient FAQs"}]},{"@type":"WebSite","@id":"https:\/\/ameripharmainfusioncenter.com\/#website","url":"https:\/\/ameripharmainfusioncenter.com\/","name":"AmeriPharma Infusion Center","description":"Trung t\u00e2m truy\u1ec1n d\u1ecbch theo toa t\u1ea1i Orange, CA","publisher":{"@id":"https:\/\/ameripharmainfusioncenter.com\/#organization"},"potentialAction":[{"@type":"SearchAction","target":{"@type":"EntryPoint","urlTemplate":"https:\/\/ameripharmainfusioncenter.com\/?s={search_term_string}"},"query-input":{"@type":"PropertyValueSpecification","valueRequired":true,"valueName":"search_term_string"}}],"inLanguage":"vi"},{"@type":"Organization","@id":"https:\/\/ameripharmainfusioncenter.com\/#organization","name":"AmeriPharma Infusion Center","url":"https:\/\/ameripharmainfusioncenter.com\/","logo":{"@type":"ImageObject","inLanguage":"vi","@id":"https:\/\/ameripharmainfusioncenter.com\/#\/schema\/logo\/image\/","url":"https:\/\/ameripharmainfusioncenter.com\/wp-content\/uploads\/2023\/02\/AmeriPharma-InfusionCenter-logo.png","contentUrl":"https:\/\/ameripharmainfusioncenter.com\/wp-content\/uploads\/2023\/02\/AmeriPharma-InfusionCenter-logo.png","width":375,"height":60,"caption":"AmeriPharma Infusion Center"},"image":{"@id":"https:\/\/ameripharmainfusioncenter.com\/#\/schema\/logo\/image\/"},"sameAs":["https:\/\/www.facebook.com\/AmeriPharmaInfusionCenter\/","https:\/\/www.linkedin.com\/company\/ameripharma","https:\/\/www.youtube.com\/channel\/UCdo4qXkWsAwiSz4-f-yz0Aw"]}]}},"uagb_featured_image_src":{"full":false,"thumbnail":false,"medium":false,"medium_large":false,"large":false,"1536x1536":false,"2048x2048":false,"trp-custom-language-flag":false,"block-image-html-large":false,"ct-gallery":false,"ct-section-header":false,"ct-thumb":false,"ct-thumb-large":false,"ct-small":false,"ct-medium":false,"ct-xmedium":false,"ct-large":false},"uagb_author_info":{"display_name":"Brandon Yano","author_link":"https:\/\/ameripharmainfusioncenter.com\/vi\/author\/byanoameripharma-us\/"},"uagb_comment_info":0,"uagb_excerpt":null,"_links":{"self":[{"href":"https:\/\/ameripharmainfusioncenter.com\/vi\/wp-json\/wp\/v2\/pages\/12350","targetHints":{"allow":["GET"]}}],"collection":[{"href":"https:\/\/ameripharmainfusioncenter.com\/vi\/wp-json\/wp\/v2\/pages"}],"about":[{"href":"https:\/\/ameripharmainfusioncenter.com\/vi\/wp-json\/wp\/v2\/types\/page"}],"author":[{"embeddable":true,"href":"https:\/\/ameripharmainfusioncenter.com\/vi\/wp-json\/wp\/v2\/users\/17"}],"replies":[{"embeddable":true,"href":"https:\/\/ameripharmainfusioncenter.com\/vi\/wp-json\/wp\/v2\/comments?post=12350"}],"version-history":[{"count":0,"href":"https:\/\/ameripharmainfusioncenter.com\/vi\/wp-json\/wp\/v2\/pages\/12350\/revisions"}],"wp:attachment":[{"href":"https:\/\/ameripharmainfusioncenter.com\/vi\/wp-json\/wp\/v2\/media?parent=12350"}],"curies":[{"name":"wp","href":"https:\/\/api.w.org\/{rel}","templated":true}]}}