{"id":12345,"date":"2024-07-12T10:25:14","date_gmt":"2024-07-12T17:25:14","guid":{"rendered":"https:\/\/ameripharmainfusioncenter.com\/?page_id=12345"},"modified":"2025-12-18T06:36:00","modified_gmt":"2025-12-18T14:36:00","slug":"infusion-therapy-for-rheumatoid-arthritis","status":"publish","type":"page","link":"https:\/\/ameripharmainfusioncenter.com\/vi\/infusion-therapy-for-rheumatoid-arthritis\/","title":{"rendered":"Li\u1ec7u ph\u00e1p truy\u1ec1n d\u1ecbch cho b\u1ec7nh vi\u00eam kh\u1edbp d\u1ea1ng th\u1ea5p"},"content":{"rendered":"<div class=\"wp-block-columns container is-layout-flex wp-container-core-columns-is-layout-9d6595d7 wp-block-columns-is-layout-flex\">\n<div class=\"wp-block-column is-layout-flow wp-block-column-is-layout-flow\">\n<div class=\"wp-block-uagb-image aligncenter uagb-block-c1b24001 wp-block-uagb-image--layout-default wp-block-uagb-image--effect-static wp-block-uagb-image--align-center\"><figure class=\"wp-block-uagb-image__figure\"><img decoding=\"async\" srcset=\"https:\/\/ameripharmainfusioncenter.com\/wp-content\/uploads\/2024\/10\/blue-shirt-hands-1024x683.webp ,https:\/\/ameripharmainfusioncenter.com\/wp-content\/uploads\/2024\/10\/blue-shirt-hands.webp 780w, https:\/\/ameripharmainfusioncenter.com\/wp-content\/uploads\/2024\/10\/blue-shirt-hands.webp 360w\" sizes=\"auto, (max-width: 480px) 150px\" src=\"https:\/\/ameripharmainfusioncenter.com\/wp-content\/uploads\/2024\/10\/blue-shirt-hands-1024x683.webp\" alt=\"Man with rheumatoid arthritis touching his right hand\" class=\"uag-image-12836\" width=\"1024\" height=\"683\" title=\"tay-\u00e1o-xanh\" loading=\"lazy\" role=\"img\"\/><\/figure><\/div>\n\n\n\n<p style=\"font-size:18px\">Khi b\u1ea1n \u0111ang s\u1ed1ng chung v\u1edbi b\u1ec7nh vi\u00eam kh\u1edbp d\u1ea1ng th\u1ea5p, ngay c\u1ea3 nh\u1eefng c\u00f4ng vi\u1ec7c h\u00e0ng ng\u00e0y c\u0169ng c\u00f3 v\u1ebb qu\u00e1 s\u1ee9c. Ch\u1ec9 c\u1ea7n chu\u1ea9n b\u1ecb cho m\u1ed9t ng\u00e0y, n\u1ea5u \u0103n v\u00e0 l\u00e1i xe c\u0169ng c\u00f3 th\u1ec3 tr\u1edf n\u00ean kh\u00f3 kh\u0103n. Khi y h\u1ecdc c\u1ed5 truy\u1ec1n kh\u00f4ng ki\u1ec3m so\u00e1t \u0111\u01b0\u1ee3c c\u00e1c tri\u1ec7u ch\u1ee9ng c\u1ee7a b\u1ea1n v\u00e0 \u0111\u01b0a cu\u1ed9c s\u1ed1ng c\u1ee7a b\u1ea1n tr\u1edf l\u1ea1i b\u00ecnh th\u01b0\u1eddng, b\u1ea1n c\u1ea7n nhi\u1ec1u l\u1ef1a ch\u1ecdn h\u01a1n. May m\u1eafn thay, vi\u00eam kh\u1edbp d\u1ea1ng th\u1ea5p&nbsp;<a href=\"https:\/\/ameripharmainfusioncenter.com\/vi\/patients-caregivers\/\">ph\u01b0\u01a1ng ph\u00e1p \u0111i\u1ec1u tr\u1ecb truy\u1ec1n d\u1ecbch<\/a>&nbsp;c\u00f3 th\u1ec3 gi\u00fap gi\u1ea3m \u0111au.<\/p>\n\n\n\n<h2 class=\"wp-block-heading has-text-color has-link-color wp-elements-f17fee70c6a3afc0040391f9b2ea36f8\" style=\"color:#102e61\">Vi\u00eam kh\u1edbp d\u1ea1ng th\u1ea5p l\u00e0 g\u00ec?<\/h2>\n\n\n\n<p style=\"font-size:18px\">Vi\u00eam kh\u1edbp d\u1ea1ng th\u1ea5p l\u00e0 m\u1ed9t t\u00ecnh tr\u1ea1ng t\u1ef1 mi\u1ec5n d\u1ecbch \u1ea3nh h\u01b0\u1edfng \u0111\u1ebfn c\u01a1 th\u1ec3 b\u1ea1n d\u1eabn \u0111\u1ebfn s\u01b0ng v\u00e0 \u0111au m\u00e3n t\u00ednh. N\u00f3 c\u00f3 th\u1ec3 \u1ea3nh h\u01b0\u1edfng \u0111\u1ebfn c\u00e1c m\u1ea1ch m\u00e1u, da, kh\u1edbp v\u00e0 l\u1edbp l\u00f3t c\u1ee7a kh\u1edbp. C\u01a1n \u0111au tr\u1edf n\u00ean t\u1ed3i t\u1ec7 h\u01a1n khi t\u00ecnh tr\u1ea1ng ti\u1ebfn tri\u1ec3n, g\u00e2y t\u1ed5n th\u01b0\u01a1ng v\u00e0 \u0111\u00f4i khi l\u00e0 bi\u1ebfn d\u1ea1ng s\u1ee5n kh\u1edbp. Vi\u00eam kh\u1edbp d\u1ea1ng th\u1ea5p c\u0169ng c\u00f3 th\u1ec3 g\u00e2y ra c\u00e1c tri\u1ec7u ch\u1ee9ng kh\u00e1c nh\u01b0 m\u1ec7t m\u1ecfi, ch\u00e1n \u0103n v\u00e0 c\u1ee9ng kh\u1edbp.<\/p>\n\n\n\n<h2 class=\"wp-block-heading has-text-color has-link-color wp-elements-67fb05e162cbeeae5603fdbc38ad052a\" style=\"color:#102e61\">Li\u1ec7u ph\u00e1p truy\u1ec1n d\u1ecbch c\u00f3 t\u00e1c d\u1ee5ng g\u00ec \u0111\u1ed1i v\u1edbi b\u1ec7nh vi\u00eam kh\u1edbp d\u1ea1ng th\u1ea5p?<\/h2>\n\n\n\n<p style=\"font-size:18px\">Thu\u1ed1c u\u1ed1ng th\u01b0\u1eddng l\u00e0 bi\u1ec7n ph\u00e1p ph\u00f2ng ng\u1eeba \u0111\u1ea7u ti\u00ean ch\u1ed1ng l\u1ea1i c\u00e1c tri\u1ec7u ch\u1ee9ng \u0111au, nh\u01b0ng m\u1ed9t s\u1ed1 ng\u01b0\u1eddi b\u1ecb vi\u00eam kh\u1edbp d\u1ea1ng th\u1ea5p t\u1eeb trung b\u00ecnh \u0111\u1ebfn n\u1eb7ng kh\u00f4ng th\u1ea5y thuy\u00ean gi\u1ea3m ho\u1eb7c g\u1eb7p kh\u00f3 kh\u0103n khi u\u1ed1ng thu\u1ed1c u\u1ed1ng. Trong nh\u1eefng tr\u01b0\u1eddng h\u1ee3p n\u00e0y, b\u00e1c s\u0129 c\u00f3 th\u1ec3 k\u00ea \u0111\u01a1n li\u1ec7u ph\u00e1p truy\u1ec1n d\u1ecbch cho b\u1ec7nh vi\u00eam kh\u1edbp d\u1ea1ng th\u1ea5p. C\u00f3 nhi\u1ec1u lo\u1ea1i thu\u1ed1c c\u00f3 th\u1ec3 \u0111\u01b0\u1ee3c d\u00f9ng d\u01b0\u1edbi d\u1ea1ng \u0111i\u1ec1u tr\u1ecb IV v\u00e0 ch\u00fang \u0111\u01b0\u1ee3c \u0111\u01b0a tr\u1ef1c ti\u1ebfp v\u00e0o m\u00e1u c\u1ee7a b\u1ec7nh nh\u00e2n. Li\u1ec7u ph\u00e1p IV th\u01b0\u1eddng mang l\u1ea1i k\u1ebft qu\u1ea3 nhanh h\u01a1n, hi\u1ec7u qu\u1ea3 h\u01a1n cho b\u1ec7nh nh\u00e2n so v\u1edbi \u0111i\u1ec1u tr\u1ecb b\u1eb1ng \u0111\u01b0\u1eddng u\u1ed1ng. Li\u1ec7u ph\u00e1p truy\u1ec1n d\u1ecbch vi\u00eam kh\u1edbp d\u1ea1ng th\u1ea5p cung c\u1ea5p cho b\u1ec7nh nh\u00e2n:<\/p>\n\n\n\n<ul class=\"wp-block-list\">\n<li style=\"font-size:18px\">Gi\u1ea3m \u0111au v\u00e0 s\u01b0ng t\u1ea5y<\/li>\n\n\n\n<li style=\"font-size:18px\">T\u0103ng ph\u1ea1m vi chuy\u1ec3n \u0111\u1ed9ng<\/li>\n\n\n\n<li style=\"font-size:18px\">Ph\u00f2ng ng\u1eeba t\u1ed5n th\u01b0\u01a1ng kh\u1edbp nhi\u1ec1u h\u01a1n<\/li>\n\n\n\n<li style=\"font-size:18px\">L\u00e0m ch\u1eadm qu\u00e1 tr\u00ecnh t\u1ed5n th\u01b0\u01a1ng x\u01b0\u01a1ng<\/li>\n\n\n\n<li style=\"font-size:18px\">Gi\u1ea3m m\u1ec7t m\u1ecfi<\/li>\n\n\n\n<li style=\"font-size:18px\">Ch\u1ea5t l\u01b0\u1ee3ng cu\u1ed9c s\u1ed1ng \u0111\u01b0\u1ee3c c\u1ea3i thi\u1ec7n<\/li>\n<\/ul>\n\n\n\n<p style=\"font-size:18px\">Th\u1eddi gian truy\u1ec1n d\u1ecbch vi\u00eam kh\u1edbp d\u1ea1ng th\u1ea5p kh\u00e1c nhau \u1edf m\u1ed7i b\u1ec7nh nh\u00e2n t\u00f9y thu\u1ed9c v\u00e0o m\u1ee9c \u0111\u1ed9 nghi\u00eam tr\u1ecdng c\u1ee7a t\u00ecnh tr\u1ea1ng b\u1ec7nh v\u00e0 lo\u1ea1i thu\u1ed1c \u0111\u01b0\u1ee3c s\u1eed d\u1ee5ng. C\u00e1c ph\u01b0\u01a1ng ph\u00e1p \u0111i\u1ec1u tr\u1ecb IV li\u00ean t\u1ee5c th\u01b0\u1eddng c\u00f3 hi\u1ec7u qu\u1ea3 trong s\u00e1u th\u00e1ng \u0111\u1ebfn m\u1ed9t n\u0103m.<\/p>\n\n\n\n<div class=\"wp-block-uagb-buttons uagb-buttons__outer-wrap uagb-btn__default-btn uagb-btn-tablet__default-btn uagb-btn-mobile__default-btn uagb-block-e80ca242\"><div class=\"uagb-buttons__wrap uagb-buttons-layout-wrap\">\n<div class=\"wp-block-uagb-buttons-child uagb-buttons__outer-wrap uagb-block-573497f2 wp-block-button\"><div class=\"uagb-button__wrapper\"><a class=\"uagb-buttons-repeater wp-block-button__link\" aria-label=\"\" href=\"\/vi\/contact-us\/\" rel=\"follow noopener\" target=\"_self\" role=\"button\"><div class=\"uagb-button__link\">H\u1ecfi v\u1ec1 li\u1ec7u ph\u00e1p truy\u1ec1n d\u1ecbch c\u1ee7a ch\u00fang t\u00f4i<\/div><\/a><\/div><\/div>\n<\/div><\/div>\n\n\n\n<h2 class=\"wp-block-heading has-text-color has-link-color wp-elements-5b37dcda737bb0d6039b91c0c68c650c\" style=\"color:#102e61\">C\u00f3 th\u1ec3 c\u00f3 t\u00e1c d\u1ee5ng ph\u1ee5 n\u00e0o kh\u00f4ng?<\/h2>\n\n\n\n<p style=\"font-size:18px\">H\u1ea7u h\u1ebft b\u1ec7nh nh\u00e2n s\u1ebd g\u1eb7p t\u00e1c d\u1ee5ng ph\u1ee5 t\u1ed1i thi\u1ec3u nh\u01b0 ng\u1ee9a t\u1ea1i ch\u1ed7 ti\u00eam, ch\u00f3ng m\u1eb7t, s\u1ed1t ho\u1eb7c c\u00e1c tri\u1ec7u ch\u1ee9ng gi\u1ed1ng c\u00fam. \u0110\u1ec3 gi\u1ea3m nguy c\u01a1 g\u1eb7p t\u00e1c d\u1ee5ng ph\u1ee5, h\u00e3y nh\u1edb trao \u0111\u1ed5i v\u1edbi b\u00e1c s\u0129 v\u1ec1 b\u1ea5t k\u1ef3 lo\u1ea1i thu\u1ed1c n\u00e0o b\u1ea1n \u0111ang d\u00f9ng v\u00e0 ti\u1ec1n s\u1eed b\u1ec7nh c\u1ee7a b\u1ea1n. C\u00e1c d\u01b0\u1ee3c s\u0129 truy\u1ec1n d\u1ecbch c\u1ee7a ch\u00fang t\u00f4i s\u1ebd c\u00f3 th\u1ec3 gi\u00fap gi\u1ea3i th\u00edch b\u1ea5t k\u1ef3 t\u00e1c d\u1ee5ng ph\u1ee5 n\u00e0o c\u00f3 th\u1ec3 x\u1ea3y ra c\u1ee7a thu\u1ed1c v\u00e0 y t\u00e1 s\u1ebd theo d\u00f5i b\u1ea1n v\u00e0 m\u1ee9c \u0111\u1ed9 tho\u1ea3i m\u00e1i c\u1ee7a b\u1ea1n trong qu\u00e1 tr\u00ecnh \u0111i\u1ec1u tr\u1ecb truy\u1ec1n d\u1ecbch vi\u00eam kh\u1edbp d\u1ea1ng th\u1ea5p.<\/p>\n\n\n\n<h2 class=\"wp-block-heading has-text-color has-link-color wp-elements-a73e95ea97b8466b501cac2b66f3a583\" style=\"color:#102e61\">Nh\u1eefng \u0111i\u1ec1u mong \u0111\u1ee3i trong qu\u00e1 tr\u00ecnh \u0111i\u1ec1u tr\u1ecb<\/h2>\n\n\n\n<p style=\"font-size:18px\">Trong su\u1ed1t&nbsp;<a href=\"https:\/\/ameripharmainfusioncenter.com\/vi\/treatment-care\/\">\u0111i\u1ec1u tr\u1ecb truy\u1ec1n d\u1ecbch<\/a>, m\u1ed9t t\u00fai d\u1ecbch truy\u1ec1n t\u0129nh m\u1ea1ch ch\u1ee9a thu\u1ed1c \u0111\u01b0\u1ee3c g\u1eafn v\u00e0o \u1ed1ng truy\u1ec1n \u0111\u01b0\u1ee3c k\u1ebft n\u1ed1i v\u1edbi \u1ed1ng th\u00f4ng \u1edf c\u00e1nh tay c\u1ee7a b\u1ea1n. Vi\u1ec7c \u0111i\u1ec1u tr\u1ecb truy\u1ec1n d\u1ecbch vi\u00eam kh\u1edbp d\u1ea1ng th\u1ea5p c\u00f3 th\u1ec3 m\u1ea5t v\u00e0i gi\u1edd.<\/p>\n\n\n\n<p style=\"font-size:18px\">Trong qu\u00e1 tr\u00ecnh truy\u1ec1n d\u1ecbch, m\u1ee5c ti\u00eau c\u1ee7a ch\u00fang t\u00f4i l\u00e0 gi\u00fap b\u1ea1n tho\u1ea3i m\u00e1i nh\u1ea5t c\u00f3 th\u1ec3 trong c\u01a1 s\u1edf gi\u1ed1ng nh\u01b0 khu ngh\u1ec9 d\u01b0\u1ee1ng c\u1ee7a ch\u00fang t\u00f4i. M\u1ed7i b\u1ec7nh nh\u00e2n \u0111\u1ec1u c\u00f3 m\u1ed9t y t\u00e1 t\u1eadn t\u00e2m trong qu\u00e1 tr\u00ecnh \u0111i\u1ec1u tr\u1ecb. Ch\u00fang t\u00f4i s\u1ebd cung c\u1ea5p cho b\u1ea1n \u0111\u1ed3 \u0103n nh\u1eb9 v\u00e0 \u0111\u1ed3 u\u1ed1ng l\u00e0nh m\u1ea1nh mi\u1ec5n ph\u00ed, ch\u0103n \u1ea5m v\u00e0 c\u00e1c l\u1ef1a ch\u1ecdn gi\u1ea3i tr\u00ed. B\u1ea1n \u0111\u01b0\u1ee3c ph\u00e9p mang theo kh\u00e1ch trong chuy\u1ebfn th\u0103m c\u1ee7a m\u00ecnh. T\u1eadn h\u01b0\u1edfng Wi-Fi, t\u00e0i li\u1ec7u th\u01b0 vi\u1ec7n, phim v\u00e0 ch\u01b0\u01a1ng tr\u00ecnh truy\u1ec1n h\u00ecnh c\u1ee7a ch\u00fang t\u00f4i. B\u1ec7nh nh\u00e2n c\u00f3 th\u1ec3 ch\u1ecdn ph\u00f2ng ri\u00eang ho\u1eb7c th\u01b0 gi\u00e3n v\u00e0 giao l\u01b0u trong ph\u00f2ng \u0111i\u1ec1u tr\u1ecb c\u1ed9ng \u0111\u1ed3ng.<\/p>\n\n\n\n<p style=\"font-size:18px\">\u0110\u1ed9i ng\u0169 nh\u00e2n vi\u00ean c\u1ee7a Trung t\u00e2m Truy\u1ec1n d\u1ecbch AmeriPharma\u00ae lu\u00f4n n\u1ed7 l\u1ef1c h\u1ebft m\u00ecnh \u0111\u1ec3 gi\u00fap b\u1ea1n hi\u1ec3u r\u00f5 h\u01a1n v\u1ec1 c\u00e1c li\u1ec7u tr\u00ecnh \u0111i\u1ec1u tr\u1ecb v\u00e0 t\u00ecm ra gi\u1ea3i ph\u00e1p ph\u00f9 h\u1ee3p nh\u1ea5t.\u00a0<a href=\"https:\/\/ameripharmainfusioncenter.com\/vi\/patients-caregivers-faqs\/\">h\u1ed7 tr\u1ee3 t\u00e0i ch\u00ednh<\/a>\u00a0n\u1ebfu c\u1ea7n.\u00a0<a href=\"https:\/\/ameripharmainfusioncenter.com\/vi\/contact-us\/\">Li\u00ean h\u1ec7 v\u1edbi ch\u00fang t\u00f4i<\/a>\u00a0ngay h\u00f4m nay \u0111\u1ec3 \u0111\u01b0\u1ee3c t\u01b0 v\u1ea5n mi\u1ec5n ph\u00ed.<\/p>\n\n\n\n<div class=\"wp-block-uagb-buttons uagb-buttons__outer-wrap uagb-btn__default-btn uagb-btn-tablet__default-btn uagb-btn-mobile__default-btn uagb-block-7eceeaa9\"><div class=\"uagb-buttons__wrap uagb-buttons-layout-wrap\">\n<div class=\"wp-block-uagb-buttons-child uagb-buttons__outer-wrap uagb-block-ca4ef32f wp-block-button\"><div class=\"uagb-button__wrapper\"><a class=\"uagb-buttons-repeater wp-block-button__link\" aria-label=\"\" href=\"\/vi\/get-started\/\" rel=\"follow noopener\" target=\"_self\" role=\"button\"><div class=\"uagb-button__link\">B\u1eaft \u0111\u1ea7u ngay b\u00e2y gi\u1edd<\/div><\/a><\/div><\/div>\n<\/div><\/div>\n\n\n\n<div style=\"height:100px\" aria-hidden=\"true\" class=\"wp-block-spacer\"><\/div>\n<\/div>\n<\/div>","protected":false},"excerpt":{"rendered":"<p>Khi b\u1ea1n \u0111ang s\u1ed1ng chung v\u1edbi b\u1ec7nh vi\u00eam kh\u1edbp d\u1ea1ng th\u1ea5p, ngay c\u1ea3 nh\u1eefng c\u00f4ng vi\u1ec7c h\u00e0ng ng\u00e0y c\u0169ng c\u00f3 th\u1ec3 tr\u1edf n\u00ean qu\u00e1 s\u1ee9c. Ch\u1ec9 ri\u00eang vi\u1ec7c chu\u1ea9n b\u1ecb cho m\u1ed9t ng\u00e0y m\u1edbi, n\u1ea5u n\u01b0\u1edbng v\u00e0 l\u00e1i xe c\u0169ng c\u00f3 th\u1ec3 tr\u1edf th\u00e0nh m\u1ed9t th\u1eed th\u00e1ch. Khi y h\u1ecdc c\u1ed5 truy\u1ec1n kh\u00f4ng th\u1ec3 ki\u1ec3m so\u00e1t c\u00e1c tri\u1ec7u ch\u1ee9ng v\u00e0 \u0111\u01b0a cu\u1ed9c s\u1ed1ng c\u1ee7a b\u1ea1n tr\u1edf l\u1ea1i b\u00ecnh th\u01b0\u1eddng, b\u1ea1n c\u1ea7n nhi\u1ec1u l\u1ef1a ch\u1ecdn h\u01a1n.<\/p>","protected":false},"author":17,"featured_media":0,"parent":0,"menu_order":0,"comment_status":"closed","ping_status":"closed","template":"","meta":{"_acf_changed":false,"inline_featured_image":false,"_uag_custom_page_level_css":"","footnotes":""},"class_list":["post-12345","page","type-page","status-publish","hentry"],"acf":[],"yoast_head":"<!-- This site is optimized with the Yoast SEO plugin v27.5 - https:\/\/yoast.com\/product\/yoast-seo-wordpress\/ -->\n<title>Rheumatoid Arthritis Infusion | AmeriPharma Infusion Center\u2122<\/title>\n<meta name=\"description\" content=\"Discover the benefits of infusion therapy for rheumatoid arthritis. Take your life back and find relief with treatment. Call AmeriPharma Infusion Center\u2122 today.\" \/>\n<meta name=\"robots\" content=\"index, follow, max-snippet:-1, max-image-preview:large, max-video-preview:-1\" \/>\n<link rel=\"canonical\" href=\"https:\/\/ameripharmainfusioncenter.com\/vi\/infusion-therapy-for-rheumatoid-arthritis\/\" \/>\n<meta property=\"og:locale\" content=\"vi_VN\" \/>\n<meta property=\"og:type\" content=\"article\" \/>\n<meta property=\"og:title\" content=\"Rheumatoid Arthritis Infusion | AmeriPharma Infusion Center\u2122\" \/>\n<meta property=\"og:description\" content=\"Discover the benefits of infusion therapy for rheumatoid arthritis. Take your life back and find relief with treatment. Call AmeriPharma Infusion Center\u2122 today.\" \/>\n<meta property=\"og:url\" content=\"https:\/\/ameripharmainfusioncenter.com\/vi\/infusion-therapy-for-rheumatoid-arthritis\/\" \/>\n<meta property=\"og:site_name\" content=\"AmeriPharma Infusion Center\" \/>\n<meta property=\"article:publisher\" content=\"https:\/\/www.facebook.com\/AmeriPharmaInfusionCenter\/\" \/>\n<meta property=\"article:modified_time\" content=\"2025-12-18T14:36:00+00:00\" \/>\n<meta property=\"og:image\" content=\"https:\/\/ameripharmainfusioncenter.com\/wp-content\/uploads\/2024\/10\/blue-shirt-hands-1024x683.webp\" \/>\n<meta name=\"twitter:card\" content=\"summary_large_image\" \/>\n<meta name=\"twitter:label1\" content=\"\u01af\u1edbc t\u00ednh th\u1eddi gian \u0111\u1ecdc\" \/>\n\t<meta name=\"twitter:data1\" content=\"3 ph\u00fat\" \/>\n<script type=\"application\/ld+json\" class=\"yoast-schema-graph\">{\"@context\":\"https:\\\/\\\/schema.org\",\"@graph\":[{\"@type\":\"WebPage\",\"@id\":\"https:\\\/\\\/ameripharmainfusioncenter.com\\\/infusion-therapy-for-rheumatoid-arthritis\\\/\",\"url\":\"https:\\\/\\\/ameripharmainfusioncenter.com\\\/infusion-therapy-for-rheumatoid-arthritis\\\/\",\"name\":\"Rheumatoid Arthritis Infusion | AmeriPharma Infusion Center\u2122\",\"isPartOf\":{\"@id\":\"https:\\\/\\\/ameripharmainfusioncenter.com\\\/#website\"},\"primaryImageOfPage\":{\"@id\":\"https:\\\/\\\/ameripharmainfusioncenter.com\\\/infusion-therapy-for-rheumatoid-arthritis\\\/#primaryimage\"},\"image\":{\"@id\":\"https:\\\/\\\/ameripharmainfusioncenter.com\\\/infusion-therapy-for-rheumatoid-arthritis\\\/#primaryimage\"},\"thumbnailUrl\":\"https:\\\/\\\/ameripharmainfusioncenter.com\\\/wp-content\\\/uploads\\\/2024\\\/10\\\/blue-shirt-hands-1024x683.webp\",\"datePublished\":\"2024-07-12T17:25:14+00:00\",\"dateModified\":\"2025-12-18T14:36:00+00:00\",\"description\":\"Discover the benefits of infusion therapy for rheumatoid arthritis. Take your life back and find relief with treatment. Call AmeriPharma Infusion Center\u2122 today.\",\"breadcrumb\":{\"@id\":\"https:\\\/\\\/ameripharmainfusioncenter.com\\\/infusion-therapy-for-rheumatoid-arthritis\\\/#breadcrumb\"},\"inLanguage\":\"vi\",\"potentialAction\":[{\"@type\":\"ReadAction\",\"target\":[\"https:\\\/\\\/ameripharmainfusioncenter.com\\\/infusion-therapy-for-rheumatoid-arthritis\\\/\"]}]},{\"@type\":\"ImageObject\",\"inLanguage\":\"vi\",\"@id\":\"https:\\\/\\\/ameripharmainfusioncenter.com\\\/infusion-therapy-for-rheumatoid-arthritis\\\/#primaryimage\",\"url\":\"https:\\\/\\\/ameripharmainfusioncenter.com\\\/wp-content\\\/uploads\\\/2024\\\/10\\\/blue-shirt-hands-1024x683.webp\",\"contentUrl\":\"https:\\\/\\\/ameripharmainfusioncenter.com\\\/wp-content\\\/uploads\\\/2024\\\/10\\\/blue-shirt-hands-1024x683.webp\"},{\"@type\":\"BreadcrumbList\",\"@id\":\"https:\\\/\\\/ameripharmainfusioncenter.com\\\/infusion-therapy-for-rheumatoid-arthritis\\\/#breadcrumb\",\"itemListElement\":[{\"@type\":\"ListItem\",\"position\":1,\"name\":\"Home\",\"item\":\"https:\\\/\\\/ameripharmainfusioncenter.com\\\/\"},{\"@type\":\"ListItem\",\"position\":2,\"name\":\"Infusion Therapy for Rheumatoid Arthritis\"}]},{\"@type\":\"WebSite\",\"@id\":\"https:\\\/\\\/ameripharmainfusioncenter.com\\\/#website\",\"url\":\"https:\\\/\\\/ameripharmainfusioncenter.com\\\/\",\"name\":\"AmeriPharma Infusion Center\",\"description\":\"Prescription-based Infusion Center in Orange, CA\",\"publisher\":{\"@id\":\"https:\\\/\\\/ameripharmainfusioncenter.com\\\/#organization\"},\"potentialAction\":[{\"@type\":\"SearchAction\",\"target\":{\"@type\":\"EntryPoint\",\"urlTemplate\":\"https:\\\/\\\/ameripharmainfusioncenter.com\\\/?s={search_term_string}\"},\"query-input\":{\"@type\":\"PropertyValueSpecification\",\"valueRequired\":true,\"valueName\":\"search_term_string\"}}],\"inLanguage\":\"vi\"},{\"@type\":\"Organization\",\"@id\":\"https:\\\/\\\/ameripharmainfusioncenter.com\\\/#organization\",\"name\":\"AmeriPharma Infusion Center\",\"url\":\"https:\\\/\\\/ameripharmainfusioncenter.com\\\/\",\"logo\":{\"@type\":\"ImageObject\",\"inLanguage\":\"vi\",\"@id\":\"https:\\\/\\\/ameripharmainfusioncenter.com\\\/#\\\/schema\\\/logo\\\/image\\\/\",\"url\":\"https:\\\/\\\/ameripharmainfusioncenter.com\\\/wp-content\\\/uploads\\\/2023\\\/02\\\/AmeriPharma-InfusionCenter-logo.png\",\"contentUrl\":\"https:\\\/\\\/ameripharmainfusioncenter.com\\\/wp-content\\\/uploads\\\/2023\\\/02\\\/AmeriPharma-InfusionCenter-logo.png\",\"width\":375,\"height\":60,\"caption\":\"AmeriPharma Infusion Center\"},\"image\":{\"@id\":\"https:\\\/\\\/ameripharmainfusioncenter.com\\\/#\\\/schema\\\/logo\\\/image\\\/\"},\"sameAs\":[\"https:\\\/\\\/www.facebook.com\\\/AmeriPharmaInfusionCenter\\\/\",\"https:\\\/\\\/www.linkedin.com\\\/company\\\/ameripharma\",\"https:\\\/\\\/www.youtube.com\\\/channel\\\/UCdo4qXkWsAwiSz4-f-yz0Aw\"]}]}<\/script>\n<!-- \/ Yoast SEO plugin. -->","yoast_head_json":{"title":"Truy\u1ec1n d\u1ecbch vi\u00eam kh\u1edbp d\u1ea1ng th\u1ea5p | AmeriPharma Infusion Center\u2122","description":"Kh\u00e1m ph\u00e1 l\u1ee3i \u00edch c\u1ee7a li\u1ec7u ph\u00e1p truy\u1ec1n d\u1ecbch trong \u0111i\u1ec1u tr\u1ecb vi\u00eam kh\u1edbp d\u1ea1ng th\u1ea5p. L\u1ea5y l\u1ea1i cu\u1ed9c s\u1ed1ng v\u00e0 t\u00ecm th\u1ea5y s\u1ef1 tho\u1ea3i m\u00e1i v\u1edbi li\u1ec7u ph\u00e1p \u0111i\u1ec1u tr\u1ecb n\u00e0y. G\u1ecdi AmeriPharma Infusion Center\u2122 ngay h\u00f4m nay.","robots":{"index":"index","follow":"follow","max-snippet":"max-snippet:-1","max-image-preview":"max-image-preview:large","max-video-preview":"max-video-preview:-1"},"canonical":"https:\/\/ameripharmainfusioncenter.com\/vi\/infusion-therapy-for-rheumatoid-arthritis\/","og_locale":"vi_VN","og_type":"article","og_title":"Rheumatoid Arthritis Infusion | AmeriPharma Infusion Center\u2122","og_description":"Discover the benefits of infusion therapy for rheumatoid arthritis. Take your life back and find relief with treatment. Call AmeriPharma Infusion Center\u2122 today.","og_url":"https:\/\/ameripharmainfusioncenter.com\/vi\/infusion-therapy-for-rheumatoid-arthritis\/","og_site_name":"AmeriPharma Infusion Center","article_publisher":"https:\/\/www.facebook.com\/AmeriPharmaInfusionCenter\/","article_modified_time":"2025-12-18T14:36:00+00:00","og_image":[{"url":"https:\/\/ameripharmainfusioncenter.com\/wp-content\/uploads\/2024\/10\/blue-shirt-hands-1024x683.webp","type":"","width":"","height":""}],"twitter_card":"summary_large_image","twitter_misc":{"\u01af\u1edbc t\u00ednh th\u1eddi gian \u0111\u1ecdc":"3 ph\u00fat"},"schema":{"@context":"https:\/\/schema.org","@graph":[{"@type":"WebPage","@id":"https:\/\/ameripharmainfusioncenter.com\/infusion-therapy-for-rheumatoid-arthritis\/","url":"https:\/\/ameripharmainfusioncenter.com\/infusion-therapy-for-rheumatoid-arthritis\/","name":"Truy\u1ec1n d\u1ecbch vi\u00eam kh\u1edbp d\u1ea1ng th\u1ea5p | AmeriPharma Infusion Center\u2122","isPartOf":{"@id":"https:\/\/ameripharmainfusioncenter.com\/#website"},"primaryImageOfPage":{"@id":"https:\/\/ameripharmainfusioncenter.com\/infusion-therapy-for-rheumatoid-arthritis\/#primaryimage"},"image":{"@id":"https:\/\/ameripharmainfusioncenter.com\/infusion-therapy-for-rheumatoid-arthritis\/#primaryimage"},"thumbnailUrl":"https:\/\/ameripharmainfusioncenter.com\/wp-content\/uploads\/2024\/10\/blue-shirt-hands-1024x683.webp","datePublished":"2024-07-12T17:25:14+00:00","dateModified":"2025-12-18T14:36:00+00:00","description":"Kh\u00e1m ph\u00e1 l\u1ee3i \u00edch c\u1ee7a li\u1ec7u ph\u00e1p truy\u1ec1n d\u1ecbch trong \u0111i\u1ec1u tr\u1ecb vi\u00eam kh\u1edbp d\u1ea1ng th\u1ea5p. L\u1ea5y l\u1ea1i cu\u1ed9c s\u1ed1ng v\u00e0 t\u00ecm th\u1ea5y s\u1ef1 tho\u1ea3i m\u00e1i v\u1edbi li\u1ec7u ph\u00e1p \u0111i\u1ec1u tr\u1ecb n\u00e0y. G\u1ecdi AmeriPharma Infusion Center\u2122 ngay h\u00f4m nay.","breadcrumb":{"@id":"https:\/\/ameripharmainfusioncenter.com\/infusion-therapy-for-rheumatoid-arthritis\/#breadcrumb"},"inLanguage":"vi","potentialAction":[{"@type":"ReadAction","target":["https:\/\/ameripharmainfusioncenter.com\/infusion-therapy-for-rheumatoid-arthritis\/"]}]},{"@type":"ImageObject","inLanguage":"vi","@id":"https:\/\/ameripharmainfusioncenter.com\/infusion-therapy-for-rheumatoid-arthritis\/#primaryimage","url":"https:\/\/ameripharmainfusioncenter.com\/wp-content\/uploads\/2024\/10\/blue-shirt-hands-1024x683.webp","contentUrl":"https:\/\/ameripharmainfusioncenter.com\/wp-content\/uploads\/2024\/10\/blue-shirt-hands-1024x683.webp"},{"@type":"BreadcrumbList","@id":"https:\/\/ameripharmainfusioncenter.com\/infusion-therapy-for-rheumatoid-arthritis\/#breadcrumb","itemListElement":[{"@type":"ListItem","position":1,"name":"Home","item":"https:\/\/ameripharmainfusioncenter.com\/"},{"@type":"ListItem","position":2,"name":"Infusion Therapy for Rheumatoid Arthritis"}]},{"@type":"WebSite","@id":"https:\/\/ameripharmainfusioncenter.com\/#website","url":"https:\/\/ameripharmainfusioncenter.com\/","name":"AmeriPharma Infusion Center","description":"Trung t\u00e2m truy\u1ec1n d\u1ecbch theo toa t\u1ea1i Orange, CA","publisher":{"@id":"https:\/\/ameripharmainfusioncenter.com\/#organization"},"potentialAction":[{"@type":"SearchAction","target":{"@type":"EntryPoint","urlTemplate":"https:\/\/ameripharmainfusioncenter.com\/?s={search_term_string}"},"query-input":{"@type":"PropertyValueSpecification","valueRequired":true,"valueName":"search_term_string"}}],"inLanguage":"vi"},{"@type":"Organization","@id":"https:\/\/ameripharmainfusioncenter.com\/#organization","name":"AmeriPharma Infusion Center","url":"https:\/\/ameripharmainfusioncenter.com\/","logo":{"@type":"ImageObject","inLanguage":"vi","@id":"https:\/\/ameripharmainfusioncenter.com\/#\/schema\/logo\/image\/","url":"https:\/\/ameripharmainfusioncenter.com\/wp-content\/uploads\/2023\/02\/AmeriPharma-InfusionCenter-logo.png","contentUrl":"https:\/\/ameripharmainfusioncenter.com\/wp-content\/uploads\/2023\/02\/AmeriPharma-InfusionCenter-logo.png","width":375,"height":60,"caption":"AmeriPharma Infusion Center"},"image":{"@id":"https:\/\/ameripharmainfusioncenter.com\/#\/schema\/logo\/image\/"},"sameAs":["https:\/\/www.facebook.com\/AmeriPharmaInfusionCenter\/","https:\/\/www.linkedin.com\/company\/ameripharma","https:\/\/www.youtube.com\/channel\/UCdo4qXkWsAwiSz4-f-yz0Aw"]}]}},"uagb_featured_image_src":{"full":false,"thumbnail":false,"medium":false,"medium_large":false,"large":false,"1536x1536":false,"2048x2048":false,"trp-custom-language-flag":false,"block-image-html-large":false,"ct-gallery":false,"ct-section-header":false,"ct-thumb":false,"ct-thumb-large":false,"ct-small":false,"ct-medium":false,"ct-xmedium":false,"ct-large":false},"uagb_author_info":{"display_name":"Brandon Yano","author_link":"https:\/\/ameripharmainfusioncenter.com\/vi\/author\/byanoameripharma-us\/"},"uagb_comment_info":0,"uagb_excerpt":"When you\u2019re living with rheumatoid arthritis, even daily tasks can seem overwhelming. Simply getting ready for the day, cooking meals, and driving can prove challenging. When traditional medicine isn\u2019t controlling your symptoms and bringing your life back to normalcy, you need more options.","_links":{"self":[{"href":"https:\/\/ameripharmainfusioncenter.com\/vi\/wp-json\/wp\/v2\/pages\/12345","targetHints":{"allow":["GET"]}}],"collection":[{"href":"https:\/\/ameripharmainfusioncenter.com\/vi\/wp-json\/wp\/v2\/pages"}],"about":[{"href":"https:\/\/ameripharmainfusioncenter.com\/vi\/wp-json\/wp\/v2\/types\/page"}],"author":[{"embeddable":true,"href":"https:\/\/ameripharmainfusioncenter.com\/vi\/wp-json\/wp\/v2\/users\/17"}],"replies":[{"embeddable":true,"href":"https:\/\/ameripharmainfusioncenter.com\/vi\/wp-json\/wp\/v2\/comments?post=12345"}],"version-history":[{"count":0,"href":"https:\/\/ameripharmainfusioncenter.com\/vi\/wp-json\/wp\/v2\/pages\/12345\/revisions"}],"wp:attachment":[{"href":"https:\/\/ameripharmainfusioncenter.com\/vi\/wp-json\/wp\/v2\/media?parent=12345"}],"curies":[{"name":"wp","href":"https:\/\/api.w.org\/{rel}","templated":true}]}}