{"id":12217,"date":"2023-11-30T15:22:47","date_gmt":"2023-11-30T23:22:47","guid":{"rendered":"https:\/\/ameripharmainfusioncenter.com\/?page_id=12217"},"modified":"2025-12-09T08:04:41","modified_gmt":"2025-12-09T16:04:41","slug":"ulcerative-colitis-and-crohns-infusion-treatment-at-ameripharma-infusion-center","status":"publish","type":"page","link":"https:\/\/ameripharmainfusioncenter.com\/vi\/ulcerative-colitis-and-crohns-infusion-treatment-at-ameripharma-infusion-center\/","title":{"rendered":"\u0110i\u1ec1u tr\u1ecb vi\u00eam lo\u00e9t \u0111\u1ea1i tr\u00e0ng v\u00e0 b\u1ec7nh Crohn b\u1eb1ng truy\u1ec1n d\u1ecbch t\u1ea1i Trung t\u00e2m truy\u1ec1n d\u1ecbch AmeriPharma\u00ae"},"content":{"rendered":"<div class=\"wp-block-columns container uccit-block is-layout-flex wp-container-core-columns-is-layout-9d6595d7 wp-block-columns-is-layout-flex\">\n<div class=\"wp-block-column is-layout-flow wp-block-column-is-layout-flow\">\n<h2 class=\"wp-block-heading has-text-color has-link-color wp-elements-f07c40aa0f76cf6e0adef2024702af2a\" style=\"color:#102e61\">Vi\u00eam lo\u00e9t \u0111\u1ea1i tr\u00e0ng v\u00e0 b\u1ec7nh Crohn: T\u1ed5ng quan<\/h2>\n\n\n\n<p class=\"has-large-font-size\">Vi\u00eam lo\u00e9t \u0111\u1ea1i tr\u00e0ng v\u00e0 b\u1ec7nh Crohn \u0111\u1ec1u l\u00e0 b\u1ec7nh vi\u00eam ru\u1ed9t m\u00e3n t\u00ednh (IBD) c\u00f3 th\u1ec3 g\u00e2y ra s\u1ef1 kh\u00f3 ch\u1ecbu \u0111\u00e1ng k\u1ec3 v\u00e0 gi\u00e1n \u0111o\u1ea1n cu\u1ed9c s\u1ed1ng c\u1ee7a nh\u1eefng ng\u01b0\u1eddi b\u1ecb \u1ea3nh h\u01b0\u1edfng. M\u1eb7c d\u00f9 ch\u00fang c\u00f3 m\u1ed9t s\u1ed1 \u0111i\u1ec3m t\u01b0\u01a1ng \u0111\u1ed3ng, nh\u01b0ng ch\u00fang c\u0169ng c\u00f3 nh\u1eefng \u0111i\u1ec3m kh\u00e1c bi\u1ec7t r\u00f5 r\u1ec7t. Vi\u00eam lo\u00e9t \u0111\u1ea1i tr\u00e0ng ch\u1ee7 y\u1ebfu \u1ea3nh h\u01b0\u1edfng \u0111\u1ebfn \u0111\u1ea1i tr\u00e0ng v\u00e0 tr\u1ef1c tr\u00e0ng, d\u1eabn \u0111\u1ebfn t\u00ecnh tr\u1ea1ng vi\u00eam v\u00e0 lo\u00e9t \u1edf ni\u00eam m\u1ea1c ru\u1ed9t gi\u00e0. M\u1eb7t kh\u00e1c, b\u1ec7nh Crohn c\u00f3 th\u1ec3 \u1ea3nh h\u01b0\u1edfng \u0111\u1ebfn b\u1ea5t k\u1ef3 ph\u1ea7n n\u00e0o c\u1ee7a \u0111\u01b0\u1eddng ti\u00eau h\u00f3a, t\u1eeb mi\u1ec7ng \u0111\u1ebfn h\u1eadu m\u00f4n v\u00e0 c\u00f3 th\u1ec3 g\u00e2y ra t\u00ecnh tr\u1ea1ng vi\u00eam lan r\u1ed9ng kh\u1eafp to\u00e0n b\u1ed9 \u0111\u1ed9 d\u00e0y c\u1ee7a th\u00e0nh ru\u1ed9t.<\/p>\n\n\n\n<h2 class=\"wp-block-heading has-text-color has-link-color wp-elements-4b551a2e83dab74715b6cf2c515e42d2\" style=\"color:#102e61\">Nguy\u00ean nh\u00e2n g\u00e2y ra b\u1ec7nh vi\u00eam lo\u00e9t \u0111\u1ea1i tr\u00e0ng v\u00e0 b\u1ec7nh Crohn<\/h2>\n\n\n\n<p class=\"has-large-font-size\">Nguy\u00ean nh\u00e2n g\u00e2y ra b\u1ec7nh vi\u00eam lo\u00e9t \u0111\u1ea1i tr\u00e0ng v\u00e0 b\u1ec7nh Crohn v\u1eabn ch\u01b0a \u0111\u01b0\u1ee3c hi\u1ec3u \u0111\u1ea7y \u0111\u1ee7. C\u00e1c b\u1ec7nh IBD n\u00e0y c\u00f3 th\u1ec3 b\u1ecb \u1ea3nh h\u01b0\u1edfng b\u1edfi y\u1ebfu t\u1ed1 di truy\u1ec1n, y\u1ebfu t\u1ed1 m\u00f4i tr\u01b0\u1eddng v\u00e0 b\u1ea5t th\u01b0\u1eddng c\u1ee7a h\u1ec7 th\u1ed1ng mi\u1ec5n d\u1ecbch. Ti\u1ec1n s\u1eed gia \u0111\u00ecnh \u0111\u01b0\u1ee3c cho l\u00e0 c\u00f3 th\u1ec3 g\u00f3p ph\u1ea7n g\u00e2y ra c\u1ea3 b\u1ec7nh Crohn v\u00e0 vi\u00eam lo\u00e9t \u0111\u1ea1i tr\u00e0ng, tuy nhi\u00ean, nhi\u1ec1u ng\u01b0\u1eddi \u0111\u01b0\u1ee3c ch\u1ea9n \u0111o\u00e1n m\u1eafc b\u1ec7nh IBD kh\u00f4ng c\u00f3 th\u00e0nh vi\u00ean gia \u0111\u00ecnh m\u1eafc b\u1ec7nh n\u00e0y. Nghi\u00ean c\u1ee9u \u0111ang \u0111\u01b0\u1ee3c ti\u1ebfn h\u00e0nh nh\u1eb1m m\u1ee5c \u0111\u00edch kh\u00e1m ph\u00e1 ra c\u01a1 ch\u1ebf ch\u00ednh x\u00e1c \u0111\u1eb1ng sau nh\u1eefng c\u0103n b\u1ec7nh ph\u1ee9c t\u1ea1p n\u00e0y.<\/p>\n\n\n\n<h2 class=\"wp-block-heading has-text-color has-link-color wp-elements-ccd3c6678d325bdc0b8a52e460cd43d2\" style=\"color:#102e61\">Ph\u01b0\u01a1ng ph\u00e1p truy\u1ec1n d\u1ecbch \u0111i\u1ec1u tr\u1ecb b\u1ec7nh vi\u00eam lo\u00e9t \u0111\u1ea1i tr\u00e0ng v\u00e0 b\u1ec7nh Crohn<\/h2>\n\n\n\n<p class=\"has-large-font-size\">T\u1ea1i Trung t\u00e2m truy\u1ec1n d\u1ecbch AmeriPharma\u00ae, ch\u00fang t\u00f4i cung c\u1ea5p m\u1ed9t s\u1ed1 ph\u01b0\u01a1ng ph\u00e1p truy\u1ec1n d\u1ecbch \u0111i\u1ec1u tr\u1ecb b\u1ec7nh Crohn c\u0169ng nh\u01b0 m\u1ed9t s\u1ed1 ph\u01b0\u01a1ng ph\u00e1p truy\u1ec1n d\u1ecbch \u0111i\u1ec1u tr\u1ecb vi\u00eam lo\u00e9t \u0111\u1ea1i tr\u00e0ng \u0111\u01b0\u1ee3c thi\u1ebft k\u1ebf \u0111\u1eb7c bi\u1ec7t \u0111\u1ec3 ki\u1ec3m so\u00e1t c\u00e1c tri\u1ec7u ch\u1ee9ng c\u1ee7a b\u1ec7nh vi\u00eam lo\u00e9t \u0111\u1ea1i tr\u00e0ng v\u00e0 b\u1ec7nh Crohn.<\/p>\n\n\n\n<ul class=\"wp-block-list\">\n<li class=\"uccit-list-item\" style=\"font-size:28px\"><strong>Remicade, Inflectra, Infliximab<\/strong><\/li>\n<\/ul>\n\n\n\n<p class=\"uccit-padding-left has-large-font-size\">C\u00e1c ch\u1ea5t \u1ee9c ch\u1ebf TNF (y\u1ebfu t\u1ed1 ho\u1ea1i t\u1eed kh\u1ed1i u) n\u00e0y c\u00f3 hi\u1ec7u qu\u1ea3 trong \u0111i\u1ec1u tr\u1ecb c\u1ea3 vi\u00eam lo\u00e9t \u0111\u1ea1i tr\u00e0ng v\u00e0 b\u1ec7nh Crohn. B\u1eb1ng c\u00e1ch ng\u0103n ch\u1eb7n ho\u1ea1t \u0111\u1ed9ng c\u1ee7a TNF-alpha, m\u1ed9t y\u1ebfu t\u1ed1 ch\u00ednh trong qu\u00e1 tr\u00ecnh vi\u00eam, c\u00e1c lo\u1ea1i thu\u1ed1c n\u00e0y c\u00f3 th\u1ec3 gi\u00fap gi\u1ea3m vi\u00eam v\u00e0 th\u00fac \u0111\u1ea9y qu\u00e1 tr\u00ecnh ch\u1eefa l\u00e0nh \u1edf \u0111\u01b0\u1eddng ti\u00eau h\u00f3a.<\/p>\n\n\n\n<ul class=\"wp-block-list\">\n<li class=\"uccit-list-item\" style=\"font-size:28px\"><strong>Entyvio<\/strong><\/li>\n<\/ul>\n\n\n\n<p class=\"uccit-padding-left has-large-font-size\">M\u1ed9t l\u1ef1a ch\u1ecdn \u0111i\u1ec1u tr\u1ecb truy\u1ec1n d\u1ecbch Crohn c\u00f3 gi\u00e1 tr\u1ecb c\u0169ng c\u00f3 t\u00e1c d\u1ee5ng \u0111\u1ed1i v\u1edbi vi\u00eam lo\u00e9t \u0111\u1ea1i tr\u00e0ng, Entyvio l\u00e0 ch\u1ea5t \u0111\u1ed1i kh\u00e1ng th\u1ee5 th\u1ec3 integrin. B\u1eb1ng c\u00e1ch ng\u0103n ch\u1eb7n c\u00f3 ch\u1ecdn l\u1ecdc s\u1ef1 di chuy\u1ec3n c\u1ee7a m\u1ed9t s\u1ed1 t\u1ebf b\u00e0o b\u1ea1ch c\u1ea7u \u0111\u1ebfn c\u00e1c m\u00f4 ru\u1ed9t b\u1ecb vi\u00eam, Entyvio gi\u00fap gi\u1ea3m vi\u00eam m\u00e0 kh\u00f4ng \u1ee9c ch\u1ebf to\u00e0n b\u1ed9 h\u1ec7 th\u1ed1ng mi\u1ec5n d\u1ecbch.<\/p>\n\n\n\n<ul class=\"wp-block-list\">\n<li class=\"uccit-list-item\" style=\"font-size:28px\"><strong>Stelara<\/strong><\/li>\n<\/ul>\n\n\n\n<p class=\"uccit-padding-left has-large-font-size\">Stelara l\u00e0 m\u1ed9t ph\u01b0\u01a1ng ph\u00e1p \u0111i\u1ec1u tr\u1ecb truy\u1ec1n d\u1ecbch vi\u00eam lo\u00e9t \u0111\u1ea1i tr\u00e0ng sinh h\u1ecdc kh\u00e1c nh\u1eafm v\u00e0o c\u00e1c protein c\u1ee5 th\u1ec3 li\u00ean quan \u0111\u1ebfn ph\u1ea3n \u1ee9ng vi\u00eam \u1edf c\u1ea3 vi\u00eam lo\u00e9t \u0111\u1ea1i tr\u00e0ng v\u00e0 b\u1ec7nh Crohn. B\u1eb1ng c\u00e1ch ng\u0103n ch\u1eb7n qu\u00e1 tr\u00ecnh vi\u00eam n\u00e0y, Stelara gi\u00fap l\u00e0m gi\u1ea3m c\u00e1c tri\u1ec7u ch\u1ee9ng v\u00e0 duy tr\u00ec s\u1ef1 thuy\u00ean gi\u1ea3m \u1edf b\u1ec7nh nh\u00e2n.<\/p>\n\n\n\n<ul class=\"wp-block-list\">\n<li class=\"uccit-list-item\" style=\"font-size:28px\"><strong>Tysabri<\/strong><\/li>\n<\/ul>\n\n\n\n<p class=\"uccit-padding-left has-large-font-size\">M\u1eb7c d\u00f9 ch\u1ee7 y\u1ebfu \u0111\u01b0\u1ee3c s\u1eed d\u1ee5ng cho b\u1ec7nh \u0111a x\u01a1 c\u1ee9ng, Tysabri c\u0169ng cho th\u1ea5y hi\u1ec7u qu\u1ea3 trong m\u1ed9t s\u1ed1 tr\u01b0\u1eddng h\u1ee3p b\u1ec7nh Crohn. L\u00e0 m\u1ed9t ph\u01b0\u01a1ng ph\u00e1p \u0111i\u1ec1u tr\u1ecb truy\u1ec1n d\u1ecbch b\u1ec7nh Crohn, n\u00f3 ho\u1ea1t \u0111\u1ed9ng b\u1eb1ng c\u00e1ch ng\u0103n ch\u1eb7n c\u00e1c t\u1ebf b\u00e0o mi\u1ec5n d\u1ecbch ti\u1ebfp c\u1eadn v\u00e0 g\u00e2y vi\u00eam \u1edf c\u00e1c m\u00f4 ru\u1ed9t.<\/p>\n\n\n\n<h2 class=\"wp-block-heading uccit-wca-title has-text-color has-link-color wp-elements-e38476d9ea0d6e5a10b39c9e04e08186\" style=\"color:#102e61\">T\u1ea1i sao n\u00ean ch\u1ecdn Trung t\u00e2m truy\u1ec1n d\u1ecbch AmeriPharma\u00ae?<\/h2>\n\n\n\n<ul class=\"wp-block-list\">\n<li class=\"uccit-list-item\" style=\"font-size:28px\"><strong>Chuy\u00ean m\u00f4n trong \u0111i\u1ec1u tr\u1ecb IBD<\/strong><\/li>\n<\/ul>\n\n\n\n<p class=\"uccit-padding-left has-large-font-size\">Trung t\u00e2m truy\u1ec1n d\u1ecbch c\u1ee7a ch\u00fang t\u00f4i c\u00f3 \u0111\u1ed9i ng\u0169 chuy\u00ean gia y t\u1ebf gi\u00e0u kinh nghi\u1ec7m, th\u00e0nh th\u1ea1o trong vi\u1ec7c truy\u1ec1n d\u1ecbch \u0111i\u1ec1u tr\u1ecb b\u1ec7nh vi\u00eam lo\u00e9t \u0111\u1ea1i tr\u00e0ng v\u00e0 b\u1ec7nh Crohn.<\/p>\n\n\n\n<ul class=\"wp-block-list\">\n<li class=\"uccit-list-item\" style=\"font-size:28px\"><strong>Ti\u1ec7n nghi v\u00e0 tho\u1ea3i m\u00e1i<\/strong><\/li>\n<\/ul>\n\n\n\n<p class=\"uccit-padding-left has-large-font-size\">AmeriPharma\u00ae cung c\u1ea5p c\u00e1c ti\u1ec7n nghi hi\u1ec7n \u0111\u1ea1i, \u01b0u ti\u00ean s\u1ef1 tho\u1ea3i m\u00e1i c\u1ee7a b\u1ec7nh nh\u00e2n trong c\u00e1c bu\u1ed5i truy\u1ec1n d\u1ecbch.<\/p>\n\n\n\n<ul class=\"wp-block-list\">\n<li class=\"uccit-list-item\" style=\"font-size:28px\"><strong>D\u1ecbch v\u1ee5 h\u1ed7 tr\u1ee3 to\u00e0n di\u1ec7n<\/strong><\/li>\n<\/ul>\n\n\n\n<p class=\"uccit-padding-left has-large-font-size\">Ch\u00fang t\u00f4i cung c\u1ea5p c\u00e1c d\u1ecbch v\u1ee5 h\u1ed7 tr\u1ee3 to\u00e0n di\u1ec7n, bao g\u1ed3m c\u00e1c ngu\u1ed3n t\u00e0i nguy\u00ean gi\u00e1o d\u1ee5c v\u00e0 k\u1ebf ho\u1ea1ch ch\u0103m s\u00f3c c\u00e1 nh\u00e2n \u0111\u1ec3 gi\u00fap b\u1ec7nh nh\u00e2n ki\u1ec3m so\u00e1t hi\u1ec7u qu\u1ea3 b\u1ec7nh vi\u00eam lo\u00e9t \u0111\u1ea1i tr\u00e0ng ho\u1eb7c b\u1ec7nh Crohn.<\/p>\n\n\n\n<ul class=\"wp-block-list\">\n<li class=\"uccit-list-item\" style=\"font-size:28px\"><strong>L\u1eadp l\u1ecbch hi\u1ec7u qu\u1ea3<\/strong><\/li>\n<\/ul>\n\n\n\n<p class=\"uccit-padding-left has-large-font-size\">T\u1ea1i AmeriPharma\u00ae, ch\u00fang t\u00f4i hi\u1ec3u r\u00f5 t\u1ea7m quan tr\u1ecdng c\u1ee7a vi\u1ec7c \u0111i\u1ec1u tr\u1ecb k\u1ecbp th\u1eddi. H\u1ec7 th\u1ed1ng \u0111\u1eb7t l\u1ecbch h\u1eb9n hi\u1ec7u qu\u1ea3 c\u1ee7a ch\u00fang t\u00f4i nh\u1eb1m gi\u1ea3m thi\u1ec3u th\u1eddi gian ch\u1edd \u0111\u1ee3i cho b\u1ec7nh nh\u00e2n, \u0111\u1ea3m b\u1ea3o h\u1ecd \u0111\u01b0\u1ee3c truy\u1ec1n d\u1ecbch k\u1ecbp th\u1eddi.<\/p>\n\n\n\n<div style=\"height:100px\" aria-hidden=\"true\" class=\"wp-block-spacer\"><\/div>\n\n\n\n<p class=\"has-large-font-size\"><a href=\"https:\/\/ameripharmainfusioncenter.com\/vi\/\"><\/a><\/p>\n<\/div>\n<\/div>","protected":false},"excerpt":{"rendered":"<p>Vi\u00eam lo\u00e9t \u0111\u1ea1i tr\u00e0ng v\u00e0 b\u1ec7nh Crohn: T\u1ed5ng quan Vi\u00eam lo\u00e9t \u0111\u1ea1i tr\u00e0ng v\u00e0 b\u1ec7nh Crohn \u0111\u1ec1u l\u00e0 b\u1ec7nh vi\u00eam ru\u1ed9t m\u00e3n t\u00ednh (IBD) c\u00f3 th\u1ec3 g\u00e2y ra s\u1ef1 kh\u00f3 ch\u1ecbu \u0111\u00e1ng k\u1ec3 v\u00e0 gi\u00e1n \u0111o\u1ea1n cu\u1ed9c s\u1ed1ng c\u1ee7a nh\u1eefng ng\u01b0\u1eddi m\u1eafc b\u1ec7nh.<\/p>","protected":false},"author":26,"featured_media":0,"parent":0,"menu_order":0,"comment_status":"closed","ping_status":"closed","template":"","meta":{"_acf_changed":false,"inline_featured_image":false,"_uag_custom_page_level_css":"","footnotes":""},"class_list":["post-12217","page","type-page","status-publish","hentry"],"acf":[],"yoast_head":"<!-- This site is optimized with the Yoast SEO plugin v27.3 - https:\/\/yoast.com\/product\/yoast-seo-wordpress\/ -->\n<title>Crohn\u2019s Infusion Treatments | AmeriPharma\u00ae Infusion Center<\/title>\n<meta name=\"description\" content=\"Explore the causes of Ulcerative Colitis &amp; Crohn\u2019s disease. Discover Crohn\u2019s infusion treatments at AmeriPharma\u00ae Infusion Center for managing these conditions.\" \/>\n<meta name=\"robots\" content=\"index, follow, max-snippet:-1, max-image-preview:large, max-video-preview:-1\" \/>\n<link rel=\"canonical\" href=\"https:\/\/ameripharmainfusioncenter.com\/vi\/ulcerative-colitis-and-crohns-infusion-treatment-at-ameripharma-infusion-center\/\" \/>\n<meta property=\"og:locale\" content=\"vi_VN\" \/>\n<meta property=\"og:type\" content=\"article\" \/>\n<meta property=\"og:title\" content=\"Crohn\u2019s Infusion Treatments | AmeriPharma\u00ae Infusion Center\" \/>\n<meta property=\"og:description\" content=\"Explore the causes of Ulcerative Colitis &amp; Crohn\u2019s disease. Discover Crohn\u2019s infusion treatments at AmeriPharma\u00ae Infusion Center for managing these conditions.\" \/>\n<meta property=\"og:url\" content=\"https:\/\/ameripharmainfusioncenter.com\/vi\/ulcerative-colitis-and-crohns-infusion-treatment-at-ameripharma-infusion-center\/\" \/>\n<meta property=\"og:site_name\" content=\"AmeriPharma Infusion Center\" \/>\n<meta property=\"article:publisher\" content=\"https:\/\/www.facebook.com\/AmeriPharmaInfusionCenter\/\" \/>\n<meta property=\"article:modified_time\" content=\"2025-12-09T16:04:41+00:00\" \/>\n<meta property=\"og:image\" content=\"https:\/\/ameripharmainfusioncenter.com\/wp-content\/uploads\/2023\/06\/infusion-center-logo-large-square.png\" \/>\n\t<meta property=\"og:image:width\" content=\"400\" \/>\n\t<meta property=\"og:image:height\" content=\"400\" \/>\n\t<meta property=\"og:image:type\" content=\"image\/png\" \/>\n<meta name=\"twitter:card\" content=\"summary_large_image\" \/>\n<meta name=\"twitter:label1\" content=\"\u01af\u1edbc t\u00ednh th\u1eddi gian \u0111\u1ecdc\" \/>\n\t<meta name=\"twitter:data1\" content=\"3 ph\u00fat\" \/>\n<script type=\"application\/ld+json\" class=\"yoast-schema-graph\">{\"@context\":\"https:\\\/\\\/schema.org\",\"@graph\":[{\"@type\":\"WebPage\",\"@id\":\"https:\\\/\\\/ameripharmainfusioncenter.com\\\/ulcerative-colitis-and-crohns-infusion-treatment-at-ameripharma-infusion-center\\\/\",\"url\":\"https:\\\/\\\/ameripharmainfusioncenter.com\\\/ulcerative-colitis-and-crohns-infusion-treatment-at-ameripharma-infusion-center\\\/\",\"name\":\"Crohn\u2019s Infusion Treatments | AmeriPharma\u00ae Infusion Center\",\"isPartOf\":{\"@id\":\"https:\\\/\\\/ameripharmainfusioncenter.com\\\/#website\"},\"datePublished\":\"2023-11-30T23:22:47+00:00\",\"dateModified\":\"2025-12-09T16:04:41+00:00\",\"description\":\"Explore the causes of Ulcerative Colitis & Crohn\u2019s disease. Discover Crohn\u2019s infusion treatments at AmeriPharma\u00ae Infusion Center for managing these conditions.\",\"breadcrumb\":{\"@id\":\"https:\\\/\\\/ameripharmainfusioncenter.com\\\/ulcerative-colitis-and-crohns-infusion-treatment-at-ameripharma-infusion-center\\\/#breadcrumb\"},\"inLanguage\":\"vi\",\"potentialAction\":[{\"@type\":\"ReadAction\",\"target\":[\"https:\\\/\\\/ameripharmainfusioncenter.com\\\/ulcerative-colitis-and-crohns-infusion-treatment-at-ameripharma-infusion-center\\\/\"]}]},{\"@type\":\"BreadcrumbList\",\"@id\":\"https:\\\/\\\/ameripharmainfusioncenter.com\\\/ulcerative-colitis-and-crohns-infusion-treatment-at-ameripharma-infusion-center\\\/#breadcrumb\",\"itemListElement\":[{\"@type\":\"ListItem\",\"position\":1,\"name\":\"Home\",\"item\":\"https:\\\/\\\/ameripharmainfusioncenter.com\\\/\"},{\"@type\":\"ListItem\",\"position\":2,\"name\":\"Ulcerative Colitis and Crohn\u2019s Infusion Treatment at AmeriPharma\u00ae Infusion Center\"}]},{\"@type\":\"WebSite\",\"@id\":\"https:\\\/\\\/ameripharmainfusioncenter.com\\\/#website\",\"url\":\"https:\\\/\\\/ameripharmainfusioncenter.com\\\/\",\"name\":\"AmeriPharma Infusion Center\",\"description\":\"Prescription-based Infusion Center in Orange, CA\",\"publisher\":{\"@id\":\"https:\\\/\\\/ameripharmainfusioncenter.com\\\/#organization\"},\"potentialAction\":[{\"@type\":\"SearchAction\",\"target\":{\"@type\":\"EntryPoint\",\"urlTemplate\":\"https:\\\/\\\/ameripharmainfusioncenter.com\\\/?s={search_term_string}\"},\"query-input\":{\"@type\":\"PropertyValueSpecification\",\"valueRequired\":true,\"valueName\":\"search_term_string\"}}],\"inLanguage\":\"vi\"},{\"@type\":\"Organization\",\"@id\":\"https:\\\/\\\/ameripharmainfusioncenter.com\\\/#organization\",\"name\":\"AmeriPharma Infusion Center\",\"url\":\"https:\\\/\\\/ameripharmainfusioncenter.com\\\/\",\"logo\":{\"@type\":\"ImageObject\",\"inLanguage\":\"vi\",\"@id\":\"https:\\\/\\\/ameripharmainfusioncenter.com\\\/#\\\/schema\\\/logo\\\/image\\\/\",\"url\":\"https:\\\/\\\/ameripharmainfusioncenter.com\\\/wp-content\\\/uploads\\\/2023\\\/02\\\/AmeriPharma-InfusionCenter-logo.png\",\"contentUrl\":\"https:\\\/\\\/ameripharmainfusioncenter.com\\\/wp-content\\\/uploads\\\/2023\\\/02\\\/AmeriPharma-InfusionCenter-logo.png\",\"width\":375,\"height\":60,\"caption\":\"AmeriPharma Infusion Center\"},\"image\":{\"@id\":\"https:\\\/\\\/ameripharmainfusioncenter.com\\\/#\\\/schema\\\/logo\\\/image\\\/\"},\"sameAs\":[\"https:\\\/\\\/www.facebook.com\\\/AmeriPharmaInfusionCenter\\\/\",\"https:\\\/\\\/www.linkedin.com\\\/company\\\/ameripharma\",\"https:\\\/\\\/www.youtube.com\\\/channel\\\/UCdo4qXkWsAwiSz4-f-yz0Aw\"]}]}<\/script>\n<!-- \/ Yoast SEO plugin. -->","yoast_head_json":{"title":"Li\u1ec7u ph\u00e1p truy\u1ec1n d\u1ecbch \u0111i\u1ec1u tr\u1ecb b\u1ec7nh Crohn | Trung t\u00e2m truy\u1ec1n d\u1ecbch AmeriPharma\u00ae","description":"T\u00ecm hi\u1ec3u nguy\u00ean nh\u00e2n g\u00e2y ra vi\u00eam lo\u00e9t \u0111\u1ea1i tr\u00e0ng v\u00e0 b\u1ec7nh Crohn. Kh\u00e1m ph\u00e1 c\u00e1c ph\u01b0\u01a1ng ph\u00e1p \u0111i\u1ec1u tr\u1ecb truy\u1ec1n d\u1ecbch b\u1ec7nh Crohn t\u1ea1i Trung t\u00e2m Truy\u1ec1n d\u1ecbch AmeriPharma\u00ae \u0111\u1ec3 ki\u1ec3m so\u00e1t c\u00e1c b\u1ec7nh l\u00fd n\u00e0y.","robots":{"index":"index","follow":"follow","max-snippet":"max-snippet:-1","max-image-preview":"max-image-preview:large","max-video-preview":"max-video-preview:-1"},"canonical":"https:\/\/ameripharmainfusioncenter.com\/vi\/ulcerative-colitis-and-crohns-infusion-treatment-at-ameripharma-infusion-center\/","og_locale":"vi_VN","og_type":"article","og_title":"Crohn\u2019s Infusion Treatments | AmeriPharma\u00ae Infusion Center","og_description":"Explore the causes of Ulcerative Colitis & Crohn\u2019s disease. Discover Crohn\u2019s infusion treatments at AmeriPharma\u00ae Infusion Center for managing these conditions.","og_url":"https:\/\/ameripharmainfusioncenter.com\/vi\/ulcerative-colitis-and-crohns-infusion-treatment-at-ameripharma-infusion-center\/","og_site_name":"AmeriPharma Infusion Center","article_publisher":"https:\/\/www.facebook.com\/AmeriPharmaInfusionCenter\/","article_modified_time":"2025-12-09T16:04:41+00:00","og_image":[{"width":400,"height":400,"url":"https:\/\/ameripharmainfusioncenter.com\/wp-content\/uploads\/2023\/06\/infusion-center-logo-large-square.png","type":"image\/png"}],"twitter_card":"summary_large_image","twitter_misc":{"\u01af\u1edbc t\u00ednh th\u1eddi gian \u0111\u1ecdc":"3 ph\u00fat"},"schema":{"@context":"https:\/\/schema.org","@graph":[{"@type":"WebPage","@id":"https:\/\/ameripharmainfusioncenter.com\/ulcerative-colitis-and-crohns-infusion-treatment-at-ameripharma-infusion-center\/","url":"https:\/\/ameripharmainfusioncenter.com\/ulcerative-colitis-and-crohns-infusion-treatment-at-ameripharma-infusion-center\/","name":"Li\u1ec7u ph\u00e1p truy\u1ec1n d\u1ecbch \u0111i\u1ec1u tr\u1ecb b\u1ec7nh Crohn | Trung t\u00e2m truy\u1ec1n d\u1ecbch AmeriPharma\u00ae","isPartOf":{"@id":"https:\/\/ameripharmainfusioncenter.com\/#website"},"datePublished":"2023-11-30T23:22:47+00:00","dateModified":"2025-12-09T16:04:41+00:00","description":"T\u00ecm hi\u1ec3u nguy\u00ean nh\u00e2n g\u00e2y ra vi\u00eam lo\u00e9t \u0111\u1ea1i tr\u00e0ng v\u00e0 b\u1ec7nh Crohn. Kh\u00e1m ph\u00e1 c\u00e1c ph\u01b0\u01a1ng ph\u00e1p \u0111i\u1ec1u tr\u1ecb truy\u1ec1n d\u1ecbch b\u1ec7nh Crohn t\u1ea1i Trung t\u00e2m Truy\u1ec1n d\u1ecbch AmeriPharma\u00ae \u0111\u1ec3 ki\u1ec3m so\u00e1t c\u00e1c b\u1ec7nh l\u00fd n\u00e0y.","breadcrumb":{"@id":"https:\/\/ameripharmainfusioncenter.com\/ulcerative-colitis-and-crohns-infusion-treatment-at-ameripharma-infusion-center\/#breadcrumb"},"inLanguage":"vi","potentialAction":[{"@type":"ReadAction","target":["https:\/\/ameripharmainfusioncenter.com\/ulcerative-colitis-and-crohns-infusion-treatment-at-ameripharma-infusion-center\/"]}]},{"@type":"BreadcrumbList","@id":"https:\/\/ameripharmainfusioncenter.com\/ulcerative-colitis-and-crohns-infusion-treatment-at-ameripharma-infusion-center\/#breadcrumb","itemListElement":[{"@type":"ListItem","position":1,"name":"Home","item":"https:\/\/ameripharmainfusioncenter.com\/"},{"@type":"ListItem","position":2,"name":"Ulcerative Colitis and Crohn\u2019s Infusion Treatment at AmeriPharma\u00ae Infusion Center"}]},{"@type":"WebSite","@id":"https:\/\/ameripharmainfusioncenter.com\/#website","url":"https:\/\/ameripharmainfusioncenter.com\/","name":"AmeriPharma Infusion Center","description":"Trung t\u00e2m truy\u1ec1n d\u1ecbch theo toa t\u1ea1i Orange, CA","publisher":{"@id":"https:\/\/ameripharmainfusioncenter.com\/#organization"},"potentialAction":[{"@type":"SearchAction","target":{"@type":"EntryPoint","urlTemplate":"https:\/\/ameripharmainfusioncenter.com\/?s={search_term_string}"},"query-input":{"@type":"PropertyValueSpecification","valueRequired":true,"valueName":"search_term_string"}}],"inLanguage":"vi"},{"@type":"Organization","@id":"https:\/\/ameripharmainfusioncenter.com\/#organization","name":"AmeriPharma Infusion Center","url":"https:\/\/ameripharmainfusioncenter.com\/","logo":{"@type":"ImageObject","inLanguage":"vi","@id":"https:\/\/ameripharmainfusioncenter.com\/#\/schema\/logo\/image\/","url":"https:\/\/ameripharmainfusioncenter.com\/wp-content\/uploads\/2023\/02\/AmeriPharma-InfusionCenter-logo.png","contentUrl":"https:\/\/ameripharmainfusioncenter.com\/wp-content\/uploads\/2023\/02\/AmeriPharma-InfusionCenter-logo.png","width":375,"height":60,"caption":"AmeriPharma Infusion Center"},"image":{"@id":"https:\/\/ameripharmainfusioncenter.com\/#\/schema\/logo\/image\/"},"sameAs":["https:\/\/www.facebook.com\/AmeriPharmaInfusionCenter\/","https:\/\/www.linkedin.com\/company\/ameripharma","https:\/\/www.youtube.com\/channel\/UCdo4qXkWsAwiSz4-f-yz0Aw"]}]}},"uagb_featured_image_src":{"full":false,"thumbnail":false,"medium":false,"medium_large":false,"large":false,"1536x1536":false,"2048x2048":false,"trp-custom-language-flag":false,"block-image-html-large":false,"ct-gallery":false,"ct-section-header":false,"ct-thumb":false,"ct-thumb-large":false,"ct-small":false,"ct-medium":false,"ct-xmedium":false,"ct-large":false},"uagb_author_info":{"display_name":"AmeriPharma Infusion Center Staff","author_link":"https:\/\/ameripharmainfusioncenter.com\/vi\/author\/ameripharma-infusion-center-staff\/"},"uagb_comment_info":0,"uagb_excerpt":"Ulcerative Colitis and Crohn\u2019s Disease: An Overview Ulcerative colitis and crohn\u2019s disease are both chronic inflammatory bowel diseases (IBDs) that can cause significant discomfort and disruption to the lives of those affected.","_links":{"self":[{"href":"https:\/\/ameripharmainfusioncenter.com\/vi\/wp-json\/wp\/v2\/pages\/12217","targetHints":{"allow":["GET"]}}],"collection":[{"href":"https:\/\/ameripharmainfusioncenter.com\/vi\/wp-json\/wp\/v2\/pages"}],"about":[{"href":"https:\/\/ameripharmainfusioncenter.com\/vi\/wp-json\/wp\/v2\/types\/page"}],"author":[{"embeddable":true,"href":"https:\/\/ameripharmainfusioncenter.com\/vi\/wp-json\/wp\/v2\/users\/26"}],"replies":[{"embeddable":true,"href":"https:\/\/ameripharmainfusioncenter.com\/vi\/wp-json\/wp\/v2\/comments?post=12217"}],"version-history":[{"count":0,"href":"https:\/\/ameripharmainfusioncenter.com\/vi\/wp-json\/wp\/v2\/pages\/12217\/revisions"}],"wp:attachment":[{"href":"https:\/\/ameripharmainfusioncenter.com\/vi\/wp-json\/wp\/v2\/media?parent=12217"}],"curies":[{"name":"wp","href":"https:\/\/api.w.org\/{rel}","templated":true}]}}