{"id":12216,"date":"2023-11-30T15:18:22","date_gmt":"2023-11-30T23:18:22","guid":{"rendered":"https:\/\/ameripharmainfusioncenter.com\/?page_id=12216"},"modified":"2025-12-22T12:01:14","modified_gmt":"2025-12-22T20:01:14","slug":"cidp-treatment-with-ivig-and-infusions-ameripharmas-effective-solutions","status":"publish","type":"page","link":"https:\/\/ameripharmainfusioncenter.com\/vi\/cidp-treatment-with-ivig-and-infusions-ameripharmas-effective-solutions\/","title":{"rendered":"\u0110i\u1ec1u tr\u1ecb CIDP b\u1eb1ng IVIG v\u00e0 truy\u1ec1n d\u1ecbch: Gi\u1ea3i ph\u00e1p hi\u1ec7u qu\u1ea3 c\u1ee7a AmeriPharma\u00ae"},"content":{"rendered":"<div class=\"wp-block-columns container cidp-block is-layout-flex wp-container-core-columns-is-layout-9d6595d7 wp-block-columns-is-layout-flex\">\n<div class=\"wp-block-column is-layout-flow wp-block-column-is-layout-flow\">\n<h2 class=\"wp-block-heading has-text-color has-link-color wp-elements-183bfc99e3537019aa5a0f98e16ae646\" style=\"color:#102e61\">Gi\u1edbi thi\u1ec7u v\u1ec1 CIDP<\/h2>\n\n\n\n<p class=\"has-large-font-size\">Vi\u00eam \u0111a d\u00e2y th\u1ea7n kinh m\u1ea5t myelin m\u1ea1n t\u00ednh (CIDP) l\u00e0 m\u1ed9t r\u1ed1i lo\u1ea1n th\u1ea7n kinh hi\u1ebfm g\u1eb7p \u1ea3nh h\u01b0\u1edfng \u0111\u1ebfn c\u00e1c d\u00e2y th\u1ea7n kinh ngo\u1ea1i bi\u00ean, g\u00e2y vi\u00eam m\u1ea1n t\u00ednh v\u00e0 t\u1ed5n th\u01b0\u01a1ng bao myelin, l\u1edbp v\u1ecf b\u1ea3o v\u1ec7 c\u1ee7a c\u00e1c s\u1ee3i th\u1ea7n kinh. T\u1ed5n th\u01b0\u01a1ng n\u00e0y l\u00e0m gi\u00e1n \u0111o\u1ea1n qu\u00e1 tr\u00ecnh truy\u1ec1n t\u00edn hi\u1ec7u th\u1ea7n kinh, d\u1eabn \u0111\u1ebfn nhi\u1ec1u tri\u1ec7u ch\u1ee9ng v\u1eadn \u0111\u1ed9ng v\u00e0 c\u1ea3m gi\u00e1c. CIDP \u0111\u01b0\u1ee3c coi l\u00e0 m\u1ed9t t\u00ecnh tr\u1ea1ng m\u00e3n t\u00ednh, c\u00f3 ngh\u0129a l\u00e0 n\u00f3 c\u00f3 th\u1ec3 k\u00e9o d\u00e0i trong m\u1ed9t th\u1eddi gian d\u00e0i.<\/p>\n\n\n\n<p class=\"has-large-font-size\">Ch\u1ea9n \u0111o\u00e1n s\u1edbm v\u00e0 \u0111i\u1ec1u tr\u1ecb th\u00edch h\u1ee3p c\u00f3 th\u1ec3 c\u1ea3i thi\u1ec7n \u0111\u00e1ng k\u1ec3 k\u1ebft qu\u1ea3 v\u00e0 ch\u1ea5t l\u01b0\u1ee3ng cu\u1ed9c s\u1ed1ng cho nh\u1eefng ng\u01b0\u1eddi b\u1ecb \u1ea3nh h\u01b0\u1edfng.<\/p>\n\n\n\n<h2 class=\"wp-block-heading has-text-color has-link-color wp-elements-113d50f65a2f7762a5bc0bca3cf6e83a\" style=\"color:#102e61\">Nguy\u00ean nh\u00e2n g\u00e2y ra CIDP<\/h2>\n\n\n\n<p class=\"has-large-font-size\">CIDP \u0111\u01b0\u1ee3c coi l\u00e0 m\u1ed9t r\u1ed1i lo\u1ea1n t\u1ef1 mi\u1ec5n d\u1ecbch, v\u00e0 trong khi nguy\u00ean nh\u00e2n ch\u00ednh x\u00e1c c\u1ee7a n\u00f3 v\u1eabn ch\u01b0a r\u00f5 r\u00e0ng, c\u00e1c nh\u00e0 nghi\u00ean c\u1ee9u tin r\u1eb1ng s\u1ef1 k\u1ebft h\u1ee3p gi\u1eefa khuynh h\u01b0\u1edbng di truy\u1ec1n v\u00e0 c\u00e1c y\u1ebfu t\u1ed1 m\u00f4i tr\u01b0\u1eddng g\u00f3p ph\u1ea7n v\u00e0o s\u1ef1 ph\u00e1t tri\u1ec3n c\u1ee7a n\u00f3. L\u00fd thuy\u1ebft ph\u1ed5 bi\u1ebfn cho r\u1eb1ng CIDP \u0111\u01b0\u1ee3c k\u00edch ho\u1ea1t b\u1edfi ph\u1ea3n \u1ee9ng mi\u1ec5n d\u1ecbch b\u1ea5t th\u01b0\u1eddng, trong \u0111\u00f3 h\u1ec7 th\u1ed1ng mi\u1ec5n d\u1ecbch c\u1ee7a c\u01a1 th\u1ec3 nh\u1ea7m l\u1eabn c\u00e1c th\u00e0nh ph\u1ea7n c\u1ee7a h\u1ec7 th\u1ea7n kinh ngo\u1ea1i bi\u00ean, \u0111\u1eb7c bi\u1ec7t l\u00e0 bao myelin, l\u00e0 nh\u1eefng k\u1ebb x\u00e2m l\u01b0\u1ee3c l\u1ea1. \u0110i\u1ec1u n\u00e0y d\u1eabn \u0111\u1ebfn m\u1ed9t qu\u00e1 tr\u00ecnh vi\u00eam m\u00e3n t\u00ednh trong \u0111\u00f3 c\u00e1c t\u1ebf b\u00e0o mi\u1ec5n d\u1ecbch x\u00e2m nh\u1eadp v\u00e0o c\u00e1c d\u00e2y th\u1ea7n kinh ngo\u1ea1i bi\u00ean v\u00e0 t\u1ea5n c\u00f4ng myelin. K\u1ebft qu\u1ea3 l\u00e0, myelin b\u1ecb h\u01b0 h\u1ecfng ho\u1eb7c b\u1ecb ph\u00e1 h\u1ee7y, l\u00e0m gi\u00e1n \u0111o\u1ea1n qu\u00e1 tr\u00ecnh truy\u1ec1n t\u00edn hi\u1ec7u th\u1ea7n kinh b\u00ecnh th\u01b0\u1eddng v\u00e0 g\u00e2y ra c\u00e1c tri\u1ec7u ch\u1ee9ng \u0111\u1eb7c tr\u01b0ng c\u1ee7a CIDP, bao g\u1ed3m y\u1ebfu, t\u00ea, ng\u1ee9a ran v\u00e0 suy gi\u1ea3m ch\u1ee9c n\u0103ng v\u1eadn \u0111\u1ed9ng.<\/p>\n\n\n\n<p class=\"has-large-font-size\">CIDP kh\u00f4ng di truy\u1ec1n, nh\u01b0ng c\u00f3 th\u1ec3 c\u00f3 khuynh h\u01b0\u1edbng di truy\u1ec1n \u0111\u1ed1i v\u1edbi c\u00e1c r\u1ed1i lo\u1ea1n t\u1ef1 mi\u1ec5n d\u1ecbch \u1edf m\u1ed9t s\u1ed1 c\u00e1 nh\u00e2n, khi\u1ebfn h\u1ecd d\u1ec5 m\u1eafc CIDP h\u01a1n. Ngo\u00e0i ra, m\u1ed9t s\u1ed1 y\u1ebfu t\u1ed1 m\u00f4i tr\u01b0\u1eddng nh\u1ea5t \u0111\u1ecbnh, ch\u1eb3ng h\u1ea1n nh\u01b0 nhi\u1ec5m vi-r\u00fat ho\u1eb7c ti\u1ebfp x\u00fac v\u1edbi m\u1ed9t s\u1ed1 \u0111\u1ed9c t\u1ed1, \u0111\u00e3 \u0111\u01b0\u1ee3c cho l\u00e0 c\u00f3 th\u1ec3 k\u00edch ho\u1ea1t ho\u1eb7c l\u00e0m tr\u1ea7m tr\u1ecdng th\u00eam t\u00ecnh tr\u1ea1ng n\u00e0y \u1edf nh\u1eefng c\u00e1 nh\u00e2n d\u1ec5 m\u1eafc b\u1ec7nh. M\u1eb7c d\u00f9 v\u1eabn \u0111ang ti\u1ebfp t\u1ee5c nghi\u00ean c\u1ee9u, c\u00e1c c\u01a1 ch\u1ebf c\u1ee5 th\u1ec3 kh\u1edfi ph\u00e1t v\u00e0 duy tr\u00ec ph\u1ea3n \u1ee9ng t\u1ef1 mi\u1ec5n d\u1ecbch c\u1ee7a CIDP v\u1eabn c\u1ea7n \u0111\u01b0\u1ee3c nghi\u00ean c\u1ee9u th\u00eam \u0111\u1ec3 ph\u00e1t tri\u1ec3n c\u00e1c ph\u01b0\u01a1ng ph\u00e1p \u0111i\u1ec1u tr\u1ecb c\u00f3 m\u1ee5c ti\u00eau h\u01a1n v\u00e0 c\u00e1c bi\u1ec7n ph\u00e1p ph\u00f2ng ng\u1eeba ti\u1ec1m n\u0103ng.<\/p>\n\n\n\n<h2 class=\"wp-block-heading has-text-color has-link-color wp-elements-0315c7a8ba1f02ff34ed3d3b68c5d3ac\" style=\"color:#102e61\">Ph\u01b0\u01a1ng ph\u00e1p \u0111i\u1ec1u tr\u1ecb CIDP \u2013 Truy\u1ec1n IVIG<\/h2>\n\n\n\n<p class=\"has-large-font-size\">M\u1ed9t trong nh\u1eefng tr\u1ee5 c\u1ed9t c\u1ee7a ph\u01b0\u01a1ng ph\u00e1p \u0111i\u1ec1u tr\u1ecb CIDP l\u00e0 s\u1eed d\u1ee5ng truy\u1ec1n t\u0129nh m\u1ea1ch immunoglobulin (IVIG). IVIG c\u00f3 ngu\u1ed3n g\u1ed1c t\u1eeb huy\u1ebft t\u01b0\u01a1ng g\u1ed9p c\u1ee7a h\u00e0ng ng\u00e0n ng\u01b0\u1eddi hi\u1ebfn t\u1eb7ng kh\u1ecfe m\u1ea1nh, ch\u1ee9a n\u1ed3ng \u0111\u1ed9 kh\u00e1ng th\u1ec3 cao. Khi \u0111\u01b0\u1ee3c d\u00f9ng cho b\u1ec7nh nh\u00e2n CIDP, c\u00e1c kh\u00e1ng th\u1ec3 n\u00e0y gi\u00fap \u0111i\u1ec1u ch\u1ec9nh h\u1ec7 th\u1ed1ng mi\u1ec5n d\u1ecbch, gi\u1ea3m vi\u00eam v\u00e0 ng\u0103n ng\u1eeba t\u1ed5n th\u01b0\u01a1ng th\u00eam cho c\u00e1c d\u00e2y th\u1ea7n kinh. C\u00e1c ph\u01b0\u01a1ng ph\u00e1p \u0111i\u1ec1u tr\u1ecb CIDP b\u1eb1ng IVIG cung c\u1ea5p m\u1ed9t ph\u01b0\u01a1ng ti\u1ec7n c\u00f3 m\u1ee5c ti\u00eau v\u00e0 hi\u1ec7u qu\u1ea3 \u0111\u1ec3 ki\u1ec3m so\u00e1t c\u00e1c tri\u1ec7u ch\u1ee9ng, c\u1ea3i thi\u1ec7n ch\u1ee9c n\u0103ng th\u1ea7n kinh v\u00e0 t\u0103ng c\u01b0\u1eddng s\u1ee9c kh\u1ecfe t\u1ed5ng th\u1ec3, gi\u00fap nh\u1eefng ng\u01b0\u1eddi m\u1eafc CIDP c\u00f3 cu\u1ed9c s\u1ed1ng n\u0103ng \u0111\u1ed9ng v\u00e0 tr\u1ecdn v\u1eb9n h\u01a1n.<\/p>\n\n\n\n<h2 class=\"wp-block-heading has-text-color has-link-color wp-elements-f2eb32cb9e77a33a3f67120b3ba46933\" style=\"color:#102e61\">IVIG ho\u1ea1t \u0111\u1ed9ng nh\u01b0 th\u1ebf n\u00e0o \u0111\u1ed1i v\u1edbi CIDP<\/h2>\n\n\n\n<p class=\"has-large-font-size\">Truy\u1ec1n IVIG \u0111\u01b0a m\u1ed9t l\u01b0\u1ee3ng l\u1edbn kh\u00e1ng th\u1ec3 l\u00e0nh m\u1ea1nh v\u00e0o c\u01a1 th\u1ec3, c\u00f3 hi\u1ec7u qu\u1ea3 \u201cthi\u1ebft l\u1eadp l\u1ea1i\u201d h\u1ec7 th\u1ed1ng mi\u1ec5n d\u1ecbch v\u00e0 ng\u0103n ch\u1eb7n s\u1ef1 t\u1ea5n c\u00f4ng c\u1ee7a n\u00f3 v\u00e0o bao myelin, m\u1ed9t th\u00e0nh ph\u1ea7n quan tr\u1ecdng c\u1ee7a s\u1ee3i th\u1ea7n kinh. Qu\u00e1 tr\u00ecnh n\u00e0y kh\u00f4ng ch\u1ec9 gi\u00fap \u1ed5n \u0111\u1ecbnh t\u00ecnh tr\u1ea1ng, l\u00e0m gi\u1ea3m c\u00e1c tri\u1ec7u ch\u1ee9ng v\u00e0 ng\u0103n ng\u1eeba s\u1ef1 ti\u1ebfn tri\u1ec3n c\u1ee7a CIDP m\u00e0 c\u00f2n h\u1ed7 tr\u1ee3 s\u1eeda ch\u1eefa m\u1ed9t s\u1ed1 t\u1ed5n th\u01b0\u01a1ng \u0111\u00e3 x\u1ea3y ra. C\u00e1c ph\u01b0\u01a1ng ph\u00e1p \u0111i\u1ec1u tr\u1ecb CIDP b\u1eb1ng IVIG th\u01b0\u1eddng \u0111\u01b0\u1ee3c th\u1ef1c hi\u1ec7n theo c\u00e1c kho\u1ea3ng th\u1eddi gian \u0111\u1ec1u \u0111\u1eb7n \u0111\u1ec3 duy tr\u00ec hi\u1ec7u qu\u1ea3 \u0111i\u1ec1u tr\u1ecb v\u00e0 cung c\u1ea5p h\u1ed7 tr\u1ee3 nh\u1ea5t qu\u00e1n cho h\u1ec7 th\u1ed1ng mi\u1ec5n d\u1ecbch b\u1ecb t\u1ed5n th\u01b0\u01a1ng. Truy\u1ec1n CIDP, bao g\u1ed3m IVIG, l\u00e0 m\u1ed9t c\u00e1ch ti\u1ebfp c\u1eadn ch\u1ee7 \u0111\u1ed9ng \u0111\u1ec3 ki\u1ec3m so\u00e1t t\u00ecnh tr\u1ea1ng b\u1ec7nh v\u00e0 th\u00fac \u0111\u1ea9y ch\u1ea5t l\u01b0\u1ee3ng cu\u1ed9c s\u1ed1ng t\u1ed1t h\u01a1n cho nh\u1eefng ng\u01b0\u1eddi m\u1eafc ch\u1ee9ng r\u1ed1i lo\u1ea1n th\u1ea7n kinh t\u1ef1 mi\u1ec5n n\u00e0y.<\/p>\n\n\n\n<h2 class=\"wp-block-heading has-text-color has-link-color wp-elements-ea5c145b5d8852d289e5455852fe1f6a\" style=\"color:#102e61\">T\u1ea1i sao n\u00ean ch\u1ecdn Trung t\u00e2m Truy\u1ec1n d\u1ecbch AmeriPharma\u00ae:<\/h2>\n\n\n\n<p class=\"has-large-font-size\">AmeriPharma\u00ae cung c\u1ea5p c\u00e1c gi\u1ea3i ph\u00e1p ti\u00ean ti\u1ebfn cho b\u1ec7nh nh\u00e2n truy\u1ec1n d\u1ecbch CIDP, chuy\u00ean \u0111i\u1ec1u tr\u1ecb CIDP b\u1eb1ng IVIG. C\u00f4ng ngh\u1ec7 ti\u00ean ti\u1ebfn c\u1ee7a ch\u00fang t\u00f4i <a href=\"https:\/\/ameripharmainfusioncenter.com\/vi\/locations\/\">trung t\u00e2m truy\u1ec1n d\u1ecbch<\/a> \u0111\u01b0\u1ee3c trang b\u1ecb c\u00f4ng ngh\u1ec7 hi\u1ec7n \u0111\u1ea1i, \u0111\u1ea3m b\u1ea3o tr\u1ea3i nghi\u1ec7m \u0111i\u1ec1u tr\u1ecb an to\u00e0n v\u00e0 tho\u1ea3i m\u00e1i. \u0110\u1ed9i ng\u0169 c\u1ee7a ch\u00fang t\u00f4i <a href=\"https:\/\/ameripharmainfusioncenter.com\/vi\/healthcare-providers\/\">chuy\u00ean gia ch\u0103m s\u00f3c s\u1ee9c kh\u1ecfe gi\u00e0u kinh nghi\u1ec7m<\/a>, bao g\u1ed3m c\u00e1c y t\u00e1 chuy\u00ean khoa, t\u1eadn t\u00e2m cung c\u1ea5p d\u1ecbch v\u1ee5 ch\u0103m s\u00f3c c\u00e1 nh\u00e2n cho t\u1eebng b\u1ec7nh nh\u00e2n.<\/p>\n\n\n\n<h2 class=\"wp-block-heading has-text-color has-link-color wp-elements-ea663c0a1b3bfe06cc6b9b634499be22\" style=\"color:#102e61\">\u01afu \u0111i\u1ec3m c\u1ee7a Trung t\u00e2m Truy\u1ec1n d\u1ecbch AmeriPharma\u00ae:<\/h2>\n\n\n\n<ul class=\"wp-block-list cidp-list\">\n<li class=\"odd-list-item\">Chuy\u00ean m\u00f4n<\/li>\n\n\n\n<li class=\"even-list-item\">\u0110\u1ed9i ng\u0169 y t\u1ebf c\u1ee7a ch\u00fang t\u00f4i c\u00f3 nhi\u1ec1u kinh nghi\u1ec7m trong vi\u1ec7c qu\u1ea3n l\u00fd<a href=\"https:\/\/ameripharmainfusioncenter.com\/vi\/ivig\/\"> Truy\u1ec1n IVIG<\/a> v\u00e0 qu\u1ea3n l\u00fd b\u1ec7nh nh\u00e2n CIDP, \u0111\u1ea3m b\u1ea3o m\u1ee9c \u0111\u1ed9 ch\u0103m s\u00f3c cao nh\u1ea5t.<\/li>\n\n\n\n<li class=\"odd-list-item\">S\u1ef1 tho\u1ea3i m\u00e1i v\u00e0 ti\u1ec7n l\u1ee3i<\/li>\n\n\n\n<li class=\"even-list-item\">Ch\u00fang t\u00f4i \u01b0u ti\u00ean s\u1ef1 tho\u1ea3i m\u00e1i v\u00e0 ti\u1ec7n l\u1ee3i cho b\u1ec7nh nh\u00e2n, cung c\u1ea5p m\u00f4i tr\u01b0\u1eddng th\u00e2n thi\u1ec7n v\u00e0 l\u1ecbch h\u1eb9n linh ho\u1ea1t.<\/li>\n\n\n\n<li class=\"odd-list-item\">H\u1ed7 tr\u1ee3 to\u00e0n di\u1ec7n<\/li>\n\n\n\n<li class=\"even-list-item\">AmeriPharma\u00ae cung c\u1ea5p h\u1ed7 tr\u1ee3 v\u00e0 gi\u00e1o d\u1ee5c li\u00ean t\u1ee5c cho b\u1ec7nh nh\u00e2n, gi\u00fap h\u1ecd hi\u1ec3u r\u00f5 h\u01a1n v\u00e0 qu\u1ea3n l\u00fd t\u00ecnh tr\u1ea1ng b\u1ec7nh c\u1ee7a m\u00ecnh.<\/li>\n<\/ul>\n<\/div>\n<\/div>\n\n\n\n<div style=\"height:100px\" aria-hidden=\"true\" class=\"wp-block-spacer\"><\/div>","protected":false},"excerpt":{"rendered":"<p>Gi\u1edbi thi\u1ec7u v\u1ec1 CIDP B\u1ec7nh vi\u00eam \u0111a d\u00e2y th\u1ea7n kinh m\u1ea5t myelin m\u00e3n t\u00ednh (CIDP) l\u00e0 m\u1ed9t r\u1ed1i lo\u1ea1n th\u1ea7n kinh hi\u1ebfm g\u1eb7p \u1ea3nh h\u01b0\u1edfng \u0111\u1ebfn c\u00e1c d\u00e2y th\u1ea7n kinh ngo\u1ea1i bi\u00ean, g\u00e2y vi\u00eam m\u00e3n t\u00ednh v\u00e0 t\u1ed5n th\u01b0\u01a1ng bao myelin - l\u1edbp v\u1ecf b\u1ea3o v\u1ec7 c\u00e1c s\u1ee3i th\u1ea7n kinh.<\/p>","protected":false},"author":26,"featured_media":0,"parent":0,"menu_order":0,"comment_status":"closed","ping_status":"closed","template":"","meta":{"_acf_changed":false,"inline_featured_image":false,"_uag_custom_page_level_css":"","footnotes":""},"class_list":["post-12216","page","type-page","status-publish","hentry"],"acf":[],"yoast_head":"<!-- This site is optimized with the Yoast SEO plugin v27.4 - https:\/\/yoast.com\/product\/yoast-seo-wordpress\/ -->\n<title>CIDP Treatment with IVIG | AmeriPharma Infusion Center\u2122<\/title>\n<meta name=\"description\" content=\"Learn about CIDP treatment with IVIG at AmeriPharma Infusion Center\u2122 and how it provides relief for patients. Talk to our specialists about CIDP infusions today.\" \/>\n<meta name=\"robots\" content=\"index, follow, max-snippet:-1, max-image-preview:large, max-video-preview:-1\" \/>\n<link rel=\"canonical\" href=\"https:\/\/ameripharmainfusioncenter.com\/vi\/cidp-treatment-with-ivig-and-infusions-ameripharmas-effective-solutions\/\" \/>\n<meta property=\"og:locale\" content=\"vi_VN\" \/>\n<meta property=\"og:type\" content=\"article\" \/>\n<meta property=\"og:title\" content=\"CIDP Treatment with IVIG | AmeriPharma Infusion Center\u2122\" \/>\n<meta property=\"og:description\" content=\"Learn about CIDP treatment with IVIG at AmeriPharma Infusion Center\u2122 and how it provides relief for patients. Talk to our specialists about CIDP infusions today.\" \/>\n<meta property=\"og:url\" content=\"https:\/\/ameripharmainfusioncenter.com\/vi\/cidp-treatment-with-ivig-and-infusions-ameripharmas-effective-solutions\/\" \/>\n<meta property=\"og:site_name\" content=\"AmeriPharma Infusion Center\" \/>\n<meta property=\"article:publisher\" content=\"https:\/\/www.facebook.com\/AmeriPharmaInfusionCenter\/\" \/>\n<meta property=\"article:modified_time\" content=\"2025-12-22T20:01:14+00:00\" \/>\n<meta property=\"og:image\" content=\"https:\/\/ameripharmainfusioncenter.com\/wp-content\/uploads\/2023\/06\/infusion-center-logo-large-square.png\" \/>\n\t<meta property=\"og:image:width\" content=\"400\" \/>\n\t<meta property=\"og:image:height\" content=\"400\" \/>\n\t<meta property=\"og:image:type\" content=\"image\/png\" \/>\n<meta name=\"twitter:card\" content=\"summary_large_image\" \/>\n<meta name=\"twitter:label1\" content=\"\u01af\u1edbc t\u00ednh th\u1eddi gian \u0111\u1ecdc\" \/>\n\t<meta name=\"twitter:data1\" content=\"3 ph\u00fat\" \/>\n<script type=\"application\/ld+json\" class=\"yoast-schema-graph\">{\"@context\":\"https:\\\/\\\/schema.org\",\"@graph\":[{\"@type\":\"WebPage\",\"@id\":\"https:\\\/\\\/ameripharmainfusioncenter.com\\\/cidp-treatment-with-ivig-and-infusions-ameripharmas-effective-solutions\\\/\",\"url\":\"https:\\\/\\\/ameripharmainfusioncenter.com\\\/cidp-treatment-with-ivig-and-infusions-ameripharmas-effective-solutions\\\/\",\"name\":\"CIDP Treatment with IVIG | AmeriPharma Infusion Center\u2122\",\"isPartOf\":{\"@id\":\"https:\\\/\\\/ameripharmainfusioncenter.com\\\/#website\"},\"datePublished\":\"2023-11-30T23:18:22+00:00\",\"dateModified\":\"2025-12-22T20:01:14+00:00\",\"description\":\"Learn about CIDP treatment with IVIG at AmeriPharma Infusion Center\u2122 and how it provides relief for patients. Talk to our specialists about CIDP infusions today.\",\"breadcrumb\":{\"@id\":\"https:\\\/\\\/ameripharmainfusioncenter.com\\\/cidp-treatment-with-ivig-and-infusions-ameripharmas-effective-solutions\\\/#breadcrumb\"},\"inLanguage\":\"vi\",\"potentialAction\":[{\"@type\":\"ReadAction\",\"target\":[\"https:\\\/\\\/ameripharmainfusioncenter.com\\\/cidp-treatment-with-ivig-and-infusions-ameripharmas-effective-solutions\\\/\"]}]},{\"@type\":\"BreadcrumbList\",\"@id\":\"https:\\\/\\\/ameripharmainfusioncenter.com\\\/cidp-treatment-with-ivig-and-infusions-ameripharmas-effective-solutions\\\/#breadcrumb\",\"itemListElement\":[{\"@type\":\"ListItem\",\"position\":1,\"name\":\"Home\",\"item\":\"https:\\\/\\\/ameripharmainfusioncenter.com\\\/\"},{\"@type\":\"ListItem\",\"position\":2,\"name\":\"CIDP Treatment with IVIG and Infusions: AmeriPharma\u2019s\u00ae Effective Solutions\"}]},{\"@type\":\"WebSite\",\"@id\":\"https:\\\/\\\/ameripharmainfusioncenter.com\\\/#website\",\"url\":\"https:\\\/\\\/ameripharmainfusioncenter.com\\\/\",\"name\":\"AmeriPharma Infusion Center\",\"description\":\"Prescription-based Infusion Center in Orange, CA\",\"publisher\":{\"@id\":\"https:\\\/\\\/ameripharmainfusioncenter.com\\\/#organization\"},\"potentialAction\":[{\"@type\":\"SearchAction\",\"target\":{\"@type\":\"EntryPoint\",\"urlTemplate\":\"https:\\\/\\\/ameripharmainfusioncenter.com\\\/?s={search_term_string}\"},\"query-input\":{\"@type\":\"PropertyValueSpecification\",\"valueRequired\":true,\"valueName\":\"search_term_string\"}}],\"inLanguage\":\"vi\"},{\"@type\":\"Organization\",\"@id\":\"https:\\\/\\\/ameripharmainfusioncenter.com\\\/#organization\",\"name\":\"AmeriPharma Infusion Center\",\"url\":\"https:\\\/\\\/ameripharmainfusioncenter.com\\\/\",\"logo\":{\"@type\":\"ImageObject\",\"inLanguage\":\"vi\",\"@id\":\"https:\\\/\\\/ameripharmainfusioncenter.com\\\/#\\\/schema\\\/logo\\\/image\\\/\",\"url\":\"https:\\\/\\\/ameripharmainfusioncenter.com\\\/wp-content\\\/uploads\\\/2023\\\/02\\\/AmeriPharma-InfusionCenter-logo.png\",\"contentUrl\":\"https:\\\/\\\/ameripharmainfusioncenter.com\\\/wp-content\\\/uploads\\\/2023\\\/02\\\/AmeriPharma-InfusionCenter-logo.png\",\"width\":375,\"height\":60,\"caption\":\"AmeriPharma Infusion Center\"},\"image\":{\"@id\":\"https:\\\/\\\/ameripharmainfusioncenter.com\\\/#\\\/schema\\\/logo\\\/image\\\/\"},\"sameAs\":[\"https:\\\/\\\/www.facebook.com\\\/AmeriPharmaInfusionCenter\\\/\",\"https:\\\/\\\/www.linkedin.com\\\/company\\\/ameripharma\",\"https:\\\/\\\/www.youtube.com\\\/channel\\\/UCdo4qXkWsAwiSz4-f-yz0Aw\"]}]}<\/script>\n<!-- \/ Yoast SEO plugin. -->","yoast_head_json":{"title":"\u0110i\u1ec1u tr\u1ecb CIDP b\u1eb1ng IVIG | AmeriPharma Infusion Center\u2122","description":"T\u00ecm hi\u1ec3u v\u1ec1 ph\u01b0\u01a1ng ph\u00e1p \u0111i\u1ec1u tr\u1ecb CIDP b\u1eb1ng IVIG t\u1ea1i AmeriPharma Infusion Center\u2122 v\u00e0 c\u00e1ch th\u1ee9c n\u00f3 mang l\u1ea1i hi\u1ec7u qu\u1ea3 gi\u1ea3m \u0111au cho b\u1ec7nh nh\u00e2n. H\u00e3y trao \u0111\u1ed5i v\u1edbi c\u00e1c chuy\u00ean gia c\u1ee7a ch\u00fang t\u00f4i v\u1ec1 d\u1ecbch truy\u1ec1n CIDP ngay h\u00f4m nay.","robots":{"index":"index","follow":"follow","max-snippet":"max-snippet:-1","max-image-preview":"max-image-preview:large","max-video-preview":"max-video-preview:-1"},"canonical":"https:\/\/ameripharmainfusioncenter.com\/vi\/cidp-treatment-with-ivig-and-infusions-ameripharmas-effective-solutions\/","og_locale":"vi_VN","og_type":"article","og_title":"CIDP Treatment with IVIG | AmeriPharma Infusion Center\u2122","og_description":"Learn about CIDP treatment with IVIG at AmeriPharma Infusion Center\u2122 and how it provides relief for patients. Talk to our specialists about CIDP infusions today.","og_url":"https:\/\/ameripharmainfusioncenter.com\/vi\/cidp-treatment-with-ivig-and-infusions-ameripharmas-effective-solutions\/","og_site_name":"AmeriPharma Infusion Center","article_publisher":"https:\/\/www.facebook.com\/AmeriPharmaInfusionCenter\/","article_modified_time":"2025-12-22T20:01:14+00:00","og_image":[{"width":400,"height":400,"url":"https:\/\/ameripharmainfusioncenter.com\/wp-content\/uploads\/2023\/06\/infusion-center-logo-large-square.png","type":"image\/png"}],"twitter_card":"summary_large_image","twitter_misc":{"\u01af\u1edbc t\u00ednh th\u1eddi gian \u0111\u1ecdc":"3 ph\u00fat"},"schema":{"@context":"https:\/\/schema.org","@graph":[{"@type":"WebPage","@id":"https:\/\/ameripharmainfusioncenter.com\/cidp-treatment-with-ivig-and-infusions-ameripharmas-effective-solutions\/","url":"https:\/\/ameripharmainfusioncenter.com\/cidp-treatment-with-ivig-and-infusions-ameripharmas-effective-solutions\/","name":"\u0110i\u1ec1u tr\u1ecb CIDP b\u1eb1ng IVIG | AmeriPharma Infusion Center\u2122","isPartOf":{"@id":"https:\/\/ameripharmainfusioncenter.com\/#website"},"datePublished":"2023-11-30T23:18:22+00:00","dateModified":"2025-12-22T20:01:14+00:00","description":"T\u00ecm hi\u1ec3u v\u1ec1 ph\u01b0\u01a1ng ph\u00e1p \u0111i\u1ec1u tr\u1ecb CIDP b\u1eb1ng IVIG t\u1ea1i AmeriPharma Infusion Center\u2122 v\u00e0 c\u00e1ch th\u1ee9c n\u00f3 mang l\u1ea1i hi\u1ec7u qu\u1ea3 gi\u1ea3m \u0111au cho b\u1ec7nh nh\u00e2n. H\u00e3y trao \u0111\u1ed5i v\u1edbi c\u00e1c chuy\u00ean gia c\u1ee7a ch\u00fang t\u00f4i v\u1ec1 d\u1ecbch truy\u1ec1n CIDP ngay h\u00f4m nay.","breadcrumb":{"@id":"https:\/\/ameripharmainfusioncenter.com\/cidp-treatment-with-ivig-and-infusions-ameripharmas-effective-solutions\/#breadcrumb"},"inLanguage":"vi","potentialAction":[{"@type":"ReadAction","target":["https:\/\/ameripharmainfusioncenter.com\/cidp-treatment-with-ivig-and-infusions-ameripharmas-effective-solutions\/"]}]},{"@type":"BreadcrumbList","@id":"https:\/\/ameripharmainfusioncenter.com\/cidp-treatment-with-ivig-and-infusions-ameripharmas-effective-solutions\/#breadcrumb","itemListElement":[{"@type":"ListItem","position":1,"name":"Home","item":"https:\/\/ameripharmainfusioncenter.com\/"},{"@type":"ListItem","position":2,"name":"CIDP Treatment with IVIG and Infusions: AmeriPharma\u2019s\u00ae Effective Solutions"}]},{"@type":"WebSite","@id":"https:\/\/ameripharmainfusioncenter.com\/#website","url":"https:\/\/ameripharmainfusioncenter.com\/","name":"AmeriPharma Infusion Center","description":"Trung t\u00e2m truy\u1ec1n d\u1ecbch theo toa t\u1ea1i Orange, CA","publisher":{"@id":"https:\/\/ameripharmainfusioncenter.com\/#organization"},"potentialAction":[{"@type":"SearchAction","target":{"@type":"EntryPoint","urlTemplate":"https:\/\/ameripharmainfusioncenter.com\/?s={search_term_string}"},"query-input":{"@type":"PropertyValueSpecification","valueRequired":true,"valueName":"search_term_string"}}],"inLanguage":"vi"},{"@type":"Organization","@id":"https:\/\/ameripharmainfusioncenter.com\/#organization","name":"AmeriPharma Infusion Center","url":"https:\/\/ameripharmainfusioncenter.com\/","logo":{"@type":"ImageObject","inLanguage":"vi","@id":"https:\/\/ameripharmainfusioncenter.com\/#\/schema\/logo\/image\/","url":"https:\/\/ameripharmainfusioncenter.com\/wp-content\/uploads\/2023\/02\/AmeriPharma-InfusionCenter-logo.png","contentUrl":"https:\/\/ameripharmainfusioncenter.com\/wp-content\/uploads\/2023\/02\/AmeriPharma-InfusionCenter-logo.png","width":375,"height":60,"caption":"AmeriPharma Infusion Center"},"image":{"@id":"https:\/\/ameripharmainfusioncenter.com\/#\/schema\/logo\/image\/"},"sameAs":["https:\/\/www.facebook.com\/AmeriPharmaInfusionCenter\/","https:\/\/www.linkedin.com\/company\/ameripharma","https:\/\/www.youtube.com\/channel\/UCdo4qXkWsAwiSz4-f-yz0Aw"]}]}},"uagb_featured_image_src":{"full":false,"thumbnail":false,"medium":false,"medium_large":false,"large":false,"1536x1536":false,"2048x2048":false,"trp-custom-language-flag":false,"block-image-html-large":false,"ct-gallery":false,"ct-section-header":false,"ct-thumb":false,"ct-thumb-large":false,"ct-small":false,"ct-medium":false,"ct-xmedium":false,"ct-large":false},"uagb_author_info":{"display_name":"AmeriPharma Infusion Center Staff","author_link":"https:\/\/ameripharmainfusioncenter.com\/vi\/author\/ameripharma-infusion-center-staff\/"},"uagb_comment_info":0,"uagb_excerpt":"Introduction to CIDP Chronic inflammatory demyelinating polyneuropathy (CIDP) is a rare neurological disorder that affects the peripheral nerves, causing chronic inflammation and damage to the myelin sheath which are the protective covering of nerve fibers.","_links":{"self":[{"href":"https:\/\/ameripharmainfusioncenter.com\/vi\/wp-json\/wp\/v2\/pages\/12216","targetHints":{"allow":["GET"]}}],"collection":[{"href":"https:\/\/ameripharmainfusioncenter.com\/vi\/wp-json\/wp\/v2\/pages"}],"about":[{"href":"https:\/\/ameripharmainfusioncenter.com\/vi\/wp-json\/wp\/v2\/types\/page"}],"author":[{"embeddable":true,"href":"https:\/\/ameripharmainfusioncenter.com\/vi\/wp-json\/wp\/v2\/users\/26"}],"replies":[{"embeddable":true,"href":"https:\/\/ameripharmainfusioncenter.com\/vi\/wp-json\/wp\/v2\/comments?post=12216"}],"version-history":[{"count":0,"href":"https:\/\/ameripharmainfusioncenter.com\/vi\/wp-json\/wp\/v2\/pages\/12216\/revisions"}],"wp:attachment":[{"href":"https:\/\/ameripharmainfusioncenter.com\/vi\/wp-json\/wp\/v2\/media?parent=12216"}],"curies":[{"name":"wp","href":"https:\/\/api.w.org\/{rel}","templated":true}]}}