{"id":12214,"date":"2023-11-30T15:02:25","date_gmt":"2023-11-30T23:02:25","guid":{"rendered":"https:\/\/ameripharmainfusioncenter.com\/?page_id=12214"},"modified":"2025-12-09T08:06:51","modified_gmt":"2025-12-09T16:06:51","slug":"common-variable-immunodeficiency-treatment-ameripharma-infusion-center","status":"publish","type":"page","link":"https:\/\/ameripharmainfusioncenter.com\/vi\/common-variable-immunodeficiency-treatment-ameripharma-infusion-center\/","title":{"rendered":"\u0110i\u1ec1u tr\u1ecb suy gi\u1ea3m mi\u1ec5n d\u1ecbch bi\u1ebfn \u0111\u1ed5i ph\u1ed5 bi\u1ebfn | Trung t\u00e2m truy\u1ec1n d\u1ecbch AmeriPharma\u00ae"},"content":{"rendered":"<div class=\"wp-block-columns cvit-block container is-layout-flex wp-container-core-columns-is-layout-9d6595d7 wp-block-columns-is-layout-flex\">\n<div class=\"wp-block-column is-layout-flow wp-block-column-is-layout-flow\">\n<h2 class=\"wp-block-heading has-text-color has-link-color wp-elements-1d9fb702e52f87a37305cf0a2f056a24\" style=\"color:#102e61\">Gi\u1edbi thi\u1ec7u v\u1ec1 b\u1ec7nh suy gi\u1ea3m mi\u1ec5n d\u1ecbch bi\u1ebfn \u0111\u1ed5i ph\u1ed5 bi\u1ebfn (CVID)<\/h2>\n\n\n\n<p class=\"has-large-font-size\">Suy gi\u1ea3m mi\u1ec5n d\u1ecbch bi\u1ebfn thi\u00ean th\u00f4ng th\u01b0\u1eddng (CVID), c\u00f2n \u0111\u01b0\u1ee3c g\u1ecdi l\u00e0 h\u1ea1 gammaglobulin m\u00e1u, l\u00e0 m\u1ed9t r\u1ed1i lo\u1ea1n h\u1ec7 th\u1ed1ng mi\u1ec5n d\u1ecbch hi\u1ebfm g\u1eb7p \u0111\u1eb7c tr\u01b0ng b\u1edfi t\u00ecnh tr\u1ea1ng thi\u1ebfu h\u1ee5t kh\u00e1ng th\u1ec3 (globulin mi\u1ec5n d\u1ecbch). C\u00e1c kh\u00e1ng th\u1ec3 n\u00e0y \u0111\u00f3ng vai tr\u00f2 quan tr\u1ecdng trong vi\u1ec7c b\u1ea3o v\u1ec7 c\u01a1 th\u1ec3 ch\u1ed1ng l\u1ea1i c\u00e1c b\u1ec7nh nhi\u1ec5m tr\u00f9ng do vi khu\u1ea9n, vi-r\u00fat v\u00e0 c\u00e1c t\u00e1c nh\u00e2n g\u00e2y b\u1ec7nh c\u00f3 h\u1ea1i kh\u00e1c g\u00e2y ra. \u1ede nh\u1eefng ng\u01b0\u1eddi m\u1eafc CVID, h\u1ec7 th\u1ed1ng mi\u1ec5n d\u1ecbch kh\u00f4ng s\u1ea3n xu\u1ea5t \u0111\u1ee7 l\u01b0\u1ee3ng globulin mi\u1ec5n d\u1ecbch, khi\u1ebfn h\u1ecd d\u1ec5 b\u1ecb nhi\u1ec5m tr\u00f9ng t\u00e1i ph\u00e1t v\u00e0 nghi\u00eam tr\u1ecdng h\u01a1n.<\/p>\n\n\n\n<h2 class=\"wp-block-heading has-text-color has-link-color wp-elements-9350ab0643121ebba0e7381bca85ace2\" style=\"color:#102e61\">Nguy\u00ean nh\u00e2n g\u00e2y ra CVID<\/h2>\n\n\n\n<p class=\"has-large-font-size\">Nguy\u00ean nh\u00e2n ch\u00ednh x\u00e1c c\u1ee7a CVID v\u1eabn ch\u01b0a \u0111\u01b0\u1ee3c bi\u1ebft r\u00f5. Ng\u01b0\u1eddi ta tin r\u1eb1ng n\u00f3 ch\u1ee7 y\u1ebfu l\u00e0 m\u1ed9t t\u00ecnh tr\u1ea1ng di truy\u1ec1n v\u00e0 m\u1eb7c d\u00f9 n\u00f3 c\u00f3 th\u1ec3 di truy\u1ec1n trong gia \u0111\u00ecnh \u1edf kho\u1ea3ng 10% tr\u01b0\u1eddng h\u1ee3p, nh\u01b0ng n\u00f3 th\u01b0\u1eddng x\u1ea3y ra l\u1ebb t\u1ebb m\u00e0 kh\u00f4ng c\u00f3 ti\u1ec1n s\u1eed gia \u0111\u00ecnh. C\u00e1c nh\u00e0 nghi\u00ean c\u1ee9u \u0111\u00e3 x\u00e1c \u0111\u1ecbnh \u0111\u01b0\u1ee3c nhi\u1ec1u \u0111\u1ed9t bi\u1ebfn di truy\u1ec1n kh\u00e1c nhau c\u00f3 th\u1ec3 g\u00f3p ph\u1ea7n v\u00e0o s\u1ef1 ph\u00e1t tri\u1ec3n c\u1ee7a CVID, \u1ea3nh h\u01b0\u1edfng \u0111\u1ebfn ho\u1ea1t \u0111\u1ed9ng b\u00ecnh th\u01b0\u1eddng c\u1ee7a h\u1ec7 th\u1ed1ng mi\u1ec5n d\u1ecbch v\u00e0 d\u1eabn \u0111\u1ebfn gi\u1ea3m s\u1ea3n xu\u1ea5t immunoglobulin.<\/p>\n\n\n\n<h2 class=\"wp-block-heading has-text-color has-link-color wp-elements-29f3f48cd753d3df4860611a7a7f279c\" style=\"color:#102e61\">\u0110i\u1ec1u tr\u1ecb b\u1ec7nh suy gi\u1ea3m mi\u1ec5n d\u1ecbch bi\u1ebfn \u0111\u1ed5i th\u00f4ng th\u01b0\u1eddng<\/h2>\n\n\n\n<p class=\"has-large-font-size\">Qu\u1ea3n l\u00fd CVID li\u00ean quan \u0111\u1ebfn vi\u1ec7c thay th\u1ebf th\u01b0\u1eddng xuy\u00ean c\u00e1c globulin mi\u1ec5n d\u1ecbch b\u1ecb thi\u1ebfu th\u00f4ng qua li\u1ec7u ph\u00e1p immunoglobulin ti\u00eam t\u0129nh m\u1ea1ch (IVIG). IVIG c\u00f3 ngu\u1ed3n g\u1ed1c t\u1eeb huy\u1ebft t\u01b0\u01a1ng ng\u01b0\u1eddi ch\u1ee9a nhi\u1ec1u lo\u1ea1i kh\u00e1ng th\u1ec3, cung c\u1ea5p cho b\u1ec7nh nh\u00e2n kh\u1ea3 n\u0103ng ph\u00f2ng v\u1ec7 mi\u1ec5n d\u1ecbch c\u1ea7n thi\u1ebft m\u00e0 h\u1ecd thi\u1ebfu.<\/p>\n\n\n\n<h2 class=\"wp-block-heading has-text-color has-link-color wp-elements-b9014b8dc1674e8c851ded01e0d30019\" style=\"color:#102e61\">IVIG ho\u1ea1t \u0111\u1ed9ng nh\u01b0 th\u1ebf n\u00e0o v\u00e0 l\u1ee3i \u00edch c\u1ee7a n\u00f3<\/h2>\n\n\n\n<p class=\"has-large-font-size\">C\u00e1c ph\u01b0\u01a1ng ph\u00e1p \u0111i\u1ec1u tr\u1ecb suy gi\u1ea3m mi\u1ec5n d\u1ecbch bi\u1ebfn \u0111\u1ed5i ph\u1ed5 bi\u1ebfn truy\u1ec1n tr\u1ef1c ti\u1ebfp immunoglobulin v\u00e0o m\u00e1u c\u1ee7a b\u1ec7nh nh\u00e2n, cho ph\u00e9p kh\u00e1ng th\u1ec3 ti\u1ebfp c\u1eadn c\u00e1c m\u00f4 v\u00e0 ch\u1ed1ng l\u1ea1i nhi\u1ec5m tr\u00f9ng hi\u1ec7u qu\u1ea3. Ph\u01b0\u01a1ng ph\u00e1p \u0111i\u1ec1u tr\u1ecb th\u01b0\u1eddng \u0111\u01b0\u1ee3c th\u1ef1c hi\u1ec7n sau m\u1ed7i v\u00e0i tu\u1ea7n v\u00e0 t\u1ea7n su\u1ea5t c\u00f3 th\u1ec3 thay \u0111\u1ed5i t\u00f9y thu\u1ed9c v\u00e0o nhu c\u1ea7u c\u1ee5 th\u1ec3 c\u1ee7a b\u1ec7nh nh\u00e2n v\u00e0 ph\u1ea3n \u1ee9ng v\u1edbi li\u1ec7u ph\u00e1p.<\/p>\n\n\n\n<p class=\"has-large-font-size\">Li\u1ec7u ph\u00e1p IVIG mang l\u1ea1i m\u1ed9t s\u1ed1 l\u1ee3i \u00edch, bao g\u1ed3m:<\/p>\n\n\n\n<ul class=\"wp-block-list\">\n<li class=\"uccit-list-item\" style=\"font-size:28px\"><strong>Ph\u00f2ng ng\u1eeba nhi\u1ec5m tr\u00f9ng<\/strong><\/li>\n<\/ul>\n\n\n\n<p class=\"uccit-padding-left has-large-font-size\">B\u1eb1ng c\u00e1ch b\u1ed5 sung l\u01b0\u1ee3ng globulin mi\u1ec5n d\u1ecbch b\u1ecb thi\u1ebfu h\u1ee5t, IVIG gi\u00fap t\u0103ng c\u01b0\u1eddng h\u1ec7 th\u1ed1ng mi\u1ec5n d\u1ecbch v\u00e0 gi\u1ea3m nguy c\u01a1 nhi\u1ec5m tr\u00f9ng n\u1eb7ng v\u00e0 t\u00e1i ph\u00e1t.<\/p>\n\n\n\n<ul class=\"wp-block-list\">\n<li class=\"uccit-list-item\" style=\"font-size:28px\"><strong>Ch\u1ea5t l\u01b0\u1ee3ng cu\u1ed9c s\u1ed1ng \u0111\u01b0\u1ee3c c\u1ea3i thi\u1ec7n<\/strong><\/li>\n<\/ul>\n\n\n\n<p class=\"uccit-padding-left has-large-font-size\">V\u1edbi vi\u1ec7c gi\u1ea3m thi\u1ec3u nhi\u1ec5m tr\u00f9ng v\u00e0 bi\u1ebfn ch\u1ee9ng, b\u1ec7nh nh\u00e2n th\u01b0\u1eddng c\u00f3 ch\u1ea5t l\u01b0\u1ee3ng cu\u1ed9c s\u1ed1ng \u0111\u01b0\u1ee3c c\u1ea3i thi\u1ec7n v\u00e0 \u00edt ph\u1ea3i nh\u1eadp vi\u1ec7n h\u01a1n.<\/p>\n\n\n\n<ul class=\"wp-block-list\">\n<li class=\"uccit-list-item\" style=\"font-size:28px\"><strong>Qu\u1ea3n l\u00fd d\u00e0i h\u1ea1n<\/strong><\/li>\n<\/ul>\n\n\n\n<p class=\"uccit-padding-left has-large-font-size\">Li\u1ec7u ph\u00e1p IVIG \u0111i\u1ec1u tr\u1ecb suy gi\u1ea3m mi\u1ec5n d\u1ecbch bi\u1ebfn \u0111\u1ed5i th\u00f4ng th\u01b0\u1eddng l\u00e0 m\u1ed9t chi\u1ebfn l\u01b0\u1ee3c qu\u1ea3n l\u00fd d\u00e0i h\u1ea1n, gi\u00fap b\u1ec7nh nh\u00e2n c\u00f3 cu\u1ed9c s\u1ed1ng b\u00ecnh th\u01b0\u1eddng v\u00e0 kh\u1ecfe m\u1ea1nh h\u01a1n b\u1ea5t ch\u1ea5p t\u00ecnh tr\u1ea1ng b\u1ec7nh c\u1ee7a h\u1ecd.<\/p>\n\n\n\n<ul class=\"wp-block-list\">\n<li class=\"uccit-list-item\" style=\"font-size:28px\"><strong>Gi\u1ea3m thi\u1ec3u t\u00e1c d\u1ee5ng ph\u1ee5<\/strong><\/li>\n<\/ul>\n\n\n\n<p class=\"uccit-padding-left has-large-font-size\">IVIG th\u01b0\u1eddng \u0111\u01b0\u1ee3c dung n\u1ea1p t\u1ed1t v\u00e0 m\u1ecdi t\u00e1c d\u1ee5ng ph\u1ee5 th\u01b0\u1eddng nh\u1eb9 v\u00e0 tho\u00e1ng qua.<\/p>\n\n\n\n<h2 class=\"wp-block-heading has-text-color has-link-color wp-elements-fb9b70f5e9ef794009d14577d2ea773c\" style=\"color:#102e61\">T\u1ea1i sao n\u00ean ch\u1ecdn Trung t\u00e2m truy\u1ec1n d\u1ecbch AmeriPharma\u00ae?<\/h2>\n\n\n\n<p class=\"has-large-font-size\">Trung t\u00e2m Truy\u1ec1n d\u1ecbch AmeriPharma\u00ae l\u00e0 nh\u00e0 cung c\u1ea5p h\u00e0ng \u0111\u1ea7u c\u00e1c li\u1ec7u ph\u00e1p truy\u1ec1n d\u1ecbch chuy\u00ean bi\u1ec7t, bao g\u1ed3m \u0111i\u1ec1u tr\u1ecb b\u1eb1ng IVIG cho b\u1ec7nh nh\u00e2n suy gi\u1ea3m mi\u1ec5n d\u1ecbch bi\u1ebfn thi\u00ean th\u00f4ng th\u01b0\u1eddng. D\u01b0\u1edbi \u0111\u00e2y l\u00e0 l\u00fd do t\u1ea1i sao b\u1ec7nh nh\u00e2n v\u00e0 nh\u00e0 cung c\u1ea5p d\u1ecbch v\u1ee5 ch\u0103m s\u00f3c s\u1ee9c kh\u1ecfe l\u1ef1a ch\u1ecdn AmeriPharma\u00ae:<\/p>\n\n\n\n<ul class=\"wp-block-list\">\n<li class=\"uccit-list-item\" style=\"font-size:28px\"><strong>Chuy\u00ean m\u00f4n<\/strong><\/li>\n<\/ul>\n\n\n\n<p class=\"uccit-padding-left has-large-font-size\">\u0110\u1ed9i ng\u0169 chuy\u00ean gia y t\u1ebf gi\u00e0u kinh nghi\u1ec7m c\u1ee7a trung t\u00e2m chuy\u00ean v\u1ec1 b\u1ec7nh suy gi\u1ea3m mi\u1ec5n d\u1ecbch bi\u1ebfn \u0111\u1ed5i th\u00f4ng th\u01b0\u1eddng <a href=\"https:\/\/ameripharmainfusioncenter.com\/vi\/ivig\/\">Li\u1ec7u ph\u00e1p IVIG<\/a>, \u0111\u1ea3m b\u1ea3o vi\u1ec7c th\u1ef1c hi\u1ec7n t\u1ea5t c\u1ea3 c\u00e1c ph\u01b0\u01a1ng ph\u00e1p \u0111i\u1ec1u tr\u1ecb c\u1ee7a ch\u00fang t\u00f4i m\u1ed9t c\u00e1ch an to\u00e0n v\u00e0 hi\u1ec7u qu\u1ea3.<\/p>\n\n\n\n<ul class=\"wp-block-list\">\n<li class=\"uccit-list-item\" style=\"font-size:28px\"><strong>Ph\u00f2ng truy\u1ec1n d\u1ecbch tho\u1ea3i m\u00e1i<\/strong><\/li>\n<\/ul>\n\n\n\n<p class=\"uccit-padding-left has-large-font-size\">AmeriPharma\u00ae cung c\u1ea5p ph\u00f2ng truy\u1ec1n d\u1ecbch hi\u1ec7n \u0111\u1ea1i, \u0111\u01b0\u1ee3c trang b\u1ecb \u0111\u1ea7y \u0111\u1ee7, \u0111\u01b0\u1ee3c thi\u1ebft k\u1ebf \u0111\u1ec3 b\u1ec7nh nh\u00e2n c\u1ea3m th\u1ea5y tho\u1ea3i m\u00e1i trong su\u1ed1t qu\u00e1 tr\u00ecnh \u0111i\u1ec1u tr\u1ecb.<\/p>\n\n\n\n<ul class=\"wp-block-list\">\n<li class=\"uccit-list-item\" style=\"font-size:28px\"><strong>Ch\u0103m s\u00f3c c\u00e1 nh\u00e2n<\/strong><\/li>\n<\/ul>\n\n\n\n<p class=\"uccit-padding-left has-large-font-size\">K\u1ebf ho\u1ea1ch \u0111i\u1ec1u tr\u1ecb c\u1ee7a m\u1ed7i b\u1ec7nh nh\u00e2n \u0111\u01b0\u1ee3c thi\u1ebft k\u1ebf ri\u00eang theo nhu c\u1ea7u ri\u00eang c\u1ee7a h\u1ecd v\u00e0 nh\u00f3m chuy\u00ean gia s\u1ebd theo d\u00f5i ch\u1eb7t ch\u1ebd ti\u1ebfn tr\u00ecnh \u0111i\u1ec1u tr\u1ecb v\u00e0 \u0111i\u1ec1u ch\u1ec9nh li\u1ec7u ph\u00e1p khi c\u1ea7n thi\u1ebft.<\/p>\n\n\n\n<ul class=\"wp-block-list\">\n<li class=\"uccit-list-item\" style=\"font-size:28px\"><strong>H\u1ed7 tr\u1ee3 to\u00e0n di\u1ec7n<\/strong><\/li>\n<\/ul>\n\n\n\n<p class=\"uccit-padding-left has-large-font-size\">\u0110\u1ed9i ng\u0169 nh\u00e2n vi\u00ean t\u1eadn t\u00e2m t\u1ea1i AmeriPharma\u00ae cung c\u1ea5p h\u1ed7 tr\u1ee3 to\u00e0n di\u1ec7n, gi\u1ea3i \u0111\u00e1p th\u1eafc m\u1eafc, gi\u1ea3i quy\u1ebft m\u1ed1i quan t\u00e2m v\u00e0 \u0111\u1ea3m b\u1ea3o tr\u1ea3i nghi\u1ec7m \u0111i\u1ec1u tr\u1ecb t\u00edch c\u1ef1c.<\/p>\n\n\n\n<ul class=\"wp-block-list\">\n<li class=\"uccit-list-item\" style=\"font-size:28px\"><strong>S\u1ef1 ti\u1ec7n l\u1ee3i<\/strong><\/li>\n<\/ul>\n\n\n\n<p class=\"uccit-padding-left has-large-font-size\">V\u1edbi nhi\u1ec1u \u0111\u1ecba \u0111i\u1ec3m, l\u1ecbch tr\u00ecnh linh ho\u1ea1t v\u00e0 c\u00e1c t\u00f9y ch\u1ecdn truy\u1ec1n d\u1ecbch t\u1ea1i nh\u00e0, AmeriPharma\u00ae \u01b0u ti\u00ean s\u1ef1 ti\u1ec7n l\u1ee3i v\u00e0 kh\u1ea3 n\u0103ng ti\u1ebfp c\u1eadn cho b\u1ec7nh nh\u00e2n.<\/p>\n\n\n\n<p class=\"has-large-font-size\">Li\u1ec7u ph\u00e1p IVIG \u0111i\u1ec1u tr\u1ecb suy gi\u1ea3m mi\u1ec5n d\u1ecbch bi\u1ebfn \u0111\u1ed5i th\u00f4ng th\u01b0\u1eddng l\u00e0 gi\u1ea3i ph\u00e1p hi\u1ec7u qu\u1ea3 gi\u00fap ki\u1ec3m so\u00e1t t\u00ecnh tr\u1ea1ng kh\u00f3 kh\u0103n n\u00e0y. Trung t\u00e2m truy\u1ec1n d\u1ecbch AmeriPharma\u00ae cung c\u1ea5p m\u00f4i tr\u01b0\u1eddng h\u1ed7 tr\u1ee3 v\u00e0 chuy\u00ean bi\u1ec7t cho nh\u1eefng ng\u01b0\u1eddi \u0111ang \u0111i\u1ec1u tr\u1ecb suy gi\u1ea3m mi\u1ec5n d\u1ecbch bi\u1ebfn \u0111\u1ed5i th\u00f4ng th\u01b0\u1eddng, \u0111\u1ea3m b\u1ea3o k\u1ebft qu\u1ea3 t\u1ed1t nh\u1ea5t c\u00f3 th\u1ec3 v\u00e0 c\u1ea3i thi\u1ec7n ch\u1ea5t l\u01b0\u1ee3ng cu\u1ed9c s\u1ed1ng cho b\u1ec7nh nh\u00e2n CVID.<\/p>\n\n\n\n<div style=\"height:100px\" aria-hidden=\"true\" class=\"wp-block-spacer\"><\/div>\n\n\n\n<p class=\"has-large-font-size\"><\/p>\n\n\n\n<p class=\"has-large-font-size\"><\/p>\n<\/div>\n<\/div>","protected":false},"excerpt":{"rendered":"<p>Gi\u1edbi thi\u1ec7u v\u1ec1 H\u1ed9i ch\u1ee9ng suy gi\u1ea3m mi\u1ec5n d\u1ecbch bi\u1ebfn \u0111\u1ed5i ph\u1ed5 bi\u1ebfn (CVID) H\u1ed9i ch\u1ee9ng suy gi\u1ea3m mi\u1ec5n d\u1ecbch bi\u1ebfn \u0111\u1ed5i ph\u1ed5 bi\u1ebfn (CVID), c\u00f2n \u0111\u01b0\u1ee3c g\u1ecdi l\u00e0 h\u1ea1 gammaglobulin m\u00e1u, l\u00e0 m\u1ed9t r\u1ed1i lo\u1ea1n h\u1ec7 mi\u1ec5n d\u1ecbch hi\u1ebfm g\u1eb7p, \u0111\u1eb7c tr\u01b0ng b\u1edfi s\u1ef1 thi\u1ebfu h\u1ee5t kh\u00e1ng th\u1ec3 (globulin mi\u1ec5n d\u1ecbch). C\u00e1c kh\u00e1ng th\u1ec3 n\u00e0y \u0111\u00f3ng vai tr\u00f2 quan tr\u1ecdng trong vi\u1ec7c b\u1ea3o v\u1ec7 c\u01a1 th\u1ec3 ch\u1ed1ng l\u1ea1i c\u00e1c b\u1ec7nh nhi\u1ec5m tr\u00f9ng do vi khu\u1ea9n, vi-r\u00fat v\u00e0 c\u00e1c t\u00e1c nh\u00e2n g\u00e2y h\u1ea1i kh\u00e1c g\u00e2y ra.<\/p>","protected":false},"author":26,"featured_media":0,"parent":0,"menu_order":0,"comment_status":"closed","ping_status":"closed","template":"","meta":{"_acf_changed":false,"inline_featured_image":false,"_uag_custom_page_level_css":"","footnotes":""},"class_list":["post-12214","page","type-page","status-publish","hentry"],"acf":[],"yoast_head":"<!-- This site is optimized with the Yoast SEO plugin v27.4 - https:\/\/yoast.com\/product\/yoast-seo-wordpress\/ -->\n<title>Common Variable Immunodeficiency Treatment | AmeriPharma\u2122<\/title>\n<meta name=\"description\" content=\"Discover effective treatments for common variable immunodeficiency at AmeriPharma Infusion Center\u2122. Learn about IVIG infusion therapy and its many benefits.\" \/>\n<meta name=\"robots\" content=\"index, follow, max-snippet:-1, max-image-preview:large, max-video-preview:-1\" \/>\n<link rel=\"canonical\" href=\"https:\/\/ameripharmainfusioncenter.com\/vi\/common-variable-immunodeficiency-treatment-ameripharma-infusion-center\/\" \/>\n<meta property=\"og:locale\" content=\"vi_VN\" \/>\n<meta property=\"og:type\" content=\"article\" \/>\n<meta property=\"og:title\" content=\"Common Variable Immunodeficiency Treatment | AmeriPharma\u2122\" \/>\n<meta property=\"og:description\" content=\"Discover effective treatments for common variable immunodeficiency at AmeriPharma Infusion Center\u2122. Learn about IVIG infusion therapy and its many benefits.\" \/>\n<meta property=\"og:url\" content=\"https:\/\/ameripharmainfusioncenter.com\/vi\/common-variable-immunodeficiency-treatment-ameripharma-infusion-center\/\" \/>\n<meta property=\"og:site_name\" content=\"AmeriPharma Infusion Center\" \/>\n<meta property=\"article:publisher\" content=\"https:\/\/www.facebook.com\/AmeriPharmaInfusionCenter\/\" \/>\n<meta property=\"article:modified_time\" content=\"2025-12-09T16:06:51+00:00\" \/>\n<meta property=\"og:image\" content=\"https:\/\/ameripharmainfusioncenter.com\/wp-content\/uploads\/2023\/06\/infusion-center-logo-large-square.png\" \/>\n\t<meta property=\"og:image:width\" content=\"400\" \/>\n\t<meta property=\"og:image:height\" content=\"400\" \/>\n\t<meta property=\"og:image:type\" content=\"image\/png\" \/>\n<meta name=\"twitter:card\" content=\"summary_large_image\" \/>\n<meta name=\"twitter:label1\" content=\"\u01af\u1edbc t\u00ednh th\u1eddi gian \u0111\u1ecdc\" \/>\n\t<meta name=\"twitter:data1\" content=\"3 ph\u00fat\" \/>\n<script type=\"application\/ld+json\" class=\"yoast-schema-graph\">{\"@context\":\"https:\\\/\\\/schema.org\",\"@graph\":[{\"@type\":\"WebPage\",\"@id\":\"https:\\\/\\\/ameripharmainfusioncenter.com\\\/common-variable-immunodeficiency-treatment-ameripharma-infusion-center\\\/\",\"url\":\"https:\\\/\\\/ameripharmainfusioncenter.com\\\/common-variable-immunodeficiency-treatment-ameripharma-infusion-center\\\/\",\"name\":\"Common Variable Immunodeficiency Treatment | AmeriPharma\u2122\",\"isPartOf\":{\"@id\":\"https:\\\/\\\/ameripharmainfusioncenter.com\\\/#website\"},\"datePublished\":\"2023-11-30T23:02:25+00:00\",\"dateModified\":\"2025-12-09T16:06:51+00:00\",\"description\":\"Discover effective treatments for common variable immunodeficiency at AmeriPharma Infusion Center\u2122. Learn about IVIG infusion therapy and its many benefits.\",\"breadcrumb\":{\"@id\":\"https:\\\/\\\/ameripharmainfusioncenter.com\\\/common-variable-immunodeficiency-treatment-ameripharma-infusion-center\\\/#breadcrumb\"},\"inLanguage\":\"vi\",\"potentialAction\":[{\"@type\":\"ReadAction\",\"target\":[\"https:\\\/\\\/ameripharmainfusioncenter.com\\\/common-variable-immunodeficiency-treatment-ameripharma-infusion-center\\\/\"]}]},{\"@type\":\"BreadcrumbList\",\"@id\":\"https:\\\/\\\/ameripharmainfusioncenter.com\\\/common-variable-immunodeficiency-treatment-ameripharma-infusion-center\\\/#breadcrumb\",\"itemListElement\":[{\"@type\":\"ListItem\",\"position\":1,\"name\":\"Home\",\"item\":\"https:\\\/\\\/ameripharmainfusioncenter.com\\\/\"},{\"@type\":\"ListItem\",\"position\":2,\"name\":\"Common Variable Immunodeficiency Treatment | AmeriPharma\u00ae Infusion Center\"}]},{\"@type\":\"WebSite\",\"@id\":\"https:\\\/\\\/ameripharmainfusioncenter.com\\\/#website\",\"url\":\"https:\\\/\\\/ameripharmainfusioncenter.com\\\/\",\"name\":\"AmeriPharma Infusion Center\",\"description\":\"Prescription-based Infusion Center in Orange, CA\",\"publisher\":{\"@id\":\"https:\\\/\\\/ameripharmainfusioncenter.com\\\/#organization\"},\"potentialAction\":[{\"@type\":\"SearchAction\",\"target\":{\"@type\":\"EntryPoint\",\"urlTemplate\":\"https:\\\/\\\/ameripharmainfusioncenter.com\\\/?s={search_term_string}\"},\"query-input\":{\"@type\":\"PropertyValueSpecification\",\"valueRequired\":true,\"valueName\":\"search_term_string\"}}],\"inLanguage\":\"vi\"},{\"@type\":\"Organization\",\"@id\":\"https:\\\/\\\/ameripharmainfusioncenter.com\\\/#organization\",\"name\":\"AmeriPharma Infusion Center\",\"url\":\"https:\\\/\\\/ameripharmainfusioncenter.com\\\/\",\"logo\":{\"@type\":\"ImageObject\",\"inLanguage\":\"vi\",\"@id\":\"https:\\\/\\\/ameripharmainfusioncenter.com\\\/#\\\/schema\\\/logo\\\/image\\\/\",\"url\":\"https:\\\/\\\/ameripharmainfusioncenter.com\\\/wp-content\\\/uploads\\\/2023\\\/02\\\/AmeriPharma-InfusionCenter-logo.png\",\"contentUrl\":\"https:\\\/\\\/ameripharmainfusioncenter.com\\\/wp-content\\\/uploads\\\/2023\\\/02\\\/AmeriPharma-InfusionCenter-logo.png\",\"width\":375,\"height\":60,\"caption\":\"AmeriPharma Infusion Center\"},\"image\":{\"@id\":\"https:\\\/\\\/ameripharmainfusioncenter.com\\\/#\\\/schema\\\/logo\\\/image\\\/\"},\"sameAs\":[\"https:\\\/\\\/www.facebook.com\\\/AmeriPharmaInfusionCenter\\\/\",\"https:\\\/\\\/www.linkedin.com\\\/company\\\/ameripharma\",\"https:\\\/\\\/www.youtube.com\\\/channel\\\/UCdo4qXkWsAwiSz4-f-yz0Aw\"]}]}<\/script>\n<!-- \/ Yoast SEO plugin. -->","yoast_head_json":{"title":"\u0110i\u1ec1u tr\u1ecb suy gi\u1ea3m mi\u1ec5n d\u1ecbch bi\u1ebfn \u0111\u1ed5i ph\u1ed5 bi\u1ebfn | AmeriPharma\u2122","description":"Kh\u00e1m ph\u00e1 c\u00e1c ph\u01b0\u01a1ng ph\u00e1p \u0111i\u1ec1u tr\u1ecb hi\u1ec7u qu\u1ea3 cho b\u1ec7nh suy gi\u1ea3m mi\u1ec5n d\u1ecbch bi\u1ebfn thi\u00ean th\u00f4ng th\u01b0\u1eddng t\u1ea1i AmeriPharma Infusion Center\u2122. T\u00ecm hi\u1ec3u v\u1ec1 li\u1ec7u ph\u00e1p truy\u1ec1n IVIG v\u00e0 nhi\u1ec1u l\u1ee3i \u00edch c\u1ee7a n\u00f3.","robots":{"index":"index","follow":"follow","max-snippet":"max-snippet:-1","max-image-preview":"max-image-preview:large","max-video-preview":"max-video-preview:-1"},"canonical":"https:\/\/ameripharmainfusioncenter.com\/vi\/common-variable-immunodeficiency-treatment-ameripharma-infusion-center\/","og_locale":"vi_VN","og_type":"article","og_title":"Common Variable Immunodeficiency Treatment | AmeriPharma\u2122","og_description":"Discover effective treatments for common variable immunodeficiency at AmeriPharma Infusion Center\u2122. Learn about IVIG infusion therapy and its many benefits.","og_url":"https:\/\/ameripharmainfusioncenter.com\/vi\/common-variable-immunodeficiency-treatment-ameripharma-infusion-center\/","og_site_name":"AmeriPharma Infusion Center","article_publisher":"https:\/\/www.facebook.com\/AmeriPharmaInfusionCenter\/","article_modified_time":"2025-12-09T16:06:51+00:00","og_image":[{"width":400,"height":400,"url":"https:\/\/ameripharmainfusioncenter.com\/wp-content\/uploads\/2023\/06\/infusion-center-logo-large-square.png","type":"image\/png"}],"twitter_card":"summary_large_image","twitter_misc":{"\u01af\u1edbc t\u00ednh th\u1eddi gian \u0111\u1ecdc":"3 ph\u00fat"},"schema":{"@context":"https:\/\/schema.org","@graph":[{"@type":"WebPage","@id":"https:\/\/ameripharmainfusioncenter.com\/common-variable-immunodeficiency-treatment-ameripharma-infusion-center\/","url":"https:\/\/ameripharmainfusioncenter.com\/common-variable-immunodeficiency-treatment-ameripharma-infusion-center\/","name":"\u0110i\u1ec1u tr\u1ecb suy gi\u1ea3m mi\u1ec5n d\u1ecbch bi\u1ebfn \u0111\u1ed5i ph\u1ed5 bi\u1ebfn | AmeriPharma\u2122","isPartOf":{"@id":"https:\/\/ameripharmainfusioncenter.com\/#website"},"datePublished":"2023-11-30T23:02:25+00:00","dateModified":"2025-12-09T16:06:51+00:00","description":"Kh\u00e1m ph\u00e1 c\u00e1c ph\u01b0\u01a1ng ph\u00e1p \u0111i\u1ec1u tr\u1ecb hi\u1ec7u qu\u1ea3 cho b\u1ec7nh suy gi\u1ea3m mi\u1ec5n d\u1ecbch bi\u1ebfn thi\u00ean th\u00f4ng th\u01b0\u1eddng t\u1ea1i AmeriPharma Infusion Center\u2122. T\u00ecm hi\u1ec3u v\u1ec1 li\u1ec7u ph\u00e1p truy\u1ec1n IVIG v\u00e0 nhi\u1ec1u l\u1ee3i \u00edch c\u1ee7a n\u00f3.","breadcrumb":{"@id":"https:\/\/ameripharmainfusioncenter.com\/common-variable-immunodeficiency-treatment-ameripharma-infusion-center\/#breadcrumb"},"inLanguage":"vi","potentialAction":[{"@type":"ReadAction","target":["https:\/\/ameripharmainfusioncenter.com\/common-variable-immunodeficiency-treatment-ameripharma-infusion-center\/"]}]},{"@type":"BreadcrumbList","@id":"https:\/\/ameripharmainfusioncenter.com\/common-variable-immunodeficiency-treatment-ameripharma-infusion-center\/#breadcrumb","itemListElement":[{"@type":"ListItem","position":1,"name":"Home","item":"https:\/\/ameripharmainfusioncenter.com\/"},{"@type":"ListItem","position":2,"name":"Common Variable Immunodeficiency Treatment | AmeriPharma\u00ae Infusion Center"}]},{"@type":"WebSite","@id":"https:\/\/ameripharmainfusioncenter.com\/#website","url":"https:\/\/ameripharmainfusioncenter.com\/","name":"AmeriPharma Infusion Center","description":"Trung t\u00e2m truy\u1ec1n d\u1ecbch theo toa t\u1ea1i Orange, CA","publisher":{"@id":"https:\/\/ameripharmainfusioncenter.com\/#organization"},"potentialAction":[{"@type":"SearchAction","target":{"@type":"EntryPoint","urlTemplate":"https:\/\/ameripharmainfusioncenter.com\/?s={search_term_string}"},"query-input":{"@type":"PropertyValueSpecification","valueRequired":true,"valueName":"search_term_string"}}],"inLanguage":"vi"},{"@type":"Organization","@id":"https:\/\/ameripharmainfusioncenter.com\/#organization","name":"AmeriPharma Infusion Center","url":"https:\/\/ameripharmainfusioncenter.com\/","logo":{"@type":"ImageObject","inLanguage":"vi","@id":"https:\/\/ameripharmainfusioncenter.com\/#\/schema\/logo\/image\/","url":"https:\/\/ameripharmainfusioncenter.com\/wp-content\/uploads\/2023\/02\/AmeriPharma-InfusionCenter-logo.png","contentUrl":"https:\/\/ameripharmainfusioncenter.com\/wp-content\/uploads\/2023\/02\/AmeriPharma-InfusionCenter-logo.png","width":375,"height":60,"caption":"AmeriPharma Infusion Center"},"image":{"@id":"https:\/\/ameripharmainfusioncenter.com\/#\/schema\/logo\/image\/"},"sameAs":["https:\/\/www.facebook.com\/AmeriPharmaInfusionCenter\/","https:\/\/www.linkedin.com\/company\/ameripharma","https:\/\/www.youtube.com\/channel\/UCdo4qXkWsAwiSz4-f-yz0Aw"]}]}},"uagb_featured_image_src":{"full":false,"thumbnail":false,"medium":false,"medium_large":false,"large":false,"1536x1536":false,"2048x2048":false,"trp-custom-language-flag":false,"block-image-html-large":false,"ct-gallery":false,"ct-section-header":false,"ct-thumb":false,"ct-thumb-large":false,"ct-small":false,"ct-medium":false,"ct-xmedium":false,"ct-large":false},"uagb_author_info":{"display_name":"AmeriPharma Infusion Center Staff","author_link":"https:\/\/ameripharmainfusioncenter.com\/vi\/author\/ameripharma-infusion-center-staff\/"},"uagb_comment_info":0,"uagb_excerpt":"Introduction to Common Variable Immunodeficiency (CVID) Common variable immunodeficiency (CVID), also known as hypogammaglobulinemia, is a rare immune system disorder characterized by a deficiency in antibodies (immunoglobulins). These antibodies play a crucial role in protecting the body against infections caused by bacteria, viruses, and other harmful pathogens.","_links":{"self":[{"href":"https:\/\/ameripharmainfusioncenter.com\/vi\/wp-json\/wp\/v2\/pages\/12214","targetHints":{"allow":["GET"]}}],"collection":[{"href":"https:\/\/ameripharmainfusioncenter.com\/vi\/wp-json\/wp\/v2\/pages"}],"about":[{"href":"https:\/\/ameripharmainfusioncenter.com\/vi\/wp-json\/wp\/v2\/types\/page"}],"author":[{"embeddable":true,"href":"https:\/\/ameripharmainfusioncenter.com\/vi\/wp-json\/wp\/v2\/users\/26"}],"replies":[{"embeddable":true,"href":"https:\/\/ameripharmainfusioncenter.com\/vi\/wp-json\/wp\/v2\/comments?post=12214"}],"version-history":[{"count":0,"href":"https:\/\/ameripharmainfusioncenter.com\/vi\/wp-json\/wp\/v2\/pages\/12214\/revisions"}],"wp:attachment":[{"href":"https:\/\/ameripharmainfusioncenter.com\/vi\/wp-json\/wp\/v2\/media?parent=12214"}],"curies":[{"name":"wp","href":"https:\/\/api.w.org\/{rel}","templated":true}]}}