{"id":12034,"date":"2023-05-10T15:23:23","date_gmt":"2023-05-10T22:23:23","guid":{"rendered":"https:\/\/ameripharmainfusioncenter.com\/?page_id=12034"},"modified":"2026-01-09T12:25:23","modified_gmt":"2026-01-09T20:25:23","slug":"financial-assistance","status":"publish","type":"page","link":"https:\/\/ameripharmainfusioncenter.com\/vi\/financial-assistance\/","title":{"rendered":"H\u1ed7 tr\u1ee3 t\u00e0i ch\u00ednh"},"content":{"rendered":"<div class=\"wp-block-columns fa-block is-layout-flex wp-container-core-columns-is-layout-9d6595d7 wp-block-columns-is-layout-flex\">\n<div class=\"wp-block-column is-layout-flow wp-block-column-is-layout-flow\">\n<div class=\"wp-block-columns container fa-top-content is-layout-flex wp-container-core-columns-is-layout-9d6595d7 wp-block-columns-is-layout-flex\">\n<div class=\"wp-block-column is-layout-flow wp-block-column-is-layout-flow\">\n<h2 class=\"wp-block-heading has-text-color has-link-color wp-elements-8900434bc8a6109da6f07d289cc51549\" style=\"color:#102e61\">H\u01a1n $55 tri\u1ec7u \u0111\u01b0\u1ee3c b\u1ea3o \u0111\u1ea3m cho b\u1ec7nh nh\u00e2n<\/h2>\n\n\n\n<p style=\"font-size:22px\">C\u00e1c trung t\u00e2m truy\u1ec1n d\u1ecbch c\u1ee7a ch\u00fang t\u00f4i cung c\u1ea5p h\u1ed7 tr\u1ee3 h\u00f3a \u0111\u01a1n y t\u1ebf \u0111\u1ec3 gi\u00fap vi\u1ec7c \u0111i\u1ec1u tr\u1ecb c\u1ee7a b\u1ea1n tr\u1edf n\u00ean d\u1ec5 d\u00e0ng h\u01a1n. B\u1ec7nh nh\u00e2n v\u00e0 gia \u0111\u00ecnh h\u1ecd c\u00f3 th\u1ec3 y\u00ean t\u00e2m v\u1edbi c\u00e1c ch\u01b0\u01a1ng tr\u00ecnh h\u1ed7 tr\u1ee3 \u0111\u1ed3ng thanh to\u00e1n c\u1ee7a ch\u00fang t\u00f4i.<\/p>\n\n\n\n<div  id=\"services-05f509764c4035b6a6e1d2132d0343d1\" style=\"\" class=\"fa-service-blocks services\">\n\t<div class=\"container\">\n\t\t<div class=\"services-wrapper\">\n\t\t\t\t\t\t\t<ul class=\"list\">\n\t\t\t\t\t\t\t\t\t\t\t<li class=\"list-item\">\n\t\t\t\t\t\t\t<img loading=\"lazy\" decoding=\"async\" width=\"58\" height=\"52\" src=\"https:\/\/ameripharmainfusioncenter.com\/wp-content\/uploads\/2024\/10\/icon-magnify-1.svg\" class=\"attachment-full size-full\" alt=\"Magnifying glass icon\" \/>\t\t\t\t\t\t\t<span class=\"title\">Ph\u1ea7n m\u1ec1m c\u00f4ng ngh\u1ec7 cao c\u1ee7a ch\u00fang t\u00f4i t\u00ecm ra c\u00e1c ch\u01b0\u01a1ng tr\u00ecnh n\u1ec1n t\u1ea3ng cung c\u1ea5p cho b\u1ea1n h\u1ed7 tr\u1ee3 t\u00e0i ch\u00ednh t\u1ed1t nh\u1ea5t cho b\u1ec7nh nh\u00e2n.<\/span>\n\t\t\t\t\t\t<\/li>\n\t\t\t\t\t\t\t\t\t\t\t<li class=\"list-item\">\n\t\t\t\t\t\t\t<img loading=\"lazy\" decoding=\"async\" width=\"42\" height=\"56\" src=\"https:\/\/ameripharmainfusioncenter.com\/wp-content\/uploads\/2024\/10\/icon-document-1.svg\" class=\"attachment-full size-full\" alt=\"Financial assistance application icon\" \/>\t\t\t\t\t\t\t<span class=\"title\">M\u1ed9t trong nh\u1eefng th\u00e0nh vi\u00ean chuy\u00ean gia c\u1ee7a ch\u00fang t\u00f4i s\u1ebd gi\u00fap b\u1ea1n ho\u00e0n t\u1ea5t c\u00e1c \u0111\u01a1n \u0111\u0103ng k\u00fd c\u1ea7n thi\u1ebft.<\/span>\n\t\t\t\t\t\t<\/li>\n\t\t\t\t\t\t\t\t\t\t\t<li class=\"list-item\">\n\t\t\t\t\t\t\t<img loading=\"lazy\" decoding=\"async\" width=\"47\" height=\"63\" src=\"https:\/\/ameripharmainfusioncenter.com\/wp-content\/uploads\/2024\/10\/icon-piggy-bank-1.svg\" class=\"attachment-full size-full\" alt=\"Piggy bank icon\" \/>\t\t\t\t\t\t\t<span class=\"title\">C\u1ea3nh b\u00e1o v\u1ec1 t\u00ecnh tr\u1ea1ng h\u1ed7 tr\u1ee3 h\u00f3a \u0111\u01a1n y t\u1ebf s\u1ebd \u0111\u01b0\u1ee3c g\u1eedi \u0111\u1ebfn b\u1ea1n v\u00e0 nh\u00f3m ch\u0103m s\u00f3c s\u1ee9c kh\u1ecfe c\u1ee7a b\u1ea1n.<\/span>\n\t\t\t\t\t\t<\/li>\n\t\t\t\t\t\t\t\t\t<\/ul>\n\t\t\t\t\t<\/div>\n\t<\/div>\n<\/div>\n\n\n\n<div class=\"wp-block-uagb-buttons uagb-buttons__outer-wrap uagb-btn__default-btn uagb-btn-tablet__default-btn uagb-btn-mobile__default-btn uagb-block-1ea95f21\"><div class=\"uagb-buttons__wrap uagb-buttons-layout-wrap\">\n<div class=\"wp-block-uagb-buttons-child uagb-buttons__outer-wrap uagb-block-9fee48aa wp-block-button\"><div class=\"uagb-button__wrapper\"><a class=\"uagb-buttons-repeater wp-block-button__link\" aria-label=\"\" href=\"#inline-gYn5c1VoftkmAU5gr8w6\" rel=\"follow noopener\" target=\"_self\" role=\"button\"><div class=\"uagb-button__link\">N\u1ed9p \u0111\u01a1n xin h\u1ed7 tr\u1ee3 t\u00e0i ch\u00ednh cho b\u1ec7nh nh\u00e2n<\/div><\/a><\/div><\/div>\n<\/div><\/div>\n\n\n\n<div style=\"height:60px\" aria-hidden=\"true\" class=\"wp-block-spacer\"><\/div>\n\n\n\n<div class=\"wp-block-uagb-image aligncenter uagb-block-d2343479 wp-block-uagb-image--layout-default wp-block-uagb-image--effect-static wp-block-uagb-image--align-center\"><figure class=\"wp-block-uagb-image__figure\"><a class=\"\" href=\"https:\/\/ameripharmainfusioncenter.com\/wp-content\/uploads\/2024\/12\/8-2-1.png\" target=\"\" rel=\"noopener\"><img decoding=\"async\" srcset=\"https:\/\/ameripharmainfusioncenter.com\/wp-content\/uploads\/2024\/12\/8-2-1.png ,https:\/\/ameripharmainfusioncenter.com\/wp-content\/uploads\/2024\/12\/8-2-1.png 780w, https:\/\/ameripharmainfusioncenter.com\/wp-content\/uploads\/2024\/12\/8-2-1.png 360w\" sizes=\"auto, (max-width: 480px) 150px\" src=\"https:\/\/ameripharmainfusioncenter.com\/wp-content\/uploads\/2024\/12\/8-2-1.png\" alt=\"Patients say we're the best\" class=\"uag-image-13525\" width=\"1024\" height=\"182\" title=\"8 (2) (1)\" loading=\"lazy\" role=\"img\"\/><\/a><\/figure><\/div>\n<\/div>\n<\/div>\n\n\n\n<div class=\"wp-block-columns fa-form-block is-layout-flex wp-container-core-columns-is-layout-9d6595d7 wp-block-columns-is-layout-flex\">\n<div class=\"wp-block-column container is-layout-flow wp-block-column-is-layout-flow\">\n<div style=\"height:40px\" aria-hidden=\"true\" class=\"wp-block-spacer\"><\/div>\n\n\n\n<p class=\"has-large-font-size\">Khi n\u00f3i \u0111\u1ebfn vi\u1ec7c nh\u1eadn \u0111\u01b0\u1ee3c ph\u01b0\u01a1ng ph\u00e1p \u0111i\u1ec1u tr\u1ecb c\u1ea7n thi\u1ebft, ch\u00fang t\u00f4i mu\u1ed1n gi\u00fap b\u1ea1n t\u00ecm c\u00e1ch gi\u1ea3m chi ph\u00ed t\u1ef1 tr\u1ea3.<\/p>\n\n\n\n<p class=\"has-large-font-size\">AmeriPharma\u00ae tin r\u1eb1ng thu\u1ed1c ph\u1ea3i \u0111\u01b0\u1ee3c cung c\u1ea5p cho t\u1ea5t c\u1ea3 nh\u1eefng ai c\u00f3 nhu c\u1ea7u v\u00e0 ch\u00fang t\u00f4i c\u00f3 nhi\u1ec1u ch\u01b0\u01a1ng tr\u00ecnh kh\u00e1c nhau \u0111\u1ec3 h\u1ed7 tr\u1ee3 b\u1ec7nh nh\u00e2n v\u00e0 gi\u00fap h\u1ecd d\u1ec5 d\u00e0ng chi tr\u1ea3 cho thu\u1ed1c h\u01a1n.<\/p>\n\n\n\n<p class=\"has-large-font-size\">Cho d\u00f9 b\u1ea1n c\u00f3 b\u1ea3o hi\u1ec3m th\u01b0\u01a1ng m\u1ea1i hay b\u1ea3o hi\u1ec3m c\u1ee7a ch\u00ednh ph\u1ee7, ch\u00fang t\u00f4i c\u00f3 th\u1ec3 gi\u00fap b\u1ea1n t\u00ecm c\u00e1c ch\u01b0\u01a1ng tr\u00ecnh v\u00e0 t\u1ed5 ch\u1ee9c \u0111\u1ec3 h\u1ed7 tr\u1ee3 chi tr\u1ea3 cho vi\u1ec7c truy\u1ec1n d\u1ecbch c\u1ee7a b\u1ea1n.<\/p>\n\n\n\n<p class=\"has-large-font-size\">Nh\u00f3m h\u1ed7 tr\u1ee3 \u0111\u1ed3ng thanh to\u00e1n c\u1ee7a ch\u00fang t\u00f4i gi\u00fap b\u1ec7nh nh\u00e2n truy\u1ec1n d\u1ecbch thanh to\u00e1n c\u00e1c chi ph\u00ed li\u00ean quan \u0111\u1ebfn thu\u1ed1c v\u00e0 truy\u1ec1n d\u1ecbch \u0111\u1ee7 \u0111i\u1ec1u ki\u1ec7n m\u00e0 h\u1ecd ph\u1ea3i t\u1ef1 chi tr\u1ea3 nh\u01b0 pha ch\u1ebf v\u00e0 qu\u1ea3n l\u00fd thu\u1ed1c v\u00e0 v\u1eadt t\u01b0 truy\u1ec1n d\u1ecbch nh\u01b0 n\u01b0\u1edbc mu\u1ed1i v\u00e0 \u1ed1ng truy\u1ec1n t\u0129nh m\u1ea1ch. Bao g\u1ed3m \u0111\u1ed3ng thanh to\u00e1n, \u0111\u1ed3ng b\u1ea3o hi\u1ec3m v\u00e0 kh\u1ea5u tr\u1eeb.<\/p>\n\n\n\n<div style=\"height:40px\" aria-hidden=\"true\" class=\"wp-block-spacer\"><\/div>\n\n\n\n<div class=\"wp-block-uagb-container margin-auto uagb-block-304df293 default uagb-is-root-container\">\n<iframe id=\"inline-gYn5c1VoftkmAU5gr8w6\" style=\"width: 100%; height: 100%; border: none; border-radius: 4px;\" title=\"AIC - Trang \u0111\u00edch c\u00f3 bi\u00ean l\u1ee3i nhu\u1eadn cao\" src=\"https:\/\/api.leadconnectorhq.com\/widget\/survey\/tiwyb1NOoTIQeLyI9CRi\" data-layout=\"{'id':'INLINE'}\" data-trigger-type=\"alwaysShow\" data-trigger-value=\"\" data-activation-type=\"alwaysActivated\" data-activation-value=\"\" data-deactivation-type=\"neverDeactivate\" data-deactivation-value=\"\" data-form-name=\"AIC - High Margin Landing Page\" data-height=\"1743\" data-layout-iframe-id=\"inline-gYn5c1VoftkmAU5gr8w6\" data-form-id=\"gYn5c1VoftkmAU5gr8w6\">\n<\/iframe>\n<script src=\"https:\/\/link.msgsndr.com\/js\/form_embed.js\"><\/script>\n<script src=\"https:\/\/ameripharmainfusioncenter.com\/wp-content\/themes\/ct-theme\/assets\/dist\/js\/custom\/scroll_to_top.js\"><\/script>\n<\/div>\n\n\n\n<div style=\"height:50px\" aria-hidden=\"true\" class=\"wp-block-spacer\"><\/div>\n<\/div>\n<\/div>\n\n\n\n<div class=\"wp-block-columns container fa-hiw-block is-layout-flex wp-container-core-columns-is-layout-9d6595d7 wp-block-columns-is-layout-flex\">\n<div class=\"wp-block-column is-layout-flow wp-block-column-is-layout-flow\">\n<div style=\"height:60px\" aria-hidden=\"true\" class=\"wp-block-spacer\"><\/div>\n\n\n\n<h2 class=\"wp-block-heading has-text-color has-link-color wp-elements-8f92e4593a574ad43f896c247114ef21\" style=\"color:#102e61\">N\u00f3 ho\u1ea1t \u0111\u1ed9ng nh\u01b0 th\u1ebf n\u00e0o<\/h2>\n\n\n\n<h4 class=\"wp-block-heading has-text-color has-link-color wp-elements-39f699838953205079b6c80b72145b3b\" style=\"color:#102e61\">B\u1ec7nh nh\u00e2n c\u00f3 b\u1ea3o hi\u1ec3m y t\u1ebf<\/h4>\n\n\n\n<p class=\"has-large-font-size\">N\u1ebfu vi\u1ec7c \u0111i\u1ec1u tr\u1ecb c\u1ee7a b\u1ea1n c\u1ea7n \u0111\u01b0\u1ee3c ch\u1ea5p thu\u1eadn tr\u01b0\u1edbc, ch\u00fang t\u00f4i s\u1ebd ph\u1ed1i h\u1ee3p v\u1edbi c\u00f4ng ty b\u1ea3o hi\u1ec3m v\u00e0 b\u00e1c s\u0129 c\u1ee7a b\u1ea1n \u0111\u1ec3 \u0111\u01b0\u1ee3c ch\u1ea5p thu\u1eadn. V\u1edbi c\u00e1c ch\u01b0\u01a1ng tr\u00ecnh h\u1ed7 tr\u1ee3 \u0111\u1ed3ng thanh to\u00e1n v\u00e0 \u0111\u1ed9i ng\u0169 nh\u00e2n vi\u00ean hi\u1ec3u bi\u1ebft, ch\u00fang t\u00f4i s\u1ebd gi\u00fap b\u1ea1n c\u00f3 \u0111\u01b0\u1ee3c s\u1ef1 ch\u1ea5p thu\u1eadn c\u1ea7n thi\u1ebft \u0111\u1ec3 b\u1eaft \u0111\u1ea7u&nbsp;<a href=\"https:\/\/ameripharmainfusioncenter.com\/vi\/treatment-care\/\">d\u1ecbch v\u1ee5 truy\u1ec1n d\u1ecbch c\u1ee7a ch\u00fang t\u00f4i<\/a>.<\/p>\n\n\n\n<p class=\"has-large-font-size\"><a href=\"https:\/\/ameripharmainfusioncenter.com\/vi\/about-us\/\">Trung t\u00e2m truy\u1ec1n d\u1ecbch AmeriPharma\u00ae<\/a>&nbsp;s\u1ebd l\u00e0m vi\u1ec7c v\u1edbi c\u00e1c k\u00eanh th\u00edch h\u1ee3p \u0111\u1ec3 \u0111\u1ea1t \u0111\u01b0\u1ee3c s\u1ef1 ch\u1ea5p thu\u1eadn m\u00e0 b\u1ea1n c\u1ea7n&nbsp;<a href=\"https:\/\/ameripharmainfusioncenter.com\/vi\/patients-caregivers\/\">ph\u01b0\u01a1ng ph\u00e1p truy\u1ec1n d\u1ecbch c\u1ee7a b\u1ea1n<\/a>. B\u1ea3o hi\u1ec3m c\u1ee7a b\u1ea1n c\u00f3 th\u1ec3 kh\u00f4ng t\u00ednh b\u1ea5t k\u1ef3 chi ph\u00ed n\u00e0o, nh\u01b0ng ch\u00fang t\u00f4i s\u1ebd lu\u00f4n gi\u00fap b\u1ea1n c\u00f3 \u0111\u01b0\u1ee3c m\u1ee9c chi ph\u00ed th\u1ea5p nh\u1ea5t n\u1ebfu c\u1ea7n ph\u1ea3i \u0111\u1ed3ng thanh to\u00e1n.<\/p>\n\n\n\n<h4 class=\"wp-block-heading has-text-color has-link-color wp-elements-ca0abfb971ce8f6f7d312735eb1ea8c1\" style=\"color:#102e61\">Medicare Part D<\/h4>\n\n\n\n<p class=\"has-large-font-size\">Medicare Part D, c\u00f2n \u0111\u01b0\u1ee3c g\u1ecdi l\u00e0 quy\u1ec1n l\u1ee3i thu\u1ed1c theo toa Medicare, l\u00e0 m\u1ed9t ch\u01b0\u01a1ng tr\u00ecnh c\u1ee7a ch\u00ednh ph\u1ee7 c\u00f3 th\u1ec3 gi\u00fap b\u1ec7nh nh\u00e2n b\u1eb1ng c\u00e1ch gi\u1ea3m ho\u1eb7c chi tr\u1ea3 gi\u00e1 thu\u1ed1c theo toa. \u0110\u1ed9i ng\u0169 nh\u00e2n vi\u00ean chuy\u00ean gia c\u1ee7a ch\u00fang t\u00f4i c\u00f3 th\u1ec3 gi\u00fap gi\u1ea3i th\u00edch c\u00e1c l\u1ee3i \u00edch c\u1ee7a Medicare Part D cho b\u1ea1n v\u00e0 th\u00f4ng b\u00e1o cho b\u1ea1n v\u1ec1 c\u00e1ch c\u00e1c ch\u01b0\u01a1ng tr\u00ecnh h\u1ed7 tr\u1ee3 \u0111\u1ed3ng thanh to\u00e1n c\u00f3 th\u1ec3 \u0111\u01b0\u1ee3c s\u1eed d\u1ee5ng k\u1ebft h\u1ee3p v\u1edbi Medicare Part D. C\u00f9ng nhau, ch\u00fang t\u00f4i c\u00f3 th\u1ec3 gi\u00fap b\u1ea1n c\u00f3 \u0111\u01b0\u1ee3c ph\u1ea1m vi b\u1ea3o hi\u1ec3m t\u1ed1i \u0111a v\u00e0 gi\u1ea3m thi\u1ec3u chi ph\u00ed \u0111i\u1ec1u tr\u1ecb truy\u1ec1n d\u1ecbch c\u1ee7a b\u1ea1n.<\/p>\n\n\n\n<p class=\"has-large-font-size\">G\u1ecdi&nbsp;<a href=\"tel:(714) 551-6629\">(714) 551-6629<\/a>&nbsp;ho\u1eb7c&nbsp;<a href=\"https:\/\/ameripharmainfusioncenter.com\/vi\/contact-us\/\">li\u00ean h\u1ec7 v\u1edbi ch\u00fang t\u00f4i<\/a>&nbsp;b\u00e2y gi\u1edd h\u00e3y tr\u00f2 chuy\u1ec7n v\u1edbi m\u1ed9t th\u00e0nh vi\u00ean trong nh\u00f3m v\u1ec1 h\u1ed7 tr\u1ee3 t\u00e0i ch\u00ednh cho b\u1ec7nh nh\u00e2n trong qu\u00e1 tr\u00ecnh \u0111i\u1ec1u tr\u1ecb c\u1ee7a ch\u00fang t\u00f4i.<\/p>\n\n\n\n<div style=\"height:100px\" aria-hidden=\"true\" class=\"wp-block-spacer\"><\/div>\n<\/div>\n<\/div>\n<\/div>\n<\/div>","protected":false},"excerpt":{"rendered":"<p>H\u01a1n $55 tri\u1ec7u \u0111\u01b0\u1ee3c b\u1ea3o \u0111\u1ea3m cho b\u1ec7nh nh\u00e2n. C\u00e1c trung t\u00e2m truy\u1ec1n d\u1ecbch c\u1ee7a ch\u00fang t\u00f4i h\u1ed7 tr\u1ee3 chi ph\u00ed y t\u1ebf, gi\u00fap vi\u1ec7c \u0111i\u1ec1u tr\u1ecb c\u1ee7a b\u1ea1n tr\u1edf n\u00ean d\u1ec5 d\u00e0ng h\u01a1n. B\u1ec7nh nh\u00e2n v\u00e0 gia \u0111\u00ecnh c\u00f3 th\u1ec3 y\u00ean t\u00e2m v\u1edbi ch\u01b0\u01a1ng tr\u00ecnh h\u1ed7 tr\u1ee3 \u0111\u1ed3ng thanh to\u00e1n c\u1ee7a ch\u00fang t\u00f4i.<\/p>","protected":false},"author":26,"featured_media":0,"parent":0,"menu_order":0,"comment_status":"closed","ping_status":"closed","template":"","meta":{"_acf_changed":true,"inline_featured_image":false,"_uag_custom_page_level_css":"","footnotes":""},"class_list":["post-12034","page","type-page","status-publish","hentry"],"acf":[],"yoast_head":"<!-- This site is optimized with the Yoast SEO plugin v27.5 - https:\/\/yoast.com\/product\/yoast-seo-wordpress\/ -->\n<title>Copay Assistance Programs for AmeriPharma Infusion Center\u2122<\/title>\n<meta name=\"description\" content=\"AmeriPharma Infusion Centers\u2122 offer copay assistance programs for receiving our infusion treatments. Call to learn more about our patient financial assistance.\" \/>\n<meta name=\"robots\" content=\"index, follow, max-snippet:-1, max-image-preview:large, max-video-preview:-1\" \/>\n<link rel=\"canonical\" href=\"https:\/\/ameripharmainfusioncenter.com\/vi\/financial-assistance\/\" \/>\n<meta property=\"og:locale\" content=\"vi_VN\" \/>\n<meta property=\"og:type\" content=\"article\" \/>\n<meta property=\"og:title\" content=\"Copay Assistance Programs for AmeriPharma Infusion Center\u2122\" \/>\n<meta property=\"og:description\" content=\"AmeriPharma Infusion Centers\u2122 offer copay assistance programs for receiving our infusion treatments. Call to learn more about our patient financial assistance.\" \/>\n<meta property=\"og:url\" content=\"https:\/\/ameripharmainfusioncenter.com\/vi\/financial-assistance\/\" \/>\n<meta property=\"og:site_name\" content=\"AmeriPharma Infusion Center\" \/>\n<meta property=\"article:publisher\" content=\"https:\/\/www.facebook.com\/AmeriPharmaInfusionCenter\/\" \/>\n<meta property=\"article:modified_time\" content=\"2026-01-09T20:25:23+00:00\" \/>\n<meta property=\"og:image\" content=\"https:\/\/ameripharmainfusioncenter.com\/wp-content\/uploads\/2024\/12\/8-2-1.png\" \/>\n<meta name=\"twitter:card\" content=\"summary_large_image\" \/>\n<meta name=\"twitter:label1\" content=\"\u01af\u1edbc t\u00ednh th\u1eddi gian \u0111\u1ecdc\" \/>\n\t<meta name=\"twitter:data1\" content=\"2 ph\u00fat\" \/>\n<script type=\"application\/ld+json\" class=\"yoast-schema-graph\">{\"@context\":\"https:\\\/\\\/schema.org\",\"@graph\":[{\"@type\":\"WebPage\",\"@id\":\"https:\\\/\\\/ameripharmainfusioncenter.com\\\/financial-assistance\\\/\",\"url\":\"https:\\\/\\\/ameripharmainfusioncenter.com\\\/financial-assistance\\\/\",\"name\":\"Copay Assistance Programs for AmeriPharma Infusion Center\u2122\",\"isPartOf\":{\"@id\":\"https:\\\/\\\/ameripharmainfusioncenter.com\\\/#website\"},\"primaryImageOfPage\":{\"@id\":\"https:\\\/\\\/ameripharmainfusioncenter.com\\\/financial-assistance\\\/#primaryimage\"},\"image\":{\"@id\":\"https:\\\/\\\/ameripharmainfusioncenter.com\\\/financial-assistance\\\/#primaryimage\"},\"thumbnailUrl\":\"https:\\\/\\\/ameripharmainfusioncenter.com\\\/wp-content\\\/uploads\\\/2024\\\/12\\\/8-2-1.png\",\"datePublished\":\"2023-05-10T22:23:23+00:00\",\"dateModified\":\"2026-01-09T20:25:23+00:00\",\"description\":\"AmeriPharma Infusion Centers\u2122 offer copay assistance programs for receiving our infusion treatments. Call to learn more about our patient financial assistance.\",\"breadcrumb\":{\"@id\":\"https:\\\/\\\/ameripharmainfusioncenter.com\\\/financial-assistance\\\/#breadcrumb\"},\"inLanguage\":\"vi\",\"potentialAction\":[{\"@type\":\"ReadAction\",\"target\":[\"https:\\\/\\\/ameripharmainfusioncenter.com\\\/financial-assistance\\\/\"]}]},{\"@type\":\"ImageObject\",\"inLanguage\":\"vi\",\"@id\":\"https:\\\/\\\/ameripharmainfusioncenter.com\\\/financial-assistance\\\/#primaryimage\",\"url\":\"https:\\\/\\\/ameripharmainfusioncenter.com\\\/wp-content\\\/uploads\\\/2024\\\/12\\\/8-2-1.png\",\"contentUrl\":\"https:\\\/\\\/ameripharmainfusioncenter.com\\\/wp-content\\\/uploads\\\/2024\\\/12\\\/8-2-1.png\"},{\"@type\":\"BreadcrumbList\",\"@id\":\"https:\\\/\\\/ameripharmainfusioncenter.com\\\/financial-assistance\\\/#breadcrumb\",\"itemListElement\":[{\"@type\":\"ListItem\",\"position\":1,\"name\":\"Home\",\"item\":\"https:\\\/\\\/ameripharmainfusioncenter.com\\\/\"},{\"@type\":\"ListItem\",\"position\":2,\"name\":\"Financial Assistance\"}]},{\"@type\":\"WebSite\",\"@id\":\"https:\\\/\\\/ameripharmainfusioncenter.com\\\/#website\",\"url\":\"https:\\\/\\\/ameripharmainfusioncenter.com\\\/\",\"name\":\"AmeriPharma Infusion Center\",\"description\":\"Prescription-based Infusion Center in Orange, CA\",\"publisher\":{\"@id\":\"https:\\\/\\\/ameripharmainfusioncenter.com\\\/#organization\"},\"potentialAction\":[{\"@type\":\"SearchAction\",\"target\":{\"@type\":\"EntryPoint\",\"urlTemplate\":\"https:\\\/\\\/ameripharmainfusioncenter.com\\\/?s={search_term_string}\"},\"query-input\":{\"@type\":\"PropertyValueSpecification\",\"valueRequired\":true,\"valueName\":\"search_term_string\"}}],\"inLanguage\":\"vi\"},{\"@type\":\"Organization\",\"@id\":\"https:\\\/\\\/ameripharmainfusioncenter.com\\\/#organization\",\"name\":\"AmeriPharma Infusion Center\",\"url\":\"https:\\\/\\\/ameripharmainfusioncenter.com\\\/\",\"logo\":{\"@type\":\"ImageObject\",\"inLanguage\":\"vi\",\"@id\":\"https:\\\/\\\/ameripharmainfusioncenter.com\\\/#\\\/schema\\\/logo\\\/image\\\/\",\"url\":\"https:\\\/\\\/ameripharmainfusioncenter.com\\\/wp-content\\\/uploads\\\/2023\\\/02\\\/AmeriPharma-InfusionCenter-logo.png\",\"contentUrl\":\"https:\\\/\\\/ameripharmainfusioncenter.com\\\/wp-content\\\/uploads\\\/2023\\\/02\\\/AmeriPharma-InfusionCenter-logo.png\",\"width\":375,\"height\":60,\"caption\":\"AmeriPharma Infusion Center\"},\"image\":{\"@id\":\"https:\\\/\\\/ameripharmainfusioncenter.com\\\/#\\\/schema\\\/logo\\\/image\\\/\"},\"sameAs\":[\"https:\\\/\\\/www.facebook.com\\\/AmeriPharmaInfusionCenter\\\/\",\"https:\\\/\\\/www.linkedin.com\\\/company\\\/ameripharma\",\"https:\\\/\\\/www.youtube.com\\\/channel\\\/UCdo4qXkWsAwiSz4-f-yz0Aw\"]}]}<\/script>\n<!-- \/ Yoast SEO plugin. -->","yoast_head_json":{"title":"Ch\u01b0\u01a1ng tr\u00ecnh h\u1ed7 tr\u1ee3 \u0111\u1ed3ng thanh to\u00e1n cho AmeriPharma Infusion Center\u2122","description":"AmeriPharma Infusion Centers\u2122 cung c\u1ea5p ch\u01b0\u01a1ng tr\u00ecnh h\u1ed7 tr\u1ee3 \u0111\u1ed3ng thanh to\u00e1n khi nh\u1eadn d\u1ecbch v\u1ee5 truy\u1ec1n d\u1ecbch c\u1ee7a ch\u00fang t\u00f4i. H\u00e3y g\u1ecdi \u0111\u1ec3 t\u00ecm hi\u1ec3u th\u00eam v\u1ec1 ch\u01b0\u01a1ng tr\u00ecnh h\u1ed7 tr\u1ee3 t\u00e0i ch\u00ednh cho b\u1ec7nh nh\u00e2n c\u1ee7a ch\u00fang t\u00f4i.","robots":{"index":"index","follow":"follow","max-snippet":"max-snippet:-1","max-image-preview":"max-image-preview:large","max-video-preview":"max-video-preview:-1"},"canonical":"https:\/\/ameripharmainfusioncenter.com\/vi\/financial-assistance\/","og_locale":"vi_VN","og_type":"article","og_title":"Copay Assistance Programs for AmeriPharma Infusion Center\u2122","og_description":"AmeriPharma Infusion Centers\u2122 offer copay assistance programs for receiving our infusion treatments. Call to learn more about our patient financial assistance.","og_url":"https:\/\/ameripharmainfusioncenter.com\/vi\/financial-assistance\/","og_site_name":"AmeriPharma Infusion Center","article_publisher":"https:\/\/www.facebook.com\/AmeriPharmaInfusionCenter\/","article_modified_time":"2026-01-09T20:25:23+00:00","og_image":[{"url":"https:\/\/ameripharmainfusioncenter.com\/wp-content\/uploads\/2024\/12\/8-2-1.png","type":"","width":"","height":""}],"twitter_card":"summary_large_image","twitter_misc":{"\u01af\u1edbc t\u00ednh th\u1eddi gian \u0111\u1ecdc":"2 ph\u00fat"},"schema":{"@context":"https:\/\/schema.org","@graph":[{"@type":"WebPage","@id":"https:\/\/ameripharmainfusioncenter.com\/financial-assistance\/","url":"https:\/\/ameripharmainfusioncenter.com\/financial-assistance\/","name":"Ch\u01b0\u01a1ng tr\u00ecnh h\u1ed7 tr\u1ee3 \u0111\u1ed3ng thanh to\u00e1n cho AmeriPharma Infusion Center\u2122","isPartOf":{"@id":"https:\/\/ameripharmainfusioncenter.com\/#website"},"primaryImageOfPage":{"@id":"https:\/\/ameripharmainfusioncenter.com\/financial-assistance\/#primaryimage"},"image":{"@id":"https:\/\/ameripharmainfusioncenter.com\/financial-assistance\/#primaryimage"},"thumbnailUrl":"https:\/\/ameripharmainfusioncenter.com\/wp-content\/uploads\/2024\/12\/8-2-1.png","datePublished":"2023-05-10T22:23:23+00:00","dateModified":"2026-01-09T20:25:23+00:00","description":"AmeriPharma Infusion Centers\u2122 cung c\u1ea5p ch\u01b0\u01a1ng tr\u00ecnh h\u1ed7 tr\u1ee3 \u0111\u1ed3ng thanh to\u00e1n khi nh\u1eadn d\u1ecbch v\u1ee5 truy\u1ec1n d\u1ecbch c\u1ee7a ch\u00fang t\u00f4i. H\u00e3y g\u1ecdi \u0111\u1ec3 t\u00ecm hi\u1ec3u th\u00eam v\u1ec1 ch\u01b0\u01a1ng tr\u00ecnh h\u1ed7 tr\u1ee3 t\u00e0i ch\u00ednh cho b\u1ec7nh nh\u00e2n c\u1ee7a ch\u00fang t\u00f4i.","breadcrumb":{"@id":"https:\/\/ameripharmainfusioncenter.com\/financial-assistance\/#breadcrumb"},"inLanguage":"vi","potentialAction":[{"@type":"ReadAction","target":["https:\/\/ameripharmainfusioncenter.com\/financial-assistance\/"]}]},{"@type":"ImageObject","inLanguage":"vi","@id":"https:\/\/ameripharmainfusioncenter.com\/financial-assistance\/#primaryimage","url":"https:\/\/ameripharmainfusioncenter.com\/wp-content\/uploads\/2024\/12\/8-2-1.png","contentUrl":"https:\/\/ameripharmainfusioncenter.com\/wp-content\/uploads\/2024\/12\/8-2-1.png"},{"@type":"BreadcrumbList","@id":"https:\/\/ameripharmainfusioncenter.com\/financial-assistance\/#breadcrumb","itemListElement":[{"@type":"ListItem","position":1,"name":"Home","item":"https:\/\/ameripharmainfusioncenter.com\/"},{"@type":"ListItem","position":2,"name":"Financial Assistance"}]},{"@type":"WebSite","@id":"https:\/\/ameripharmainfusioncenter.com\/#website","url":"https:\/\/ameripharmainfusioncenter.com\/","name":"AmeriPharma Infusion Center","description":"Trung t\u00e2m truy\u1ec1n d\u1ecbch theo toa t\u1ea1i Orange, CA","publisher":{"@id":"https:\/\/ameripharmainfusioncenter.com\/#organization"},"potentialAction":[{"@type":"SearchAction","target":{"@type":"EntryPoint","urlTemplate":"https:\/\/ameripharmainfusioncenter.com\/?s={search_term_string}"},"query-input":{"@type":"PropertyValueSpecification","valueRequired":true,"valueName":"search_term_string"}}],"inLanguage":"vi"},{"@type":"Organization","@id":"https:\/\/ameripharmainfusioncenter.com\/#organization","name":"AmeriPharma Infusion Center","url":"https:\/\/ameripharmainfusioncenter.com\/","logo":{"@type":"ImageObject","inLanguage":"vi","@id":"https:\/\/ameripharmainfusioncenter.com\/#\/schema\/logo\/image\/","url":"https:\/\/ameripharmainfusioncenter.com\/wp-content\/uploads\/2023\/02\/AmeriPharma-InfusionCenter-logo.png","contentUrl":"https:\/\/ameripharmainfusioncenter.com\/wp-content\/uploads\/2023\/02\/AmeriPharma-InfusionCenter-logo.png","width":375,"height":60,"caption":"AmeriPharma Infusion Center"},"image":{"@id":"https:\/\/ameripharmainfusioncenter.com\/#\/schema\/logo\/image\/"},"sameAs":["https:\/\/www.facebook.com\/AmeriPharmaInfusionCenter\/","https:\/\/www.linkedin.com\/company\/ameripharma","https:\/\/www.youtube.com\/channel\/UCdo4qXkWsAwiSz4-f-yz0Aw"]}]}},"uagb_featured_image_src":{"full":false,"thumbnail":false,"medium":false,"medium_large":false,"large":false,"1536x1536":false,"2048x2048":false,"trp-custom-language-flag":false,"block-image-html-large":false,"ct-gallery":false,"ct-section-header":false,"ct-thumb":false,"ct-thumb-large":false,"ct-small":false,"ct-medium":false,"ct-xmedium":false,"ct-large":false},"uagb_author_info":{"display_name":"AmeriPharma Infusion Center Staff","author_link":"https:\/\/ameripharmainfusioncenter.com\/vi\/author\/ameripharma-infusion-center-staff\/"},"uagb_comment_info":0,"uagb_excerpt":"Over $55 million secured for patients Our infusion centers provide medical bill assistance to make your treatments more affordable. Patients and their families can rest easy with our copay assistance programs.","_links":{"self":[{"href":"https:\/\/ameripharmainfusioncenter.com\/vi\/wp-json\/wp\/v2\/pages\/12034","targetHints":{"allow":["GET"]}}],"collection":[{"href":"https:\/\/ameripharmainfusioncenter.com\/vi\/wp-json\/wp\/v2\/pages"}],"about":[{"href":"https:\/\/ameripharmainfusioncenter.com\/vi\/wp-json\/wp\/v2\/types\/page"}],"author":[{"embeddable":true,"href":"https:\/\/ameripharmainfusioncenter.com\/vi\/wp-json\/wp\/v2\/users\/26"}],"replies":[{"embeddable":true,"href":"https:\/\/ameripharmainfusioncenter.com\/vi\/wp-json\/wp\/v2\/comments?post=12034"}],"version-history":[{"count":0,"href":"https:\/\/ameripharmainfusioncenter.com\/vi\/wp-json\/wp\/v2\/pages\/12034\/revisions"}],"wp:attachment":[{"href":"https:\/\/ameripharmainfusioncenter.com\/vi\/wp-json\/wp\/v2\/media?parent=12034"}],"curies":[{"name":"wp","href":"https:\/\/api.w.org\/{rel}","templated":true}]}}