{"id":11979,"date":"2023-05-04T15:20:51","date_gmt":"2023-05-04T22:20:51","guid":{"rendered":"https:\/\/ameripharmainfusioncenter.com\/?page_id=11979"},"modified":"2024-10-09T05:41:35","modified_gmt":"2024-10-09T12:41:35","slug":"sitemap","status":"publish","type":"page","link":"https:\/\/ameripharmainfusioncenter.com\/vi\/sitemap\/","title":{"rendered":"S\u01a1 \u0111\u1ed3 trang web"},"content":{"rendered":"<div class=\"wp-block-columns container sitemap-block is-layout-flex wp-container-core-columns-is-layout-9d6595d7 wp-block-columns-is-layout-flex\">\n<div class=\"wp-block-column is-layout-flow wp-block-column-is-layout-flow\" style=\"flex-basis:100%\">\n<h3 class=\"wp-block-heading has-text-color has-link-color wp-elements-5395321d29ea42d1f85a912291770e8a\" style=\"color:#102e61\">C\u00e1c trang<\/h3>\n\n\n<ul class=\"wp-block-page-list\"><li class=\"wp-block-pages-list__item\"><a class=\"wp-block-pages-list__item__link\" href=\"https:\/\/ameripharmainfusioncenter.com\/vi\/about-us\/\">Gi\u1edbi thi\u1ec7u v\u1ec1 ch\u00fang t\u00f4i<\/a><\/li><li class=\"wp-block-pages-list__item\"><a class=\"wp-block-pages-list__item__link\" href=\"https:\/\/ameripharmainfusioncenter.com\/vi\/blog\/\">Blog<\/a><\/li><li class=\"wp-block-pages-list__item\"><a class=\"wp-block-pages-list__item__link\" href=\"https:\/\/ameripharmainfusioncenter.com\/vi\/cidp-treatment-with-ivig-and-infusions-ameripharmas-effective-solutions\/\">\u0110i\u1ec1u tr\u1ecb CIDP b\u1eb1ng IVIG v\u00e0 truy\u1ec1n d\u1ecbch: Gi\u1ea3i ph\u00e1p hi\u1ec7u qu\u1ea3 c\u1ee7a AmeriPharma\u00ae<\/a><\/li><li class=\"wp-block-pages-list__item\"><a class=\"wp-block-pages-list__item__link\" href=\"https:\/\/ameripharmainfusioncenter.com\/vi\/common-variable-immunodeficiency-treatment-ameripharma-infusion-center\/\">\u0110i\u1ec1u tr\u1ecb suy gi\u1ea3m mi\u1ec5n d\u1ecbch bi\u1ebfn \u0111\u1ed5i ph\u1ed5 bi\u1ebfn | Trung t\u00e2m truy\u1ec1n d\u1ecbch AmeriPharma\u00ae<\/a><\/li><li class=\"wp-block-pages-list__item\"><a class=\"wp-block-pages-list__item__link\" href=\"https:\/\/ameripharmainfusioncenter.com\/vi\/contact-us\/\">Li\u00ean h\u1ec7 v\u1edbi ch\u00fang t\u00f4i<\/a><\/li><li class=\"wp-block-pages-list__item\"><a class=\"wp-block-pages-list__item__link\" href=\"https:\/\/ameripharmainfusioncenter.com\/vi\/cookie-policy\/\">Ch\u00ednh s\u00e1ch Cookie<\/a><\/li><li class=\"wp-block-pages-list__item\"><a class=\"wp-block-pages-list__item__link\" href=\"https:\/\/ameripharmainfusioncenter.com\/vi\/enrollment-forms\/\">Bi\u1ec3u m\u1eabu ghi danh<\/a><\/li><li class=\"wp-block-pages-list__item has-child\"><a class=\"wp-block-pages-list__item__link\" href=\"https:\/\/ameripharmainfusioncenter.com\/vi\/enzyme-replacement-therapy\/\">Li\u1ec7u ph\u00e1p thay th\u1ebf enzyme | AmeriPharma Infusion Centers<\/a><ul class=\"wp-block-navigation__submenu-container\"><li class=\"wp-block-pages-list__item\"><a class=\"wp-block-pages-list__item__link\" href=\"https:\/\/ameripharmainfusioncenter.com\/vi\/enzyme-replacement-therapy\/beverly-hills\/\">Li\u1ec7u ph\u00e1p thay th\u1ebf enzyme Beverly Hills | AmeriPharma<\/a><\/li><li class=\"wp-block-pages-list__item\"><a class=\"wp-block-pages-list__item__link\" href=\"https:\/\/ameripharmainfusioncenter.com\/vi\/enzyme-replacement-therapy\/houston-tx\/\">Li\u1ec7u ph\u00e1p thay th\u1ebf enzyme t\u1ea1i Houston, TX | AmeriPharma Infusion Center<\/a><\/li><li class=\"wp-block-pages-list__item\"><a class=\"wp-block-pages-list__item__link\" href=\"https:\/\/ameripharmainfusioncenter.com\/vi\/enzyme-replacement-therapy\/stuart-fl\/\">Li\u1ec7u ph\u00e1p thay th\u1ebf enzyme t\u1ea1i Stuart, FL | AmeriPharma Infusion Center<\/a><\/li><li class=\"wp-block-pages-list__item\"><a class=\"wp-block-pages-list__item__link\" href=\"https:\/\/ameripharmainfusioncenter.com\/vi\/enzyme-replacement-therapy\/trinity-fl\/\">Li\u1ec7u ph\u00e1p thay th\u1ebf enzyme t\u1ea1i Trinity, FL | AmeriPharma Infusion Center<\/a><\/li><li class=\"wp-block-pages-list__item\"><a class=\"wp-block-pages-list__item__link\" href=\"https:\/\/ameripharmainfusioncenter.com\/vi\/enzyme-replacement-therapy\/kirkland-wa\/\">Li\u1ec7u ph\u00e1p thay th\u1ebf enzyme Kirkland, WA | AmeriPharma<\/a><\/li><li class=\"wp-block-pages-list__item\"><a class=\"wp-block-pages-list__item__link\" href=\"https:\/\/ameripharmainfusioncenter.com\/vi\/enzyme-replacement-therapy\/orange-county\/\">Li\u1ec7u ph\u00e1p thay th\u1ebf enzyme Orange County | AmeriPharma<\/a><\/li><\/ul><\/li><li class=\"wp-block-pages-list__item\"><a class=\"wp-block-pages-list__item__link\" href=\"https:\/\/ameripharmainfusioncenter.com\/vi\/financial-assistance\/\">H\u1ed7 tr\u1ee3 t\u00e0i ch\u00ednh<\/a><\/li><li class=\"wp-block-pages-list__item\"><a class=\"wp-block-pages-list__item__link\" href=\"https:\/\/ameripharmainfusioncenter.com\/vi\/get-started\/\">B\u1eaft \u0111\u1ea7u<\/a><\/li><li class=\"wp-block-pages-list__item\"><a class=\"wp-block-pages-list__item__link\" href=\"https:\/\/ameripharmainfusioncenter.com\/vi\/healthcare-providers\/\">Nh\u00e0 cung c\u1ea5p d\u1ecbch v\u1ee5 ch\u0103m s\u00f3c s\u1ee9c kh\u1ecfe<\/a><\/li><li class=\"wp-block-pages-list__item\"><a class=\"wp-block-pages-list__item__link\" href=\"https:\/\/ameripharmainfusioncenter.com\/vi\/healthcare-providers-faqs\/\">C\u00e2u h\u1ecfi th\u01b0\u1eddng g\u1eb7p c\u1ee7a Nh\u00e0 cung c\u1ea5p d\u1ecbch v\u1ee5 ch\u0103m s\u00f3c s\u1ee9c kh\u1ecfe<\/a><\/li><li class=\"wp-block-pages-list__item\"><a class=\"wp-block-pages-list__item__link\" href=\"https:\/\/ameripharmainfusioncenter.com\/vi\/hipaa-privacy-notice\/\">Th\u00f4ng b\u00e1o v\u1ec1 quy\u1ec1n ri\u00eang t\u01b0 HIPAA<\/a><\/li><li class=\"wp-block-pages-list__item menu-item-home\"><a class=\"wp-block-pages-list__item__link\" href=\"https:\/\/ameripharmainfusioncenter.com\/vi\/\">Trang ch\u1ee7<\/a><\/li><li class=\"wp-block-pages-list__item\"><a class=\"wp-block-pages-list__item__link\" href=\"https:\/\/ameripharmainfusioncenter.com\/vi\/host-infusions\/\">Truy\u1ec1n d\u1ecbch ch\u1ee7 v\u1edbi AmeriPharma\u00ae<\/a><\/li><li class=\"wp-block-pages-list__item\"><a class=\"wp-block-pages-list__item__link\" href=\"https:\/\/ameripharmainfusioncenter.com\/vi\/host-patients\/\">B\u1ec7nh nh\u00e2n ch\u1ee7 nh\u00e0<\/a><\/li><li class=\"wp-block-pages-list__item\"><a class=\"wp-block-pages-list__item__link\" href=\"https:\/\/ameripharmainfusioncenter.com\/vi\/how-to-find-us-in-orange-ca\/\">L\u00e0m th\u1ebf n\u00e0o \u0111\u1ec3 t\u00ecm th\u1ea5y ch\u00fang t\u00f4i \u1edf Orange, CA<\/a><\/li><li class=\"wp-block-pages-list__item\"><a class=\"wp-block-pages-list__item__link\" href=\"https:\/\/ameripharmainfusioncenter.com\/vi\/infusion-therapy-for-rheumatoid-arthritis\/\">Li\u1ec7u ph\u00e1p truy\u1ec1n d\u1ecbch cho b\u1ec7nh vi\u00eam kh\u1edbp d\u1ea1ng th\u1ea5p<\/a><\/li><li class=\"wp-block-pages-list__item\"><a class=\"wp-block-pages-list__item__link\" href=\"https:\/\/ameripharmainfusioncenter.com\/vi\/iv-therapy-insurance\/\">B\u1ea3o hi\u1ec3m chi tr\u1ea3 cho li\u1ec7u ph\u00e1p truy\u1ec1n d\u1ecbch t\u0129nh m\u1ea1ch | Trung t\u00e2m truy\u1ec1n d\u1ecbch AmeriPharma\u00ae<\/a><\/li><li class=\"wp-block-pages-list__item\"><a class=\"wp-block-pages-list__item__link\" href=\"https:\/\/ameripharmainfusioncenter.com\/vi\/ivig\/\">Li\u1ec7u ph\u00e1p IVIG<\/a><\/li><li class=\"wp-block-pages-list__item\"><a class=\"wp-block-pages-list__item__link\" href=\"https:\/\/ameripharmainfusioncenter.com\/vi\/multiple-sclerosis-infusion-therapy\/\">Li\u1ec7u ph\u00e1p truy\u1ec1n d\u1ecbch cho b\u1ec7nh \u0111a x\u01a1 c\u1ee9ng<\/a><\/li><li class=\"wp-block-pages-list__item\"><a class=\"wp-block-pages-list__item__link\" href=\"https:\/\/ameripharmainfusioncenter.com\/vi\/near-our-infusion-center\/\">G\u1ea7n Trung t\u00e2m truy\u1ec1n d\u1ecbch c\u1ee7a ch\u00fang t\u00f4i<\/a><\/li><li class=\"wp-block-pages-list__item\"><a class=\"wp-block-pages-list__item__link\" href=\"https:\/\/ameripharmainfusioncenter.com\/vi\/networks-and-insurances-accepted-by-ameripharma-infusion-centers\/\">M\u1ea1ng l\u01b0\u1edbi v\u00e0 B\u1ea3o hi\u1ec3m \u0111\u01b0\u1ee3c Trung t\u00e2m truy\u1ec1n d\u1ecbch AmeriPharma\u00ae ch\u1ea5p nh\u1eadn<\/a><\/li><li class=\"wp-block-pages-list__item\"><a class=\"wp-block-pages-list__item__link\" href=\"https:\/\/ameripharmainfusioncenter.com\/vi\/notice-of-privacy-practices\/\">Th\u00f4ng b\u00e1o v\u1ec1 Th\u1ef1c h\u00e0nh B\u1ea3o m\u1eadt<\/a><\/li><li class=\"wp-block-pages-list__item\"><a class=\"wp-block-pages-list__item__link\" href=\"https:\/\/ameripharmainfusioncenter.com\/vi\/patient-faqs\/\">C\u00e2u h\u1ecfi th\u01b0\u1eddng g\u1eb7p c\u1ee7a b\u1ec7nh nh\u00e2n<\/a><\/li><li class=\"wp-block-pages-list__item\"><a class=\"wp-block-pages-list__item__link\" href=\"https:\/\/ameripharmainfusioncenter.com\/vi\/patients-caregivers-faqs\/\">C\u00e2u h\u1ecfi th\u01b0\u1eddng g\u1eb7p c\u1ee7a b\u1ec7nh nh\u00e2n<\/a><\/li><li class=\"wp-block-pages-list__item\"><a class=\"wp-block-pages-list__item__link\" href=\"https:\/\/ameripharmainfusioncenter.com\/vi\/patients-caregivers\/\">B\u1ec7nh nh\u00e2n &amp; Ng\u01b0\u1eddi ch\u0103m s\u00f3c<\/a><\/li><li class=\"wp-block-pages-list__item\"><a class=\"wp-block-pages-list__item__link\" href=\"https:\/\/ameripharmainfusioncenter.com\/vi\/privacy-policy\/\">Ch\u00ednh s\u00e1ch b\u1ea3o m\u1eadt<\/a><\/li><li class=\"wp-block-pages-list__item has-child\"><a class=\"wp-block-pages-list__item__link\" href=\"https:\/\/ameripharmainfusioncenter.com\/vi\/biologics-infusion-therapy\/\">Trung t\u00e2m truy\u1ec1n d\u1ecbch Remicade g\u1ea7n t\u00f4i | Truy\u1ec1n d\u1ecbch AmeriPharma<\/a><ul class=\"wp-block-navigation__submenu-container\"><li class=\"wp-block-pages-list__item\"><a class=\"wp-block-pages-list__item__link\" href=\"https:\/\/ameripharmainfusioncenter.com\/vi\/biologics-infusion-therapy\/houston-tx\/\">Li\u1ec7u ph\u00e1p truy\u1ec1n d\u1ecbch sinh h\u1ecdc Houston, TX | AmeriPharma Infusion Center<\/a><\/li><li class=\"wp-block-pages-list__item\"><a class=\"wp-block-pages-list__item__link\" href=\"https:\/\/ameripharmainfusioncenter.com\/vi\/biologics-infusion-therapy\/stuart-fl\/\">Li\u1ec7u ph\u00e1p truy\u1ec1n d\u1ecbch sinh h\u1ecdc Stuart, FL | AmeriPharma Infusion Center<\/a><\/li><li class=\"wp-block-pages-list__item\"><a class=\"wp-block-pages-list__item__link\" href=\"https:\/\/ameripharmainfusioncenter.com\/vi\/biologics-infusion-therapy\/trinity-fl\/\">Li\u1ec7u ph\u00e1p truy\u1ec1n d\u1ecbch sinh h\u1ecdc Trinity, FL | AmeriPharma Infusion Center<\/a><\/li><li class=\"wp-block-pages-list__item\"><a class=\"wp-block-pages-list__item__link\" href=\"https:\/\/ameripharmainfusioncenter.com\/vi\/biologics-infusion-therapy\/beverly-hills\/\">Trung t\u00e2m truy\u1ec1n d\u1ecbch Remicade g\u1ea7n t\u00f4i | Trung t\u00e2m truy\u1ec1n d\u1ecbch AmeriPharma Beverly Hills<\/a><\/li><li class=\"wp-block-pages-list__item\"><a class=\"wp-block-pages-list__item__link\" href=\"https:\/\/ameripharmainfusioncenter.com\/vi\/biologics-infusion-therapy\/kirkland-wa\/\">Trung t\u00e2m truy\u1ec1n d\u1ecbch Remicade g\u1ea7n t\u00f4i | Trung t\u00e2m truy\u1ec1n d\u1ecbch AmeriPharma Kirkland<\/a><\/li><li class=\"wp-block-pages-list__item\"><a class=\"wp-block-pages-list__item__link\" href=\"https:\/\/ameripharmainfusioncenter.com\/vi\/biologics-infusion-therapy\/orange-county\/\">Trung t\u00e2m truy\u1ec1n d\u1ecbch Remicade g\u1ea7n t\u00f4i | Truy\u1ec1n d\u1ecbch AmeriPharma Orange County<\/a><\/li><\/ul><\/li><li class=\"wp-block-pages-list__item\"><a class=\"wp-block-pages-list__item__link\" href=\"https:\/\/ameripharmainfusioncenter.com\/vi\/sitemap\/\">S\u01a1 \u0111\u1ed3 trang web<\/a><\/li><li class=\"wp-block-pages-list__item has-child\"><a class=\"wp-block-pages-list__item__link\" href=\"https:\/\/ameripharmainfusioncenter.com\/vi\/specialty-infusion-center-locations\/\">\u0110\u1ecba \u0111i\u1ec3m c\u00e1c Trung t\u00e2m Truy\u1ec1n d\u1ecbch Chuy\u00ean khoa<\/a><ul class=\"wp-block-navigation__submenu-container\"><li class=\"wp-block-pages-list__item\"><a class=\"wp-block-pages-list__item__link\" href=\"https:\/\/ameripharmainfusioncenter.com\/vi\/specialty-infusion-center-locations\/beverly-hills-ca\/\">Trung t\u00e2m truy\u1ec1n d\u1ecbch tr\u1ecb li\u1ec7u IV Beverly Hills<\/a><\/li><li class=\"wp-block-pages-list__item\"><a class=\"wp-block-pages-list__item__link\" href=\"https:\/\/ameripharmainfusioncenter.com\/vi\/specialty-infusion-center-locations\/houston-tx\/\">Houston, TX Li\u1ec7u ph\u00e1p truy\u1ec1n d\u1ecbch t\u0129nh m\u1ea1ch<\/a><\/li><li class=\"wp-block-pages-list__item\"><a class=\"wp-block-pages-list__item__link\" href=\"https:\/\/ameripharmainfusioncenter.com\/vi\/specialty-infusion-center-locations\/orange-ca\/\">Trung t\u00e2m truy\u1ec1n d\u1ecbch IV t\u1ea1i Orange County<\/a><\/li><li class=\"wp-block-pages-list__item\"><a class=\"wp-block-pages-list__item__link\" href=\"https:\/\/ameripharmainfusioncenter.com\/vi\/specialty-infusion-center-locations\/kirkland-wa\/\">Li\u1ec7u ph\u00e1p truy\u1ec1n d\u1ecbch t\u0129nh m\u1ea1ch Kirkland, WA<\/a><\/li><li class=\"wp-block-pages-list__item\"><a class=\"wp-block-pages-list__item__link\" href=\"https:\/\/ameripharmainfusioncenter.com\/vi\/specialty-infusion-center-locations\/stuart-fl\/\">Stuart, FL Li\u1ec7u ph\u00e1p truy\u1ec1n d\u1ecbch t\u0129nh m\u1ea1ch<\/a><\/li><li class=\"wp-block-pages-list__item\"><a class=\"wp-block-pages-list__item__link\" href=\"https:\/\/ameripharmainfusioncenter.com\/vi\/specialty-infusion-center-locations\/trinity-fl\/\">Li\u1ec7u ph\u00e1p truy\u1ec1n d\u1ecbch t\u0129nh m\u1ea1ch t\u1ea1i Trinity, Florida<\/a><\/li><\/ul><\/li><li class=\"wp-block-pages-list__item\"><a class=\"wp-block-pages-list__item__link\" href=\"https:\/\/ameripharmainfusioncenter.com\/vi\/specialty-neurological-infusion-therapy\/\">Li\u1ec7u ph\u00e1p truy\u1ec1n d\u1ecbch chuy\u00ean khoa th\u1ea7n kinh | Vyvgart, Vyepti &amp; Ocrevus | AmeriPharma<\/a><\/li><li class=\"wp-block-pages-list__item\"><a class=\"wp-block-pages-list__item__link\" href=\"https:\/\/ameripharmainfusioncenter.com\/vi\/terms-of-use\/\">\u0110i\u1ec1u kho\u1ea3n s\u1eed d\u1ee5ng<\/a><\/li><li class=\"wp-block-pages-list__item\"><a class=\"wp-block-pages-list__item__link\" href=\"https:\/\/ameripharmainfusioncenter.com\/vi\/thank-you\/\">C\u1ea3m \u01a1n<\/a><\/li><li class=\"wp-block-pages-list__item\"><a class=\"wp-block-pages-list__item__link\" href=\"https:\/\/ameripharmainfusioncenter.com\/vi\/treatment-care\/\">\u0110i\u1ec1u tr\u1ecb &amp; Ch\u0103m s\u00f3c<\/a><\/li><li class=\"wp-block-pages-list__item\"><a class=\"wp-block-pages-list__item__link\" href=\"https:\/\/ameripharmainfusioncenter.com\/vi\/ulcerative-colitis-and-crohns-infusion-treatment-at-ameripharma-infusion-center\/\">\u0110i\u1ec1u tr\u1ecb vi\u00eam lo\u00e9t \u0111\u1ea1i tr\u00e0ng v\u00e0 b\u1ec7nh Crohn b\u1eb1ng truy\u1ec1n d\u1ecbch t\u1ea1i Trung t\u00e2m truy\u1ec1n d\u1ecbch AmeriPharma\u00ae<\/a><\/li><li class=\"wp-block-pages-list__item\"><a class=\"wp-block-pages-list__item__link\" href=\"https:\/\/ameripharmainfusioncenter.com\/vi\/what-you-need-to-know-about-ivig\/\">Nh\u1eefng \u0111i\u1ec1u b\u1ea1n c\u1ea7n bi\u1ebft v\u1ec1 IVIG<\/a><\/li><li class=\"wp-block-pages-list__item\"><a class=\"wp-block-pages-list__item__link\" href=\"https:\/\/ameripharmainfusioncenter.com\/vi\/what-you-need-to-know-about-ivig-therapy\/\">Nh\u1eefng \u0111i\u1ec1u b\u1ea1n c\u1ea7n bi\u1ebft v\u1ec1 li\u1ec7u ph\u00e1p IVIG<\/a><\/li><li class=\"wp-block-pages-list__item\"><a class=\"wp-block-pages-list__item__link\" href=\"https:\/\/ameripharmainfusioncenter.com\/vi\/your-privacy-choices\/\">L\u1ef1a ch\u1ecdn quy\u1ec1n ri\u00eang t\u01b0 c\u1ee7a b\u1ea1n<\/a><\/li><\/ul>\n\n\n<div style=\"height:100px\" aria-hidden=\"true\" class=\"wp-block-spacer\"><\/div>\n<\/div>\n<\/div>\n\n\n\n<p><\/p>","protected":false},"excerpt":{"rendered":"<p>C\u00e1c trang<\/p>","protected":false},"author":26,"featured_media":0,"parent":0,"menu_order":0,"comment_status":"closed","ping_status":"closed","template":"","meta":{"_acf_changed":false,"inline_featured_image":false,"_uag_custom_page_level_css":"","footnotes":""},"class_list":["post-11979","page","type-page","status-publish","hentry"],"acf":[],"yoast_head":"<!-- This site is optimized with the Yoast SEO plugin v27.5 - https:\/\/yoast.com\/product\/yoast-seo-wordpress\/ -->\n<title>Sitemap | AmeriPharma Infusion Center<\/title>\n<meta name=\"description\" content=\"Browse the site map for AmeriPharma Infusion Centers.\" \/>\n<meta name=\"robots\" content=\"index, follow, max-snippet:-1, max-image-preview:large, max-video-preview:-1\" \/>\n<link rel=\"canonical\" href=\"https:\/\/ameripharmainfusioncenter.com\/vi\/sitemap\/\" \/>\n<meta property=\"og:locale\" content=\"vi_VN\" \/>\n<meta property=\"og:type\" content=\"article\" \/>\n<meta property=\"og:title\" content=\"Sitemap | AmeriPharma Infusion Center\" \/>\n<meta property=\"og:description\" content=\"Browse the site map for AmeriPharma Infusion Centers.\" \/>\n<meta property=\"og:url\" content=\"https:\/\/ameripharmainfusioncenter.com\/vi\/sitemap\/\" \/>\n<meta property=\"og:site_name\" content=\"AmeriPharma Infusion Center\" \/>\n<meta property=\"article:publisher\" content=\"https:\/\/www.facebook.com\/AmeriPharmaInfusionCenter\/\" \/>\n<meta property=\"article:modified_time\" content=\"2024-10-09T12:41:35+00:00\" \/>\n<meta property=\"og:image\" content=\"https:\/\/ameripharmainfusioncenter.com\/wp-content\/uploads\/2023\/06\/infusion-center-logo-large-square.png\" \/>\n\t<meta property=\"og:image:width\" content=\"400\" \/>\n\t<meta property=\"og:image:height\" content=\"400\" \/>\n\t<meta property=\"og:image:type\" content=\"image\/png\" \/>\n<meta name=\"twitter:card\" content=\"summary_large_image\" \/>\n<meta name=\"twitter:label1\" content=\"\u01af\u1edbc t\u00ednh th\u1eddi gian \u0111\u1ecdc\" \/>\n\t<meta name=\"twitter:data1\" content=\"1 ph\u00fat\" \/>\n<script type=\"application\/ld+json\" class=\"yoast-schema-graph\">{\"@context\":\"https:\\\/\\\/schema.org\",\"@graph\":[{\"@type\":\"WebPage\",\"@id\":\"https:\\\/\\\/ameripharmainfusioncenter.com\\\/sitemap\\\/\",\"url\":\"https:\\\/\\\/ameripharmainfusioncenter.com\\\/sitemap\\\/\",\"name\":\"Sitemap | AmeriPharma Infusion Center\",\"isPartOf\":{\"@id\":\"https:\\\/\\\/ameripharmainfusioncenter.com\\\/#website\"},\"datePublished\":\"2023-05-04T22:20:51+00:00\",\"dateModified\":\"2024-10-09T12:41:35+00:00\",\"description\":\"Browse the site map for AmeriPharma Infusion Centers.\",\"breadcrumb\":{\"@id\":\"https:\\\/\\\/ameripharmainfusioncenter.com\\\/sitemap\\\/#breadcrumb\"},\"inLanguage\":\"vi\",\"potentialAction\":[{\"@type\":\"ReadAction\",\"target\":[\"https:\\\/\\\/ameripharmainfusioncenter.com\\\/sitemap\\\/\"]}]},{\"@type\":\"BreadcrumbList\",\"@id\":\"https:\\\/\\\/ameripharmainfusioncenter.com\\\/sitemap\\\/#breadcrumb\",\"itemListElement\":[{\"@type\":\"ListItem\",\"position\":1,\"name\":\"Home\",\"item\":\"https:\\\/\\\/ameripharmainfusioncenter.com\\\/\"},{\"@type\":\"ListItem\",\"position\":2,\"name\":\"Sitemap\"}]},{\"@type\":\"WebSite\",\"@id\":\"https:\\\/\\\/ameripharmainfusioncenter.com\\\/#website\",\"url\":\"https:\\\/\\\/ameripharmainfusioncenter.com\\\/\",\"name\":\"AmeriPharma Infusion Center\",\"description\":\"Prescription-based Infusion Center in Orange, CA\",\"publisher\":{\"@id\":\"https:\\\/\\\/ameripharmainfusioncenter.com\\\/#organization\"},\"potentialAction\":[{\"@type\":\"SearchAction\",\"target\":{\"@type\":\"EntryPoint\",\"urlTemplate\":\"https:\\\/\\\/ameripharmainfusioncenter.com\\\/?s={search_term_string}\"},\"query-input\":{\"@type\":\"PropertyValueSpecification\",\"valueRequired\":true,\"valueName\":\"search_term_string\"}}],\"inLanguage\":\"vi\"},{\"@type\":\"Organization\",\"@id\":\"https:\\\/\\\/ameripharmainfusioncenter.com\\\/#organization\",\"name\":\"AmeriPharma Infusion Center\",\"url\":\"https:\\\/\\\/ameripharmainfusioncenter.com\\\/\",\"logo\":{\"@type\":\"ImageObject\",\"inLanguage\":\"vi\",\"@id\":\"https:\\\/\\\/ameripharmainfusioncenter.com\\\/#\\\/schema\\\/logo\\\/image\\\/\",\"url\":\"https:\\\/\\\/ameripharmainfusioncenter.com\\\/wp-content\\\/uploads\\\/2023\\\/02\\\/AmeriPharma-InfusionCenter-logo.png\",\"contentUrl\":\"https:\\\/\\\/ameripharmainfusioncenter.com\\\/wp-content\\\/uploads\\\/2023\\\/02\\\/AmeriPharma-InfusionCenter-logo.png\",\"width\":375,\"height\":60,\"caption\":\"AmeriPharma Infusion Center\"},\"image\":{\"@id\":\"https:\\\/\\\/ameripharmainfusioncenter.com\\\/#\\\/schema\\\/logo\\\/image\\\/\"},\"sameAs\":[\"https:\\\/\\\/www.facebook.com\\\/AmeriPharmaInfusionCenter\\\/\",\"https:\\\/\\\/www.linkedin.com\\\/company\\\/ameripharma\",\"https:\\\/\\\/www.youtube.com\\\/channel\\\/UCdo4qXkWsAwiSz4-f-yz0Aw\"]}]}<\/script>\n<!-- \/ Yoast SEO plugin. -->","yoast_head_json":{"title":"S\u01a1 \u0111\u1ed3 trang web | AmeriPharma Infusion Center","description":"Duy\u1ec7t s\u01a1 \u0111\u1ed3 trang web \u0111\u1ec3 t\u00ecm AmeriPharma Infusion Centers.","robots":{"index":"index","follow":"follow","max-snippet":"max-snippet:-1","max-image-preview":"max-image-preview:large","max-video-preview":"max-video-preview:-1"},"canonical":"https:\/\/ameripharmainfusioncenter.com\/vi\/sitemap\/","og_locale":"vi_VN","og_type":"article","og_title":"Sitemap | AmeriPharma Infusion Center","og_description":"Browse the site map for AmeriPharma Infusion Centers.","og_url":"https:\/\/ameripharmainfusioncenter.com\/vi\/sitemap\/","og_site_name":"AmeriPharma Infusion Center","article_publisher":"https:\/\/www.facebook.com\/AmeriPharmaInfusionCenter\/","article_modified_time":"2024-10-09T12:41:35+00:00","og_image":[{"width":400,"height":400,"url":"https:\/\/ameripharmainfusioncenter.com\/wp-content\/uploads\/2023\/06\/infusion-center-logo-large-square.png","type":"image\/png"}],"twitter_card":"summary_large_image","twitter_misc":{"\u01af\u1edbc t\u00ednh th\u1eddi gian \u0111\u1ecdc":"1 ph\u00fat"},"schema":{"@context":"https:\/\/schema.org","@graph":[{"@type":"WebPage","@id":"https:\/\/ameripharmainfusioncenter.com\/sitemap\/","url":"https:\/\/ameripharmainfusioncenter.com\/sitemap\/","name":"S\u01a1 \u0111\u1ed3 trang web | AmeriPharma Infusion Center","isPartOf":{"@id":"https:\/\/ameripharmainfusioncenter.com\/#website"},"datePublished":"2023-05-04T22:20:51+00:00","dateModified":"2024-10-09T12:41:35+00:00","description":"Duy\u1ec7t s\u01a1 \u0111\u1ed3 trang web \u0111\u1ec3 t\u00ecm AmeriPharma Infusion Centers.","breadcrumb":{"@id":"https:\/\/ameripharmainfusioncenter.com\/sitemap\/#breadcrumb"},"inLanguage":"vi","potentialAction":[{"@type":"ReadAction","target":["https:\/\/ameripharmainfusioncenter.com\/sitemap\/"]}]},{"@type":"BreadcrumbList","@id":"https:\/\/ameripharmainfusioncenter.com\/sitemap\/#breadcrumb","itemListElement":[{"@type":"ListItem","position":1,"name":"Home","item":"https:\/\/ameripharmainfusioncenter.com\/"},{"@type":"ListItem","position":2,"name":"Sitemap"}]},{"@type":"WebSite","@id":"https:\/\/ameripharmainfusioncenter.com\/#website","url":"https:\/\/ameripharmainfusioncenter.com\/","name":"AmeriPharma Infusion Center","description":"Trung t\u00e2m truy\u1ec1n d\u1ecbch theo toa t\u1ea1i Orange, CA","publisher":{"@id":"https:\/\/ameripharmainfusioncenter.com\/#organization"},"potentialAction":[{"@type":"SearchAction","target":{"@type":"EntryPoint","urlTemplate":"https:\/\/ameripharmainfusioncenter.com\/?s={search_term_string}"},"query-input":{"@type":"PropertyValueSpecification","valueRequired":true,"valueName":"search_term_string"}}],"inLanguage":"vi"},{"@type":"Organization","@id":"https:\/\/ameripharmainfusioncenter.com\/#organization","name":"AmeriPharma Infusion Center","url":"https:\/\/ameripharmainfusioncenter.com\/","logo":{"@type":"ImageObject","inLanguage":"vi","@id":"https:\/\/ameripharmainfusioncenter.com\/#\/schema\/logo\/image\/","url":"https:\/\/ameripharmainfusioncenter.com\/wp-content\/uploads\/2023\/02\/AmeriPharma-InfusionCenter-logo.png","contentUrl":"https:\/\/ameripharmainfusioncenter.com\/wp-content\/uploads\/2023\/02\/AmeriPharma-InfusionCenter-logo.png","width":375,"height":60,"caption":"AmeriPharma Infusion Center"},"image":{"@id":"https:\/\/ameripharmainfusioncenter.com\/#\/schema\/logo\/image\/"},"sameAs":["https:\/\/www.facebook.com\/AmeriPharmaInfusionCenter\/","https:\/\/www.linkedin.com\/company\/ameripharma","https:\/\/www.youtube.com\/channel\/UCdo4qXkWsAwiSz4-f-yz0Aw"]}]}},"uagb_featured_image_src":{"full":false,"thumbnail":false,"medium":false,"medium_large":false,"large":false,"1536x1536":false,"2048x2048":false,"trp-custom-language-flag":false,"block-image-html-large":false,"ct-gallery":false,"ct-section-header":false,"ct-thumb":false,"ct-thumb-large":false,"ct-small":false,"ct-medium":false,"ct-xmedium":false,"ct-large":false},"uagb_author_info":{"display_name":"AmeriPharma Infusion Center Staff","author_link":"https:\/\/ameripharmainfusioncenter.com\/vi\/author\/ameripharma-infusion-center-staff\/"},"uagb_comment_info":0,"uagb_excerpt":"Pages","_links":{"self":[{"href":"https:\/\/ameripharmainfusioncenter.com\/vi\/wp-json\/wp\/v2\/pages\/11979","targetHints":{"allow":["GET"]}}],"collection":[{"href":"https:\/\/ameripharmainfusioncenter.com\/vi\/wp-json\/wp\/v2\/pages"}],"about":[{"href":"https:\/\/ameripharmainfusioncenter.com\/vi\/wp-json\/wp\/v2\/types\/page"}],"author":[{"embeddable":true,"href":"https:\/\/ameripharmainfusioncenter.com\/vi\/wp-json\/wp\/v2\/users\/26"}],"replies":[{"embeddable":true,"href":"https:\/\/ameripharmainfusioncenter.com\/vi\/wp-json\/wp\/v2\/comments?post=11979"}],"version-history":[{"count":0,"href":"https:\/\/ameripharmainfusioncenter.com\/vi\/wp-json\/wp\/v2\/pages\/11979\/revisions"}],"wp:attachment":[{"href":"https:\/\/ameripharmainfusioncenter.com\/vi\/wp-json\/wp\/v2\/media?parent=11979"}],"curies":[{"name":"wp","href":"https:\/\/api.w.org\/{rel}","templated":true}]}}