{"id":11932,"date":"2023-03-15T13:49:23","date_gmt":"2023-03-15T20:49:23","guid":{"rendered":"https:\/\/ameripharmainfusioncenter.com\/?page_id=11932"},"modified":"2025-12-12T06:03:24","modified_gmt":"2025-12-12T14:03:24","slug":"what-you-need-to-know-about-ivig","status":"publish","type":"page","link":"https:\/\/ameripharmainfusioncenter.com\/vi\/what-you-need-to-know-about-ivig\/","title":{"rendered":"Nh\u1eefng \u0111i\u1ec1u b\u1ea1n c\u1ea7n bi\u1ebft v\u1ec1 IVIG"},"content":{"rendered":"<div class=\"wp-block-columns container about-ivig-block is-layout-flex wp-container-core-columns-is-layout-9d6595d7 wp-block-columns-is-layout-flex\">\n<div class=\"wp-block-column is-layout-flow wp-block-column-is-layout-flow\">\n<h5 class=\"wp-block-heading\"><strong>Nh\u1eefng \u0111i\u1ec1u b\u1ea1n c\u1ea7n bi\u1ebft v\u1ec1 IVI<\/strong>G<\/h5>\n\n\n\n<p class=\"has-large-font-size\">IVIG l\u00e0 vi\u1ebft t\u1eaft c\u1ee7a globulin mi\u1ec5n d\u1ecbch ti\u00eam t\u0129nh m\u1ea1ch, m\u1ed9t li\u1ec7u ph\u00e1p \u0111i\u1ec1u tr\u1ecb c\u1ee9u s\u1ed1ng \u0111\u01b0\u1ee3c s\u1eed d\u1ee5ng \u0111\u1ec3 h\u1ed7 tr\u1ee3 nh\u1eefng ng\u01b0\u1eddi c\u00f3 h\u1ec7 mi\u1ec5n d\u1ecbch suy y\u1ebfu v\u00e0 c\u00e1c b\u1ec7nh l\u00fd kh\u00e1c. Globulin mi\u1ec5n d\u1ecbch d\u01b0\u1edbi da (SCIg) l\u00e0 ph\u01b0\u01a1ng ph\u00e1p \u0111i\u1ec1u tr\u1ecb \u0111\u01b0a globulin mi\u1ec5n d\u1ecbch v\u00e0o h\u1ec7 th\u1ed1ng b\u1eb1ng c\u00e1ch ti\u00eam v\u00e0o m\u00f4 m\u1ee1 d\u01b0\u1edbi da. Globulin mi\u1ec5n d\u1ecbch \u0111\u01b0\u1ee3c ph\u00e2n l\u1eadp t\u1eeb huy\u1ebft t\u01b0\u01a1ng kh\u1ecfe m\u1ea1nh nh\u1eadn \u0111\u01b0\u1ee3c t\u1eeb ng\u01b0\u1eddi hi\u1ebfn t\u1eb7ng s\u1ebd \u0111\u01b0\u1ee3c pha th\u00e0nh dung d\u1ecbch v\u00f4 tr\u00f9ng, sau \u0111\u00f3 \u0111\u01b0\u1ee3c ti\u00eam t\u0129nh m\u1ea1ch cho b\u1ec7nh nh\u00e2n. Theo&nbsp;<a href=\"https:\/\/www.ncbi.nlm.nih.gov\/pmc\/articles\/PMC1809480\/\">Trung t\u00e2m th\u00f4ng tin c\u00f4ng ngh\u1ec7 sinh h\u1ecdc qu\u1ed1c gia<\/a>&nbsp;(NCBI), m\u1ed7i l\u00f4 IVIG ch\u1ee9a huy\u1ebft thanh c\u1ee7a 10.000 \u0111\u1ebfn 15.000 ng\u01b0\u1eddi hi\u1ebfn m\u00e1u.<\/p>\n\n\n\n<div style=\"height:50px\" aria-hidden=\"true\" class=\"wp-block-spacer\"><\/div>\n\n\n\n<h5 class=\"wp-block-heading\"><strong>Hi\u1ec3u v\u1ec1 globulin mi\u1ec5n d\u1ecbch<\/strong><\/h5>\n\n\n\n<div  id=\"image-30-text-70-6db7feef56259f43dbb0ff70cacedf0f\" style=\"\" class=\"uig-block roundedimg img30text70 white\">\n\t<div class=\"container\">\n\t\t<div class=\"block-wrap right\">\n\t\t\t<div class=\"block-column image\">\n\t\t\t\t<picture class=\"image-30\">\n\t\t\t\t\t\t\t\t\t\t<source media=\"(min-width:768px)\" srcset=\"https:\/\/ameripharmainfusioncenter.com\/wp-content\/uploads\/2019\/04\/ameripharma-small-iv-close-up.jpg\">\n\t\t\t\t\t<img decoding=\"async\" src=\"https:\/\/ameripharmainfusioncenter.com\/wp-content\/uploads\/2019\/04\/ameripharma-small-iv-close-up.jpg\" alt=\"https:\/\/ameripharmainfusioncenter.com\/wp-content\/uploads\/2019\/04\/ameripharma-small-iv-close-up.jpg\" style=\"width:auto;\">\n\t\t\t\t<\/picture>\n\t\t\t<\/div>\n\t\t\t<div class=\"block-column\">\n\t\t\t\t<div class=\"text\">\n\t\t\t\t\t<p>Globulin mi\u1ec5n d\u1ecbch (g\u1ecdi t\u1eaft l\u00e0 Ig) l\u00e0 m\u1ed9t lo\u1ea1i protein c\u00f3 trong m\u00e1u, quan tr\u1ecdng \u0111\u1ed1i v\u1edbi c\u01a1 th\u1ec3 b\u1ea1n nh\u01b0 ch\u1ea5t dinh d\u01b0\u1ee1ng v\u00e0 oxy v\u00e0 l\u00e0 m\u1ed9t ph\u1ea7n c\u1ea7n thi\u1ebft c\u1ee7a h\u1ec7 th\u1ed1ng mi\u1ec5n d\u1ecbch. Ig ch\u1ed1ng l\u1ea1i c\u00e1c kh\u00e1ng nguy\u00ean x\u00e2m nh\u1eadp v\u00e0o c\u01a1 th\u1ec3 bao g\u1ed3m vi khu\u1ea9n, vi-r\u00fat v\u00e0 \u0111\u1ed9c t\u1ed1. N\u1ebfu kh\u00f4ng c\u00f3 ch\u00fang, c\u01a1 th\u1ec3 s\u1ebd kh\u00f3 b\u1ea3o v\u1ec7 c\u00e1c h\u1ec7 th\u1ed1ng c\u1ee7a m\u00ecnh kh\u1ecfi c\u00e1c b\u1ec7nh nhi\u1ec5m tr\u00f9ng v\u00e0 b\u1ec7nh t\u1eadt. Th\u1eadt kh\u00f4ng may, m\u1ed9t s\u1ed1 b\u1ec7nh t\u1ea5n c\u00f4ng tr\u1ef1c ti\u1ebfp v\u00e0o c\u00e1c kh\u00e1ng th\u1ec3 c\u1ee7a c\u01a1 th\u1ec3 ho\u1eb7c \u1ea3nh h\u01b0\u1edfng \u0111\u1ebfn kh\u1ea3 n\u0103ng t\u1ea1o ra ch\u00fang, l\u00e0m suy y\u1ebfu h\u1ec7 th\u1ed1ng mi\u1ec5n d\u1ecbch. May m\u1eafn thay, m\u1ed9t ph\u01b0\u01a1ng ph\u00e1p \u0111i\u1ec1u tr\u1ecb \u0111\u00e3 \u0111\u01b0\u1ee3c ph\u00e1t tri\u1ec3n \u0111\u1ec3 gi\u00fap nh\u1eefng ng\u01b0\u1eddi m\u1eafc c\u00e1c r\u1ed1i lo\u1ea1n h\u1ec7 th\u1ed1ng mi\u1ec5n d\u1ecbch.<\/p>\n<p><a class=\"uagb-buttons-repeater wp-block-button__link uig-btn\" href=\"https:\/\/ameripharmainfusioncenter.com\/vi\/contact-us\/\">H\u1ecfi d\u01b0\u1ee3c s\u0129 c\u1ee7a ch\u00fang t\u00f4i v\u1ec1 IVIG<\/a><\/p>\n\t\t\t\t<\/div>\n\t\t\t<\/div>\n\t\t<\/div>\n\t<\/div>\n<\/div>\n\n\n\n<h5 class=\"wp-block-heading\"><strong>Li\u1ec7u ph\u00e1p IVIG c\u00f3 l\u1ee3i cho ai?<\/strong><\/h5>\n\n\n\n<p class=\"has-large-font-size\">Nh\u1eefng ng\u01b0\u1eddi b\u1ecb suy gi\u1ea3m mi\u1ec5n d\u1ecbch kh\u00f4ng th\u1ec3 s\u1ea3n xu\u1ea5t \u0111\u1ee7 (ho\u1eb7c th\u1eadm ch\u00ed kh\u00f4ng s\u1ea3n xu\u1ea5t kh\u00e1ng th\u1ec3 trong m\u1ed9t s\u1ed1 tr\u01b0\u1eddng h\u1ee3p) \u0111\u1ec3 ch\u1ed1ng l\u1ea1i c\u00e1c kh\u00e1ng nguy\u00ean. K\u1ebft qu\u1ea3 l\u00e0, c\u01a1 th\u1ec3 d\u1ec5 b\u1ecb nhi\u1ec5m tr\u00f9ng v\u00e0 vi\u00eam. B\u1ec7nh nh\u00e2n \u0111\u01b0\u1ee3c ch\u1ea9n \u0111o\u00e1n m\u1eafc b\u1ec7nh vi\u00eam \u0111a d\u00e2y th\u1ea7n kinh m\u1ea5t myelin m\u1ea1n t\u00ednh (CIDP), b\u1ec7nh \u0111a x\u01a1 c\u1ee9ng v\u00e0 b\u1ec7nh nh\u01b0\u1ee3c c\u01a1 th\u01b0\u1eddng \u0111\u01b0\u1ee3c \u0111i\u1ec1u tr\u1ecb b\u1eb1ng li\u1ec7u ph\u00e1p IVIG. Trong m\u1ed9t s\u1ed1 tr\u01b0\u1eddng h\u1ee3p, IVIG c\u0169ng \u0111\u01b0\u1ee3c s\u1eed d\u1ee5ng \u0111\u1ec3 \u0111i\u1ec1u tr\u1ecb b\u1ec7nh nh\u00e2n m\u1eafc c\u00e1c b\u1ec7nh t\u1ef1 mi\u1ec5n nh\u01b0 lupus v\u00e0 vi\u00eam c\u01a1 (c\u00e1c t\u00ecnh tr\u1ea1ng g\u00e2y vi\u00eam).<\/p>\n\n\n\n<div style=\"height:30px\" aria-hidden=\"true\" class=\"wp-block-spacer\"><\/div>\n\n\n\n<h5 class=\"wp-block-heading\"><strong>IVIG ho\u1ea1t \u0111\u1ed9ng nh\u01b0 th\u1ebf n\u00e0o v\u00e0 \u0111\u01b0\u1ee3c s\u1eed d\u1ee5ng ra sao?<\/strong><\/h5>\n\n\n\n<p class=\"has-large-font-size\">Globulin mi\u1ec5n d\u1ecbch \u0111\u01b0\u1ee3c \u0111\u01b0a tr\u1ef1c ti\u1ebfp v\u00e0o m\u00e1u qua \u0111\u01b0\u1eddng t\u0129nh m\u1ea1ch th\u00f4ng qua \u1ed1ng th\u00f4ng tr\u00ean c\u00e1nh tay c\u1ee7a b\u1ea1n ho\u1eb7c qua \u0111\u01b0\u1eddng truy\u1ec1n trung t\u00e2m \u1edf v\u00f9ng ng\u1ef1c. M\u1ed9t chuy\u00ean gia y t\u1ebf \u0111\u01b0\u1ee3c \u0111\u00e0o t\u1ea1o v\u00e0 c\u1ea5p ph\u00e9p, ch\u1eb3ng h\u1ea1n nh\u01b0 y t\u00e1 IV \u0111\u01b0\u1ee3c ch\u1ee9ng nh\u1eadn, ph\u1ea3i th\u1ef1c hi\u1ec7n \u0111i\u1ec1u tr\u1ecb t\u1ea1i m\u1ed9t trong hai&nbsp;<a href=\"https:\/\/ameripharmainfusioncenter.com\/vi\/locations\/\">trung t\u00e2m truy\u1ec1n d\u1ecbch t\u1ea1i \u0111\u1ecba ph\u01b0\u01a1ng<\/a>&nbsp;ho\u1eb7c th\u00f4ng qua d\u1ecbch v\u1ee5 t\u1ea1i nh\u00e0. Ngo\u00e0i ra, Ig c\u00f3 th\u1ec3 \u0111\u01b0\u1ee3c ti\u00eam d\u01b0\u1edbi da t\u1ea1i nh\u00e0 ho\u1eb7c t\u1ea1i trung t\u00e2m truy\u1ec1n d\u1ecbch. B\u1ec7nh nh\u00e2n IVIG cu\u1ed1i c\u00f9ng c\u0169ng c\u00f3 th\u1ec3 chuy\u1ec3n sang t\u1ef1 ti\u00eam d\u01b0\u1edbi da t\u1ea1i nh\u00e0 sau khi \u0111\u01b0\u1ee3c \u0111i\u1ec1u d\u01b0\u1ee1ng h\u01b0\u1edbng d\u1eabn. Qu\u00e1 tr\u00ecnh n\u00e0y c\u00f3 th\u1ec3 m\u1ea5t kho\u1ea3ng ba gi\u1edd \u0111\u1ec3 ho\u00e0n th\u00e0nh.&nbsp;<a href=\"https:\/\/ameripharmainfusioncenter.com\/vi\/ivig\/\">Li\u1ec7u ph\u00e1p truy\u1ec1n IVIG<\/a>&nbsp;v\u1edbi kho\u1ea3ng th\u1eddi gian \u0111i\u1ec1u tr\u1ecb k\u00e9o d\u00e0i t\u1eeb v\u00e0i ng\u00e0y \u0111\u1ebfn v\u00e0i tu\u1ea7n do b\u00e1c s\u0129 x\u00e1c \u0111\u1ecbnh.<\/p>\n\n\n\n<p class=\"has-large-font-size\">N\u1ebfu b\u1ea1n mu\u1ed1n d\u00f9ng globulin mi\u1ec5n d\u1ecbch \u0111\u1ec3 \u0111i\u1ec1u tr\u1ecb t\u00ecnh tr\u1ea1ng suy gi\u1ea3m mi\u1ec5n d\u1ecbch, h\u00e3y trao \u0111\u1ed5i v\u1edbi b\u00e1c s\u0129 \u0111\u1ec3 th\u1ea3o lu\u1eadn v\u1ec1 c\u00e1c t\u00e1c d\u1ee5ng ph\u1ee5 c\u00f3 th\u1ec3 x\u1ea3y ra, ti\u1ec1n s\u1eed b\u1ec7nh l\u00fd v\u00e0 \u0111\u01a1n thu\u1ed1c hi\u1ec7n t\u1ea1i c\u1ee7a b\u1ea1n \u0111\u1ec3 \u0111\u1ea3m b\u1ea3o r\u1eb1ng b\u1ea1n \u0111\u1ee7 \u0111i\u1ec1u ki\u1ec7n.<\/p>\n\n\n\n<div class=\"wp-block-uagb-buttons uagb-buttons__outer-wrap uagb-btn__default-btn uagb-btn-tablet__default-btn uagb-btn-mobile__default-btn uagb-block-9573d568\"><div class=\"uagb-buttons__wrap uagb-buttons-layout-wrap\">\n<div class=\"wp-block-uagb-buttons-child uagb-buttons__outer-wrap uagb-block-114c6f9a wp-block-button\"><div class=\"uagb-button__wrapper\"><a class=\"uagb-buttons-repeater wp-block-button__link\" aria-label=\"\" href=\"\/vi\/get-started\/\" rel=\"follow noopener\" target=\"_self\" role=\"button\"><div class=\"uagb-button__link\">B\u1eaft \u0111\u1ea7u ngay b\u00e2y gi\u1edd<\/div><\/a><\/div><\/div>\n<\/div><\/div>\n\n\n\n<div style=\"height:80px\" aria-hidden=\"true\" class=\"wp-block-spacer\"><\/div>\n<\/div>\n<\/div>\n\n\n\n<p><\/p>","protected":false},"excerpt":{"rendered":"<p>Nh\u1eefng \u0111i\u1ec1u b\u1ea1n c\u1ea7n bi\u1ebft v\u1ec1 IVIG: IVIG l\u00e0 vi\u1ebft t\u1eaft c\u1ee7a globulin mi\u1ec5n d\u1ecbch ti\u00eam t\u0129nh m\u1ea1ch, m\u1ed9t li\u1ec7u ph\u00e1p \u0111i\u1ec1u tr\u1ecb c\u1ee9u s\u1ed1ng \u0111\u01b0\u1ee3c s\u1eed d\u1ee5ng \u0111\u1ec3 h\u1ed7 tr\u1ee3 nh\u1eefng ng\u01b0\u1eddi c\u00f3 h\u1ec7 mi\u1ec5n d\u1ecbch suy y\u1ebfu v\u00e0 c\u00e1c b\u1ec7nh kh\u00e1c. Globulin mi\u1ec5n d\u1ecbch d\u01b0\u1edbi da (SCIg) l\u00e0 m\u1ed9t ph\u01b0\u01a1ng ph\u00e1p \u0111i\u1ec1u tr\u1ecb \u0111\u01b0a globulin mi\u1ec5n d\u1ecbch v\u00e0o c\u01a1 th\u1ec3 b\u1eb1ng c\u00e1ch ti\u00eam v\u00e0o m\u00f4 m\u1ee1 d\u01b0\u1edbi da.<\/p>","protected":false},"author":26,"featured_media":0,"parent":0,"menu_order":0,"comment_status":"closed","ping_status":"closed","template":"","meta":{"_acf_changed":true,"inline_featured_image":false,"_uag_custom_page_level_css":"","footnotes":""},"class_list":["post-11932","page","type-page","status-publish","hentry"],"acf":[],"yoast_head":"<!-- This site is optimized with the Yoast SEO plugin v27.5 - https:\/\/yoast.com\/product\/yoast-seo-wordpress\/ -->\n<title>What You Need to Know About IVIg | AmeriPharma Infusion Center<\/title>\n<meta name=\"description\" content=\"IVIg (intravenous immune globulin) therapy is a life-saving treatment created to help people with antibody deficiencies.\" \/>\n<meta name=\"robots\" content=\"index, follow, max-snippet:-1, max-image-preview:large, max-video-preview:-1\" \/>\n<link rel=\"canonical\" href=\"https:\/\/ameripharmainfusioncenter.com\/vi\/what-you-need-to-know-about-ivig\/\" \/>\n<meta property=\"og:locale\" content=\"vi_VN\" \/>\n<meta property=\"og:type\" content=\"article\" \/>\n<meta property=\"og:title\" content=\"What You Need to Know About IVIg | AmeriPharma Infusion Center\" \/>\n<meta property=\"og:description\" content=\"IVIg (intravenous immune globulin) therapy is a life-saving treatment created to help people with antibody deficiencies.\" \/>\n<meta property=\"og:url\" content=\"https:\/\/ameripharmainfusioncenter.com\/vi\/what-you-need-to-know-about-ivig\/\" \/>\n<meta property=\"og:site_name\" content=\"AmeriPharma Infusion Center\" \/>\n<meta property=\"article:publisher\" content=\"https:\/\/www.facebook.com\/AmeriPharmaInfusionCenter\/\" \/>\n<meta property=\"article:modified_time\" content=\"2025-12-12T14:03:24+00:00\" \/>\n<meta property=\"og:image\" content=\"https:\/\/ameripharmainfusioncenter.com\/wp-content\/uploads\/2023\/06\/infusion-center-logo-large-square.png\" \/>\n\t<meta property=\"og:image:width\" content=\"400\" \/>\n\t<meta property=\"og:image:height\" content=\"400\" \/>\n\t<meta property=\"og:image:type\" content=\"image\/png\" \/>\n<meta name=\"twitter:card\" content=\"summary_large_image\" \/>\n<meta name=\"twitter:label1\" content=\"\u01af\u1edbc t\u00ednh th\u1eddi gian \u0111\u1ecdc\" \/>\n\t<meta name=\"twitter:data1\" content=\"2 ph\u00fat\" \/>\n<script type=\"application\/ld+json\" class=\"yoast-schema-graph\">{\"@context\":\"https:\\\/\\\/schema.org\",\"@graph\":[{\"@type\":\"WebPage\",\"@id\":\"https:\\\/\\\/ameripharmainfusioncenter.com\\\/what-you-need-to-know-about-ivig\\\/\",\"url\":\"https:\\\/\\\/ameripharmainfusioncenter.com\\\/what-you-need-to-know-about-ivig\\\/\",\"name\":\"What You Need to Know About IVIg | AmeriPharma Infusion Center\",\"isPartOf\":{\"@id\":\"https:\\\/\\\/ameripharmainfusioncenter.com\\\/#website\"},\"datePublished\":\"2023-03-15T20:49:23+00:00\",\"dateModified\":\"2025-12-12T14:03:24+00:00\",\"description\":\"IVIg (intravenous immune globulin) therapy is a life-saving treatment created to help people with antibody deficiencies.\",\"breadcrumb\":{\"@id\":\"https:\\\/\\\/ameripharmainfusioncenter.com\\\/what-you-need-to-know-about-ivig\\\/#breadcrumb\"},\"inLanguage\":\"vi\",\"potentialAction\":[{\"@type\":\"ReadAction\",\"target\":[\"https:\\\/\\\/ameripharmainfusioncenter.com\\\/what-you-need-to-know-about-ivig\\\/\"]}]},{\"@type\":\"BreadcrumbList\",\"@id\":\"https:\\\/\\\/ameripharmainfusioncenter.com\\\/what-you-need-to-know-about-ivig\\\/#breadcrumb\",\"itemListElement\":[{\"@type\":\"ListItem\",\"position\":1,\"name\":\"Home\",\"item\":\"https:\\\/\\\/ameripharmainfusioncenter.com\\\/\"},{\"@type\":\"ListItem\",\"position\":2,\"name\":\"What You Need to Know About IVIG\"}]},{\"@type\":\"WebSite\",\"@id\":\"https:\\\/\\\/ameripharmainfusioncenter.com\\\/#website\",\"url\":\"https:\\\/\\\/ameripharmainfusioncenter.com\\\/\",\"name\":\"AmeriPharma Infusion Center\",\"description\":\"Prescription-based Infusion Center in Orange, CA\",\"publisher\":{\"@id\":\"https:\\\/\\\/ameripharmainfusioncenter.com\\\/#organization\"},\"potentialAction\":[{\"@type\":\"SearchAction\",\"target\":{\"@type\":\"EntryPoint\",\"urlTemplate\":\"https:\\\/\\\/ameripharmainfusioncenter.com\\\/?s={search_term_string}\"},\"query-input\":{\"@type\":\"PropertyValueSpecification\",\"valueRequired\":true,\"valueName\":\"search_term_string\"}}],\"inLanguage\":\"vi\"},{\"@type\":\"Organization\",\"@id\":\"https:\\\/\\\/ameripharmainfusioncenter.com\\\/#organization\",\"name\":\"AmeriPharma Infusion Center\",\"url\":\"https:\\\/\\\/ameripharmainfusioncenter.com\\\/\",\"logo\":{\"@type\":\"ImageObject\",\"inLanguage\":\"vi\",\"@id\":\"https:\\\/\\\/ameripharmainfusioncenter.com\\\/#\\\/schema\\\/logo\\\/image\\\/\",\"url\":\"https:\\\/\\\/ameripharmainfusioncenter.com\\\/wp-content\\\/uploads\\\/2023\\\/02\\\/AmeriPharma-InfusionCenter-logo.png\",\"contentUrl\":\"https:\\\/\\\/ameripharmainfusioncenter.com\\\/wp-content\\\/uploads\\\/2023\\\/02\\\/AmeriPharma-InfusionCenter-logo.png\",\"width\":375,\"height\":60,\"caption\":\"AmeriPharma Infusion Center\"},\"image\":{\"@id\":\"https:\\\/\\\/ameripharmainfusioncenter.com\\\/#\\\/schema\\\/logo\\\/image\\\/\"},\"sameAs\":[\"https:\\\/\\\/www.facebook.com\\\/AmeriPharmaInfusionCenter\\\/\",\"https:\\\/\\\/www.linkedin.com\\\/company\\\/ameripharma\",\"https:\\\/\\\/www.youtube.com\\\/channel\\\/UCdo4qXkWsAwiSz4-f-yz0Aw\"]}]}<\/script>\n<!-- \/ Yoast SEO plugin. -->","yoast_head_json":{"title":"Nh\u1eefng \u0111i\u1ec1u b\u1ea1n c\u1ea7n bi\u1ebft v\u1ec1 IVIg | AmeriPharma Infusion Center","description":"Li\u1ec7u ph\u00e1p IVIg (globulin mi\u1ec5n d\u1ecbch ti\u00eam t\u0129nh m\u1ea1ch) l\u00e0 ph\u01b0\u01a1ng ph\u00e1p \u0111i\u1ec1u tr\u1ecb c\u1ee9u s\u1ed1ng \u0111\u01b0\u1ee3c t\u1ea1o ra \u0111\u1ec3 gi\u00fap nh\u1eefng ng\u01b0\u1eddi b\u1ecb thi\u1ebfu h\u1ee5t kh\u00e1ng th\u1ec3.","robots":{"index":"index","follow":"follow","max-snippet":"max-snippet:-1","max-image-preview":"max-image-preview:large","max-video-preview":"max-video-preview:-1"},"canonical":"https:\/\/ameripharmainfusioncenter.com\/vi\/what-you-need-to-know-about-ivig\/","og_locale":"vi_VN","og_type":"article","og_title":"What You Need to Know About IVIg | AmeriPharma Infusion Center","og_description":"IVIg (intravenous immune globulin) therapy is a life-saving treatment created to help people with antibody deficiencies.","og_url":"https:\/\/ameripharmainfusioncenter.com\/vi\/what-you-need-to-know-about-ivig\/","og_site_name":"AmeriPharma Infusion Center","article_publisher":"https:\/\/www.facebook.com\/AmeriPharmaInfusionCenter\/","article_modified_time":"2025-12-12T14:03:24+00:00","og_image":[{"width":400,"height":400,"url":"https:\/\/ameripharmainfusioncenter.com\/wp-content\/uploads\/2023\/06\/infusion-center-logo-large-square.png","type":"image\/png"}],"twitter_card":"summary_large_image","twitter_misc":{"\u01af\u1edbc t\u00ednh th\u1eddi gian \u0111\u1ecdc":"2 ph\u00fat"},"schema":{"@context":"https:\/\/schema.org","@graph":[{"@type":"WebPage","@id":"https:\/\/ameripharmainfusioncenter.com\/what-you-need-to-know-about-ivig\/","url":"https:\/\/ameripharmainfusioncenter.com\/what-you-need-to-know-about-ivig\/","name":"Nh\u1eefng \u0111i\u1ec1u b\u1ea1n c\u1ea7n bi\u1ebft v\u1ec1 IVIg | AmeriPharma Infusion Center","isPartOf":{"@id":"https:\/\/ameripharmainfusioncenter.com\/#website"},"datePublished":"2023-03-15T20:49:23+00:00","dateModified":"2025-12-12T14:03:24+00:00","description":"Li\u1ec7u ph\u00e1p IVIg (globulin mi\u1ec5n d\u1ecbch ti\u00eam t\u0129nh m\u1ea1ch) l\u00e0 ph\u01b0\u01a1ng ph\u00e1p \u0111i\u1ec1u tr\u1ecb c\u1ee9u s\u1ed1ng \u0111\u01b0\u1ee3c t\u1ea1o ra \u0111\u1ec3 gi\u00fap nh\u1eefng ng\u01b0\u1eddi b\u1ecb thi\u1ebfu h\u1ee5t kh\u00e1ng th\u1ec3.","breadcrumb":{"@id":"https:\/\/ameripharmainfusioncenter.com\/what-you-need-to-know-about-ivig\/#breadcrumb"},"inLanguage":"vi","potentialAction":[{"@type":"ReadAction","target":["https:\/\/ameripharmainfusioncenter.com\/what-you-need-to-know-about-ivig\/"]}]},{"@type":"BreadcrumbList","@id":"https:\/\/ameripharmainfusioncenter.com\/what-you-need-to-know-about-ivig\/#breadcrumb","itemListElement":[{"@type":"ListItem","position":1,"name":"Home","item":"https:\/\/ameripharmainfusioncenter.com\/"},{"@type":"ListItem","position":2,"name":"What You Need to Know About IVIG"}]},{"@type":"WebSite","@id":"https:\/\/ameripharmainfusioncenter.com\/#website","url":"https:\/\/ameripharmainfusioncenter.com\/","name":"AmeriPharma Infusion Center","description":"Trung t\u00e2m truy\u1ec1n d\u1ecbch theo toa t\u1ea1i Orange, CA","publisher":{"@id":"https:\/\/ameripharmainfusioncenter.com\/#organization"},"potentialAction":[{"@type":"SearchAction","target":{"@type":"EntryPoint","urlTemplate":"https:\/\/ameripharmainfusioncenter.com\/?s={search_term_string}"},"query-input":{"@type":"PropertyValueSpecification","valueRequired":true,"valueName":"search_term_string"}}],"inLanguage":"vi"},{"@type":"Organization","@id":"https:\/\/ameripharmainfusioncenter.com\/#organization","name":"AmeriPharma Infusion Center","url":"https:\/\/ameripharmainfusioncenter.com\/","logo":{"@type":"ImageObject","inLanguage":"vi","@id":"https:\/\/ameripharmainfusioncenter.com\/#\/schema\/logo\/image\/","url":"https:\/\/ameripharmainfusioncenter.com\/wp-content\/uploads\/2023\/02\/AmeriPharma-InfusionCenter-logo.png","contentUrl":"https:\/\/ameripharmainfusioncenter.com\/wp-content\/uploads\/2023\/02\/AmeriPharma-InfusionCenter-logo.png","width":375,"height":60,"caption":"AmeriPharma Infusion Center"},"image":{"@id":"https:\/\/ameripharmainfusioncenter.com\/#\/schema\/logo\/image\/"},"sameAs":["https:\/\/www.facebook.com\/AmeriPharmaInfusionCenter\/","https:\/\/www.linkedin.com\/company\/ameripharma","https:\/\/www.youtube.com\/channel\/UCdo4qXkWsAwiSz4-f-yz0Aw"]}]}},"uagb_featured_image_src":{"full":false,"thumbnail":false,"medium":false,"medium_large":false,"large":false,"1536x1536":false,"2048x2048":false,"trp-custom-language-flag":false,"block-image-html-large":false,"ct-gallery":false,"ct-section-header":false,"ct-thumb":false,"ct-thumb-large":false,"ct-small":false,"ct-medium":false,"ct-xmedium":false,"ct-large":false},"uagb_author_info":{"display_name":"AmeriPharma Infusion Center Staff","author_link":"https:\/\/ameripharmainfusioncenter.com\/vi\/author\/ameripharma-infusion-center-staff\/"},"uagb_comment_info":0,"uagb_excerpt":"What You Need to Know About&nbsp;IVIG IVIG is short for intravenous immune globulin, a life-saving therapy treatment used to aid those with a weakened immune system and other diseases. Subcutaneous immune globulin (SCIg) is a treatment method that delivers immune globulin into the system by injecting into fatty tissue below the skin.","_links":{"self":[{"href":"https:\/\/ameripharmainfusioncenter.com\/vi\/wp-json\/wp\/v2\/pages\/11932","targetHints":{"allow":["GET"]}}],"collection":[{"href":"https:\/\/ameripharmainfusioncenter.com\/vi\/wp-json\/wp\/v2\/pages"}],"about":[{"href":"https:\/\/ameripharmainfusioncenter.com\/vi\/wp-json\/wp\/v2\/types\/page"}],"author":[{"embeddable":true,"href":"https:\/\/ameripharmainfusioncenter.com\/vi\/wp-json\/wp\/v2\/users\/26"}],"replies":[{"embeddable":true,"href":"https:\/\/ameripharmainfusioncenter.com\/vi\/wp-json\/wp\/v2\/comments?post=11932"}],"version-history":[{"count":0,"href":"https:\/\/ameripharmainfusioncenter.com\/vi\/wp-json\/wp\/v2\/pages\/11932\/revisions"}],"wp:attachment":[{"href":"https:\/\/ameripharmainfusioncenter.com\/vi\/wp-json\/wp\/v2\/media?parent=11932"}],"curies":[{"name":"wp","href":"https:\/\/api.w.org\/{rel}","templated":true}]}}