{"id":9674,"date":"2018-12-25T10:36:28","date_gmt":"2018-12-25T18:36:28","guid":{"rendered":"https:\/\/dev.getmedbox.com\/?page_id=9674"},"modified":"2024-10-10T22:53:25","modified_gmt":"2024-10-11T05:53:25","slug":"thank-you","status":"publish","type":"page","link":"https:\/\/ameripharmainfusioncenter.com\/es\/thank-you\/","title":{"rendered":"Gracias"},"content":{"rendered":"<div class=\"wp-block-columns thankyou-content container is-layout-flex wp-container-core-columns-is-layout-d458a907 wp-block-columns-is-layout-flex\" style=\"padding-right:30px;padding-left:30px\">\n<div class=\"wp-block-column is-layout-flow wp-block-column-is-layout-flow\" style=\"flex-basis:100%\">\n<div class=\"wp-block-uagb-container uagb-block-81cc8be3 default uagb-is-root-container\">\n<div class=\"wp-block-uagb-container uagb-block-d4b7e909\">\n<h2>Gracias por su consulta. Nos pondremos en contacto con usted pronto.<\/h2>\n\n<p>Estamos aqu\u00ed para atender sus necesidades de infusi\u00f3n y hacer que su experiencia sea m\u00e1s c\u00f3moda. Cuando se trata de su salud, es fundamental tener acceso a atenci\u00f3n al cliente y soporte cuando lo necesite. Si tiene alguna pregunta urgente, estamos disponibles las 24 horas, los 7 d\u00edas de la semana, los 365 d\u00edas del a\u00f1o.<\/p>\n\n<div class=\"col-md-3 main-top-margin\">\n<h3>Informaci\u00f3n del contacto<\/h3>\n<p class=\"phone-fax\"><span class=\"footer-phone\">Tel\u00e9fono: (<a href=\"tel:+17145516629\">714) 551-6629<\/a>\nFax: (877) 778-0399<\/span><\/p>\n\n<h3>Sede<\/h3>\n<p><a href=\"https:\/\/www.google.com\/maps\/place\/132+S+Anita+Dr,+Orange,+CA+92868\/@33.786143,-117.881629,17z\/data=!4m5!3m4!1s0x80dcd82a79380a29:0xc21b6ad0cde384a!8m2!3d33.787382!4d-117.8813661?hl=en-US&amp;shorturl=1\" target=\"new\" rel=\"noopener noreferrer\">132 S. Anita Dr., Orange, CA 92868<\/a><\/p>\n<\/div>\n<\/div>\n\n\n\n<div class=\"wp-block-uagb-container uagb-block-e3e4db77\">\n<div style=\"height:10px\" aria-hidden=\"true\" class=\"wp-block-spacer\"><\/div>\n<\/div>\n<\/div>\n<\/div>\n<\/div>\n\n\n\t\t\t<div \n\t\t\tclass=\"wp-block-uagb-google-map uagb-google-map__wrap uagb-block-b4d1bc67\"\n\t\t\tstyle=\"\" >\n\t\t\t\t<embed\n\t\t\t\t\tclass=\"uagb-google-map__iframe\"\n\t\t\t\t\ttitle=\"Mapa de Google para \"\n\t\t\t\t\tsrc=\"https:\/\/maps.google.com\/maps?q=132%20S%20Anita%20Dr%2C%20Orange%2C%20CA%2092868&#038;z=16&#038;hl=en&#038;t=m&#038;output=embed&#038;iwloc=near\"\n\t\t\t\t\twidth=\"640\"\n\t\t\t\t\theight=\"450\"\n\t\t\t\t\tloading=\"lazy\"\n\t\t\t\t><\/embed>\n\t\t\t<\/div>","protected":false},"excerpt":{"rendered":"<p>\u00a1Gracias por su consulta! Nos pondremos en contacto con usted pronto. Estamos aqu\u00ed para atender sus necesidades de infusi\u00f3n y hacer que su experiencia sea m\u00e1s c\u00f3moda. Cuando se trata de su salud, es fundamental tener acceso a servicio al cliente y soporte cuando lo necesite.<\/p>","protected":false},"author":1,"featured_media":0,"parent":0,"menu_order":0,"comment_status":"closed","ping_status":"closed","template":"","meta":{"_acf_changed":false,"inline_featured_image":false,"_uag_custom_page_level_css":"","footnotes":""},"class_list":["post-9674","page","type-page","status-publish","hentry"],"acf":[],"yoast_head":"<!-- This site is optimized with the Yoast SEO plugin v27.4 - https:\/\/yoast.com\/product\/yoast-seo-wordpress\/ -->\n<title>Thank you for your inquiry<\/title>\n<meta name=\"description\" content=\"We are always here to help. AmeriPharma Infusion Center provides high-tech, secure and comfortable suites specifically for IV therapy.\" \/>\n<meta name=\"robots\" content=\"noindex, follow\" \/>\n<meta property=\"og:locale\" content=\"es_MX\" \/>\n<meta property=\"og:type\" content=\"article\" \/>\n<meta property=\"og:title\" content=\"Thank you for your inquiry\" \/>\n<meta property=\"og:description\" content=\"We are always here to help. AmeriPharma Infusion Center provides high-tech, secure and comfortable suites specifically for IV therapy.\" \/>\n<meta property=\"og:url\" content=\"https:\/\/ameripharmainfusioncenter.com\/es\/thank-you\/\" \/>\n<meta property=\"og:site_name\" content=\"AmeriPharma Infusion Center\" \/>\n<meta property=\"article:publisher\" content=\"https:\/\/www.facebook.com\/AmeriPharmaInfusionCenter\/\" \/>\n<meta property=\"article:modified_time\" content=\"2024-10-11T05:53:25+00:00\" \/>\n<meta property=\"og:image\" content=\"https:\/\/ameripharmainfusioncenter.com\/wp-content\/uploads\/2023\/06\/infusion-center-logo-large-square.png\" \/>\n\t<meta property=\"og:image:width\" content=\"400\" \/>\n\t<meta property=\"og:image:height\" content=\"400\" \/>\n\t<meta property=\"og:image:type\" content=\"image\/png\" \/>\n<meta name=\"twitter:card\" content=\"summary_large_image\" \/>\n<meta name=\"twitter:label1\" content=\"Tiempo de lectura\" \/>\n\t<meta name=\"twitter:data1\" content=\"1 minuto\" \/>\n<script type=\"application\/ld+json\" class=\"yoast-schema-graph\">{\"@context\":\"https:\\\/\\\/schema.org\",\"@graph\":[{\"@type\":\"WebPage\",\"@id\":\"https:\\\/\\\/ameripharmainfusioncenter.com\\\/thank-you\\\/\",\"url\":\"https:\\\/\\\/ameripharmainfusioncenter.com\\\/thank-you\\\/\",\"name\":\"Thank you for your inquiry\",\"isPartOf\":{\"@id\":\"https:\\\/\\\/ameripharmainfusioncenter.com\\\/#website\"},\"datePublished\":\"2018-12-25T18:36:28+00:00\",\"dateModified\":\"2024-10-11T05:53:25+00:00\",\"description\":\"We are always here to help. AmeriPharma Infusion Center provides high-tech, secure and comfortable suites specifically for IV therapy.\",\"breadcrumb\":{\"@id\":\"https:\\\/\\\/ameripharmainfusioncenter.com\\\/thank-you\\\/#breadcrumb\"},\"inLanguage\":\"es\",\"potentialAction\":[{\"@type\":\"ReadAction\",\"target\":[\"https:\\\/\\\/ameripharmainfusioncenter.com\\\/thank-you\\\/\"]}]},{\"@type\":\"BreadcrumbList\",\"@id\":\"https:\\\/\\\/ameripharmainfusioncenter.com\\\/thank-you\\\/#breadcrumb\",\"itemListElement\":[{\"@type\":\"ListItem\",\"position\":1,\"name\":\"Home\",\"item\":\"https:\\\/\\\/ameripharmainfusioncenter.com\\\/\"},{\"@type\":\"ListItem\",\"position\":2,\"name\":\"Thank You\"}]},{\"@type\":\"WebSite\",\"@id\":\"https:\\\/\\\/ameripharmainfusioncenter.com\\\/#website\",\"url\":\"https:\\\/\\\/ameripharmainfusioncenter.com\\\/\",\"name\":\"AmeriPharma Infusion Center\",\"description\":\"Prescription-based Infusion Center in Orange, CA\",\"publisher\":{\"@id\":\"https:\\\/\\\/ameripharmainfusioncenter.com\\\/#organization\"},\"potentialAction\":[{\"@type\":\"SearchAction\",\"target\":{\"@type\":\"EntryPoint\",\"urlTemplate\":\"https:\\\/\\\/ameripharmainfusioncenter.com\\\/?s={search_term_string}\"},\"query-input\":{\"@type\":\"PropertyValueSpecification\",\"valueRequired\":true,\"valueName\":\"search_term_string\"}}],\"inLanguage\":\"es\"},{\"@type\":\"Organization\",\"@id\":\"https:\\\/\\\/ameripharmainfusioncenter.com\\\/#organization\",\"name\":\"AmeriPharma Infusion Center\",\"url\":\"https:\\\/\\\/ameripharmainfusioncenter.com\\\/\",\"logo\":{\"@type\":\"ImageObject\",\"inLanguage\":\"es\",\"@id\":\"https:\\\/\\\/ameripharmainfusioncenter.com\\\/#\\\/schema\\\/logo\\\/image\\\/\",\"url\":\"https:\\\/\\\/ameripharmainfusioncenter.com\\\/wp-content\\\/uploads\\\/2023\\\/02\\\/AmeriPharma-InfusionCenter-logo.png\",\"contentUrl\":\"https:\\\/\\\/ameripharmainfusioncenter.com\\\/wp-content\\\/uploads\\\/2023\\\/02\\\/AmeriPharma-InfusionCenter-logo.png\",\"width\":375,\"height\":60,\"caption\":\"AmeriPharma Infusion Center\"},\"image\":{\"@id\":\"https:\\\/\\\/ameripharmainfusioncenter.com\\\/#\\\/schema\\\/logo\\\/image\\\/\"},\"sameAs\":[\"https:\\\/\\\/www.facebook.com\\\/AmeriPharmaInfusionCenter\\\/\",\"https:\\\/\\\/www.linkedin.com\\\/company\\\/ameripharma\",\"https:\\\/\\\/www.youtube.com\\\/channel\\\/UCdo4qXkWsAwiSz4-f-yz0Aw\"]}]}<\/script>\n<!-- \/ Yoast SEO plugin. -->","yoast_head_json":{"title":"Gracias por su consulta","description":"Siempre estamos aqu\u00ed para ayudar. AmeriPharma Infusion Center ofrece suites de alta tecnolog\u00eda, seguras y c\u00f3modas espec\u00edficamente para terapia intravenosa.","robots":{"index":"noindex","follow":"follow"},"og_locale":"es_MX","og_type":"article","og_title":"Thank you for your inquiry","og_description":"We are always here to help. AmeriPharma Infusion Center provides high-tech, secure and comfortable suites specifically for IV therapy.","og_url":"https:\/\/ameripharmainfusioncenter.com\/es\/thank-you\/","og_site_name":"AmeriPharma Infusion Center","article_publisher":"https:\/\/www.facebook.com\/AmeriPharmaInfusionCenter\/","article_modified_time":"2024-10-11T05:53:25+00:00","og_image":[{"width":400,"height":400,"url":"https:\/\/ameripharmainfusioncenter.com\/wp-content\/uploads\/2023\/06\/infusion-center-logo-large-square.png","type":"image\/png"}],"twitter_card":"summary_large_image","twitter_misc":{"Tiempo de lectura":"1 minuto"},"schema":{"@context":"https:\/\/schema.org","@graph":[{"@type":"WebPage","@id":"https:\/\/ameripharmainfusioncenter.com\/thank-you\/","url":"https:\/\/ameripharmainfusioncenter.com\/thank-you\/","name":"Gracias por su consulta","isPartOf":{"@id":"https:\/\/ameripharmainfusioncenter.com\/#website"},"datePublished":"2018-12-25T18:36:28+00:00","dateModified":"2024-10-11T05:53:25+00:00","description":"Siempre estamos aqu\u00ed para ayudar. AmeriPharma Infusion Center ofrece suites de alta tecnolog\u00eda, seguras y c\u00f3modas espec\u00edficamente para terapia intravenosa.","breadcrumb":{"@id":"https:\/\/ameripharmainfusioncenter.com\/thank-you\/#breadcrumb"},"inLanguage":"es","potentialAction":[{"@type":"ReadAction","target":["https:\/\/ameripharmainfusioncenter.com\/thank-you\/"]}]},{"@type":"BreadcrumbList","@id":"https:\/\/ameripharmainfusioncenter.com\/thank-you\/#breadcrumb","itemListElement":[{"@type":"ListItem","position":1,"name":"Home","item":"https:\/\/ameripharmainfusioncenter.com\/"},{"@type":"ListItem","position":2,"name":"Thank You"}]},{"@type":"WebSite","@id":"https:\/\/ameripharmainfusioncenter.com\/#website","url":"https:\/\/ameripharmainfusioncenter.com\/","name":"AmeriPharma Infusion Center","description":"Centro de infusi\u00f3n con receta en Orange, CA","publisher":{"@id":"https:\/\/ameripharmainfusioncenter.com\/#organization"},"potentialAction":[{"@type":"SearchAction","target":{"@type":"EntryPoint","urlTemplate":"https:\/\/ameripharmainfusioncenter.com\/?s={search_term_string}"},"query-input":{"@type":"PropertyValueSpecification","valueRequired":true,"valueName":"search_term_string"}}],"inLanguage":"es"},{"@type":"Organization","@id":"https:\/\/ameripharmainfusioncenter.com\/#organization","name":"AmeriPharma Infusion Center","url":"https:\/\/ameripharmainfusioncenter.com\/","logo":{"@type":"ImageObject","inLanguage":"es","@id":"https:\/\/ameripharmainfusioncenter.com\/#\/schema\/logo\/image\/","url":"https:\/\/ameripharmainfusioncenter.com\/wp-content\/uploads\/2023\/02\/AmeriPharma-InfusionCenter-logo.png","contentUrl":"https:\/\/ameripharmainfusioncenter.com\/wp-content\/uploads\/2023\/02\/AmeriPharma-InfusionCenter-logo.png","width":375,"height":60,"caption":"AmeriPharma Infusion Center"},"image":{"@id":"https:\/\/ameripharmainfusioncenter.com\/#\/schema\/logo\/image\/"},"sameAs":["https:\/\/www.facebook.com\/AmeriPharmaInfusionCenter\/","https:\/\/www.linkedin.com\/company\/ameripharma","https:\/\/www.youtube.com\/channel\/UCdo4qXkWsAwiSz4-f-yz0Aw"]}]}},"uagb_featured_image_src":{"full":false,"thumbnail":false,"medium":false,"medium_large":false,"large":false,"1536x1536":false,"2048x2048":false,"trp-custom-language-flag":false,"block-image-html-large":false,"ct-gallery":false,"ct-section-header":false,"ct-thumb":false,"ct-thumb-large":false,"ct-small":false,"ct-medium":false,"ct-xmedium":false,"ct-large":false},"uagb_author_info":{"display_name":"AmeriPharma\u00ae Infusion Center Staff","author_link":"https:\/\/ameripharmainfusioncenter.com\/es\/author\/admin\/"},"uagb_comment_info":0,"uagb_excerpt":"Thank you for your inquiry! We will contact you soon! We are here to serve your infusion needs and to make your infusion experience more comfortable. When it comes to your health, it\u2019s essential to have access to customer service and support when you need it.","_links":{"self":[{"href":"https:\/\/ameripharmainfusioncenter.com\/es\/wp-json\/wp\/v2\/pages\/9674","targetHints":{"allow":["GET"]}}],"collection":[{"href":"https:\/\/ameripharmainfusioncenter.com\/es\/wp-json\/wp\/v2\/pages"}],"about":[{"href":"https:\/\/ameripharmainfusioncenter.com\/es\/wp-json\/wp\/v2\/types\/page"}],"author":[{"embeddable":true,"href":"https:\/\/ameripharmainfusioncenter.com\/es\/wp-json\/wp\/v2\/users\/1"}],"replies":[{"embeddable":true,"href":"https:\/\/ameripharmainfusioncenter.com\/es\/wp-json\/wp\/v2\/comments?post=9674"}],"version-history":[{"count":0,"href":"https:\/\/ameripharmainfusioncenter.com\/es\/wp-json\/wp\/v2\/pages\/9674\/revisions"}],"wp:attachment":[{"href":"https:\/\/ameripharmainfusioncenter.com\/es\/wp-json\/wp\/v2\/media?parent=9674"}],"curies":[{"name":"gracias","href":"https:\/\/api.w.org\/{rel}","templated":true}]}}