{"id":12350,"date":"2024-07-12T10:57:12","date_gmt":"2024-07-12T17:57:12","guid":{"rendered":"https:\/\/ameripharmainfusioncenter.com\/?page_id=12350"},"modified":"2026-02-10T14:54:36","modified_gmt":"2026-02-10T22:54:36","slug":"patient-faqs","status":"publish","type":"page","link":"https:\/\/ameripharmainfusioncenter.com\/es\/patient-faqs\/","title":{"rendered":"Preguntas frecuentes de los pacientes"},"content":{"rendered":"<div class=\"wp-block-columns patients-faq has-background is-layout-flex wp-container-core-columns-is-layout-9d6595d7 wp-block-columns-is-layout-flex\" style=\"background-color:#f8f9fb\">\n<div class=\"wp-block-column is-layout-flow wp-block-column-is-layout-flow\">\n<div style=\"height:60px\" aria-hidden=\"true\" class=\"wp-block-spacer\"><\/div>\n\n\n\n<div class=\"wp-block-uagb-image aligncenter uagb-block-3a349f99 wp-block-uagb-image--layout-default wp-block-uagb-image--effect-static wp-block-uagb-image--align-center\"><figure class=\"wp-block-uagb-image__figure\"><img decoding=\"async\" srcset=\"https:\/\/ameripharmainfusioncenter.com\/wp-content\/uploads\/2024\/07\/Patient-picking-snacks-iv-therapy-1024x450.webp ,https:\/\/ameripharmainfusioncenter.com\/wp-content\/uploads\/2024\/07\/Patient-picking-snacks-iv-therapy.webp 780w, https:\/\/ameripharmainfusioncenter.com\/wp-content\/uploads\/2024\/07\/Patient-picking-snacks-iv-therapy.webp 360w\" sizes=\"auto, (max-width: 480px) 150px\" src=\"https:\/\/ameripharmainfusioncenter.com\/wp-content\/uploads\/2024\/07\/Patient-picking-snacks-iv-therapy-1024x450.webp\" alt=\"Nurse offering snack to infusion therapy patient\" class=\"uag-image-12351\" width=\"1024\" height=\"450\" title=\"Paciente que elige refrigerios para terapia intravenosa\" loading=\"lazy\" role=\"img\"\/><\/figure><\/div>\n\n\n\n<div  id=\"faq-1afba9f45023a1e8c5240dc5c29703b2\" style=\"\" class=\"faqBlock\">\n\t<div class=\"container\">\n\t\t<div class=\"faqBlockWrapper\">\n\t\t\t<h2 class=\"title\"><\/h2>\n\t\t\t\t\t\t<div class=\"list faqs-accordion accordion\">\n\t\t\t\t\t\t\t\t\t<div class=\"list-item accordion-item\">\n\t\t\t\t\t\t<h4 class=\"question accordion-thumb\">\u00bfQu\u00e9 es el centro de infusi\u00f3n AmeriPharma\u00ae?<\/h4>\n\t\t\t\t\t\t<div class=\"answer accordion-panel\"><p>El Centro de Infusi\u00f3n AmeriPharma\u00ae ofrece instalaciones de vanguardia para todas las necesidades de terapia intravenosa con receta. Desde las \u00e1reas comunes hasta las salas de infusi\u00f3n, nuestras instalaciones han sido meticulosamente dise\u00f1adas y construidas con un solo prop\u00f3sito: brindar una administraci\u00f3n intravenosa de alta tecnolog\u00eda, segura y c\u00f3moda.<\/p>\n<p>Nuestro personal dedicado y profesional est\u00e1 comprometido a brindar una experiencia al paciente que elimine el estr\u00e9s, garantice la m\u00e1xima comodidad y optimice los resultados del tratamiento.<\/p>\n<p>En el acogedor centro de infusi\u00f3n de AmeriPharma, ofrecemos un servicio de conserjer\u00eda personalizado a nuestros pacientes. Ya sea en una suite privada o est\u00e1ndar, se sentar\u00e1 en un c\u00f3modo sill\u00f3n reclinable para infusiones y tendr\u00e1 acceso a nuestra amplia biblioteca, rompecabezas, materiales educativos, televisi\u00f3n, m\u00fasica y m\u00e1s. Sus invitados y familiares son bienvenidos a acompa\u00f1arle.<\/p>\n<p>Actualmente contamos con tres instalaciones en California y una en Washington y continuamente agregamos nuevas ubicaciones.<\/p>\n<\/div>\n\t\t\t\t\t<\/div>\n\t\t\t\t\t\t\t\t\t<div class=\"list-item accordion-item\">\n\t\t\t\t\t\t<h4 class=\"question accordion-thumb\">\u00bfPuede el Centro de Infusi\u00f3n AmeriPharma\u00ae ayudarme con el seguro o la ayuda financiera?<\/h4>\n\t\t\t\t\t\t<div class=\"answer accordion-panel\"><p>\u00a1Por supuesto! AmeriPharma\u00ae se coordina con su m\u00e9dico y su aseguradora en su nombre. A cada paciente del Centro de Infusi\u00f3n tambi\u00e9n se le asigna un coordinador de atenci\u00f3n al paciente para guiarlo con todos los tr\u00e1mites y la log\u00edstica.<\/p>\n<p>Para los pacientes con seguro que tienen dificultades para pagar sus copagos, nuestro equipo de expertos puede ayudar a encontrar programas de asistencia para copagos.<\/p>\n<p>Para los pacientes que requieren asistencia financiera adicional, ofrecemos la experiencia de especialistas que trabajan con nuestra red en continuo crecimiento de organizaciones de asistencia financiera, fondos y organizaciones ben\u00e9ficas que pueden brindar la ayuda necesaria.<\/p>\n<\/div>\n\t\t\t\t\t<\/div>\n\t\t\t\t\t\t\t\t\t<div class=\"list-item accordion-item\">\n\t\t\t\t\t\t<h4 class=\"question accordion-thumb\">Tengo un problema con mi medicaci\u00f3n intravenosa o mi plan de tratamiento. \u00bfC\u00f3mo puede ayudarme el Centro de Infusi\u00f3n AmeriPharma\u00ae?<\/h4>\n\t\t\t\t\t\t<div class=\"answer accordion-panel\"><p>Puede llamar a uno de nuestros especialistas en cualquier momento, las 24 horas del d\u00eda, los 365 d\u00edas del a\u00f1o. Siempre estamos disponibles para brindarle apoyo cl\u00ednico ante cualquier problema o inquietud que pueda tener. Nos complace saber de usted y agradecemos su participaci\u00f3n activa y comunicaci\u00f3n durante todo el tratamiento.<\/p>\n<\/div>\n\t\t\t\t\t<\/div>\n\t\t\t\t\t\t\t\t\t<div class=\"list-item accordion-item\">\n\t\t\t\t\t\t<h4 class=\"question accordion-thumb\">\u00bfSe proporcionan alimentos y bebidas durante las sesiones de tratamiento?<\/h4>\n\t\t\t\t\t\t<div class=\"answer accordion-panel\"><p>S\u00ed. Ofrecemos refrigerios saludables como galletas de arroz, galletas saladas y barras de granola para saciar el hambre durante su tratamiento. Tambi\u00e9n le proporcionamos agua, jugo y otras bebidas. Usted y sus invitados tambi\u00e9n pueden traer comida.<\/p>\n<\/div>\n\t\t\t\t\t<\/div>\n\t\t\t\t\t\t\t\t\t<div class=\"list-item accordion-item\">\n\t\t\t\t\t\t<h4 class=\"question accordion-thumb\">\u00bfC\u00f3mo es la temperatura de las instalaciones?<\/h4>\n\t\t\t\t\t\t<div class=\"answer accordion-panel\"><p>Nuestro centro de infusi\u00f3n intravenosa cuenta con aire acondicionado para una temperatura \u00f3ptima durante la administraci\u00f3n de medicamentos. Esto significa que la temperatura se mantiene fresca. Le recomendamos vestirse adecuadamente para una temperatura m\u00e1s fresca. Tambi\u00e9n le proporcionaremos mantas de cortes\u00eda si las necesita.<\/p>\n<\/div>\n\t\t\t\t\t<\/div>\n\t\t\t\t\t\t\t\t\t<div class=\"list-item accordion-item\">\n\t\t\t\t\t\t<h4 class=\"question accordion-thumb\">\u00bfLas salas de infusi\u00f3n son privadas y ofrecen sillas o camas?<\/h4>\n\t\t\t\t\t\t<div class=\"answer accordion-panel\"><p>Puede optar por una suite privada durante su sesi\u00f3n para disfrutar de una experiencia tranquila y apacible, o puede socializar con otros hu\u00e9spedes en nuestra sala de infusi\u00f3n comunitaria. Ambos entornos cuentan con c\u00f3modos sillones reclinables para ayudarle a relajarse durante el tratamiento.<\/p>\n<p>Todos los hu\u00e9spedes tienen acceso a nuestro wifi gratuito y a nuestras instalaciones de entretenimiento. Si olvid\u00f3 su tableta o port\u00e1til, puede usar una de las tabletas o televisores de nuestras instalaciones para ver Amazon Prime, Netflix o jugar.<\/p>\n<p>Si se siente inquieto mientras est\u00e1 sentado, puede dar un paseo por las instalaciones con su infusi\u00f3n.<\/p>\n<\/div>\n\t\t\t\t\t<\/div>\n\t\t\t\t\t\t\t\t\t<div class=\"list-item accordion-item\">\n\t\t\t\t\t\t<h4 class=\"question accordion-thumb\">\u00bfD\u00f3nde te encuentras?<\/h4>\n\t\t\t\t\t\t<div class=\"answer accordion-panel\"><p>Actualmente contamos con tres ubicaciones:<\/p>\n<div class=\"pfaq-locations\">\n<div class=\"row\">\n<div class=\"col-md-6\">\n<p><strong>Anita \u2013 Orange, CA<\/strong><\/p>\n<p><a href=\"https:\/\/maps.app.goo.gl\/h9EQsNoeMRVo9Zox5\" target=\"_blank\" rel=\"noopener\">132 S. Anita Dr.<br \/>\nSuite A<br \/>\nOrange, CA 92868<\/a><\/p>\n<\/div>\n<div class=\"col-md-6\">\n<p><strong>La Veta \u2013 Orange, CA<\/strong><br \/>\n(cerca de CHOC y St. Joseph&#039;s)<\/p>\n<p><a href=\"https:\/\/maps.app.goo.gl\/a8tE2Sf6TK5an97YA\" target=\"_blank\" rel=\"noopener\">1140 W La Veta<br \/>\nSte 750<br \/>\nOrange, CA 92868<\/a><\/p>\n<\/div>\n<div class=\"col-md-6\">\n<p><strong>Centro de infusi\u00f3n de Beverly Hills<\/strong><\/p>\n<p><a href=\"https:\/\/maps.app.goo.gl\/g9AqsB7fXMDfxiwv9\" target=\"_blank\" rel=\"noopener\">8750 Wilshire Blvd<br \/>\nSuite 210<br \/>\nBeverly Hills, CA 90211<\/a><\/p>\n<\/div>\n<\/div>\n<\/div>\n<\/div>\n\t\t\t\t\t<\/div>\n\t\t\t\t\t\t\t<\/div>\n\t\t\t\t\t<\/div>\n\t<\/div>\n<\/div>\n<\/div>\n<\/div>","protected":false},"excerpt":{"rendered":"","protected":false},"author":17,"featured_media":0,"parent":0,"menu_order":0,"comment_status":"closed","ping_status":"closed","template":"","meta":{"_acf_changed":true,"inline_featured_image":false,"_uag_custom_page_level_css":"","footnotes":""},"class_list":["post-12350","page","type-page","status-publish","hentry"],"acf":[],"yoast_head":"<!-- This site is optimized with the Yoast SEO plugin v27.4 - https:\/\/yoast.com\/product\/yoast-seo-wordpress\/ -->\n<title>Patient FAQs - AmeriPharma Infusion Center<\/title>\n<meta name=\"robots\" content=\"index, follow, max-snippet:-1, max-image-preview:large, max-video-preview:-1\" \/>\n<link rel=\"canonical\" href=\"https:\/\/ameripharmainfusioncenter.com\/es\/patient-faqs\/\" \/>\n<meta property=\"og:locale\" content=\"es_MX\" \/>\n<meta property=\"og:type\" content=\"article\" \/>\n<meta property=\"og:title\" content=\"Patient FAQs - AmeriPharma Infusion Center\" \/>\n<meta property=\"og:url\" content=\"https:\/\/ameripharmainfusioncenter.com\/es\/patient-faqs\/\" \/>\n<meta property=\"og:site_name\" content=\"AmeriPharma Infusion Center\" \/>\n<meta property=\"article:publisher\" content=\"https:\/\/www.facebook.com\/AmeriPharmaInfusionCenter\/\" \/>\n<meta property=\"article:modified_time\" content=\"2026-02-10T22:54:36+00:00\" \/>\n<meta property=\"og:image\" content=\"https:\/\/ameripharmainfusioncenter.com\/wp-content\/uploads\/2024\/07\/Patient-picking-snacks-iv-therapy-1024x450.webp\" \/>\n<meta name=\"twitter:card\" content=\"summary_large_image\" \/>\n<meta name=\"twitter:label1\" content=\"Tiempo de lectura\" \/>\n\t<meta name=\"twitter:data1\" content=\"1 minuto\" \/>\n<script type=\"application\/ld+json\" class=\"yoast-schema-graph\">{\"@context\":\"https:\\\/\\\/schema.org\",\"@graph\":[{\"@type\":\"WebPage\",\"@id\":\"https:\\\/\\\/ameripharmainfusioncenter.com\\\/patient-faqs\\\/\",\"url\":\"https:\\\/\\\/ameripharmainfusioncenter.com\\\/patient-faqs\\\/\",\"name\":\"Patient FAQs - AmeriPharma Infusion Center\",\"isPartOf\":{\"@id\":\"https:\\\/\\\/ameripharmainfusioncenter.com\\\/#website\"},\"primaryImageOfPage\":{\"@id\":\"https:\\\/\\\/ameripharmainfusioncenter.com\\\/patient-faqs\\\/#primaryimage\"},\"image\":{\"@id\":\"https:\\\/\\\/ameripharmainfusioncenter.com\\\/patient-faqs\\\/#primaryimage\"},\"thumbnailUrl\":\"https:\\\/\\\/ameripharmainfusioncenter.com\\\/wp-content\\\/uploads\\\/2024\\\/07\\\/Patient-picking-snacks-iv-therapy-1024x450.webp\",\"datePublished\":\"2024-07-12T17:57:12+00:00\",\"dateModified\":\"2026-02-10T22:54:36+00:00\",\"breadcrumb\":{\"@id\":\"https:\\\/\\\/ameripharmainfusioncenter.com\\\/patient-faqs\\\/#breadcrumb\"},\"inLanguage\":\"es\",\"potentialAction\":[{\"@type\":\"ReadAction\",\"target\":[\"https:\\\/\\\/ameripharmainfusioncenter.com\\\/patient-faqs\\\/\"]}]},{\"@type\":\"ImageObject\",\"inLanguage\":\"es\",\"@id\":\"https:\\\/\\\/ameripharmainfusioncenter.com\\\/patient-faqs\\\/#primaryimage\",\"url\":\"https:\\\/\\\/ameripharmainfusioncenter.com\\\/wp-content\\\/uploads\\\/2024\\\/07\\\/Patient-picking-snacks-iv-therapy-1024x450.webp\",\"contentUrl\":\"https:\\\/\\\/ameripharmainfusioncenter.com\\\/wp-content\\\/uploads\\\/2024\\\/07\\\/Patient-picking-snacks-iv-therapy-1024x450.webp\"},{\"@type\":\"BreadcrumbList\",\"@id\":\"https:\\\/\\\/ameripharmainfusioncenter.com\\\/patient-faqs\\\/#breadcrumb\",\"itemListElement\":[{\"@type\":\"ListItem\",\"position\":1,\"name\":\"Home\",\"item\":\"https:\\\/\\\/ameripharmainfusioncenter.com\\\/\"},{\"@type\":\"ListItem\",\"position\":2,\"name\":\"Patient FAQs\"}]},{\"@type\":\"WebSite\",\"@id\":\"https:\\\/\\\/ameripharmainfusioncenter.com\\\/#website\",\"url\":\"https:\\\/\\\/ameripharmainfusioncenter.com\\\/\",\"name\":\"AmeriPharma Infusion Center\",\"description\":\"Prescription-based Infusion Center in Orange, CA\",\"publisher\":{\"@id\":\"https:\\\/\\\/ameripharmainfusioncenter.com\\\/#organization\"},\"potentialAction\":[{\"@type\":\"SearchAction\",\"target\":{\"@type\":\"EntryPoint\",\"urlTemplate\":\"https:\\\/\\\/ameripharmainfusioncenter.com\\\/?s={search_term_string}\"},\"query-input\":{\"@type\":\"PropertyValueSpecification\",\"valueRequired\":true,\"valueName\":\"search_term_string\"}}],\"inLanguage\":\"es\"},{\"@type\":\"Organization\",\"@id\":\"https:\\\/\\\/ameripharmainfusioncenter.com\\\/#organization\",\"name\":\"AmeriPharma Infusion Center\",\"url\":\"https:\\\/\\\/ameripharmainfusioncenter.com\\\/\",\"logo\":{\"@type\":\"ImageObject\",\"inLanguage\":\"es\",\"@id\":\"https:\\\/\\\/ameripharmainfusioncenter.com\\\/#\\\/schema\\\/logo\\\/image\\\/\",\"url\":\"https:\\\/\\\/ameripharmainfusioncenter.com\\\/wp-content\\\/uploads\\\/2023\\\/02\\\/AmeriPharma-InfusionCenter-logo.png\",\"contentUrl\":\"https:\\\/\\\/ameripharmainfusioncenter.com\\\/wp-content\\\/uploads\\\/2023\\\/02\\\/AmeriPharma-InfusionCenter-logo.png\",\"width\":375,\"height\":60,\"caption\":\"AmeriPharma Infusion Center\"},\"image\":{\"@id\":\"https:\\\/\\\/ameripharmainfusioncenter.com\\\/#\\\/schema\\\/logo\\\/image\\\/\"},\"sameAs\":[\"https:\\\/\\\/www.facebook.com\\\/AmeriPharmaInfusionCenter\\\/\",\"https:\\\/\\\/www.linkedin.com\\\/company\\\/ameripharma\",\"https:\\\/\\\/www.youtube.com\\\/channel\\\/UCdo4qXkWsAwiSz4-f-yz0Aw\"]}]}<\/script>\n<!-- \/ Yoast SEO plugin. -->","yoast_head_json":{"title":"Preguntas frecuentes de los pacientes - AmeriPharma Infusion Center","robots":{"index":"index","follow":"follow","max-snippet":"max-snippet:-1","max-image-preview":"max-image-preview:large","max-video-preview":"max-video-preview:-1"},"canonical":"https:\/\/ameripharmainfusioncenter.com\/es\/patient-faqs\/","og_locale":"es_MX","og_type":"article","og_title":"Patient FAQs - AmeriPharma Infusion Center","og_url":"https:\/\/ameripharmainfusioncenter.com\/es\/patient-faqs\/","og_site_name":"AmeriPharma Infusion Center","article_publisher":"https:\/\/www.facebook.com\/AmeriPharmaInfusionCenter\/","article_modified_time":"2026-02-10T22:54:36+00:00","og_image":[{"url":"https:\/\/ameripharmainfusioncenter.com\/wp-content\/uploads\/2024\/07\/Patient-picking-snacks-iv-therapy-1024x450.webp","type":"","width":"","height":""}],"twitter_card":"summary_large_image","twitter_misc":{"Tiempo de lectura":"1 minuto"},"schema":{"@context":"https:\/\/schema.org","@graph":[{"@type":"WebPage","@id":"https:\/\/ameripharmainfusioncenter.com\/patient-faqs\/","url":"https:\/\/ameripharmainfusioncenter.com\/patient-faqs\/","name":"Preguntas frecuentes de los pacientes - AmeriPharma Infusion Center","isPartOf":{"@id":"https:\/\/ameripharmainfusioncenter.com\/#website"},"primaryImageOfPage":{"@id":"https:\/\/ameripharmainfusioncenter.com\/patient-faqs\/#primaryimage"},"image":{"@id":"https:\/\/ameripharmainfusioncenter.com\/patient-faqs\/#primaryimage"},"thumbnailUrl":"https:\/\/ameripharmainfusioncenter.com\/wp-content\/uploads\/2024\/07\/Patient-picking-snacks-iv-therapy-1024x450.webp","datePublished":"2024-07-12T17:57:12+00:00","dateModified":"2026-02-10T22:54:36+00:00","breadcrumb":{"@id":"https:\/\/ameripharmainfusioncenter.com\/patient-faqs\/#breadcrumb"},"inLanguage":"es","potentialAction":[{"@type":"ReadAction","target":["https:\/\/ameripharmainfusioncenter.com\/patient-faqs\/"]}]},{"@type":"ImageObject","inLanguage":"es","@id":"https:\/\/ameripharmainfusioncenter.com\/patient-faqs\/#primaryimage","url":"https:\/\/ameripharmainfusioncenter.com\/wp-content\/uploads\/2024\/07\/Patient-picking-snacks-iv-therapy-1024x450.webp","contentUrl":"https:\/\/ameripharmainfusioncenter.com\/wp-content\/uploads\/2024\/07\/Patient-picking-snacks-iv-therapy-1024x450.webp"},{"@type":"BreadcrumbList","@id":"https:\/\/ameripharmainfusioncenter.com\/patient-faqs\/#breadcrumb","itemListElement":[{"@type":"ListItem","position":1,"name":"Home","item":"https:\/\/ameripharmainfusioncenter.com\/"},{"@type":"ListItem","position":2,"name":"Patient FAQs"}]},{"@type":"WebSite","@id":"https:\/\/ameripharmainfusioncenter.com\/#website","url":"https:\/\/ameripharmainfusioncenter.com\/","name":"AmeriPharma Infusion Center","description":"Centro de infusi\u00f3n con receta en Orange, CA","publisher":{"@id":"https:\/\/ameripharmainfusioncenter.com\/#organization"},"potentialAction":[{"@type":"SearchAction","target":{"@type":"EntryPoint","urlTemplate":"https:\/\/ameripharmainfusioncenter.com\/?s={search_term_string}"},"query-input":{"@type":"PropertyValueSpecification","valueRequired":true,"valueName":"search_term_string"}}],"inLanguage":"es"},{"@type":"Organization","@id":"https:\/\/ameripharmainfusioncenter.com\/#organization","name":"AmeriPharma Infusion Center","url":"https:\/\/ameripharmainfusioncenter.com\/","logo":{"@type":"ImageObject","inLanguage":"es","@id":"https:\/\/ameripharmainfusioncenter.com\/#\/schema\/logo\/image\/","url":"https:\/\/ameripharmainfusioncenter.com\/wp-content\/uploads\/2023\/02\/AmeriPharma-InfusionCenter-logo.png","contentUrl":"https:\/\/ameripharmainfusioncenter.com\/wp-content\/uploads\/2023\/02\/AmeriPharma-InfusionCenter-logo.png","width":375,"height":60,"caption":"AmeriPharma Infusion Center"},"image":{"@id":"https:\/\/ameripharmainfusioncenter.com\/#\/schema\/logo\/image\/"},"sameAs":["https:\/\/www.facebook.com\/AmeriPharmaInfusionCenter\/","https:\/\/www.linkedin.com\/company\/ameripharma","https:\/\/www.youtube.com\/channel\/UCdo4qXkWsAwiSz4-f-yz0Aw"]}]}},"uagb_featured_image_src":{"full":false,"thumbnail":false,"medium":false,"medium_large":false,"large":false,"1536x1536":false,"2048x2048":false,"trp-custom-language-flag":false,"block-image-html-large":false,"ct-gallery":false,"ct-section-header":false,"ct-thumb":false,"ct-thumb-large":false,"ct-small":false,"ct-medium":false,"ct-xmedium":false,"ct-large":false},"uagb_author_info":{"display_name":"Brandon Yano","author_link":"https:\/\/ameripharmainfusioncenter.com\/es\/author\/byanoameripharma-us\/"},"uagb_comment_info":0,"uagb_excerpt":null,"_links":{"self":[{"href":"https:\/\/ameripharmainfusioncenter.com\/es\/wp-json\/wp\/v2\/pages\/12350","targetHints":{"allow":["GET"]}}],"collection":[{"href":"https:\/\/ameripharmainfusioncenter.com\/es\/wp-json\/wp\/v2\/pages"}],"about":[{"href":"https:\/\/ameripharmainfusioncenter.com\/es\/wp-json\/wp\/v2\/types\/page"}],"author":[{"embeddable":true,"href":"https:\/\/ameripharmainfusioncenter.com\/es\/wp-json\/wp\/v2\/users\/17"}],"replies":[{"embeddable":true,"href":"https:\/\/ameripharmainfusioncenter.com\/es\/wp-json\/wp\/v2\/comments?post=12350"}],"version-history":[{"count":0,"href":"https:\/\/ameripharmainfusioncenter.com\/es\/wp-json\/wp\/v2\/pages\/12350\/revisions"}],"wp:attachment":[{"href":"https:\/\/ameripharmainfusioncenter.com\/es\/wp-json\/wp\/v2\/media?parent=12350"}],"curies":[{"name":"gracias","href":"https:\/\/api.w.org\/{rel}","templated":true}]}}