{"id":12348,"date":"2024-07-12T10:33:22","date_gmt":"2024-07-12T17:33:22","guid":{"rendered":"https:\/\/ameripharmainfusioncenter.com\/?page_id=12348"},"modified":"2025-12-12T06:18:11","modified_gmt":"2025-12-12T14:18:11","slug":"what-you-need-to-know-about-ivig-therapy","status":"publish","type":"page","link":"https:\/\/ameripharmainfusioncenter.com\/es\/what-you-need-to-know-about-ivig-therapy\/","title":{"rendered":"Lo que necesita saber sobre la terapia con IgIV"},"content":{"rendered":"<div class=\"wp-block-columns container is-layout-flex wp-container-core-columns-is-layout-9d6595d7 wp-block-columns-is-layout-flex\">\n<div class=\"wp-block-column is-layout-flow wp-block-column-is-layout-flow\" style=\"flex-basis:100%\">\n<p style=\"font-size:18px\">IgIV es la abreviatura de inmunoglobulina intravenosa, un tratamiento terap\u00e9utico que salva vidas y se utiliza para ayudar a personas con un sistema inmunitario debilitado y otras enfermedades. La inmunoglobulina subcut\u00e1nea (IGSC) es un m\u00e9todo de tratamiento que administra inmunoglobulina al cuerpo mediante inyecci\u00f3n en el tejido adiposo subcut\u00e1neo. La IgIV utiliza inmunoglobulina aislada del plasma sangu\u00edneo sano de donantes y se convierte en una soluci\u00f3n est\u00e9ril que se administra a los pacientes por v\u00eda intravenosa. Seg\u00fan el Centro Nacional de Informaci\u00f3n Biotecnol\u00f3gica (NCBI), cada lote de IgIV contiene el suero de entre 10\u00a0000 y 15\u00a0000 donantes de sangre.<\/p>\n\n\n<div class=\"wp-block-image ivig-therapy-image is-style-default roundedimg\">\n<figure class=\"alignright size-full is-resized\"><img loading=\"lazy\" decoding=\"async\" width=\"500\" height=\"281\" src=\"https:\/\/ameripharmainfusioncenter.com\/wp-content\/uploads\/2019\/04\/ameripharma-small-iv-close-up.jpg\" alt=\"iv close up with a background of a nurse\" class=\"wp-image-10765\" style=\"width:600px\" srcset=\"https:\/\/ameripharmainfusioncenter.com\/wp-content\/uploads\/2019\/04\/ameripharma-small-iv-close-up.jpg 500w, https:\/\/ameripharmainfusioncenter.com\/wp-content\/uploads\/2019\/04\/ameripharma-small-iv-close-up-300x169.jpg 300w\" sizes=\"auto, (max-width: 500px) 100vw, 500px\" \/><\/figure>\n<\/div>\n\n\n<div style=\"height:30px\" aria-hidden=\"true\" class=\"wp-block-spacer\"><\/div>\n\n\n\n<h2 class=\"wp-block-heading has-text-color has-link-color wp-elements-68b1cd1f7f6453be549d9b11efe4e645\" style=\"color:#102e61\">Entendiendo la inmunoglobulina<\/h2>\n\n\n\n<p style=\"font-size:18px\">La inmunoglobulina (Ig) es una prote\u00edna presente en la sangre, tan importante para el organismo como los nutrientes y el ox\u00edgeno, y un componente esencial del sistema inmunitario. La Ig combate los ant\u00edgenos que entran al organismo, como bacterias, virus y toxinas. Sin ellos, el cuerpo tiene dificultades para protegerse de infecciones y enfermedades. Desafortunadamente, algunas enfermedades atacan directamente los anticuerpos del cuerpo o afectan su capacidad para crearlos, debilitando el sistema inmunitario. Afortunadamente, se ha desarrollado el tratamiento con inmunoglobulina intravenosa para ayudar a las personas con trastornos del sistema inmunitario.<a href=\"https:\/\/ameripharmainfusioncenter.com\/es\/contact-us\/\"><\/a><\/p>\n\n\n\n<div style=\"height:20px\" aria-hidden=\"true\" class=\"wp-block-spacer\"><\/div>\n\n\n\n<div class=\"wp-block-uagb-buttons uagb-buttons__outer-wrap uagb-btn__default-btn uagb-btn-tablet__default-btn uagb-btn-mobile__default-btn uagb-block-684be717 uig-btn\"><div class=\"uagb-buttons__wrap uagb-buttons-layout-wrap\">\n<div class=\"wp-block-uagb-buttons-child uagb-buttons__outer-wrap uagb-block-16cfba4d wp-block-button\"><div class=\"uagb-button__wrapper\"><a class=\"uagb-buttons-repeater wp-block-button__link\" aria-label=\"\" href=\"https:\/\/ameripharmainfusioncenter.com\/es\/contact-us\/\" rel=\"follow noopener\" target=\"_self\" role=\"button\"><div class=\"uagb-button__link\">Pregunte por nuestra terapia con IgIV<\/div><\/a><\/div><\/div>\n<\/div><\/div>\n\n\n\n<div style=\"height:50px\" aria-hidden=\"true\" class=\"wp-block-spacer\"><\/div>\n\n\n\n<h2 class=\"wp-block-heading has-text-color has-link-color wp-elements-c1d37e2b3c53a3747fe4cb91f9e13a94\" style=\"color:#102e61\">\u00bfA qui\u00e9n beneficia la terapia con IgIV?<\/h2>\n\n\n\n<p style=\"font-size:18px\">Las personas con inmunodeficiencias no pueden producir suficientes anticuerpos (o ninguno en algunos casos) para combatir los ant\u00edgenos. Como resultado, el cuerpo se vuelve susceptible a infecciones e inflamaci\u00f3n. Los pacientes diagnosticados con polineuropat\u00eda desmielinizante inflamatoria cr\u00f3nica (PDIC), esclerosis m\u00faltiple y miastenia gravis son receptores comunes de... <a href=\"https:\/\/ameripharmainfusioncenter.com\/es\/ivig\/\">Terapia con IgIV<\/a>En algunos casos, la inmunoglobulina intravenosa tambi\u00e9n se utiliza para tratar a pacientes con deficiencias autoinmunes como lupus y miositis (afecciones que causan inflamaci\u00f3n).<\/p>\n\n\n\n<div style=\"height:30px\" aria-hidden=\"true\" class=\"wp-block-spacer\"><\/div>\n\n\n\n<h2 class=\"wp-block-heading has-text-color has-link-color wp-elements-d211d398a8d3d26058af4e94d771050f\" style=\"color:#102e61\">\u00bfC\u00f3mo funciona la terapia con IgIV y c\u00f3mo se administra?<\/h2>\n\n\n\n<p style=\"font-size:18px\">La inmunoglobulina se administra directamente al torrente sangu\u00edneo por v\u00eda intravenosa a trav\u00e9s de un cat\u00e9ter en el brazo o de una v\u00eda central en la zona tor\u00e1cica. Un profesional m\u00e9dico capacitado y autorizado, como una enfermera certificada en terapia intravenosa, debe administrar el tratamiento en un centro de infusi\u00f3n local o a trav\u00e9s de un servicio a domicilio. Como alternativa, la inmunoglobulina puede administrarse por v\u00eda subcut\u00e1nea en casa o en un centro de infusi\u00f3n. Los pacientes que reciben inmunoglobulina intravenosa (IVIG) tambi\u00e9n pueden, con el tiempo, autoadministrarse el tratamiento por v\u00eda subcut\u00e1nea en casa tras la capacitaci\u00f3n de una enfermera. La terapia de infusi\u00f3n de IgIV puede tardar aproximadamente tres horas en completarse, con intervalos de tratamiento de entre d\u00edas y semanas, seg\u00fan lo determine su m\u00e9dico.<\/p>\n\n\n\n<div style=\"height:30px\" aria-hidden=\"true\" class=\"wp-block-spacer\"><\/div>\n\n\n\n<h2 class=\"wp-block-heading has-text-color has-link-color wp-elements-a2d1d3d97076f0ef46b846eb0519f729\" style=\"color:#102e61\">\u00bfCu\u00e1nto tiempo tarda en hacer efecto la terapia con IgIV?<\/h2>\n\n\n\n<p style=\"font-size:18px\">El tiempo que tarda la IgIV en hacer efecto depende de la persona y de la afecci\u00f3n que tenga. Si bien solo tarda unas tres horas en...&nbsp;<a href=\"https:\/\/ameripharmainfusioncenter.com\/es\/what-to-expect-during-your-ivig-treatment\/\">recibir cada tratamiento<\/a>Puede tomar d\u00edas o semanas ver la diferencia. La mayor\u00eda de las personas notar\u00e1n resultados en unas cuatro semanas.<\/p>\n\n\n\n<p style=\"font-size:18px\">Si est\u00e1 interesado en recibir terapia de inmunoglobulina intravenosa para&nbsp;<a href=\"https:\/\/ameripharmainfusioncenter.com\/es\/treatment-care\/\">tratar una inmunodeficiencia<\/a>Aseg\u00farese de hablar con su m\u00e9dico para analizar los posibles efectos secundarios, su historial m\u00e9dico y sus recetas actuales para asegurarse de que sea un buen m\u00e9dico.&nbsp;<a href=\"https:\/\/ameripharmainfusioncenter.com\/es\/patients-caregivers-faqs\/\">candidato elegible<\/a>.&nbsp;<a href=\"https:\/\/ameripharmainfusioncenter.com\/es\/contact-us\/\">Cont\u00e1ctanos<\/a>&nbsp;para obtener m\u00e1s informaci\u00f3n sobre c\u00f3mo recibir terapia con IgIV.<a href=\"https:\/\/ameripharmainfusioncenter.com\/es\/get-started\/\"><\/a><\/p>\n\n\n\n<div style=\"height:100px\" aria-hidden=\"true\" class=\"wp-block-spacer\"><\/div>\n<\/div>\n<\/div>\n\n\n\n<p style=\"font-size:16px\"><\/p>\n\n\n\n<p><\/p>","protected":false},"excerpt":{"rendered":"<p>IgIV es la abreviatura de inmunoglobulina intravenosa, un tratamiento terap\u00e9utico que salva vidas y se utiliza para ayudar a personas con un sistema inmunitario debilitado y otras enfermedades. La inmunoglobulina subcut\u00e1nea (IGSC) es un m\u00e9todo de tratamiento que administra inmunoglobulina al cuerpo mediante inyecci\u00f3n en el tejido adiposo subcut\u00e1neo.<\/p>","protected":false},"author":17,"featured_media":0,"parent":0,"menu_order":0,"comment_status":"closed","ping_status":"closed","template":"","meta":{"_acf_changed":false,"inline_featured_image":false,"_uag_custom_page_level_css":"","footnotes":""},"class_list":["post-12348","page","type-page","status-publish","hentry"],"acf":[],"yoast_head":"<!-- This site is optimized with the Yoast SEO plugin v27.4 - https:\/\/yoast.com\/product\/yoast-seo-wordpress\/ -->\n<title>Understanding IVIG Therapy | AmeriPharma Infusion Center\u2122<\/title>\n<meta name=\"description\" content=\"Learn everything you need to know about IVIG therapy. AmeriPharma Infusion Center\u2122 offers IV immunoglobulin therapy and other IV treatments. Call today.\" \/>\n<meta name=\"robots\" content=\"index, follow, max-snippet:-1, max-image-preview:large, max-video-preview:-1\" \/>\n<link rel=\"canonical\" href=\"https:\/\/ameripharmainfusioncenter.com\/es\/what-you-need-to-know-about-ivig-therapy\/\" \/>\n<meta property=\"og:locale\" content=\"es_MX\" \/>\n<meta property=\"og:type\" content=\"article\" \/>\n<meta property=\"og:title\" content=\"Understanding IVIG Therapy | AmeriPharma Infusion Center\u2122\" \/>\n<meta property=\"og:description\" content=\"Learn everything you need to know about IVIG therapy. AmeriPharma Infusion Center\u2122 offers IV immunoglobulin therapy and other IV treatments. Call today.\" \/>\n<meta property=\"og:url\" content=\"https:\/\/ameripharmainfusioncenter.com\/es\/what-you-need-to-know-about-ivig-therapy\/\" \/>\n<meta property=\"og:site_name\" content=\"AmeriPharma Infusion Center\" \/>\n<meta property=\"article:publisher\" content=\"https:\/\/www.facebook.com\/AmeriPharmaInfusionCenter\/\" \/>\n<meta property=\"article:modified_time\" content=\"2025-12-12T14:18:11+00:00\" \/>\n<meta property=\"og:image\" content=\"https:\/\/ameripharmainfusioncenter.com\/wp-content\/uploads\/2019\/04\/ameripharma-small-iv-close-up.jpg\" \/>\n\t<meta property=\"og:image:width\" content=\"500\" \/>\n\t<meta property=\"og:image:height\" content=\"281\" \/>\n\t<meta property=\"og:image:type\" content=\"image\/jpeg\" \/>\n<meta name=\"twitter:card\" content=\"summary_large_image\" \/>\n<meta name=\"twitter:label1\" content=\"Tiempo de lectura\" \/>\n\t<meta name=\"twitter:data1\" content=\"3 minutos\" \/>\n<script type=\"application\/ld+json\" class=\"yoast-schema-graph\">{\"@context\":\"https:\\\/\\\/schema.org\",\"@graph\":[{\"@type\":\"WebPage\",\"@id\":\"https:\\\/\\\/ameripharmainfusioncenter.com\\\/what-you-need-to-know-about-ivig-therapy\\\/\",\"url\":\"https:\\\/\\\/ameripharmainfusioncenter.com\\\/what-you-need-to-know-about-ivig-therapy\\\/\",\"name\":\"Understanding IVIG Therapy | AmeriPharma Infusion Center\u2122\",\"isPartOf\":{\"@id\":\"https:\\\/\\\/ameripharmainfusioncenter.com\\\/#website\"},\"primaryImageOfPage\":{\"@id\":\"https:\\\/\\\/ameripharmainfusioncenter.com\\\/what-you-need-to-know-about-ivig-therapy\\\/#primaryimage\"},\"image\":{\"@id\":\"https:\\\/\\\/ameripharmainfusioncenter.com\\\/what-you-need-to-know-about-ivig-therapy\\\/#primaryimage\"},\"thumbnailUrl\":\"https:\\\/\\\/ameripharmainfusioncenter.com\\\/wp-content\\\/uploads\\\/2019\\\/04\\\/ameripharma-small-iv-close-up.jpg\",\"datePublished\":\"2024-07-12T17:33:22+00:00\",\"dateModified\":\"2025-12-12T14:18:11+00:00\",\"description\":\"Learn everything you need to know about IVIG therapy. AmeriPharma Infusion Center\u2122 offers IV immunoglobulin therapy and other IV treatments. Call today.\",\"breadcrumb\":{\"@id\":\"https:\\\/\\\/ameripharmainfusioncenter.com\\\/what-you-need-to-know-about-ivig-therapy\\\/#breadcrumb\"},\"inLanguage\":\"es\",\"potentialAction\":[{\"@type\":\"ReadAction\",\"target\":[\"https:\\\/\\\/ameripharmainfusioncenter.com\\\/what-you-need-to-know-about-ivig-therapy\\\/\"]}]},{\"@type\":\"ImageObject\",\"inLanguage\":\"es\",\"@id\":\"https:\\\/\\\/ameripharmainfusioncenter.com\\\/what-you-need-to-know-about-ivig-therapy\\\/#primaryimage\",\"url\":\"https:\\\/\\\/ameripharmainfusioncenter.com\\\/wp-content\\\/uploads\\\/2019\\\/04\\\/ameripharma-small-iv-close-up.jpg\",\"contentUrl\":\"https:\\\/\\\/ameripharmainfusioncenter.com\\\/wp-content\\\/uploads\\\/2019\\\/04\\\/ameripharma-small-iv-close-up.jpg\"},{\"@type\":\"BreadcrumbList\",\"@id\":\"https:\\\/\\\/ameripharmainfusioncenter.com\\\/what-you-need-to-know-about-ivig-therapy\\\/#breadcrumb\",\"itemListElement\":[{\"@type\":\"ListItem\",\"position\":1,\"name\":\"Home\",\"item\":\"https:\\\/\\\/ameripharmainfusioncenter.com\\\/\"},{\"@type\":\"ListItem\",\"position\":2,\"name\":\"What You Need to Know About IVIG Therapy\"}]},{\"@type\":\"WebSite\",\"@id\":\"https:\\\/\\\/ameripharmainfusioncenter.com\\\/#website\",\"url\":\"https:\\\/\\\/ameripharmainfusioncenter.com\\\/\",\"name\":\"AmeriPharma Infusion Center\",\"description\":\"Prescription-based Infusion Center in Orange, CA\",\"publisher\":{\"@id\":\"https:\\\/\\\/ameripharmainfusioncenter.com\\\/#organization\"},\"potentialAction\":[{\"@type\":\"SearchAction\",\"target\":{\"@type\":\"EntryPoint\",\"urlTemplate\":\"https:\\\/\\\/ameripharmainfusioncenter.com\\\/?s={search_term_string}\"},\"query-input\":{\"@type\":\"PropertyValueSpecification\",\"valueRequired\":true,\"valueName\":\"search_term_string\"}}],\"inLanguage\":\"es\"},{\"@type\":\"Organization\",\"@id\":\"https:\\\/\\\/ameripharmainfusioncenter.com\\\/#organization\",\"name\":\"AmeriPharma Infusion Center\",\"url\":\"https:\\\/\\\/ameripharmainfusioncenter.com\\\/\",\"logo\":{\"@type\":\"ImageObject\",\"inLanguage\":\"es\",\"@id\":\"https:\\\/\\\/ameripharmainfusioncenter.com\\\/#\\\/schema\\\/logo\\\/image\\\/\",\"url\":\"https:\\\/\\\/ameripharmainfusioncenter.com\\\/wp-content\\\/uploads\\\/2023\\\/02\\\/AmeriPharma-InfusionCenter-logo.png\",\"contentUrl\":\"https:\\\/\\\/ameripharmainfusioncenter.com\\\/wp-content\\\/uploads\\\/2023\\\/02\\\/AmeriPharma-InfusionCenter-logo.png\",\"width\":375,\"height\":60,\"caption\":\"AmeriPharma Infusion Center\"},\"image\":{\"@id\":\"https:\\\/\\\/ameripharmainfusioncenter.com\\\/#\\\/schema\\\/logo\\\/image\\\/\"},\"sameAs\":[\"https:\\\/\\\/www.facebook.com\\\/AmeriPharmaInfusionCenter\\\/\",\"https:\\\/\\\/www.linkedin.com\\\/company\\\/ameripharma\",\"https:\\\/\\\/www.youtube.com\\\/channel\\\/UCdo4qXkWsAwiSz4-f-yz0Aw\"]}]}<\/script>\n<!-- \/ Yoast SEO plugin. -->","yoast_head_json":{"title":"Entendiendo la terapia con IgIV | AmeriPharma Infusion Center\u2122","description":"Aprenda todo lo que necesita saber sobre la terapia con IgIV. AmeriPharma Infusion Center\u2122 ofrece terapia con inmunoglobulina intravenosa y otros tratamientos intravenosos. Llame hoy mismo.","robots":{"index":"index","follow":"follow","max-snippet":"max-snippet:-1","max-image-preview":"max-image-preview:large","max-video-preview":"max-video-preview:-1"},"canonical":"https:\/\/ameripharmainfusioncenter.com\/es\/what-you-need-to-know-about-ivig-therapy\/","og_locale":"es_MX","og_type":"article","og_title":"Understanding IVIG Therapy | AmeriPharma Infusion Center\u2122","og_description":"Learn everything you need to know about IVIG therapy. AmeriPharma Infusion Center\u2122 offers IV immunoglobulin therapy and other IV treatments. Call today.","og_url":"https:\/\/ameripharmainfusioncenter.com\/es\/what-you-need-to-know-about-ivig-therapy\/","og_site_name":"AmeriPharma Infusion Center","article_publisher":"https:\/\/www.facebook.com\/AmeriPharmaInfusionCenter\/","article_modified_time":"2025-12-12T14:18:11+00:00","og_image":[{"width":500,"height":281,"url":"https:\/\/ameripharmainfusioncenter.com\/wp-content\/uploads\/2019\/04\/ameripharma-small-iv-close-up.jpg","type":"image\/jpeg"}],"twitter_card":"summary_large_image","twitter_misc":{"Tiempo de lectura":"3 minutos"},"schema":{"@context":"https:\/\/schema.org","@graph":[{"@type":"WebPage","@id":"https:\/\/ameripharmainfusioncenter.com\/what-you-need-to-know-about-ivig-therapy\/","url":"https:\/\/ameripharmainfusioncenter.com\/what-you-need-to-know-about-ivig-therapy\/","name":"Entendiendo la terapia con IgIV | AmeriPharma Infusion Center\u2122","isPartOf":{"@id":"https:\/\/ameripharmainfusioncenter.com\/#website"},"primaryImageOfPage":{"@id":"https:\/\/ameripharmainfusioncenter.com\/what-you-need-to-know-about-ivig-therapy\/#primaryimage"},"image":{"@id":"https:\/\/ameripharmainfusioncenter.com\/what-you-need-to-know-about-ivig-therapy\/#primaryimage"},"thumbnailUrl":"https:\/\/ameripharmainfusioncenter.com\/wp-content\/uploads\/2019\/04\/ameripharma-small-iv-close-up.jpg","datePublished":"2024-07-12T17:33:22+00:00","dateModified":"2025-12-12T14:18:11+00:00","description":"Aprenda todo lo que necesita saber sobre la terapia con IgIV. AmeriPharma Infusion Center\u2122 ofrece terapia con inmunoglobulina intravenosa y otros tratamientos intravenosos. Llame hoy mismo.","breadcrumb":{"@id":"https:\/\/ameripharmainfusioncenter.com\/what-you-need-to-know-about-ivig-therapy\/#breadcrumb"},"inLanguage":"es","potentialAction":[{"@type":"ReadAction","target":["https:\/\/ameripharmainfusioncenter.com\/what-you-need-to-know-about-ivig-therapy\/"]}]},{"@type":"ImageObject","inLanguage":"es","@id":"https:\/\/ameripharmainfusioncenter.com\/what-you-need-to-know-about-ivig-therapy\/#primaryimage","url":"https:\/\/ameripharmainfusioncenter.com\/wp-content\/uploads\/2019\/04\/ameripharma-small-iv-close-up.jpg","contentUrl":"https:\/\/ameripharmainfusioncenter.com\/wp-content\/uploads\/2019\/04\/ameripharma-small-iv-close-up.jpg"},{"@type":"BreadcrumbList","@id":"https:\/\/ameripharmainfusioncenter.com\/what-you-need-to-know-about-ivig-therapy\/#breadcrumb","itemListElement":[{"@type":"ListItem","position":1,"name":"Home","item":"https:\/\/ameripharmainfusioncenter.com\/"},{"@type":"ListItem","position":2,"name":"What You Need to Know About IVIG Therapy"}]},{"@type":"WebSite","@id":"https:\/\/ameripharmainfusioncenter.com\/#website","url":"https:\/\/ameripharmainfusioncenter.com\/","name":"AmeriPharma Infusion Center","description":"Centro de infusi\u00f3n con receta en Orange, CA","publisher":{"@id":"https:\/\/ameripharmainfusioncenter.com\/#organization"},"potentialAction":[{"@type":"SearchAction","target":{"@type":"EntryPoint","urlTemplate":"https:\/\/ameripharmainfusioncenter.com\/?s={search_term_string}"},"query-input":{"@type":"PropertyValueSpecification","valueRequired":true,"valueName":"search_term_string"}}],"inLanguage":"es"},{"@type":"Organization","@id":"https:\/\/ameripharmainfusioncenter.com\/#organization","name":"AmeriPharma Infusion Center","url":"https:\/\/ameripharmainfusioncenter.com\/","logo":{"@type":"ImageObject","inLanguage":"es","@id":"https:\/\/ameripharmainfusioncenter.com\/#\/schema\/logo\/image\/","url":"https:\/\/ameripharmainfusioncenter.com\/wp-content\/uploads\/2023\/02\/AmeriPharma-InfusionCenter-logo.png","contentUrl":"https:\/\/ameripharmainfusioncenter.com\/wp-content\/uploads\/2023\/02\/AmeriPharma-InfusionCenter-logo.png","width":375,"height":60,"caption":"AmeriPharma Infusion Center"},"image":{"@id":"https:\/\/ameripharmainfusioncenter.com\/#\/schema\/logo\/image\/"},"sameAs":["https:\/\/www.facebook.com\/AmeriPharmaInfusionCenter\/","https:\/\/www.linkedin.com\/company\/ameripharma","https:\/\/www.youtube.com\/channel\/UCdo4qXkWsAwiSz4-f-yz0Aw"]}]}},"uagb_featured_image_src":{"full":false,"thumbnail":false,"medium":false,"medium_large":false,"large":false,"1536x1536":false,"2048x2048":false,"trp-custom-language-flag":false,"block-image-html-large":false,"ct-gallery":false,"ct-section-header":false,"ct-thumb":false,"ct-thumb-large":false,"ct-small":false,"ct-medium":false,"ct-xmedium":false,"ct-large":false},"uagb_author_info":{"display_name":"Brandon Yano","author_link":"https:\/\/ameripharmainfusioncenter.com\/es\/author\/byanoameripharma-us\/"},"uagb_comment_info":0,"uagb_excerpt":"IVIG is short for intravenous immunoglobulin, a life-saving therapy treatment used to aid those with a weakened immune system and other diseases. Subcutaneous immune globulin (SCIG) is a treatment method that delivers immune globulin into the body by injecting into fatty tissue below the skin.","_links":{"self":[{"href":"https:\/\/ameripharmainfusioncenter.com\/es\/wp-json\/wp\/v2\/pages\/12348","targetHints":{"allow":["GET"]}}],"collection":[{"href":"https:\/\/ameripharmainfusioncenter.com\/es\/wp-json\/wp\/v2\/pages"}],"about":[{"href":"https:\/\/ameripharmainfusioncenter.com\/es\/wp-json\/wp\/v2\/types\/page"}],"author":[{"embeddable":true,"href":"https:\/\/ameripharmainfusioncenter.com\/es\/wp-json\/wp\/v2\/users\/17"}],"replies":[{"embeddable":true,"href":"https:\/\/ameripharmainfusioncenter.com\/es\/wp-json\/wp\/v2\/comments?post=12348"}],"version-history":[{"count":0,"href":"https:\/\/ameripharmainfusioncenter.com\/es\/wp-json\/wp\/v2\/pages\/12348\/revisions"}],"wp:attachment":[{"href":"https:\/\/ameripharmainfusioncenter.com\/es\/wp-json\/wp\/v2\/media?parent=12348"}],"curies":[{"name":"gracias","href":"https:\/\/api.w.org\/{rel}","templated":true}]}}