{"id":12345,"date":"2024-07-12T10:25:14","date_gmt":"2024-07-12T17:25:14","guid":{"rendered":"https:\/\/ameripharmainfusioncenter.com\/?page_id=12345"},"modified":"2025-12-18T06:36:00","modified_gmt":"2025-12-18T14:36:00","slug":"infusion-therapy-for-rheumatoid-arthritis","status":"publish","type":"page","link":"https:\/\/ameripharmainfusioncenter.com\/es\/infusion-therapy-for-rheumatoid-arthritis\/","title":{"rendered":"Terapia de infusi\u00f3n para la artritis reumatoide"},"content":{"rendered":"<div class=\"wp-block-columns container is-layout-flex wp-container-core-columns-is-layout-9d6595d7 wp-block-columns-is-layout-flex\">\n<div class=\"wp-block-column is-layout-flow wp-block-column-is-layout-flow\">\n<div class=\"wp-block-uagb-image aligncenter uagb-block-c1b24001 wp-block-uagb-image--layout-default wp-block-uagb-image--effect-static wp-block-uagb-image--align-center\"><figure class=\"wp-block-uagb-image__figure\"><img decoding=\"async\" srcset=\"https:\/\/ameripharmainfusioncenter.com\/wp-content\/uploads\/2024\/10\/blue-shirt-hands-1024x683.webp ,https:\/\/ameripharmainfusioncenter.com\/wp-content\/uploads\/2024\/10\/blue-shirt-hands.webp 780w, https:\/\/ameripharmainfusioncenter.com\/wp-content\/uploads\/2024\/10\/blue-shirt-hands.webp 360w\" sizes=\"auto, (max-width: 480px) 150px\" src=\"https:\/\/ameripharmainfusioncenter.com\/wp-content\/uploads\/2024\/10\/blue-shirt-hands-1024x683.webp\" alt=\"Man with rheumatoid arthritis touching his right hand\" class=\"uag-image-12836\" width=\"1024\" height=\"683\" title=\"manos de camisa azul\" loading=\"lazy\" role=\"img\"\/><\/figure><\/div>\n\n\n\n<p style=\"font-size:18px\">Cuando se vive con artritis reumatoide, incluso las tareas cotidianas pueden resultar abrumadoras. Simplemente prepararse para el d\u00eda, cocinar y conducir puede ser un desaf\u00edo. Cuando la medicina tradicional no controla los s\u00edntomas ni permite que la vida vuelva a la normalidad, se necesitan m\u00e1s opciones. Por suerte, la artritis reumatoide...&nbsp;<a href=\"https:\/\/ameripharmainfusioncenter.com\/es\/patients-caregivers\/\">tratamientos de terapia de infusi\u00f3n<\/a>&nbsp;Puede ayudar a proporcionar alivio.<\/p>\n\n\n\n<h2 class=\"wp-block-heading has-text-color has-link-color wp-elements-f17fee70c6a3afc0040391f9b2ea36f8\" style=\"color:#102e61\">\u00bfQu\u00e9 es la artritis reumatoide?<\/h2>\n\n\n\n<p style=\"font-size:18px\">La artritis reumatoide es una enfermedad autoinmune que afecta al cuerpo y causa inflamaci\u00f3n y dolor cr\u00f3nico. Puede afectar los vasos sangu\u00edneos, la piel, las articulaciones y el revestimiento articular. El dolor empeora a medida que la enfermedad progresa, causando da\u00f1o y, en ocasiones, deformidad en el cart\u00edlago articular. La artritis reumatoide tambi\u00e9n puede causar otros s\u00edntomas como fatiga, disminuci\u00f3n del apetito y rigidez.<\/p>\n\n\n\n<h2 class=\"wp-block-heading has-text-color has-link-color wp-elements-67fb05e162cbeeae5603fdbc38ad052a\" style=\"color:#102e61\">\u00bfC\u00f3mo ayuda la terapia de infusi\u00f3n para la artritis reumatoide?<\/h2>\n\n\n\n<p style=\"font-size:18px\">Los medicamentos orales suelen ser la primera l\u00ednea de defensa contra los s\u00edntomas dolorosos, pero algunas personas con artritis reumatoide moderada a grave no encuentran alivio o tienen dificultades para tomarlos. En estos casos, los m\u00e9dicos pueden recetar terapia de infusi\u00f3n para la artritis reumatoide. Existen m\u00faltiples medicamentos que pueden administrarse por v\u00eda intravenosa y se administran directamente al torrente sangu\u00edneo del paciente. La terapia intravenosa suele ofrecer resultados m\u00e1s r\u00e1pidos y efectivos que el tratamiento oral. La terapia de infusi\u00f3n para la artritis reumatoide proporciona a los pacientes:<\/p>\n\n\n\n<ul class=\"wp-block-list\">\n<li style=\"font-size:18px\">Alivio del dolor y la hinchaz\u00f3n.<\/li>\n\n\n\n<li style=\"font-size:18px\">Mayor rango de movimiento<\/li>\n\n\n\n<li style=\"font-size:18px\">Prevenci\u00f3n de mayores da\u00f1os en las articulaciones<\/li>\n\n\n\n<li style=\"font-size:18px\">Retraso del da\u00f1o \u00f3seo<\/li>\n\n\n\n<li style=\"font-size:18px\">Fatiga reducida<\/li>\n\n\n\n<li style=\"font-size:18px\">Mejora de la calidad de vida<\/li>\n<\/ul>\n\n\n\n<p style=\"font-size:18px\">La duraci\u00f3n de las sesiones de infusi\u00f3n para la artritis reumatoide var\u00eda seg\u00fan la gravedad de la afecci\u00f3n y el tipo de medicamento administrado. Los tratamientos intravenosos continuos suelen proporcionar alivio durante seis meses a un a\u00f1o.<\/p>\n\n\n\n<div class=\"wp-block-uagb-buttons uagb-buttons__outer-wrap uagb-btn__default-btn uagb-btn-tablet__default-btn uagb-btn-mobile__default-btn uagb-block-e80ca242\"><div class=\"uagb-buttons__wrap uagb-buttons-layout-wrap\">\n<div class=\"wp-block-uagb-buttons-child uagb-buttons__outer-wrap uagb-block-573497f2 wp-block-button\"><div class=\"uagb-button__wrapper\"><a class=\"uagb-buttons-repeater wp-block-button__link\" aria-label=\"\" href=\"\/es\/contact-us\/\" rel=\"follow noopener\" target=\"_self\" role=\"button\"><div class=\"uagb-button__link\">Pregunte por nuestra terapia de infusi\u00f3n<\/div><\/a><\/div><\/div>\n<\/div><\/div>\n\n\n\n<h2 class=\"wp-block-heading has-text-color has-link-color wp-elements-5b37dcda737bb0d6039b91c0c68c650c\" style=\"color:#102e61\">\u00bfExisten posibles efectos secundarios?<\/h2>\n\n\n\n<p style=\"font-size:18px\">La mayor\u00eda de los pacientes experimentar\u00e1n efectos secundarios m\u00ednimos, como picaz\u00f3n en el lugar de la inyecci\u00f3n, mareos, fiebre o s\u00edntomas gripales. Para reducir la probabilidad de experimentar efectos secundarios, aseg\u00farese de hablar con su m\u00e9dico sobre cualquier medicamento que est\u00e9 tomando y su historial m\u00e9dico. Nuestros farmac\u00e9uticos especializados en infusiones podr\u00e1n explicarle los posibles efectos secundarios de su medicaci\u00f3n y su enfermera le supervisar\u00e1 y le ayudar\u00e1 a sentirse c\u00f3modo durante los tratamientos de infusi\u00f3n para la artritis reumatoide.<\/p>\n\n\n\n<h2 class=\"wp-block-heading has-text-color has-link-color wp-elements-a73e95ea97b8466b501cac2b66f3a583\" style=\"color:#102e61\">Qu\u00e9 esperar durante el tratamiento<\/h2>\n\n\n\n<p style=\"font-size:18px\">Durante el&nbsp;<a href=\"https:\/\/ameripharmainfusioncenter.com\/es\/treatment-care\/\">tratamiento de infusi\u00f3n<\/a>Se conecta una bolsa de fluido intravenoso con medicamento a un tubo de infusi\u00f3n conectado al cat\u00e9ter en el brazo. Los tratamientos de infusi\u00f3n para la artritis reumatoide pueden durar varias horas.<\/p>\n\n\n\n<p style=\"font-size:18px\">Durante la infusi\u00f3n, nuestro objetivo es que se sienta lo m\u00e1s c\u00f3modo posible en nuestras instalaciones tipo resort. Cada paciente cuenta con una enfermera dedicada durante el tratamiento. Le proporcionaremos refrigerios y bebidas saludables de cortes\u00eda, mantas acogedoras y opciones de entretenimiento. Puede traer invitados durante su visita. Disfrute de nuestro wifi, material de biblioteca, pel\u00edculas y programas de televisi\u00f3n. Los pacientes pueden elegir una suite privada o relajarse y socializar en una sala de tratamiento comunitaria.<\/p>\n\n\n\n<p style=\"font-size:18px\">El personal del Centro de Infusi\u00f3n AmeriPharma\u00ae hace todo lo posible para ayudarlo a navegar sus tratamientos y encontrar\u00a0<a href=\"https:\/\/ameripharmainfusioncenter.com\/es\/patients-caregivers-faqs\/\">asistencia financiera<\/a>\u00a0Si es necesario.\u00a0<a href=\"https:\/\/ameripharmainfusioncenter.com\/es\/contact-us\/\">Cont\u00e1ctanos<\/a>\u00a0Hoy para una consulta gratuita.<\/p>\n\n\n\n<div class=\"wp-block-uagb-buttons uagb-buttons__outer-wrap uagb-btn__default-btn uagb-btn-tablet__default-btn uagb-btn-mobile__default-btn uagb-block-7eceeaa9\"><div class=\"uagb-buttons__wrap uagb-buttons-layout-wrap\">\n<div class=\"wp-block-uagb-buttons-child uagb-buttons__outer-wrap uagb-block-ca4ef32f wp-block-button\"><div class=\"uagb-button__wrapper\"><a class=\"uagb-buttons-repeater wp-block-button__link\" aria-label=\"\" href=\"\/es\/get-started\/\" rel=\"follow noopener\" target=\"_self\" role=\"button\"><div class=\"uagb-button__link\">Empieza ahora<\/div><\/a><\/div><\/div>\n<\/div><\/div>\n\n\n\n<div style=\"height:100px\" aria-hidden=\"true\" class=\"wp-block-spacer\"><\/div>\n<\/div>\n<\/div>","protected":false},"excerpt":{"rendered":"<p>Cuando se vive con artritis reumatoide, incluso las tareas cotidianas pueden resultar abrumadoras. Simplemente prepararse para el d\u00eda, cocinar y conducir puede ser un desaf\u00edo. Cuando la medicina tradicional no controla los s\u00edntomas ni permite que la vida vuelva a la normalidad, se necesitan m\u00e1s opciones.<\/p>","protected":false},"author":17,"featured_media":0,"parent":0,"menu_order":0,"comment_status":"closed","ping_status":"closed","template":"","meta":{"_acf_changed":false,"inline_featured_image":false,"_uag_custom_page_level_css":"","footnotes":""},"class_list":["post-12345","page","type-page","status-publish","hentry"],"acf":[],"yoast_head":"<!-- This site is optimized with the Yoast SEO plugin v27.5 - https:\/\/yoast.com\/product\/yoast-seo-wordpress\/ -->\n<title>Rheumatoid Arthritis Infusion | AmeriPharma Infusion Center\u2122<\/title>\n<meta name=\"description\" content=\"Discover the benefits of infusion therapy for rheumatoid arthritis. Take your life back and find relief with treatment. Call AmeriPharma Infusion Center\u2122 today.\" \/>\n<meta name=\"robots\" content=\"index, follow, max-snippet:-1, max-image-preview:large, max-video-preview:-1\" \/>\n<link rel=\"canonical\" href=\"https:\/\/ameripharmainfusioncenter.com\/es\/infusion-therapy-for-rheumatoid-arthritis\/\" \/>\n<meta property=\"og:locale\" content=\"es_MX\" \/>\n<meta property=\"og:type\" content=\"article\" \/>\n<meta property=\"og:title\" content=\"Rheumatoid Arthritis Infusion | AmeriPharma Infusion Center\u2122\" \/>\n<meta property=\"og:description\" content=\"Discover the benefits of infusion therapy for rheumatoid arthritis. Take your life back and find relief with treatment. Call AmeriPharma Infusion Center\u2122 today.\" \/>\n<meta property=\"og:url\" content=\"https:\/\/ameripharmainfusioncenter.com\/es\/infusion-therapy-for-rheumatoid-arthritis\/\" \/>\n<meta property=\"og:site_name\" content=\"AmeriPharma Infusion Center\" \/>\n<meta property=\"article:publisher\" content=\"https:\/\/www.facebook.com\/AmeriPharmaInfusionCenter\/\" \/>\n<meta property=\"article:modified_time\" content=\"2025-12-18T14:36:00+00:00\" \/>\n<meta property=\"og:image\" content=\"https:\/\/ameripharmainfusioncenter.com\/wp-content\/uploads\/2024\/10\/blue-shirt-hands-1024x683.webp\" \/>\n<meta name=\"twitter:card\" content=\"summary_large_image\" \/>\n<meta name=\"twitter:label1\" content=\"Tiempo de lectura\" \/>\n\t<meta name=\"twitter:data1\" content=\"3 minutos\" \/>\n<script type=\"application\/ld+json\" class=\"yoast-schema-graph\">{\"@context\":\"https:\\\/\\\/schema.org\",\"@graph\":[{\"@type\":\"WebPage\",\"@id\":\"https:\\\/\\\/ameripharmainfusioncenter.com\\\/infusion-therapy-for-rheumatoid-arthritis\\\/\",\"url\":\"https:\\\/\\\/ameripharmainfusioncenter.com\\\/infusion-therapy-for-rheumatoid-arthritis\\\/\",\"name\":\"Rheumatoid Arthritis Infusion | AmeriPharma Infusion Center\u2122\",\"isPartOf\":{\"@id\":\"https:\\\/\\\/ameripharmainfusioncenter.com\\\/#website\"},\"primaryImageOfPage\":{\"@id\":\"https:\\\/\\\/ameripharmainfusioncenter.com\\\/infusion-therapy-for-rheumatoid-arthritis\\\/#primaryimage\"},\"image\":{\"@id\":\"https:\\\/\\\/ameripharmainfusioncenter.com\\\/infusion-therapy-for-rheumatoid-arthritis\\\/#primaryimage\"},\"thumbnailUrl\":\"https:\\\/\\\/ameripharmainfusioncenter.com\\\/wp-content\\\/uploads\\\/2024\\\/10\\\/blue-shirt-hands-1024x683.webp\",\"datePublished\":\"2024-07-12T17:25:14+00:00\",\"dateModified\":\"2025-12-18T14:36:00+00:00\",\"description\":\"Discover the benefits of infusion therapy for rheumatoid arthritis. Take your life back and find relief with treatment. Call AmeriPharma Infusion Center\u2122 today.\",\"breadcrumb\":{\"@id\":\"https:\\\/\\\/ameripharmainfusioncenter.com\\\/infusion-therapy-for-rheumatoid-arthritis\\\/#breadcrumb\"},\"inLanguage\":\"es\",\"potentialAction\":[{\"@type\":\"ReadAction\",\"target\":[\"https:\\\/\\\/ameripharmainfusioncenter.com\\\/infusion-therapy-for-rheumatoid-arthritis\\\/\"]}]},{\"@type\":\"ImageObject\",\"inLanguage\":\"es\",\"@id\":\"https:\\\/\\\/ameripharmainfusioncenter.com\\\/infusion-therapy-for-rheumatoid-arthritis\\\/#primaryimage\",\"url\":\"https:\\\/\\\/ameripharmainfusioncenter.com\\\/wp-content\\\/uploads\\\/2024\\\/10\\\/blue-shirt-hands-1024x683.webp\",\"contentUrl\":\"https:\\\/\\\/ameripharmainfusioncenter.com\\\/wp-content\\\/uploads\\\/2024\\\/10\\\/blue-shirt-hands-1024x683.webp\"},{\"@type\":\"BreadcrumbList\",\"@id\":\"https:\\\/\\\/ameripharmainfusioncenter.com\\\/infusion-therapy-for-rheumatoid-arthritis\\\/#breadcrumb\",\"itemListElement\":[{\"@type\":\"ListItem\",\"position\":1,\"name\":\"Home\",\"item\":\"https:\\\/\\\/ameripharmainfusioncenter.com\\\/\"},{\"@type\":\"ListItem\",\"position\":2,\"name\":\"Infusion Therapy for Rheumatoid Arthritis\"}]},{\"@type\":\"WebSite\",\"@id\":\"https:\\\/\\\/ameripharmainfusioncenter.com\\\/#website\",\"url\":\"https:\\\/\\\/ameripharmainfusioncenter.com\\\/\",\"name\":\"AmeriPharma Infusion Center\",\"description\":\"Prescription-based Infusion Center in Orange, CA\",\"publisher\":{\"@id\":\"https:\\\/\\\/ameripharmainfusioncenter.com\\\/#organization\"},\"potentialAction\":[{\"@type\":\"SearchAction\",\"target\":{\"@type\":\"EntryPoint\",\"urlTemplate\":\"https:\\\/\\\/ameripharmainfusioncenter.com\\\/?s={search_term_string}\"},\"query-input\":{\"@type\":\"PropertyValueSpecification\",\"valueRequired\":true,\"valueName\":\"search_term_string\"}}],\"inLanguage\":\"es\"},{\"@type\":\"Organization\",\"@id\":\"https:\\\/\\\/ameripharmainfusioncenter.com\\\/#organization\",\"name\":\"AmeriPharma Infusion Center\",\"url\":\"https:\\\/\\\/ameripharmainfusioncenter.com\\\/\",\"logo\":{\"@type\":\"ImageObject\",\"inLanguage\":\"es\",\"@id\":\"https:\\\/\\\/ameripharmainfusioncenter.com\\\/#\\\/schema\\\/logo\\\/image\\\/\",\"url\":\"https:\\\/\\\/ameripharmainfusioncenter.com\\\/wp-content\\\/uploads\\\/2023\\\/02\\\/AmeriPharma-InfusionCenter-logo.png\",\"contentUrl\":\"https:\\\/\\\/ameripharmainfusioncenter.com\\\/wp-content\\\/uploads\\\/2023\\\/02\\\/AmeriPharma-InfusionCenter-logo.png\",\"width\":375,\"height\":60,\"caption\":\"AmeriPharma Infusion Center\"},\"image\":{\"@id\":\"https:\\\/\\\/ameripharmainfusioncenter.com\\\/#\\\/schema\\\/logo\\\/image\\\/\"},\"sameAs\":[\"https:\\\/\\\/www.facebook.com\\\/AmeriPharmaInfusionCenter\\\/\",\"https:\\\/\\\/www.linkedin.com\\\/company\\\/ameripharma\",\"https:\\\/\\\/www.youtube.com\\\/channel\\\/UCdo4qXkWsAwiSz4-f-yz0Aw\"]}]}<\/script>\n<!-- \/ Yoast SEO plugin. -->","yoast_head_json":{"title":"Infusi\u00f3n para la artritis reumatoide | AmeriPharma Infusion Center\u2122","description":"Descubra los beneficios de la terapia de infusi\u00f3n para la artritis reumatoide. Recupere su vida y encuentre alivio con el tratamiento. Llame hoy mismo al AmeriPharma Infusion Center\u2122.","robots":{"index":"index","follow":"follow","max-snippet":"max-snippet:-1","max-image-preview":"max-image-preview:large","max-video-preview":"max-video-preview:-1"},"canonical":"https:\/\/ameripharmainfusioncenter.com\/es\/infusion-therapy-for-rheumatoid-arthritis\/","og_locale":"es_MX","og_type":"article","og_title":"Rheumatoid Arthritis Infusion | AmeriPharma Infusion Center\u2122","og_description":"Discover the benefits of infusion therapy for rheumatoid arthritis. Take your life back and find relief with treatment. Call AmeriPharma Infusion Center\u2122 today.","og_url":"https:\/\/ameripharmainfusioncenter.com\/es\/infusion-therapy-for-rheumatoid-arthritis\/","og_site_name":"AmeriPharma Infusion Center","article_publisher":"https:\/\/www.facebook.com\/AmeriPharmaInfusionCenter\/","article_modified_time":"2025-12-18T14:36:00+00:00","og_image":[{"url":"https:\/\/ameripharmainfusioncenter.com\/wp-content\/uploads\/2024\/10\/blue-shirt-hands-1024x683.webp","type":"","width":"","height":""}],"twitter_card":"summary_large_image","twitter_misc":{"Tiempo de lectura":"3 minutos"},"schema":{"@context":"https:\/\/schema.org","@graph":[{"@type":"WebPage","@id":"https:\/\/ameripharmainfusioncenter.com\/infusion-therapy-for-rheumatoid-arthritis\/","url":"https:\/\/ameripharmainfusioncenter.com\/infusion-therapy-for-rheumatoid-arthritis\/","name":"Infusi\u00f3n para la artritis reumatoide | AmeriPharma Infusion Center\u2122","isPartOf":{"@id":"https:\/\/ameripharmainfusioncenter.com\/#website"},"primaryImageOfPage":{"@id":"https:\/\/ameripharmainfusioncenter.com\/infusion-therapy-for-rheumatoid-arthritis\/#primaryimage"},"image":{"@id":"https:\/\/ameripharmainfusioncenter.com\/infusion-therapy-for-rheumatoid-arthritis\/#primaryimage"},"thumbnailUrl":"https:\/\/ameripharmainfusioncenter.com\/wp-content\/uploads\/2024\/10\/blue-shirt-hands-1024x683.webp","datePublished":"2024-07-12T17:25:14+00:00","dateModified":"2025-12-18T14:36:00+00:00","description":"Descubra los beneficios de la terapia de infusi\u00f3n para la artritis reumatoide. Recupere su vida y encuentre alivio con el tratamiento. Llame hoy mismo al AmeriPharma Infusion Center\u2122.","breadcrumb":{"@id":"https:\/\/ameripharmainfusioncenter.com\/infusion-therapy-for-rheumatoid-arthritis\/#breadcrumb"},"inLanguage":"es","potentialAction":[{"@type":"ReadAction","target":["https:\/\/ameripharmainfusioncenter.com\/infusion-therapy-for-rheumatoid-arthritis\/"]}]},{"@type":"ImageObject","inLanguage":"es","@id":"https:\/\/ameripharmainfusioncenter.com\/infusion-therapy-for-rheumatoid-arthritis\/#primaryimage","url":"https:\/\/ameripharmainfusioncenter.com\/wp-content\/uploads\/2024\/10\/blue-shirt-hands-1024x683.webp","contentUrl":"https:\/\/ameripharmainfusioncenter.com\/wp-content\/uploads\/2024\/10\/blue-shirt-hands-1024x683.webp"},{"@type":"BreadcrumbList","@id":"https:\/\/ameripharmainfusioncenter.com\/infusion-therapy-for-rheumatoid-arthritis\/#breadcrumb","itemListElement":[{"@type":"ListItem","position":1,"name":"Home","item":"https:\/\/ameripharmainfusioncenter.com\/"},{"@type":"ListItem","position":2,"name":"Infusion Therapy for Rheumatoid Arthritis"}]},{"@type":"WebSite","@id":"https:\/\/ameripharmainfusioncenter.com\/#website","url":"https:\/\/ameripharmainfusioncenter.com\/","name":"AmeriPharma Infusion Center","description":"Centro de infusi\u00f3n con receta en Orange, CA","publisher":{"@id":"https:\/\/ameripharmainfusioncenter.com\/#organization"},"potentialAction":[{"@type":"SearchAction","target":{"@type":"EntryPoint","urlTemplate":"https:\/\/ameripharmainfusioncenter.com\/?s={search_term_string}"},"query-input":{"@type":"PropertyValueSpecification","valueRequired":true,"valueName":"search_term_string"}}],"inLanguage":"es"},{"@type":"Organization","@id":"https:\/\/ameripharmainfusioncenter.com\/#organization","name":"AmeriPharma Infusion Center","url":"https:\/\/ameripharmainfusioncenter.com\/","logo":{"@type":"ImageObject","inLanguage":"es","@id":"https:\/\/ameripharmainfusioncenter.com\/#\/schema\/logo\/image\/","url":"https:\/\/ameripharmainfusioncenter.com\/wp-content\/uploads\/2023\/02\/AmeriPharma-InfusionCenter-logo.png","contentUrl":"https:\/\/ameripharmainfusioncenter.com\/wp-content\/uploads\/2023\/02\/AmeriPharma-InfusionCenter-logo.png","width":375,"height":60,"caption":"AmeriPharma Infusion Center"},"image":{"@id":"https:\/\/ameripharmainfusioncenter.com\/#\/schema\/logo\/image\/"},"sameAs":["https:\/\/www.facebook.com\/AmeriPharmaInfusionCenter\/","https:\/\/www.linkedin.com\/company\/ameripharma","https:\/\/www.youtube.com\/channel\/UCdo4qXkWsAwiSz4-f-yz0Aw"]}]}},"uagb_featured_image_src":{"full":false,"thumbnail":false,"medium":false,"medium_large":false,"large":false,"1536x1536":false,"2048x2048":false,"trp-custom-language-flag":false,"block-image-html-large":false,"ct-gallery":false,"ct-section-header":false,"ct-thumb":false,"ct-thumb-large":false,"ct-small":false,"ct-medium":false,"ct-xmedium":false,"ct-large":false},"uagb_author_info":{"display_name":"Brandon Yano","author_link":"https:\/\/ameripharmainfusioncenter.com\/es\/author\/byanoameripharma-us\/"},"uagb_comment_info":0,"uagb_excerpt":"When you\u2019re living with rheumatoid arthritis, even daily tasks can seem overwhelming. Simply getting ready for the day, cooking meals, and driving can prove challenging. When traditional medicine isn\u2019t controlling your symptoms and bringing your life back to normalcy, you need more options.","_links":{"self":[{"href":"https:\/\/ameripharmainfusioncenter.com\/es\/wp-json\/wp\/v2\/pages\/12345","targetHints":{"allow":["GET"]}}],"collection":[{"href":"https:\/\/ameripharmainfusioncenter.com\/es\/wp-json\/wp\/v2\/pages"}],"about":[{"href":"https:\/\/ameripharmainfusioncenter.com\/es\/wp-json\/wp\/v2\/types\/page"}],"author":[{"embeddable":true,"href":"https:\/\/ameripharmainfusioncenter.com\/es\/wp-json\/wp\/v2\/users\/17"}],"replies":[{"embeddable":true,"href":"https:\/\/ameripharmainfusioncenter.com\/es\/wp-json\/wp\/v2\/comments?post=12345"}],"version-history":[{"count":0,"href":"https:\/\/ameripharmainfusioncenter.com\/es\/wp-json\/wp\/v2\/pages\/12345\/revisions"}],"wp:attachment":[{"href":"https:\/\/ameripharmainfusioncenter.com\/es\/wp-json\/wp\/v2\/media?parent=12345"}],"curies":[{"name":"gracias","href":"https:\/\/api.w.org\/{rel}","templated":true}]}}