{"id":12216,"date":"2023-11-30T15:18:22","date_gmt":"2023-11-30T23:18:22","guid":{"rendered":"https:\/\/ameripharmainfusioncenter.com\/?page_id=12216"},"modified":"2025-12-22T12:01:14","modified_gmt":"2025-12-22T20:01:14","slug":"cidp-treatment-with-ivig-and-infusions-ameripharmas-effective-solutions","status":"publish","type":"page","link":"https:\/\/ameripharmainfusioncenter.com\/es\/cidp-treatment-with-ivig-and-infusions-ameripharmas-effective-solutions\/","title":{"rendered":"Tratamiento de CIDP con IgIV e infusiones: Soluciones efectivas de AmeriPharma\u00ae"},"content":{"rendered":"<div class=\"wp-block-columns container cidp-block is-layout-flex wp-container-core-columns-is-layout-9d6595d7 wp-block-columns-is-layout-flex\">\n<div class=\"wp-block-column is-layout-flow wp-block-column-is-layout-flow\">\n<h2 class=\"wp-block-heading has-text-color has-link-color wp-elements-183bfc99e3537019aa5a0f98e16ae646\" style=\"color:#102e61\">Introducci\u00f3n a la CIDP<\/h2>\n\n\n\n<p class=\"has-large-font-size\">La polineuropat\u00eda desmielinizante inflamatoria cr\u00f3nica (PDIC) es un trastorno neurol\u00f3gico poco com\u00fan que afecta a los nervios perif\u00e9ricos, causando inflamaci\u00f3n cr\u00f3nica y da\u00f1o a la vaina de mielina, la cubierta protectora de las fibras nerviosas. Este da\u00f1o interrumpe la transmisi\u00f3n de se\u00f1ales nerviosas, lo que provoca diversos s\u00edntomas motores y sensitivos. La PDIC se considera una enfermedad cr\u00f3nica, lo que significa que puede persistir durante un per\u00edodo prolongado.<\/p>\n\n\n\n<p class=\"has-large-font-size\">El diagn\u00f3stico temprano y el tratamiento adecuado pueden mejorar significativamente los resultados y la calidad de vida de los afectados.<\/p>\n\n\n\n<h2 class=\"wp-block-heading has-text-color has-link-color wp-elements-113d50f65a2f7762a5bc0bca3cf6e83a\" style=\"color:#102e61\">Causas de la PDIC<\/h2>\n\n\n\n<p class=\"has-large-font-size\">La CIDP se considera un trastorno autoinmune y, si bien su causa exacta no est\u00e1 clara, los investigadores creen que una combinaci\u00f3n de predisposici\u00f3n gen\u00e9tica y factores ambientales contribuye a su desarrollo. La teor\u00eda predominante sugiere que la CIDP se desencadena por una respuesta inmunitaria anormal, en la que el sistema inmunitario identifica err\u00f3neamente los componentes del sistema nervioso perif\u00e9rico, en particular la vaina de mielina, como invasores extra\u00f1os. Esto conduce a un proceso inflamatorio cr\u00f3nico en el que las c\u00e9lulas inmunitarias se infiltran en los nervios perif\u00e9ricos y atacan la mielina. Como resultado, la mielina se da\u00f1a o destruye, interrumpiendo la transmisi\u00f3n normal de las se\u00f1ales nerviosas y causando los s\u00edntomas caracter\u00edsticos de la CIDP, como debilidad, entumecimiento, hormigueo y deterioro de la funci\u00f3n motora.<\/p>\n\n\n\n<p class=\"has-large-font-size\">La PDIC no es hereditaria, pero puede existir una predisposici\u00f3n gen\u00e9tica a los trastornos autoinmunes en algunas personas, lo que las hace m\u00e1s susceptibles a desarrollarla. Adem\u00e1s, se ha sugerido que ciertos factores ambientales, como las infecciones virales o la exposici\u00f3n a ciertas toxinas, desencadenan o exacerban la enfermedad en personas susceptibles. A pesar de las investigaciones en curso, los mecanismos espec\u00edficos que inician y perpet\u00faan la respuesta autoinmune de la PDIC requieren mayor investigaci\u00f3n para desarrollar tratamientos m\u00e1s espec\u00edficos y posibles medidas preventivas.<\/p>\n\n\n\n<h2 class=\"wp-block-heading has-text-color has-link-color wp-elements-0315c7a8ba1f02ff34ed3d3b68c5d3ac\" style=\"color:#102e61\">Tratamientos PDIC \u2013 Infusiones de IVIG<\/h2>\n\n\n\n<p class=\"has-large-font-size\">Uno de los pilares del tratamiento de la PDIC es el uso de infusiones de inmunoglobulina intravenosa (IVIG). La IVIG se deriva de plasma de miles de donantes sanos, que contiene altas concentraciones de anticuerpos. Al administrarse a pacientes con PDIC, estos anticuerpos ayudan a modular el sistema inmunitario, reduciendo la inflamaci\u00f3n y previniendo mayores da\u00f1os a los nervios. Los tratamientos con IgIV para la PDIC proporcionan un m\u00e9todo espec\u00edfico y eficaz para controlar los s\u00edntomas, mejorar la funci\u00f3n nerviosa y mejorar el bienestar general, permitiendo a las personas con PDIC llevar una vida m\u00e1s activa y plena.<\/p>\n\n\n\n<h2 class=\"wp-block-heading has-text-color has-link-color wp-elements-f2eb32cb9e77a33a3f67120b3ba46933\" style=\"color:#102e61\">C\u00f3mo funciona la IgIV para la PDIC<\/h2>\n\n\n\n<p class=\"has-large-font-size\">Las infusiones de IgIV introducen una gran cantidad de anticuerpos sanos en el organismo, lo que reestablece eficazmente el sistema inmunitario y frena su ataque a la vaina de mielina, un componente crucial de las fibras nerviosas. Este proceso no solo ayuda a estabilizar la afecci\u00f3n, aliviar los s\u00edntomas y prevenir la progresi\u00f3n de la PDIC, sino que tambi\u00e9n ayuda a reparar parte del da\u00f1o ya causado. Los tratamientos para la PDIC con IgIV suelen administrarse a intervalos regulares para mantener el efecto terap\u00e9utico y brindar un apoyo constante al sistema inmunitario comprometido. Las infusiones de PDIC, incluida la IgIV, representan un enfoque proactivo para el manejo de la afecci\u00f3n y la promoci\u00f3n de una mejor calidad de vida para las personas que enfrentan este trastorno nervioso autoinmunitario.<\/p>\n\n\n\n<h2 class=\"wp-block-heading has-text-color has-link-color wp-elements-ea5c145b5d8852d289e5455852fe1f6a\" style=\"color:#102e61\">\u00bfPor qu\u00e9 elegir el centro de infusi\u00f3n AmeriPharma\u00ae?<\/h2>\n\n\n\n<p class=\"has-large-font-size\">AmeriPharma\u00ae ofrece soluciones de vanguardia para pacientes con infusi\u00f3n de CIDP, especializ\u00e1ndose en tratamientos de CIDP con IgIV. Nuestra tecnolog\u00eda de vanguardia... <a href=\"https:\/\/ameripharmainfusioncenter.com\/es\/locations\/\">centros de infusi\u00f3n<\/a> Est\u00e1n equipados con tecnolog\u00eda moderna, lo que garantiza experiencias de tratamiento seguras y c\u00f3modas. Nuestro equipo de <a href=\"https:\/\/ameripharmainfusioncenter.com\/es\/healthcare-providers\/\">profesionales sanitarios experimentados<\/a>, incluidas enfermeras especializadas, se dedica a brindar atenci\u00f3n personalizada a cada paciente.<\/p>\n\n\n\n<h2 class=\"wp-block-heading has-text-color has-link-color wp-elements-ea663c0a1b3bfe06cc6b9b634499be22\" style=\"color:#102e61\">Ventajas del centro de infusi\u00f3n AmeriPharma\u00ae:<\/h2>\n\n\n\n<ul class=\"wp-block-list cidp-list\">\n<li class=\"odd-list-item\">Pericia<\/li>\n\n\n\n<li class=\"even-list-item\">Nuestro personal m\u00e9dico cuenta con amplia experiencia en la administraci\u00f3n<a href=\"https:\/\/ameripharmainfusioncenter.com\/es\/ivig\/\"> Infusiones de IgIV<\/a> y el manejo de pacientes con CIDP, garantizando el m\u00e1s alto nivel de atenci\u00f3n.<\/li>\n\n\n\n<li class=\"odd-list-item\">Comodidad y conveniencia<\/li>\n\n\n\n<li class=\"even-list-item\">Priorizamos la comodidad y conveniencia del paciente, ofreciendo un ambiente acogedor y horarios de citas flexibles.<\/li>\n\n\n\n<li class=\"odd-list-item\">Soporte integral<\/li>\n\n\n\n<li class=\"even-list-item\">AmeriPharma\u00ae brinda apoyo y educaci\u00f3n continuos a los pacientes, permiti\u00e9ndoles comprender y controlar mejor su condici\u00f3n.<\/li>\n<\/ul>\n<\/div>\n<\/div>\n\n\n\n<div style=\"height:100px\" aria-hidden=\"true\" class=\"wp-block-spacer\"><\/div>","protected":false},"excerpt":{"rendered":"<p>Introducci\u00f3n a la CIDP La polineuropat\u00eda desmielinizante inflamatoria cr\u00f3nica (CIDP) es un trastorno neurol\u00f3gico poco com\u00fan que afecta a los nervios perif\u00e9ricos, causando inflamaci\u00f3n cr\u00f3nica y da\u00f1o a la vaina de mielina, que es la cubierta protectora de las fibras nerviosas.<\/p>","protected":false},"author":26,"featured_media":0,"parent":0,"menu_order":0,"comment_status":"closed","ping_status":"closed","template":"","meta":{"_acf_changed":false,"inline_featured_image":false,"_uag_custom_page_level_css":"","footnotes":""},"class_list":["post-12216","page","type-page","status-publish","hentry"],"acf":[],"yoast_head":"<!-- This site is optimized with the Yoast SEO plugin v27.3 - https:\/\/yoast.com\/product\/yoast-seo-wordpress\/ -->\n<title>CIDP Treatment with IVIG | AmeriPharma Infusion Center\u2122<\/title>\n<meta name=\"description\" content=\"Learn about CIDP treatment with IVIG at AmeriPharma Infusion Center\u2122 and how it provides relief for patients. Talk to our specialists about CIDP infusions today.\" \/>\n<meta name=\"robots\" content=\"index, follow, max-snippet:-1, max-image-preview:large, max-video-preview:-1\" \/>\n<link rel=\"canonical\" href=\"https:\/\/ameripharmainfusioncenter.com\/es\/cidp-treatment-with-ivig-and-infusions-ameripharmas-effective-solutions\/\" \/>\n<meta property=\"og:locale\" content=\"es_MX\" \/>\n<meta property=\"og:type\" content=\"article\" \/>\n<meta property=\"og:title\" content=\"CIDP Treatment with IVIG | AmeriPharma Infusion Center\u2122\" \/>\n<meta property=\"og:description\" content=\"Learn about CIDP treatment with IVIG at AmeriPharma Infusion Center\u2122 and how it provides relief for patients. Talk to our specialists about CIDP infusions today.\" \/>\n<meta property=\"og:url\" content=\"https:\/\/ameripharmainfusioncenter.com\/es\/cidp-treatment-with-ivig-and-infusions-ameripharmas-effective-solutions\/\" \/>\n<meta property=\"og:site_name\" content=\"AmeriPharma Infusion Center\" \/>\n<meta property=\"article:publisher\" content=\"https:\/\/www.facebook.com\/AmeriPharmaInfusionCenter\/\" \/>\n<meta property=\"article:modified_time\" content=\"2025-12-22T20:01:14+00:00\" \/>\n<meta property=\"og:image\" content=\"https:\/\/ameripharmainfusioncenter.com\/wp-content\/uploads\/2023\/06\/infusion-center-logo-large-square.png\" \/>\n\t<meta property=\"og:image:width\" content=\"400\" \/>\n\t<meta property=\"og:image:height\" content=\"400\" \/>\n\t<meta property=\"og:image:type\" content=\"image\/png\" \/>\n<meta name=\"twitter:card\" content=\"summary_large_image\" \/>\n<meta name=\"twitter:label1\" content=\"Tiempo de lectura\" \/>\n\t<meta name=\"twitter:data1\" content=\"3 minutos\" \/>\n<script type=\"application\/ld+json\" class=\"yoast-schema-graph\">{\"@context\":\"https:\\\/\\\/schema.org\",\"@graph\":[{\"@type\":\"WebPage\",\"@id\":\"https:\\\/\\\/ameripharmainfusioncenter.com\\\/cidp-treatment-with-ivig-and-infusions-ameripharmas-effective-solutions\\\/\",\"url\":\"https:\\\/\\\/ameripharmainfusioncenter.com\\\/cidp-treatment-with-ivig-and-infusions-ameripharmas-effective-solutions\\\/\",\"name\":\"CIDP Treatment with IVIG | AmeriPharma Infusion Center\u2122\",\"isPartOf\":{\"@id\":\"https:\\\/\\\/ameripharmainfusioncenter.com\\\/#website\"},\"datePublished\":\"2023-11-30T23:18:22+00:00\",\"dateModified\":\"2025-12-22T20:01:14+00:00\",\"description\":\"Learn about CIDP treatment with IVIG at AmeriPharma Infusion Center\u2122 and how it provides relief for patients. Talk to our specialists about CIDP infusions today.\",\"breadcrumb\":{\"@id\":\"https:\\\/\\\/ameripharmainfusioncenter.com\\\/cidp-treatment-with-ivig-and-infusions-ameripharmas-effective-solutions\\\/#breadcrumb\"},\"inLanguage\":\"es\",\"potentialAction\":[{\"@type\":\"ReadAction\",\"target\":[\"https:\\\/\\\/ameripharmainfusioncenter.com\\\/cidp-treatment-with-ivig-and-infusions-ameripharmas-effective-solutions\\\/\"]}]},{\"@type\":\"BreadcrumbList\",\"@id\":\"https:\\\/\\\/ameripharmainfusioncenter.com\\\/cidp-treatment-with-ivig-and-infusions-ameripharmas-effective-solutions\\\/#breadcrumb\",\"itemListElement\":[{\"@type\":\"ListItem\",\"position\":1,\"name\":\"Home\",\"item\":\"https:\\\/\\\/ameripharmainfusioncenter.com\\\/\"},{\"@type\":\"ListItem\",\"position\":2,\"name\":\"CIDP Treatment with IVIG and Infusions: AmeriPharma\u2019s\u00ae Effective Solutions\"}]},{\"@type\":\"WebSite\",\"@id\":\"https:\\\/\\\/ameripharmainfusioncenter.com\\\/#website\",\"url\":\"https:\\\/\\\/ameripharmainfusioncenter.com\\\/\",\"name\":\"AmeriPharma Infusion Center\",\"description\":\"Prescription-based Infusion Center in Orange, CA\",\"publisher\":{\"@id\":\"https:\\\/\\\/ameripharmainfusioncenter.com\\\/#organization\"},\"potentialAction\":[{\"@type\":\"SearchAction\",\"target\":{\"@type\":\"EntryPoint\",\"urlTemplate\":\"https:\\\/\\\/ameripharmainfusioncenter.com\\\/?s={search_term_string}\"},\"query-input\":{\"@type\":\"PropertyValueSpecification\",\"valueRequired\":true,\"valueName\":\"search_term_string\"}}],\"inLanguage\":\"es\"},{\"@type\":\"Organization\",\"@id\":\"https:\\\/\\\/ameripharmainfusioncenter.com\\\/#organization\",\"name\":\"AmeriPharma Infusion Center\",\"url\":\"https:\\\/\\\/ameripharmainfusioncenter.com\\\/\",\"logo\":{\"@type\":\"ImageObject\",\"inLanguage\":\"es\",\"@id\":\"https:\\\/\\\/ameripharmainfusioncenter.com\\\/#\\\/schema\\\/logo\\\/image\\\/\",\"url\":\"https:\\\/\\\/ameripharmainfusioncenter.com\\\/wp-content\\\/uploads\\\/2023\\\/02\\\/AmeriPharma-InfusionCenter-logo.png\",\"contentUrl\":\"https:\\\/\\\/ameripharmainfusioncenter.com\\\/wp-content\\\/uploads\\\/2023\\\/02\\\/AmeriPharma-InfusionCenter-logo.png\",\"width\":375,\"height\":60,\"caption\":\"AmeriPharma Infusion Center\"},\"image\":{\"@id\":\"https:\\\/\\\/ameripharmainfusioncenter.com\\\/#\\\/schema\\\/logo\\\/image\\\/\"},\"sameAs\":[\"https:\\\/\\\/www.facebook.com\\\/AmeriPharmaInfusionCenter\\\/\",\"https:\\\/\\\/www.linkedin.com\\\/company\\\/ameripharma\",\"https:\\\/\\\/www.youtube.com\\\/channel\\\/UCdo4qXkWsAwiSz4-f-yz0Aw\"]}]}<\/script>\n<!-- \/ Yoast SEO plugin. -->","yoast_head_json":{"title":"Tratamiento de la CIDP con IgIV | AmeriPharma Infusion Center\u2122","description":"Inf\u00f3rmese sobre el tratamiento de la PDIC con IgIV en AmeriPharma Infusion Center\u2122 y c\u00f3mo proporciona alivio a los pacientes. Hable hoy mismo con nuestros especialistas sobre las infusiones de PDIC.","robots":{"index":"index","follow":"follow","max-snippet":"max-snippet:-1","max-image-preview":"max-image-preview:large","max-video-preview":"max-video-preview:-1"},"canonical":"https:\/\/ameripharmainfusioncenter.com\/es\/cidp-treatment-with-ivig-and-infusions-ameripharmas-effective-solutions\/","og_locale":"es_MX","og_type":"article","og_title":"CIDP Treatment with IVIG | AmeriPharma Infusion Center\u2122","og_description":"Learn about CIDP treatment with IVIG at AmeriPharma Infusion Center\u2122 and how it provides relief for patients. Talk to our specialists about CIDP infusions today.","og_url":"https:\/\/ameripharmainfusioncenter.com\/es\/cidp-treatment-with-ivig-and-infusions-ameripharmas-effective-solutions\/","og_site_name":"AmeriPharma Infusion Center","article_publisher":"https:\/\/www.facebook.com\/AmeriPharmaInfusionCenter\/","article_modified_time":"2025-12-22T20:01:14+00:00","og_image":[{"width":400,"height":400,"url":"https:\/\/ameripharmainfusioncenter.com\/wp-content\/uploads\/2023\/06\/infusion-center-logo-large-square.png","type":"image\/png"}],"twitter_card":"summary_large_image","twitter_misc":{"Tiempo de lectura":"3 minutos"},"schema":{"@context":"https:\/\/schema.org","@graph":[{"@type":"WebPage","@id":"https:\/\/ameripharmainfusioncenter.com\/cidp-treatment-with-ivig-and-infusions-ameripharmas-effective-solutions\/","url":"https:\/\/ameripharmainfusioncenter.com\/cidp-treatment-with-ivig-and-infusions-ameripharmas-effective-solutions\/","name":"Tratamiento de la CIDP con IgIV | AmeriPharma Infusion Center\u2122","isPartOf":{"@id":"https:\/\/ameripharmainfusioncenter.com\/#website"},"datePublished":"2023-11-30T23:18:22+00:00","dateModified":"2025-12-22T20:01:14+00:00","description":"Inf\u00f3rmese sobre el tratamiento de la PDIC con IgIV en AmeriPharma Infusion Center\u2122 y c\u00f3mo proporciona alivio a los pacientes. Hable hoy mismo con nuestros especialistas sobre las infusiones de PDIC.","breadcrumb":{"@id":"https:\/\/ameripharmainfusioncenter.com\/cidp-treatment-with-ivig-and-infusions-ameripharmas-effective-solutions\/#breadcrumb"},"inLanguage":"es","potentialAction":[{"@type":"ReadAction","target":["https:\/\/ameripharmainfusioncenter.com\/cidp-treatment-with-ivig-and-infusions-ameripharmas-effective-solutions\/"]}]},{"@type":"BreadcrumbList","@id":"https:\/\/ameripharmainfusioncenter.com\/cidp-treatment-with-ivig-and-infusions-ameripharmas-effective-solutions\/#breadcrumb","itemListElement":[{"@type":"ListItem","position":1,"name":"Home","item":"https:\/\/ameripharmainfusioncenter.com\/"},{"@type":"ListItem","position":2,"name":"CIDP Treatment with IVIG and Infusions: AmeriPharma\u2019s\u00ae Effective Solutions"}]},{"@type":"WebSite","@id":"https:\/\/ameripharmainfusioncenter.com\/#website","url":"https:\/\/ameripharmainfusioncenter.com\/","name":"AmeriPharma Infusion Center","description":"Centro de infusi\u00f3n con receta en Orange, CA","publisher":{"@id":"https:\/\/ameripharmainfusioncenter.com\/#organization"},"potentialAction":[{"@type":"SearchAction","target":{"@type":"EntryPoint","urlTemplate":"https:\/\/ameripharmainfusioncenter.com\/?s={search_term_string}"},"query-input":{"@type":"PropertyValueSpecification","valueRequired":true,"valueName":"search_term_string"}}],"inLanguage":"es"},{"@type":"Organization","@id":"https:\/\/ameripharmainfusioncenter.com\/#organization","name":"AmeriPharma Infusion Center","url":"https:\/\/ameripharmainfusioncenter.com\/","logo":{"@type":"ImageObject","inLanguage":"es","@id":"https:\/\/ameripharmainfusioncenter.com\/#\/schema\/logo\/image\/","url":"https:\/\/ameripharmainfusioncenter.com\/wp-content\/uploads\/2023\/02\/AmeriPharma-InfusionCenter-logo.png","contentUrl":"https:\/\/ameripharmainfusioncenter.com\/wp-content\/uploads\/2023\/02\/AmeriPharma-InfusionCenter-logo.png","width":375,"height":60,"caption":"AmeriPharma Infusion Center"},"image":{"@id":"https:\/\/ameripharmainfusioncenter.com\/#\/schema\/logo\/image\/"},"sameAs":["https:\/\/www.facebook.com\/AmeriPharmaInfusionCenter\/","https:\/\/www.linkedin.com\/company\/ameripharma","https:\/\/www.youtube.com\/channel\/UCdo4qXkWsAwiSz4-f-yz0Aw"]}]}},"uagb_featured_image_src":{"full":false,"thumbnail":false,"medium":false,"medium_large":false,"large":false,"1536x1536":false,"2048x2048":false,"trp-custom-language-flag":false,"block-image-html-large":false,"ct-gallery":false,"ct-section-header":false,"ct-thumb":false,"ct-thumb-large":false,"ct-small":false,"ct-medium":false,"ct-xmedium":false,"ct-large":false},"uagb_author_info":{"display_name":"AmeriPharma Infusion Center Staff","author_link":"https:\/\/ameripharmainfusioncenter.com\/es\/author\/ameripharma-infusion-center-staff\/"},"uagb_comment_info":0,"uagb_excerpt":"Introduction to CIDP Chronic inflammatory demyelinating polyneuropathy (CIDP) is a rare neurological disorder that affects the peripheral nerves, causing chronic inflammation and damage to the myelin sheath which are the protective covering of nerve fibers.","_links":{"self":[{"href":"https:\/\/ameripharmainfusioncenter.com\/es\/wp-json\/wp\/v2\/pages\/12216","targetHints":{"allow":["GET"]}}],"collection":[{"href":"https:\/\/ameripharmainfusioncenter.com\/es\/wp-json\/wp\/v2\/pages"}],"about":[{"href":"https:\/\/ameripharmainfusioncenter.com\/es\/wp-json\/wp\/v2\/types\/page"}],"author":[{"embeddable":true,"href":"https:\/\/ameripharmainfusioncenter.com\/es\/wp-json\/wp\/v2\/users\/26"}],"replies":[{"embeddable":true,"href":"https:\/\/ameripharmainfusioncenter.com\/es\/wp-json\/wp\/v2\/comments?post=12216"}],"version-history":[{"count":0,"href":"https:\/\/ameripharmainfusioncenter.com\/es\/wp-json\/wp\/v2\/pages\/12216\/revisions"}],"wp:attachment":[{"href":"https:\/\/ameripharmainfusioncenter.com\/es\/wp-json\/wp\/v2\/media?parent=12216"}],"curies":[{"name":"gracias","href":"https:\/\/api.w.org\/{rel}","templated":true}]}}