{"id":12214,"date":"2023-11-30T15:02:25","date_gmt":"2023-11-30T23:02:25","guid":{"rendered":"https:\/\/ameripharmainfusioncenter.com\/?page_id=12214"},"modified":"2025-12-09T08:06:51","modified_gmt":"2025-12-09T16:06:51","slug":"common-variable-immunodeficiency-treatment-ameripharma-infusion-center","status":"publish","type":"page","link":"https:\/\/ameripharmainfusioncenter.com\/es\/common-variable-immunodeficiency-treatment-ameripharma-infusion-center\/","title":{"rendered":"Tratamiento de la inmunodeficiencia variable com\u00fan | Centro de infusi\u00f3n AmeriPharma\u00ae"},"content":{"rendered":"<div class=\"wp-block-columns cvit-block container is-layout-flex wp-container-core-columns-is-layout-9d6595d7 wp-block-columns-is-layout-flex\">\n<div class=\"wp-block-column is-layout-flow wp-block-column-is-layout-flow\">\n<h2 class=\"wp-block-heading has-text-color has-link-color wp-elements-1d9fb702e52f87a37305cf0a2f056a24\" style=\"color:#102e61\">Introducci\u00f3n a la inmunodeficiencia variable com\u00fan (IDCV)<\/h2>\n\n\n\n<p class=\"has-large-font-size\">La inmunodeficiencia com\u00fan variable (IDCV), tambi\u00e9n conocida como hipogammaglobulinemia, es un trastorno inmunitario poco com\u00fan que se caracteriza por una deficiencia de anticuerpos (inmunoglobulinas). Estos anticuerpos desempe\u00f1an un papel crucial en la protecci\u00f3n del organismo contra infecciones causadas por bacterias, virus y otros pat\u00f3genos da\u00f1inos. En las personas con IDCV, el sistema inmunitario no produce niveles adecuados de inmunoglobulinas, lo que las hace m\u00e1s susceptibles a infecciones recurrentes y graves.<\/p>\n\n\n\n<h2 class=\"wp-block-heading has-text-color has-link-color wp-elements-9350ab0643121ebba0e7381bca85ace2\" style=\"color:#102e61\">Causas de la IDCV<\/h2>\n\n\n\n<p class=\"has-large-font-size\">La causa exacta de la IDCV sigue siendo en gran medida desconocida. Se cree que es principalmente una afecci\u00f3n gen\u00e9tica y, si bien puede ser hereditaria en aproximadamente el 10% de los casos, a menudo se presenta espor\u00e1dicamente sin antecedentes familiares. Los investigadores han identificado diversas mutaciones gen\u00e9ticas que pueden contribuir al desarrollo de la IDCV, afectando el correcto funcionamiento del sistema inmunitario y provocando una reducci\u00f3n en la producci\u00f3n de inmunoglobulinas.<\/p>\n\n\n\n<h2 class=\"wp-block-heading has-text-color has-link-color wp-elements-29f3f48cd753d3df4860611a7a7f279c\" style=\"color:#102e61\">Tratamientos para la inmunodeficiencia variable com\u00fan<\/h2>\n\n\n\n<p class=\"has-large-font-size\">El manejo de la IDCV implica la reposici\u00f3n regular de las inmunoglobulinas deficientes mediante inmunoglobulina intravenosa (IVIG). La IVIG se deriva de plasma humano combinado que contiene un amplio espectro de anticuerpos, lo que proporciona al paciente las defensas inmunitarias necesarias que le faltan.<\/p>\n\n\n\n<h2 class=\"wp-block-heading has-text-color has-link-color wp-elements-b9014b8dc1674e8c851ded01e0d30019\" style=\"color:#102e61\">C\u00f3mo funciona la IgIV y sus beneficios<\/h2>\n\n\n\n<p class=\"has-large-font-size\">Los tratamientos para la inmunodeficiencia com\u00fan variable infunden las inmunoglobulinas directamente en el torrente sangu\u00edneo del paciente, lo que permite que los anticuerpos lleguen a los tejidos y combatan las infecciones eficazmente. El tratamiento suele administrarse cada pocas semanas, y la frecuencia puede variar seg\u00fan las necesidades espec\u00edficas del paciente y su respuesta al tratamiento.<\/p>\n\n\n\n<p class=\"has-large-font-size\">La terapia con IgIV ofrece varios beneficios, entre ellos:<\/p>\n\n\n\n<ul class=\"wp-block-list\">\n<li class=\"uccit-list-item\" style=\"font-size:28px\"><strong>Prevenci\u00f3n de infecciones<\/strong><\/li>\n<\/ul>\n\n\n\n<p class=\"uccit-padding-left has-large-font-size\">Al reponer las inmunoglobulinas deficientes, la IgIV ayuda a reforzar el sistema inmunol\u00f3gico y reduce el riesgo de infecciones graves y recurrentes.<\/p>\n\n\n\n<ul class=\"wp-block-list\">\n<li class=\"uccit-list-item\" style=\"font-size:28px\"><strong>Mejor calidad de vida<\/strong><\/li>\n<\/ul>\n\n\n\n<p class=\"uccit-padding-left has-large-font-size\">Con una reducci\u00f3n de infecciones y complicaciones, los pacientes a menudo experimentan una mejor calidad de vida y menos hospitalizaciones.<\/p>\n\n\n\n<ul class=\"wp-block-list\">\n<li class=\"uccit-list-item\" style=\"font-size:28px\"><strong>Gesti\u00f3n a largo plazo<\/strong><\/li>\n<\/ul>\n\n\n\n<p class=\"uccit-padding-left has-large-font-size\">La terapia con IgIV para la inmunodeficiencia variable com\u00fan es una estrategia de tratamiento a largo plazo que permite a los pacientes llevar una vida m\u00e1s normal y saludable a pesar de su condici\u00f3n.<\/p>\n\n\n\n<ul class=\"wp-block-list\">\n<li class=\"uccit-list-item\" style=\"font-size:28px\"><strong>Efectos secundarios minimizados<\/strong><\/li>\n<\/ul>\n\n\n\n<p class=\"uccit-padding-left has-large-font-size\">La IgIV generalmente se tolera bien y los efectos secundarios suelen ser leves y transitorios.<\/p>\n\n\n\n<h2 class=\"wp-block-heading has-text-color has-link-color wp-elements-fb9b70f5e9ef794009d14577d2ea773c\" style=\"color:#102e61\">\u00bfPor qu\u00e9 elegir el centro de infusi\u00f3n AmeriPharma\u00ae?<\/h2>\n\n\n\n<p class=\"has-large-font-size\">El Centro de Infusi\u00f3n AmeriPharma\u00ae es un proveedor l\u00edder de terapias de infusi\u00f3n especializadas, incluyendo el tratamiento con IgIV para la inmunodeficiencia com\u00fan variable. Estas son las razones por las que pacientes y profesionales de la salud eligen AmeriPharma\u00ae:<\/p>\n\n\n\n<ul class=\"wp-block-list\">\n<li class=\"uccit-list-item\" style=\"font-size:28px\"><strong>Pericia<\/strong><\/li>\n<\/ul>\n\n\n\n<p class=\"uccit-padding-left has-large-font-size\">El equipo de profesionales m\u00e9dicos experimentados del centro se especializa en inmunodeficiencia variable com\u00fan. <a href=\"https:\/\/ameripharmainfusioncenter.com\/es\/ivig\/\">Terapia con IgIV<\/a>, garantizando la administraci\u00f3n segura y eficaz de todos nuestros tratamientos ofrecidos.<\/p>\n\n\n\n<ul class=\"wp-block-list\">\n<li class=\"uccit-list-item\" style=\"font-size:28px\"><strong>C\u00f3modas suites de infusi\u00f3n<\/strong><\/li>\n<\/ul>\n\n\n\n<p class=\"uccit-padding-left has-large-font-size\">AmeriPharma\u00ae ofrece salas de infusi\u00f3n modernas y bien equipadas, dise\u00f1adas para que los pacientes se sientan c\u00f3modos durante sus sesiones de tratamiento.<\/p>\n\n\n\n<ul class=\"wp-block-list\">\n<li class=\"uccit-list-item\" style=\"font-size:28px\"><strong>Atenci\u00f3n personalizada<\/strong><\/li>\n<\/ul>\n\n\n\n<p class=\"uccit-padding-left has-large-font-size\">El plan de tratamiento de cada paciente se adapta a sus necesidades \u00fanicas, y el equipo supervisa de cerca su progreso y ajusta la terapia seg\u00fan sea necesario.<\/p>\n\n\n\n<ul class=\"wp-block-list\">\n<li class=\"uccit-list-item\" style=\"font-size:28px\"><strong>Soporte integral<\/strong><\/li>\n<\/ul>\n\n\n\n<p class=\"uccit-padding-left has-large-font-size\">El personal compasivo de AmeriPharma\u00ae brinda apoyo integral, responde preguntas, aborda inquietudes y garantiza una experiencia de tratamiento positiva.<\/p>\n\n\n\n<ul class=\"wp-block-list\">\n<li class=\"uccit-list-item\" style=\"font-size:28px\"><strong>Conveniencia<\/strong><\/li>\n<\/ul>\n\n\n\n<p class=\"uccit-padding-left has-large-font-size\">Con m\u00faltiples ubicaciones, programaci\u00f3n flexible y opciones de infusi\u00f3n domiciliaria, AmeriPharma\u00ae prioriza la conveniencia y la accesibilidad para los pacientes.<\/p>\n\n\n\n<p class=\"has-large-font-size\">La terapia con IgIV para la inmunodeficiencia variable com\u00fan (IDCV) es una soluci\u00f3n que gestiona eficazmente esta compleja afecci\u00f3n. El Centro de Infusi\u00f3n AmeriPharma\u00ae ofrece un entorno de apoyo especializado para quienes se someten a tratamiento para la IDCV, garantizando los mejores resultados posibles y una mejor calidad de vida para los pacientes con IDCV.<\/p>\n\n\n\n<div style=\"height:100px\" aria-hidden=\"true\" class=\"wp-block-spacer\"><\/div>\n\n\n\n<p class=\"has-large-font-size\"><\/p>\n\n\n\n<p class=\"has-large-font-size\"><\/p>\n<\/div>\n<\/div>","protected":false},"excerpt":{"rendered":"<p>Introducci\u00f3n a la inmunodeficiencia com\u00fan variable (IDCV). La inmunodeficiencia com\u00fan variable (IDCV), tambi\u00e9n conocida como hipogammaglobulinemia, es un trastorno inmunitario poco com\u00fan que se caracteriza por una deficiencia de anticuerpos (inmunoglobulinas). Estos anticuerpos desempe\u00f1an un papel crucial en la protecci\u00f3n del organismo contra infecciones causadas por bacterias, virus y otros pat\u00f3genos da\u00f1inos.<\/p>","protected":false},"author":26,"featured_media":0,"parent":0,"menu_order":0,"comment_status":"closed","ping_status":"closed","template":"","meta":{"_acf_changed":false,"inline_featured_image":false,"_uag_custom_page_level_css":"","footnotes":""},"class_list":["post-12214","page","type-page","status-publish","hentry"],"acf":[],"yoast_head":"<!-- This site is optimized with the Yoast SEO plugin v27.4 - https:\/\/yoast.com\/product\/yoast-seo-wordpress\/ -->\n<title>Common Variable Immunodeficiency Treatment | AmeriPharma\u2122<\/title>\n<meta name=\"description\" content=\"Discover effective treatments for common variable immunodeficiency at AmeriPharma Infusion Center\u2122. Learn about IVIG infusion therapy and its many benefits.\" \/>\n<meta name=\"robots\" content=\"index, follow, max-snippet:-1, max-image-preview:large, max-video-preview:-1\" \/>\n<link rel=\"canonical\" href=\"https:\/\/ameripharmainfusioncenter.com\/es\/common-variable-immunodeficiency-treatment-ameripharma-infusion-center\/\" \/>\n<meta property=\"og:locale\" content=\"es_MX\" \/>\n<meta property=\"og:type\" content=\"article\" \/>\n<meta property=\"og:title\" content=\"Common Variable Immunodeficiency Treatment | AmeriPharma\u2122\" \/>\n<meta property=\"og:description\" content=\"Discover effective treatments for common variable immunodeficiency at AmeriPharma Infusion Center\u2122. Learn about IVIG infusion therapy and its many benefits.\" \/>\n<meta property=\"og:url\" content=\"https:\/\/ameripharmainfusioncenter.com\/es\/common-variable-immunodeficiency-treatment-ameripharma-infusion-center\/\" \/>\n<meta property=\"og:site_name\" content=\"AmeriPharma Infusion Center\" \/>\n<meta property=\"article:publisher\" content=\"https:\/\/www.facebook.com\/AmeriPharmaInfusionCenter\/\" \/>\n<meta property=\"article:modified_time\" content=\"2025-12-09T16:06:51+00:00\" \/>\n<meta property=\"og:image\" content=\"https:\/\/ameripharmainfusioncenter.com\/wp-content\/uploads\/2023\/06\/infusion-center-logo-large-square.png\" \/>\n\t<meta property=\"og:image:width\" content=\"400\" \/>\n\t<meta property=\"og:image:height\" content=\"400\" \/>\n\t<meta property=\"og:image:type\" content=\"image\/png\" \/>\n<meta name=\"twitter:card\" content=\"summary_large_image\" \/>\n<meta name=\"twitter:label1\" content=\"Tiempo de lectura\" \/>\n\t<meta name=\"twitter:data1\" content=\"3 minutos\" \/>\n<script type=\"application\/ld+json\" class=\"yoast-schema-graph\">{\"@context\":\"https:\\\/\\\/schema.org\",\"@graph\":[{\"@type\":\"WebPage\",\"@id\":\"https:\\\/\\\/ameripharmainfusioncenter.com\\\/common-variable-immunodeficiency-treatment-ameripharma-infusion-center\\\/\",\"url\":\"https:\\\/\\\/ameripharmainfusioncenter.com\\\/common-variable-immunodeficiency-treatment-ameripharma-infusion-center\\\/\",\"name\":\"Common Variable Immunodeficiency Treatment | AmeriPharma\u2122\",\"isPartOf\":{\"@id\":\"https:\\\/\\\/ameripharmainfusioncenter.com\\\/#website\"},\"datePublished\":\"2023-11-30T23:02:25+00:00\",\"dateModified\":\"2025-12-09T16:06:51+00:00\",\"description\":\"Discover effective treatments for common variable immunodeficiency at AmeriPharma Infusion Center\u2122. Learn about IVIG infusion therapy and its many benefits.\",\"breadcrumb\":{\"@id\":\"https:\\\/\\\/ameripharmainfusioncenter.com\\\/common-variable-immunodeficiency-treatment-ameripharma-infusion-center\\\/#breadcrumb\"},\"inLanguage\":\"es\",\"potentialAction\":[{\"@type\":\"ReadAction\",\"target\":[\"https:\\\/\\\/ameripharmainfusioncenter.com\\\/common-variable-immunodeficiency-treatment-ameripharma-infusion-center\\\/\"]}]},{\"@type\":\"BreadcrumbList\",\"@id\":\"https:\\\/\\\/ameripharmainfusioncenter.com\\\/common-variable-immunodeficiency-treatment-ameripharma-infusion-center\\\/#breadcrumb\",\"itemListElement\":[{\"@type\":\"ListItem\",\"position\":1,\"name\":\"Home\",\"item\":\"https:\\\/\\\/ameripharmainfusioncenter.com\\\/\"},{\"@type\":\"ListItem\",\"position\":2,\"name\":\"Common Variable Immunodeficiency Treatment | AmeriPharma\u00ae Infusion Center\"}]},{\"@type\":\"WebSite\",\"@id\":\"https:\\\/\\\/ameripharmainfusioncenter.com\\\/#website\",\"url\":\"https:\\\/\\\/ameripharmainfusioncenter.com\\\/\",\"name\":\"AmeriPharma Infusion Center\",\"description\":\"Prescription-based Infusion Center in Orange, CA\",\"publisher\":{\"@id\":\"https:\\\/\\\/ameripharmainfusioncenter.com\\\/#organization\"},\"potentialAction\":[{\"@type\":\"SearchAction\",\"target\":{\"@type\":\"EntryPoint\",\"urlTemplate\":\"https:\\\/\\\/ameripharmainfusioncenter.com\\\/?s={search_term_string}\"},\"query-input\":{\"@type\":\"PropertyValueSpecification\",\"valueRequired\":true,\"valueName\":\"search_term_string\"}}],\"inLanguage\":\"es\"},{\"@type\":\"Organization\",\"@id\":\"https:\\\/\\\/ameripharmainfusioncenter.com\\\/#organization\",\"name\":\"AmeriPharma Infusion Center\",\"url\":\"https:\\\/\\\/ameripharmainfusioncenter.com\\\/\",\"logo\":{\"@type\":\"ImageObject\",\"inLanguage\":\"es\",\"@id\":\"https:\\\/\\\/ameripharmainfusioncenter.com\\\/#\\\/schema\\\/logo\\\/image\\\/\",\"url\":\"https:\\\/\\\/ameripharmainfusioncenter.com\\\/wp-content\\\/uploads\\\/2023\\\/02\\\/AmeriPharma-InfusionCenter-logo.png\",\"contentUrl\":\"https:\\\/\\\/ameripharmainfusioncenter.com\\\/wp-content\\\/uploads\\\/2023\\\/02\\\/AmeriPharma-InfusionCenter-logo.png\",\"width\":375,\"height\":60,\"caption\":\"AmeriPharma Infusion Center\"},\"image\":{\"@id\":\"https:\\\/\\\/ameripharmainfusioncenter.com\\\/#\\\/schema\\\/logo\\\/image\\\/\"},\"sameAs\":[\"https:\\\/\\\/www.facebook.com\\\/AmeriPharmaInfusionCenter\\\/\",\"https:\\\/\\\/www.linkedin.com\\\/company\\\/ameripharma\",\"https:\\\/\\\/www.youtube.com\\\/channel\\\/UCdo4qXkWsAwiSz4-f-yz0Aw\"]}]}<\/script>\n<!-- \/ Yoast SEO plugin. -->","yoast_head_json":{"title":"Tratamiento de la inmunodeficiencia com\u00fan variable | AmeriPharma\u2122","description":"Descubra tratamientos eficaces para la inmunodeficiencia com\u00fan variable en AmeriPharma Infusion Center\u2122. Inf\u00f3rmese sobre la terapia de infusi\u00f3n de IgIV y sus m\u00faltiples beneficios.","robots":{"index":"index","follow":"follow","max-snippet":"max-snippet:-1","max-image-preview":"max-image-preview:large","max-video-preview":"max-video-preview:-1"},"canonical":"https:\/\/ameripharmainfusioncenter.com\/es\/common-variable-immunodeficiency-treatment-ameripharma-infusion-center\/","og_locale":"es_MX","og_type":"article","og_title":"Common Variable Immunodeficiency Treatment | AmeriPharma\u2122","og_description":"Discover effective treatments for common variable immunodeficiency at AmeriPharma Infusion Center\u2122. Learn about IVIG infusion therapy and its many benefits.","og_url":"https:\/\/ameripharmainfusioncenter.com\/es\/common-variable-immunodeficiency-treatment-ameripharma-infusion-center\/","og_site_name":"AmeriPharma Infusion Center","article_publisher":"https:\/\/www.facebook.com\/AmeriPharmaInfusionCenter\/","article_modified_time":"2025-12-09T16:06:51+00:00","og_image":[{"width":400,"height":400,"url":"https:\/\/ameripharmainfusioncenter.com\/wp-content\/uploads\/2023\/06\/infusion-center-logo-large-square.png","type":"image\/png"}],"twitter_card":"summary_large_image","twitter_misc":{"Tiempo de lectura":"3 minutos"},"schema":{"@context":"https:\/\/schema.org","@graph":[{"@type":"WebPage","@id":"https:\/\/ameripharmainfusioncenter.com\/common-variable-immunodeficiency-treatment-ameripharma-infusion-center\/","url":"https:\/\/ameripharmainfusioncenter.com\/common-variable-immunodeficiency-treatment-ameripharma-infusion-center\/","name":"Tratamiento de la inmunodeficiencia com\u00fan variable | AmeriPharma\u2122","isPartOf":{"@id":"https:\/\/ameripharmainfusioncenter.com\/#website"},"datePublished":"2023-11-30T23:02:25+00:00","dateModified":"2025-12-09T16:06:51+00:00","description":"Descubra tratamientos eficaces para la inmunodeficiencia com\u00fan variable en AmeriPharma Infusion Center\u2122. Inf\u00f3rmese sobre la terapia de infusi\u00f3n de IgIV y sus m\u00faltiples beneficios.","breadcrumb":{"@id":"https:\/\/ameripharmainfusioncenter.com\/common-variable-immunodeficiency-treatment-ameripharma-infusion-center\/#breadcrumb"},"inLanguage":"es","potentialAction":[{"@type":"ReadAction","target":["https:\/\/ameripharmainfusioncenter.com\/common-variable-immunodeficiency-treatment-ameripharma-infusion-center\/"]}]},{"@type":"BreadcrumbList","@id":"https:\/\/ameripharmainfusioncenter.com\/common-variable-immunodeficiency-treatment-ameripharma-infusion-center\/#breadcrumb","itemListElement":[{"@type":"ListItem","position":1,"name":"Home","item":"https:\/\/ameripharmainfusioncenter.com\/"},{"@type":"ListItem","position":2,"name":"Common Variable Immunodeficiency Treatment | AmeriPharma\u00ae Infusion Center"}]},{"@type":"WebSite","@id":"https:\/\/ameripharmainfusioncenter.com\/#website","url":"https:\/\/ameripharmainfusioncenter.com\/","name":"AmeriPharma Infusion Center","description":"Centro de infusi\u00f3n con receta en Orange, CA","publisher":{"@id":"https:\/\/ameripharmainfusioncenter.com\/#organization"},"potentialAction":[{"@type":"SearchAction","target":{"@type":"EntryPoint","urlTemplate":"https:\/\/ameripharmainfusioncenter.com\/?s={search_term_string}"},"query-input":{"@type":"PropertyValueSpecification","valueRequired":true,"valueName":"search_term_string"}}],"inLanguage":"es"},{"@type":"Organization","@id":"https:\/\/ameripharmainfusioncenter.com\/#organization","name":"AmeriPharma Infusion Center","url":"https:\/\/ameripharmainfusioncenter.com\/","logo":{"@type":"ImageObject","inLanguage":"es","@id":"https:\/\/ameripharmainfusioncenter.com\/#\/schema\/logo\/image\/","url":"https:\/\/ameripharmainfusioncenter.com\/wp-content\/uploads\/2023\/02\/AmeriPharma-InfusionCenter-logo.png","contentUrl":"https:\/\/ameripharmainfusioncenter.com\/wp-content\/uploads\/2023\/02\/AmeriPharma-InfusionCenter-logo.png","width":375,"height":60,"caption":"AmeriPharma Infusion Center"},"image":{"@id":"https:\/\/ameripharmainfusioncenter.com\/#\/schema\/logo\/image\/"},"sameAs":["https:\/\/www.facebook.com\/AmeriPharmaInfusionCenter\/","https:\/\/www.linkedin.com\/company\/ameripharma","https:\/\/www.youtube.com\/channel\/UCdo4qXkWsAwiSz4-f-yz0Aw"]}]}},"uagb_featured_image_src":{"full":false,"thumbnail":false,"medium":false,"medium_large":false,"large":false,"1536x1536":false,"2048x2048":false,"trp-custom-language-flag":false,"block-image-html-large":false,"ct-gallery":false,"ct-section-header":false,"ct-thumb":false,"ct-thumb-large":false,"ct-small":false,"ct-medium":false,"ct-xmedium":false,"ct-large":false},"uagb_author_info":{"display_name":"AmeriPharma Infusion Center Staff","author_link":"https:\/\/ameripharmainfusioncenter.com\/es\/author\/ameripharma-infusion-center-staff\/"},"uagb_comment_info":0,"uagb_excerpt":"Introduction to Common Variable Immunodeficiency (CVID) Common variable immunodeficiency (CVID), also known as hypogammaglobulinemia, is a rare immune system disorder characterized by a deficiency in antibodies (immunoglobulins). These antibodies play a crucial role in protecting the body against infections caused by bacteria, viruses, and other harmful pathogens.","_links":{"self":[{"href":"https:\/\/ameripharmainfusioncenter.com\/es\/wp-json\/wp\/v2\/pages\/12214","targetHints":{"allow":["GET"]}}],"collection":[{"href":"https:\/\/ameripharmainfusioncenter.com\/es\/wp-json\/wp\/v2\/pages"}],"about":[{"href":"https:\/\/ameripharmainfusioncenter.com\/es\/wp-json\/wp\/v2\/types\/page"}],"author":[{"embeddable":true,"href":"https:\/\/ameripharmainfusioncenter.com\/es\/wp-json\/wp\/v2\/users\/26"}],"replies":[{"embeddable":true,"href":"https:\/\/ameripharmainfusioncenter.com\/es\/wp-json\/wp\/v2\/comments?post=12214"}],"version-history":[{"count":0,"href":"https:\/\/ameripharmainfusioncenter.com\/es\/wp-json\/wp\/v2\/pages\/12214\/revisions"}],"wp:attachment":[{"href":"https:\/\/ameripharmainfusioncenter.com\/es\/wp-json\/wp\/v2\/media?parent=12214"}],"curies":[{"name":"gracias","href":"https:\/\/api.w.org\/{rel}","templated":true}]}}