{"id":12034,"date":"2023-05-10T15:23:23","date_gmt":"2023-05-10T22:23:23","guid":{"rendered":"https:\/\/ameripharmainfusioncenter.com\/?page_id=12034"},"modified":"2026-01-09T12:25:23","modified_gmt":"2026-01-09T20:25:23","slug":"financial-assistance","status":"publish","type":"page","link":"https:\/\/ameripharmainfusioncenter.com\/es\/financial-assistance\/","title":{"rendered":"Asistencia financiera"},"content":{"rendered":"<div class=\"wp-block-columns fa-block is-layout-flex wp-container-core-columns-is-layout-9d6595d7 wp-block-columns-is-layout-flex\">\n<div class=\"wp-block-column is-layout-flow wp-block-column-is-layout-flow\">\n<div class=\"wp-block-columns container fa-top-content is-layout-flex wp-container-core-columns-is-layout-9d6595d7 wp-block-columns-is-layout-flex\">\n<div class=\"wp-block-column is-layout-flow wp-block-column-is-layout-flow\">\n<h2 class=\"wp-block-heading has-text-color has-link-color wp-elements-8900434bc8a6109da6f07d289cc51549\" style=\"color:#102e61\">M\u00e1s de $55 millones asegurados para los pacientes<\/h2>\n\n\n\n<p style=\"font-size:22px\">Nuestros centros de infusi\u00f3n ofrecen asistencia con las facturas m\u00e9dicas para que sus tratamientos sean m\u00e1s asequibles. Los pacientes y sus familias pueden estar tranquilos con nuestros programas de asistencia con los copagos.<\/p>\n\n\n\n<div  id=\"services-05f509764c4035b6a6e1d2132d0343d1\" style=\"\" class=\"fa-service-blocks services\">\n\t<div class=\"container\">\n\t\t<div class=\"services-wrapper\">\n\t\t\t\t\t\t\t<ul class=\"list\">\n\t\t\t\t\t\t\t\t\t\t\t<li class=\"list-item\">\n\t\t\t\t\t\t\t<img loading=\"lazy\" decoding=\"async\" width=\"58\" height=\"52\" src=\"https:\/\/ameripharmainfusioncenter.com\/wp-content\/uploads\/2024\/10\/icon-magnify-1.svg\" class=\"attachment-full size-full\" alt=\"Magnifying glass icon\" \/>\t\t\t\t\t\t\t<span class=\"title\">Nuestro software de alta tecnolog\u00eda encuentra programas b\u00e1sicos que le ofrecen la mayor asistencia financiera al paciente.<\/span>\n\t\t\t\t\t\t<\/li>\n\t\t\t\t\t\t\t\t\t\t\t<li class=\"list-item\">\n\t\t\t\t\t\t\t<img loading=\"lazy\" decoding=\"async\" width=\"42\" height=\"56\" src=\"https:\/\/ameripharmainfusioncenter.com\/wp-content\/uploads\/2024\/10\/icon-document-1.svg\" class=\"attachment-full size-full\" alt=\"Financial assistance application icon\" \/>\t\t\t\t\t\t\t<span class=\"title\">Uno de los miembros de nuestro equipo de expertos le ayudar\u00e1 a completar las solicitudes necesarias.<\/span>\n\t\t\t\t\t\t<\/li>\n\t\t\t\t\t\t\t\t\t\t\t<li class=\"list-item\">\n\t\t\t\t\t\t\t<img loading=\"lazy\" decoding=\"async\" width=\"47\" height=\"63\" src=\"https:\/\/ameripharmainfusioncenter.com\/wp-content\/uploads\/2024\/10\/icon-piggy-bank-1.svg\" class=\"attachment-full size-full\" alt=\"Piggy bank icon\" \/>\t\t\t\t\t\t\t<span class=\"title\">Se le enviar\u00e1n a usted y a su equipo de atenci\u00f3n m\u00e9dica alertas sobre el estado de la asistencia con la factura m\u00e9dica.<\/span>\n\t\t\t\t\t\t<\/li>\n\t\t\t\t\t\t\t\t\t<\/ul>\n\t\t\t\t\t<\/div>\n\t<\/div>\n<\/div>\n\n\n\n<div class=\"wp-block-uagb-buttons uagb-buttons__outer-wrap uagb-btn__default-btn uagb-btn-tablet__default-btn uagb-btn-mobile__default-btn uagb-block-1ea95f21\"><div class=\"uagb-buttons__wrap uagb-buttons-layout-wrap\">\n<div class=\"wp-block-uagb-buttons-child uagb-buttons__outer-wrap uagb-block-9fee48aa wp-block-button\"><div class=\"uagb-button__wrapper\"><a class=\"uagb-buttons-repeater wp-block-button__link\" aria-label=\"\" href=\"#inline-gYn5c1VoftkmAU5gr8w6\" rel=\"follow noopener\" target=\"_self\" role=\"button\"><div class=\"uagb-button__link\">Solicitar asistencia financiera para pacientes<\/div><\/a><\/div><\/div>\n<\/div><\/div>\n\n\n\n<div style=\"height:60px\" aria-hidden=\"true\" class=\"wp-block-spacer\"><\/div>\n\n\n\n<div class=\"wp-block-uagb-image aligncenter uagb-block-d2343479 wp-block-uagb-image--layout-default wp-block-uagb-image--effect-static wp-block-uagb-image--align-center\"><figure class=\"wp-block-uagb-image__figure\"><a class=\"\" href=\"https:\/\/ameripharmainfusioncenter.com\/wp-content\/uploads\/2024\/12\/8-2-1.png\" target=\"\" rel=\"noopener\"><img decoding=\"async\" srcset=\"https:\/\/ameripharmainfusioncenter.com\/wp-content\/uploads\/2024\/12\/8-2-1.png ,https:\/\/ameripharmainfusioncenter.com\/wp-content\/uploads\/2024\/12\/8-2-1.png 780w, https:\/\/ameripharmainfusioncenter.com\/wp-content\/uploads\/2024\/12\/8-2-1.png 360w\" sizes=\"auto, (max-width: 480px) 150px\" src=\"https:\/\/ameripharmainfusioncenter.com\/wp-content\/uploads\/2024\/12\/8-2-1.png\" alt=\"Patients say we're the best\" class=\"uag-image-13525\" width=\"1024\" height=\"182\" title=\"8 (2) (1)\" loading=\"lazy\" role=\"img\"\/><\/a><\/figure><\/div>\n<\/div>\n<\/div>\n\n\n\n<div class=\"wp-block-columns fa-form-block is-layout-flex wp-container-core-columns-is-layout-9d6595d7 wp-block-columns-is-layout-flex\">\n<div class=\"wp-block-column container is-layout-flow wp-block-column-is-layout-flow\">\n<div style=\"height:40px\" aria-hidden=\"true\" class=\"wp-block-spacer\"><\/div>\n\n\n\n<p class=\"has-large-font-size\">Cuando se trata de obtener el tratamiento que necesita, queremos ayudarlo a encontrar formas de reducir sus costos de bolsillo.<\/p>\n\n\n\n<p class=\"has-large-font-size\">AmeriPharma\u00ae cree que los medicamentos deben ser accesibles para todos los que los necesitan y tenemos acceso a una variedad de programas para ayudar a los pacientes y hacer que sea m\u00e1s f\u00e1cil para ellos pagar sus medicamentos.<\/p>\n\n\n\n<p class=\"has-large-font-size\">Ya sea que tenga seguro comercial o cobertura gubernamental, podemos ayudarlo a encontrar programas y fundaciones para ayudarlo a pagar su infusi\u00f3n.<\/p>\n\n\n\n<p class=\"has-large-font-size\">Nuestro equipo de asistencia para copagos ayuda a los pacientes de infusi\u00f3n a cubrir los gastos de bolsillo relacionados con medicamentos e infusiones, como la preparaci\u00f3n y administraci\u00f3n de medicamentos y suministros de infusi\u00f3n, como soluci\u00f3n salina y cat\u00e9teres intravenosos. Esto incluye copagos, coaseguros y deducibles.<\/p>\n\n\n\n<div style=\"height:40px\" aria-hidden=\"true\" class=\"wp-block-spacer\"><\/div>\n\n\n\n<div class=\"wp-block-uagb-container margin-auto uagb-block-304df293 default uagb-is-root-container\">\n<iframe id=\"inline-gYn5c1VoftkmAU5gr8w6\" style=\"width: 100%; height: 100%; border: none; border-radius: 4px;\" title=\"AIC - P\u00e1gina de destino de alto margen\" src=\"https:\/\/api.leadconnectorhq.com\/widget\/survey\/tiwyb1NOoTIQeLyI9CRi\" data-layout=\"{'id':'INLINE'}\" data-trigger-type=\"alwaysShow\" data-trigger-value=\"\" data-activation-type=\"alwaysActivated\" data-activation-value=\"\" data-deactivation-type=\"neverDeactivate\" data-deactivation-value=\"\" data-form-name=\"AIC - High Margin Landing Page\" data-height=\"1743\" data-layout-iframe-id=\"inline-gYn5c1VoftkmAU5gr8w6\" data-form-id=\"gYn5c1VoftkmAU5gr8w6\">\n<\/iframe>\n<script src=\"https:\/\/link.msgsndr.com\/js\/form_embed.js\"><\/script>\n<script src=\"https:\/\/ameripharmainfusioncenter.com\/wp-content\/themes\/ct-theme\/assets\/dist\/js\/custom\/scroll_to_top.js\"><\/script>\n<\/div>\n\n\n\n<div style=\"height:50px\" aria-hidden=\"true\" class=\"wp-block-spacer\"><\/div>\n<\/div>\n<\/div>\n\n\n\n<div class=\"wp-block-columns container fa-hiw-block is-layout-flex wp-container-core-columns-is-layout-9d6595d7 wp-block-columns-is-layout-flex\">\n<div class=\"wp-block-column is-layout-flow wp-block-column-is-layout-flow\">\n<div style=\"height:60px\" aria-hidden=\"true\" class=\"wp-block-spacer\"><\/div>\n\n\n\n<h2 class=\"wp-block-heading has-text-color has-link-color wp-elements-8f92e4593a574ad43f896c247114ef21\" style=\"color:#102e61\">C\u00f3mo funciona<\/h2>\n\n\n\n<h4 class=\"wp-block-heading has-text-color has-link-color wp-elements-39f699838953205079b6c80b72145b3b\" style=\"color:#102e61\">Pacientes con cobertura de seguro m\u00e9dico<\/h4>\n\n\n\n<p class=\"has-large-font-size\">Si su tratamiento requiere autorizaci\u00f3n previa, coordinaremos con su compa\u00f1\u00eda de seguros y su m\u00e9dico para obtener la aprobaci\u00f3n. Con programas de asistencia para copagos y personal capacitado, le ayudaremos a obtener las aprobaciones necesarias para comenzar.&nbsp;<a href=\"https:\/\/ameripharmainfusioncenter.com\/es\/treatment-care\/\">nuestros servicios de infusi\u00f3n<\/a>.<\/p>\n\n\n\n<p class=\"has-large-font-size\"><a href=\"https:\/\/ameripharmainfusioncenter.com\/es\/about-us\/\">Centro de infusi\u00f3n AmeriPharma\u00ae<\/a>&nbsp;Trabajar\u00e1 con los canales adecuados para lograr las aprobaciones que necesita.&nbsp;<a href=\"https:\/\/ameripharmainfusioncenter.com\/es\/patients-caregivers\/\">sus tratamientos de infusi\u00f3n<\/a>Es posible que su seguro no tenga costos de bolsillo, pero siempre le ayudaremos a obtener el costo m\u00e1s bajo si se requiere un copago.<\/p>\n\n\n\n<h4 class=\"wp-block-heading has-text-color has-link-color wp-elements-ca0abfb971ce8f6f7d312735eb1ea8c1\" style=\"color:#102e61\">Medicare Part D<\/h4>\n\n\n\n<p class=\"has-large-font-size\">El Medicare Part D, tambi\u00e9n conocido como el beneficio de medicamentos recetados Medicare, es un programa gubernamental que ayuda a los pacientes reduciendo o cubriendo el precio de sus medicamentos recetados. Nuestro equipo de expertos puede explicarle los beneficios del Medicare Part D e informarle sobre c\u00f3mo combinar los programas de asistencia para copagos con el Medicare Part D. Juntos, podemos ayudarle a obtener la m\u00e1xima cobertura y minimizar los costos de su tratamiento de infusi\u00f3n.<\/p>\n\n\n\n<p class=\"has-large-font-size\">Llamar&nbsp;<a href=\"tel:(714) 551-6629\">(714) 551-6629<\/a>&nbsp;o&nbsp;<a href=\"https:\/\/ameripharmainfusioncenter.com\/es\/contact-us\/\">Cont\u00e1ctanos<\/a>&nbsp;Ahora para conversar con un miembro del equipo sobre la asistencia financiera al paciente para nuestros tratamientos.<\/p>\n\n\n\n<div style=\"height:100px\" aria-hidden=\"true\" class=\"wp-block-spacer\"><\/div>\n<\/div>\n<\/div>\n<\/div>\n<\/div>","protected":false},"excerpt":{"rendered":"<p>M\u00e1s de 1,447 millones de T\/T,55 millones de T\/T asegurados para pacientes. Nuestros centros de infusi\u00f3n ofrecen asistencia con las facturas m\u00e9dicas para que sus tratamientos sean m\u00e1s asequibles. Los pacientes y sus familias pueden estar tranquilos con nuestros programas de asistencia para copagos.<\/p>","protected":false},"author":26,"featured_media":0,"parent":0,"menu_order":0,"comment_status":"closed","ping_status":"closed","template":"","meta":{"_acf_changed":true,"inline_featured_image":false,"_uag_custom_page_level_css":"","footnotes":""},"class_list":["post-12034","page","type-page","status-publish","hentry"],"acf":[],"yoast_head":"<!-- This site is optimized with the Yoast SEO plugin v27.5 - https:\/\/yoast.com\/product\/yoast-seo-wordpress\/ -->\n<title>Copay Assistance Programs for AmeriPharma Infusion Center\u2122<\/title>\n<meta name=\"description\" content=\"AmeriPharma Infusion Centers\u2122 offer copay assistance programs for receiving our infusion treatments. Call to learn more about our patient financial assistance.\" \/>\n<meta name=\"robots\" content=\"index, follow, max-snippet:-1, max-image-preview:large, max-video-preview:-1\" \/>\n<link rel=\"canonical\" href=\"https:\/\/ameripharmainfusioncenter.com\/es\/financial-assistance\/\" \/>\n<meta property=\"og:locale\" content=\"es_MX\" \/>\n<meta property=\"og:type\" content=\"article\" \/>\n<meta property=\"og:title\" content=\"Copay Assistance Programs for AmeriPharma Infusion Center\u2122\" \/>\n<meta property=\"og:description\" content=\"AmeriPharma Infusion Centers\u2122 offer copay assistance programs for receiving our infusion treatments. Call to learn more about our patient financial assistance.\" \/>\n<meta property=\"og:url\" content=\"https:\/\/ameripharmainfusioncenter.com\/es\/financial-assistance\/\" \/>\n<meta property=\"og:site_name\" content=\"AmeriPharma Infusion Center\" \/>\n<meta property=\"article:publisher\" content=\"https:\/\/www.facebook.com\/AmeriPharmaInfusionCenter\/\" \/>\n<meta property=\"article:modified_time\" content=\"2026-01-09T20:25:23+00:00\" \/>\n<meta property=\"og:image\" content=\"https:\/\/ameripharmainfusioncenter.com\/wp-content\/uploads\/2024\/12\/8-2-1.png\" \/>\n<meta name=\"twitter:card\" content=\"summary_large_image\" \/>\n<meta name=\"twitter:label1\" content=\"Tiempo de lectura\" \/>\n\t<meta name=\"twitter:data1\" content=\"2 minutos\" \/>\n<script type=\"application\/ld+json\" class=\"yoast-schema-graph\">{\"@context\":\"https:\\\/\\\/schema.org\",\"@graph\":[{\"@type\":\"WebPage\",\"@id\":\"https:\\\/\\\/ameripharmainfusioncenter.com\\\/financial-assistance\\\/\",\"url\":\"https:\\\/\\\/ameripharmainfusioncenter.com\\\/financial-assistance\\\/\",\"name\":\"Copay Assistance Programs for AmeriPharma Infusion Center\u2122\",\"isPartOf\":{\"@id\":\"https:\\\/\\\/ameripharmainfusioncenter.com\\\/#website\"},\"primaryImageOfPage\":{\"@id\":\"https:\\\/\\\/ameripharmainfusioncenter.com\\\/financial-assistance\\\/#primaryimage\"},\"image\":{\"@id\":\"https:\\\/\\\/ameripharmainfusioncenter.com\\\/financial-assistance\\\/#primaryimage\"},\"thumbnailUrl\":\"https:\\\/\\\/ameripharmainfusioncenter.com\\\/wp-content\\\/uploads\\\/2024\\\/12\\\/8-2-1.png\",\"datePublished\":\"2023-05-10T22:23:23+00:00\",\"dateModified\":\"2026-01-09T20:25:23+00:00\",\"description\":\"AmeriPharma Infusion Centers\u2122 offer copay assistance programs for receiving our infusion treatments. Call to learn more about our patient financial assistance.\",\"breadcrumb\":{\"@id\":\"https:\\\/\\\/ameripharmainfusioncenter.com\\\/financial-assistance\\\/#breadcrumb\"},\"inLanguage\":\"es\",\"potentialAction\":[{\"@type\":\"ReadAction\",\"target\":[\"https:\\\/\\\/ameripharmainfusioncenter.com\\\/financial-assistance\\\/\"]}]},{\"@type\":\"ImageObject\",\"inLanguage\":\"es\",\"@id\":\"https:\\\/\\\/ameripharmainfusioncenter.com\\\/financial-assistance\\\/#primaryimage\",\"url\":\"https:\\\/\\\/ameripharmainfusioncenter.com\\\/wp-content\\\/uploads\\\/2024\\\/12\\\/8-2-1.png\",\"contentUrl\":\"https:\\\/\\\/ameripharmainfusioncenter.com\\\/wp-content\\\/uploads\\\/2024\\\/12\\\/8-2-1.png\"},{\"@type\":\"BreadcrumbList\",\"@id\":\"https:\\\/\\\/ameripharmainfusioncenter.com\\\/financial-assistance\\\/#breadcrumb\",\"itemListElement\":[{\"@type\":\"ListItem\",\"position\":1,\"name\":\"Home\",\"item\":\"https:\\\/\\\/ameripharmainfusioncenter.com\\\/\"},{\"@type\":\"ListItem\",\"position\":2,\"name\":\"Financial Assistance\"}]},{\"@type\":\"WebSite\",\"@id\":\"https:\\\/\\\/ameripharmainfusioncenter.com\\\/#website\",\"url\":\"https:\\\/\\\/ameripharmainfusioncenter.com\\\/\",\"name\":\"AmeriPharma Infusion Center\",\"description\":\"Prescription-based Infusion Center in Orange, CA\",\"publisher\":{\"@id\":\"https:\\\/\\\/ameripharmainfusioncenter.com\\\/#organization\"},\"potentialAction\":[{\"@type\":\"SearchAction\",\"target\":{\"@type\":\"EntryPoint\",\"urlTemplate\":\"https:\\\/\\\/ameripharmainfusioncenter.com\\\/?s={search_term_string}\"},\"query-input\":{\"@type\":\"PropertyValueSpecification\",\"valueRequired\":true,\"valueName\":\"search_term_string\"}}],\"inLanguage\":\"es\"},{\"@type\":\"Organization\",\"@id\":\"https:\\\/\\\/ameripharmainfusioncenter.com\\\/#organization\",\"name\":\"AmeriPharma Infusion Center\",\"url\":\"https:\\\/\\\/ameripharmainfusioncenter.com\\\/\",\"logo\":{\"@type\":\"ImageObject\",\"inLanguage\":\"es\",\"@id\":\"https:\\\/\\\/ameripharmainfusioncenter.com\\\/#\\\/schema\\\/logo\\\/image\\\/\",\"url\":\"https:\\\/\\\/ameripharmainfusioncenter.com\\\/wp-content\\\/uploads\\\/2023\\\/02\\\/AmeriPharma-InfusionCenter-logo.png\",\"contentUrl\":\"https:\\\/\\\/ameripharmainfusioncenter.com\\\/wp-content\\\/uploads\\\/2023\\\/02\\\/AmeriPharma-InfusionCenter-logo.png\",\"width\":375,\"height\":60,\"caption\":\"AmeriPharma Infusion Center\"},\"image\":{\"@id\":\"https:\\\/\\\/ameripharmainfusioncenter.com\\\/#\\\/schema\\\/logo\\\/image\\\/\"},\"sameAs\":[\"https:\\\/\\\/www.facebook.com\\\/AmeriPharmaInfusionCenter\\\/\",\"https:\\\/\\\/www.linkedin.com\\\/company\\\/ameripharma\",\"https:\\\/\\\/www.youtube.com\\\/channel\\\/UCdo4qXkWsAwiSz4-f-yz0Aw\"]}]}<\/script>\n<!-- \/ Yoast SEO plugin. -->","yoast_head_json":{"title":"Programas de asistencia para copagos para AmeriPharma Infusion Center\u2122","description":"AmeriPharma Infusion Centers\u2122 ofrece programas de asistencia con el copago para recibir nuestros tratamientos de infusi\u00f3n. Llame para obtener m\u00e1s informaci\u00f3n sobre nuestra asistencia financiera para pacientes.","robots":{"index":"index","follow":"follow","max-snippet":"max-snippet:-1","max-image-preview":"max-image-preview:large","max-video-preview":"max-video-preview:-1"},"canonical":"https:\/\/ameripharmainfusioncenter.com\/es\/financial-assistance\/","og_locale":"es_MX","og_type":"article","og_title":"Copay Assistance Programs for AmeriPharma Infusion Center\u2122","og_description":"AmeriPharma Infusion Centers\u2122 offer copay assistance programs for receiving our infusion treatments. Call to learn more about our patient financial assistance.","og_url":"https:\/\/ameripharmainfusioncenter.com\/es\/financial-assistance\/","og_site_name":"AmeriPharma Infusion Center","article_publisher":"https:\/\/www.facebook.com\/AmeriPharmaInfusionCenter\/","article_modified_time":"2026-01-09T20:25:23+00:00","og_image":[{"url":"https:\/\/ameripharmainfusioncenter.com\/wp-content\/uploads\/2024\/12\/8-2-1.png","type":"","width":"","height":""}],"twitter_card":"summary_large_image","twitter_misc":{"Tiempo de lectura":"2 minutos"},"schema":{"@context":"https:\/\/schema.org","@graph":[{"@type":"WebPage","@id":"https:\/\/ameripharmainfusioncenter.com\/financial-assistance\/","url":"https:\/\/ameripharmainfusioncenter.com\/financial-assistance\/","name":"Programas de asistencia para copagos para AmeriPharma Infusion Center\u2122","isPartOf":{"@id":"https:\/\/ameripharmainfusioncenter.com\/#website"},"primaryImageOfPage":{"@id":"https:\/\/ameripharmainfusioncenter.com\/financial-assistance\/#primaryimage"},"image":{"@id":"https:\/\/ameripharmainfusioncenter.com\/financial-assistance\/#primaryimage"},"thumbnailUrl":"https:\/\/ameripharmainfusioncenter.com\/wp-content\/uploads\/2024\/12\/8-2-1.png","datePublished":"2023-05-10T22:23:23+00:00","dateModified":"2026-01-09T20:25:23+00:00","description":"AmeriPharma Infusion Centers\u2122 ofrece programas de asistencia con el copago para recibir nuestros tratamientos de infusi\u00f3n. Llame para obtener m\u00e1s informaci\u00f3n sobre nuestra asistencia financiera para pacientes.","breadcrumb":{"@id":"https:\/\/ameripharmainfusioncenter.com\/financial-assistance\/#breadcrumb"},"inLanguage":"es","potentialAction":[{"@type":"ReadAction","target":["https:\/\/ameripharmainfusioncenter.com\/financial-assistance\/"]}]},{"@type":"ImageObject","inLanguage":"es","@id":"https:\/\/ameripharmainfusioncenter.com\/financial-assistance\/#primaryimage","url":"https:\/\/ameripharmainfusioncenter.com\/wp-content\/uploads\/2024\/12\/8-2-1.png","contentUrl":"https:\/\/ameripharmainfusioncenter.com\/wp-content\/uploads\/2024\/12\/8-2-1.png"},{"@type":"BreadcrumbList","@id":"https:\/\/ameripharmainfusioncenter.com\/financial-assistance\/#breadcrumb","itemListElement":[{"@type":"ListItem","position":1,"name":"Home","item":"https:\/\/ameripharmainfusioncenter.com\/"},{"@type":"ListItem","position":2,"name":"Financial Assistance"}]},{"@type":"WebSite","@id":"https:\/\/ameripharmainfusioncenter.com\/#website","url":"https:\/\/ameripharmainfusioncenter.com\/","name":"AmeriPharma Infusion Center","description":"Centro de infusi\u00f3n con receta en Orange, CA","publisher":{"@id":"https:\/\/ameripharmainfusioncenter.com\/#organization"},"potentialAction":[{"@type":"SearchAction","target":{"@type":"EntryPoint","urlTemplate":"https:\/\/ameripharmainfusioncenter.com\/?s={search_term_string}"},"query-input":{"@type":"PropertyValueSpecification","valueRequired":true,"valueName":"search_term_string"}}],"inLanguage":"es"},{"@type":"Organization","@id":"https:\/\/ameripharmainfusioncenter.com\/#organization","name":"AmeriPharma Infusion Center","url":"https:\/\/ameripharmainfusioncenter.com\/","logo":{"@type":"ImageObject","inLanguage":"es","@id":"https:\/\/ameripharmainfusioncenter.com\/#\/schema\/logo\/image\/","url":"https:\/\/ameripharmainfusioncenter.com\/wp-content\/uploads\/2023\/02\/AmeriPharma-InfusionCenter-logo.png","contentUrl":"https:\/\/ameripharmainfusioncenter.com\/wp-content\/uploads\/2023\/02\/AmeriPharma-InfusionCenter-logo.png","width":375,"height":60,"caption":"AmeriPharma Infusion Center"},"image":{"@id":"https:\/\/ameripharmainfusioncenter.com\/#\/schema\/logo\/image\/"},"sameAs":["https:\/\/www.facebook.com\/AmeriPharmaInfusionCenter\/","https:\/\/www.linkedin.com\/company\/ameripharma","https:\/\/www.youtube.com\/channel\/UCdo4qXkWsAwiSz4-f-yz0Aw"]}]}},"uagb_featured_image_src":{"full":false,"thumbnail":false,"medium":false,"medium_large":false,"large":false,"1536x1536":false,"2048x2048":false,"trp-custom-language-flag":false,"block-image-html-large":false,"ct-gallery":false,"ct-section-header":false,"ct-thumb":false,"ct-thumb-large":false,"ct-small":false,"ct-medium":false,"ct-xmedium":false,"ct-large":false},"uagb_author_info":{"display_name":"AmeriPharma Infusion Center Staff","author_link":"https:\/\/ameripharmainfusioncenter.com\/es\/author\/ameripharma-infusion-center-staff\/"},"uagb_comment_info":0,"uagb_excerpt":"Over $55 million secured for patients Our infusion centers provide medical bill assistance to make your treatments more affordable. Patients and their families can rest easy with our copay assistance programs.","_links":{"self":[{"href":"https:\/\/ameripharmainfusioncenter.com\/es\/wp-json\/wp\/v2\/pages\/12034","targetHints":{"allow":["GET"]}}],"collection":[{"href":"https:\/\/ameripharmainfusioncenter.com\/es\/wp-json\/wp\/v2\/pages"}],"about":[{"href":"https:\/\/ameripharmainfusioncenter.com\/es\/wp-json\/wp\/v2\/types\/page"}],"author":[{"embeddable":true,"href":"https:\/\/ameripharmainfusioncenter.com\/es\/wp-json\/wp\/v2\/users\/26"}],"replies":[{"embeddable":true,"href":"https:\/\/ameripharmainfusioncenter.com\/es\/wp-json\/wp\/v2\/comments?post=12034"}],"version-history":[{"count":0,"href":"https:\/\/ameripharmainfusioncenter.com\/es\/wp-json\/wp\/v2\/pages\/12034\/revisions"}],"wp:attachment":[{"href":"https:\/\/ameripharmainfusioncenter.com\/es\/wp-json\/wp\/v2\/media?parent=12034"}],"curies":[{"name":"gracias","href":"https:\/\/api.w.org\/{rel}","templated":true}]}}