{"id":12026,"date":"2023-05-10T12:14:13","date_gmt":"2023-05-10T19:14:13","guid":{"rendered":"https:\/\/ameripharmainfusioncenter.com\/?page_id=12026"},"modified":"2026-04-02T02:00:50","modified_gmt":"2026-04-02T09:00:50","slug":"about-us","status":"publish","type":"page","link":"https:\/\/ameripharmainfusioncenter.com\/es\/about-us\/","title":{"rendered":"Sobre nosotros"},"content":{"rendered":"<div class=\"wp-block-group container is-nowrap is-layout-flex wp-container-core-group-is-layout-ad2f72ca wp-block-group-is-layout-flex\">\n<div  id=\"image-with-text-53406fdaab02c6f8c9aaf916c19cf9c5\" style=\"\" class=\"ct_image_with_text\">\n        <div class=\"container\">\n        <div class=\"block-spacing block-wrap image_with_text\">\n                            <div class=\"image_with_text_content\">\n                    <h1>Terapia intravenosa inspirada en un resort<\/h1>\n<p>Fundamos AmeriPharma\u00ae Infusion Centers con la visi\u00f3n de brindarle comodidad y conveniencia en su terapia intravenosa especializada. Nuestras instalaciones de vanguardia ofrecen suites relajantes, entretenimiento y refrigerios y bebidas saludables de cortes\u00eda. Nuestro equipo de atenci\u00f3n m\u00e9dica experto le brindar\u00e1 la atenci\u00f3n compasiva que merece, enfoc\u00e1ndose completamente en su comodidad y plan de tratamiento. Rel\u00e1jese durante su terapia en uno de los c\u00f3modos sillones reclinables de infusi\u00f3n en nuestras suites privadas o comunes.<\/p>\n                <\/div>\n                                        <div class=\"image_with_text_media\">\n                    <picture>\n                                                <source media=\"(min-width:768px)\" srcset=\"https:\/\/ameripharmainfusioncenter.com\/wp-content\/uploads\/2024\/07\/Patient-picking-snacks-iv-therapy.webp\">\n                        <img decoding=\"async\" src=\"https:\/\/ameripharmainfusioncenter.com\/wp-content\/uploads\/2024\/07\/Patient-picking-snacks-iv-therapy.webp\" alt=\"https:\/\/ameripharmainfusioncenter.com\/wp-content\/uploads\/2024\/07\/Patient-picking-snacks-iv-therapy.webp\" style=\"width:auto;\">\n                    <\/picture>\n                <\/div>\n                    <\/div>\n    <\/div>\n<\/div><\/div>\n\n\n<style>\n    #image-and-html-f78c9790486c29638a531013f7bff158 .image_with_html .image_with_html_content.content2{\n            }\n    @media only screen and (min-width: 767px){\n        #image-and-html-f78c9790486c29638a531013f7bff158 .image_with_html .image_with_html_content.content2{\n            \/* margin-top: 20px; *\/\n        }\n    }\n    @media only screen and (min-width: 1023px){\n        #image-and-html-f78c9790486c29638a531013f7bff158 .image_with_html .image_with_html_content.content2{\n                    }\n    }\n    \n<\/style>\n<div  id=\"image-and-html-f78c9790486c29638a531013f7bff158\" style=\"\" class=\"ct_image_and_html\" >\n        <div style=\"background:#ffffff\">\n        <div class=\"container\">\n            <div class=\"block-spacing block-wrap image_with_html flip\">\n                                    <div class=\"image_with_html_content content1\">\n                        <h2>Especializados en la excelencia en infusi\u00f3n: desde entornos dom\u00e9sticos hasta centros de infusi\u00f3n<\/h2>\n<p>Los centros de infusi\u00f3n AmeriPharma\u00ae funcionan con <a href=\"https:\/\/ameripharmaspecialty.com\/\" target=\"_blank\" rel=\"noopener\">Farmacia de atenci\u00f3n especializada AmeriPharma\u00ae<\/a>. Si bien nuestros centros de infusi\u00f3n brindan terapia intravenosa de alta calidad en entornos certificados y controlados, <a href=\"https:\/\/ameripharmaspecialty.com\/\" target=\"_blank\" rel=\"noopener\">Farmacia de atenci\u00f3n especializada AmeriPharma\u00ae<\/a> Nos centramos en la infusi\u00f3n domiciliaria para las mismas terapias. Nuestra experiencia combinada en centros de infusi\u00f3n ambulatoria e infusi\u00f3n domiciliaria nos ha proporcionado un amplio conocimiento cl\u00ednico basado en la evidencia y una comprensi\u00f3n de las necesidades y deseos espec\u00edficos de los pacientes en cuanto a su experiencia de infusi\u00f3n. Nuestros farmac\u00e9uticos cl\u00ednicos y enfermeros especializados en infusi\u00f3n son expertos l\u00edderes en el campo y le brindan el apoyo que necesita las 24 horas del d\u00eda, los 365 d\u00edas del a\u00f1o.<\/p>\n                    <\/div>\n                \n                                    <div class=\"image_with_html_media\">\n                        <picture>\n                                                        <source media=\"(min-width:768px)\" srcset=\"https:\/\/ameripharmainfusioncenter.com\/wp-content\/uploads\/2024\/01\/mature-smiling-nurse-checks-an-elderly-female-pati-2023-01-11-18-45-25-utc-scaled.jpg\">\n                            <img decoding=\"async\" src=\"https:\/\/ameripharmainfusioncenter.com\/wp-content\/uploads\/2024\/01\/mature-smiling-nurse-checks-an-elderly-female-pati-2023-01-11-18-45-25-utc-scaled.jpg\" alt=\"https:\/\/ameripharmainfusioncenter.com\/wp-content\/uploads\/2024\/01\/mature-smiling-nurse-checks-an-elderly-female-pati-2023-01-11-18-45-25-utc-scaled.jpg\" style=\"width:auto;\">\n                        <\/picture>\n                    <\/div>\n                \n                                \n            <\/div>\n        <\/div>\n    <\/div>\n<\/div>\n\n\n<div  id=\"image-with-text-76a409eb789a08e22c78f4ba5484020d\" style=\"\" class=\"ct_image_with_text\">\n        <div class=\"container\">\n        <div class=\"block-spacing block-wrap image_with_text\">\n                            <div class=\"image_with_text_content\">\n                    <h2>Evite el papeleo y la sala de espera<\/h2>\n<p>Nuestro objetivo es ser lo m\u00e1s \u00fatil posible para reducir la cantidad de papeleo que necesita completar. Nuestro equipo le ayudar\u00e1 a gestionar las aprobaciones de seguros y... <a href=\"https:\/\/ameripharmainfusioncenter.com\/es\/networks-and-insurances-accepted-by-ameripharma-infusion-centers\/\">solicitudes de asistencia para copagos<\/a> para garantizar que reciba sus infusiones de manera oportuna y ahorre en costos de bolsillo.<\/p>\n<p>Puede evitar navegar por los estacionamientos y pasillos del hospital, ya que <a href=\"https:\/\/ameripharmainfusioncenter.com\/es\/locations\/\">Nuestras instalaciones<\/a> Est\u00e1n convenientemente dise\u00f1adas para que pueda estacionarse justo al lado de la entrada. Una vez dentro del centro de infusi\u00f3n, ser\u00e1 recibido de inmediato por un amable personal que se asegurar\u00e1 de que se instale c\u00f3modamente en su sala de infusi\u00f3n.<\/p>\n<p><span style=\"font-weight: 400;\">Elija el Centro de Infusi\u00f3n AmeriPharma\u00ae para minimizar su riesgo de exposici\u00f3n mientras recibe atenci\u00f3n de la m\u00e1s alta calidad en un entorno m\u00e1s c\u00f3modo y conveniente. <\/span><span style=\"font-weight: 400;\">que puede resultar m\u00e1s rentable que<\/span><span style=\"font-weight: 400;\"> entornos de infusi\u00f3n hospitalarios. <\/span>No dude en llamarnos o contactarnos hoy mismo. Hable con uno de nuestros especialistas, quienes le guiar\u00e1n durante todo el proceso.<\/p>\n                <\/div>\n                                        <div class=\"image_with_text_media\">\n                    <picture>\n                                                <source media=\"(min-width:768px)\" srcset=\"https:\/\/ameripharmainfusioncenter.com\/wp-content\/uploads\/2023\/06\/guests-checking-in-ameripharma-infusion-center-orange-county.jpg\">\n                        <img decoding=\"async\" src=\"https:\/\/ameripharmainfusioncenter.com\/wp-content\/uploads\/2023\/06\/guests-checking-in-ameripharma-infusion-center-orange-county.jpg\" alt=\"https:\/\/ameripharmainfusioncenter.com\/wp-content\/uploads\/2023\/06\/guests-checking-in-ameripharma-infusion-center-orange-county.jpg\" style=\"width:auto;\">\n                    <\/picture>\n                <\/div>\n                    <\/div>\n    <\/div>\n<\/div>\n\n\n<p><\/p>","protected":false},"excerpt":{"rendered":"","protected":false},"author":26,"featured_media":0,"parent":0,"menu_order":0,"comment_status":"closed","ping_status":"closed","template":"","meta":{"_acf_changed":true,"inline_featured_image":false,"_uag_custom_page_level_css":"","footnotes":""},"class_list":["post-12026","page","type-page","status-publish","hentry"],"acf":[],"yoast_head":"<!-- This site is optimized with the Yoast SEO plugin v27.4 - https:\/\/yoast.com\/product\/yoast-seo-wordpress\/ -->\n<title>About Us | Copay Assistance | AmeriPharma Infusion Center\u2122<\/title>\n<meta name=\"description\" content=\"We provide you with convenient intravenous therapy in a resort-like atmosphere. Call AmeriPharma Infusion Centers\u2122 to reduce your treatment costs.\" \/>\n<meta name=\"robots\" content=\"index, follow, max-snippet:-1, max-image-preview:large, max-video-preview:-1\" \/>\n<link rel=\"canonical\" href=\"https:\/\/ameripharmainfusioncenter.com\/es\/about-us\/\" \/>\n<meta property=\"og:locale\" content=\"es_MX\" \/>\n<meta property=\"og:type\" content=\"article\" \/>\n<meta property=\"og:title\" content=\"About Us | Copay Assistance | AmeriPharma Infusion Center\u2122\" \/>\n<meta property=\"og:description\" content=\"We provide you with convenient intravenous therapy in a resort-like atmosphere. Call AmeriPharma Infusion Centers\u2122 to reduce your treatment costs.\" \/>\n<meta property=\"og:url\" content=\"https:\/\/ameripharmainfusioncenter.com\/es\/about-us\/\" \/>\n<meta property=\"og:site_name\" content=\"AmeriPharma Infusion Center\" \/>\n<meta property=\"article:publisher\" content=\"https:\/\/www.facebook.com\/AmeriPharmaInfusionCenter\/\" \/>\n<meta property=\"article:modified_time\" content=\"2026-04-02T09:00:50+00:00\" \/>\n<meta property=\"og:image\" content=\"https:\/\/ameripharmainfusioncenter.com\/wp-content\/uploads\/2023\/06\/infusion-center-logo-large-square.png\" \/>\n\t<meta property=\"og:image:width\" content=\"400\" \/>\n\t<meta property=\"og:image:height\" content=\"400\" \/>\n\t<meta property=\"og:image:type\" content=\"image\/png\" \/>\n<meta name=\"twitter:card\" content=\"summary_large_image\" \/>\n<script type=\"application\/ld+json\" class=\"yoast-schema-graph\">{\"@context\":\"https:\\\/\\\/schema.org\",\"@graph\":[{\"@type\":\"WebPage\",\"@id\":\"https:\\\/\\\/ameripharmainfusioncenter.com\\\/about-us\\\/\",\"url\":\"https:\\\/\\\/ameripharmainfusioncenter.com\\\/about-us\\\/\",\"name\":\"About Us | Copay Assistance | AmeriPharma Infusion Center\u2122\",\"isPartOf\":{\"@id\":\"https:\\\/\\\/ameripharmainfusioncenter.com\\\/#website\"},\"datePublished\":\"2023-05-10T19:14:13+00:00\",\"dateModified\":\"2026-04-02T09:00:50+00:00\",\"description\":\"We provide you with convenient intravenous therapy in a resort-like atmosphere. Call AmeriPharma Infusion Centers\u2122 to reduce your treatment costs.\",\"breadcrumb\":{\"@id\":\"https:\\\/\\\/ameripharmainfusioncenter.com\\\/about-us\\\/#breadcrumb\"},\"inLanguage\":\"es\",\"potentialAction\":[{\"@type\":\"ReadAction\",\"target\":[\"https:\\\/\\\/ameripharmainfusioncenter.com\\\/about-us\\\/\"]}]},{\"@type\":\"BreadcrumbList\",\"@id\":\"https:\\\/\\\/ameripharmainfusioncenter.com\\\/about-us\\\/#breadcrumb\",\"itemListElement\":[{\"@type\":\"ListItem\",\"position\":1,\"name\":\"Home\",\"item\":\"https:\\\/\\\/ameripharmainfusioncenter.com\\\/\"},{\"@type\":\"ListItem\",\"position\":2,\"name\":\"About Us\"}]},{\"@type\":\"WebSite\",\"@id\":\"https:\\\/\\\/ameripharmainfusioncenter.com\\\/#website\",\"url\":\"https:\\\/\\\/ameripharmainfusioncenter.com\\\/\",\"name\":\"AmeriPharma Infusion Center\",\"description\":\"Prescription-based Infusion Center in Orange, CA\",\"publisher\":{\"@id\":\"https:\\\/\\\/ameripharmainfusioncenter.com\\\/#organization\"},\"potentialAction\":[{\"@type\":\"SearchAction\",\"target\":{\"@type\":\"EntryPoint\",\"urlTemplate\":\"https:\\\/\\\/ameripharmainfusioncenter.com\\\/?s={search_term_string}\"},\"query-input\":{\"@type\":\"PropertyValueSpecification\",\"valueRequired\":true,\"valueName\":\"search_term_string\"}}],\"inLanguage\":\"es\"},{\"@type\":\"Organization\",\"@id\":\"https:\\\/\\\/ameripharmainfusioncenter.com\\\/#organization\",\"name\":\"AmeriPharma Infusion Center\",\"url\":\"https:\\\/\\\/ameripharmainfusioncenter.com\\\/\",\"logo\":{\"@type\":\"ImageObject\",\"inLanguage\":\"es\",\"@id\":\"https:\\\/\\\/ameripharmainfusioncenter.com\\\/#\\\/schema\\\/logo\\\/image\\\/\",\"url\":\"https:\\\/\\\/ameripharmainfusioncenter.com\\\/wp-content\\\/uploads\\\/2023\\\/02\\\/AmeriPharma-InfusionCenter-logo.png\",\"contentUrl\":\"https:\\\/\\\/ameripharmainfusioncenter.com\\\/wp-content\\\/uploads\\\/2023\\\/02\\\/AmeriPharma-InfusionCenter-logo.png\",\"width\":375,\"height\":60,\"caption\":\"AmeriPharma Infusion Center\"},\"image\":{\"@id\":\"https:\\\/\\\/ameripharmainfusioncenter.com\\\/#\\\/schema\\\/logo\\\/image\\\/\"},\"sameAs\":[\"https:\\\/\\\/www.facebook.com\\\/AmeriPharmaInfusionCenter\\\/\",\"https:\\\/\\\/www.linkedin.com\\\/company\\\/ameripharma\",\"https:\\\/\\\/www.youtube.com\\\/channel\\\/UCdo4qXkWsAwiSz4-f-yz0Aw\"]}]}<\/script>\n<!-- \/ Yoast SEO plugin. -->","yoast_head_json":{"title":"Sobre nosotros | Asistencia con el copago | AmeriPharma Infusion Center\u2122","description":"Le ofrecemos terapia intravenosa c\u00f3moda en un ambiente de resort. Llame a AmeriPharma Infusion Centers\u2122 para reducir los costos de su tratamiento.","robots":{"index":"index","follow":"follow","max-snippet":"max-snippet:-1","max-image-preview":"max-image-preview:large","max-video-preview":"max-video-preview:-1"},"canonical":"https:\/\/ameripharmainfusioncenter.com\/es\/about-us\/","og_locale":"es_MX","og_type":"article","og_title":"About Us | Copay Assistance | AmeriPharma Infusion Center\u2122","og_description":"We provide you with convenient intravenous therapy in a resort-like atmosphere. Call AmeriPharma Infusion Centers\u2122 to reduce your treatment costs.","og_url":"https:\/\/ameripharmainfusioncenter.com\/es\/about-us\/","og_site_name":"AmeriPharma Infusion Center","article_publisher":"https:\/\/www.facebook.com\/AmeriPharmaInfusionCenter\/","article_modified_time":"2026-04-02T09:00:50+00:00","og_image":[{"width":400,"height":400,"url":"https:\/\/ameripharmainfusioncenter.com\/wp-content\/uploads\/2023\/06\/infusion-center-logo-large-square.png","type":"image\/png"}],"twitter_card":"summary_large_image","schema":{"@context":"https:\/\/schema.org","@graph":[{"@type":"WebPage","@id":"https:\/\/ameripharmainfusioncenter.com\/about-us\/","url":"https:\/\/ameripharmainfusioncenter.com\/about-us\/","name":"Sobre nosotros | Asistencia con el copago | AmeriPharma Infusion Center\u2122","isPartOf":{"@id":"https:\/\/ameripharmainfusioncenter.com\/#website"},"datePublished":"2023-05-10T19:14:13+00:00","dateModified":"2026-04-02T09:00:50+00:00","description":"Le ofrecemos terapia intravenosa c\u00f3moda en un ambiente de resort. Llame a AmeriPharma Infusion Centers\u2122 para reducir los costos de su tratamiento.","breadcrumb":{"@id":"https:\/\/ameripharmainfusioncenter.com\/about-us\/#breadcrumb"},"inLanguage":"es","potentialAction":[{"@type":"ReadAction","target":["https:\/\/ameripharmainfusioncenter.com\/about-us\/"]}]},{"@type":"BreadcrumbList","@id":"https:\/\/ameripharmainfusioncenter.com\/about-us\/#breadcrumb","itemListElement":[{"@type":"ListItem","position":1,"name":"Home","item":"https:\/\/ameripharmainfusioncenter.com\/"},{"@type":"ListItem","position":2,"name":"About Us"}]},{"@type":"WebSite","@id":"https:\/\/ameripharmainfusioncenter.com\/#website","url":"https:\/\/ameripharmainfusioncenter.com\/","name":"AmeriPharma Infusion Center","description":"Centro de infusi\u00f3n con receta en Orange, CA","publisher":{"@id":"https:\/\/ameripharmainfusioncenter.com\/#organization"},"potentialAction":[{"@type":"SearchAction","target":{"@type":"EntryPoint","urlTemplate":"https:\/\/ameripharmainfusioncenter.com\/?s={search_term_string}"},"query-input":{"@type":"PropertyValueSpecification","valueRequired":true,"valueName":"search_term_string"}}],"inLanguage":"es"},{"@type":"Organization","@id":"https:\/\/ameripharmainfusioncenter.com\/#organization","name":"AmeriPharma Infusion Center","url":"https:\/\/ameripharmainfusioncenter.com\/","logo":{"@type":"ImageObject","inLanguage":"es","@id":"https:\/\/ameripharmainfusioncenter.com\/#\/schema\/logo\/image\/","url":"https:\/\/ameripharmainfusioncenter.com\/wp-content\/uploads\/2023\/02\/AmeriPharma-InfusionCenter-logo.png","contentUrl":"https:\/\/ameripharmainfusioncenter.com\/wp-content\/uploads\/2023\/02\/AmeriPharma-InfusionCenter-logo.png","width":375,"height":60,"caption":"AmeriPharma Infusion Center"},"image":{"@id":"https:\/\/ameripharmainfusioncenter.com\/#\/schema\/logo\/image\/"},"sameAs":["https:\/\/www.facebook.com\/AmeriPharmaInfusionCenter\/","https:\/\/www.linkedin.com\/company\/ameripharma","https:\/\/www.youtube.com\/channel\/UCdo4qXkWsAwiSz4-f-yz0Aw"]}]}},"uagb_featured_image_src":{"full":false,"thumbnail":false,"medium":false,"medium_large":false,"large":false,"1536x1536":false,"2048x2048":false,"trp-custom-language-flag":false,"block-image-html-large":false,"ct-gallery":false,"ct-section-header":false,"ct-thumb":false,"ct-thumb-large":false,"ct-small":false,"ct-medium":false,"ct-xmedium":false,"ct-large":false},"uagb_author_info":{"display_name":"AmeriPharma Infusion Center Staff","author_link":"https:\/\/ameripharmainfusioncenter.com\/es\/author\/ameripharma-infusion-center-staff\/"},"uagb_comment_info":0,"uagb_excerpt":null,"_links":{"self":[{"href":"https:\/\/ameripharmainfusioncenter.com\/es\/wp-json\/wp\/v2\/pages\/12026","targetHints":{"allow":["GET"]}}],"collection":[{"href":"https:\/\/ameripharmainfusioncenter.com\/es\/wp-json\/wp\/v2\/pages"}],"about":[{"href":"https:\/\/ameripharmainfusioncenter.com\/es\/wp-json\/wp\/v2\/types\/page"}],"author":[{"embeddable":true,"href":"https:\/\/ameripharmainfusioncenter.com\/es\/wp-json\/wp\/v2\/users\/26"}],"replies":[{"embeddable":true,"href":"https:\/\/ameripharmainfusioncenter.com\/es\/wp-json\/wp\/v2\/comments?post=12026"}],"version-history":[{"count":0,"href":"https:\/\/ameripharmainfusioncenter.com\/es\/wp-json\/wp\/v2\/pages\/12026\/revisions"}],"wp:attachment":[{"href":"https:\/\/ameripharmainfusioncenter.com\/es\/wp-json\/wp\/v2\/media?parent=12026"}],"curies":[{"name":"gracias","href":"https:\/\/api.w.org\/{rel}","templated":true}]}}