{"id":11979,"date":"2023-05-04T15:20:51","date_gmt":"2023-05-04T22:20:51","guid":{"rendered":"https:\/\/ameripharmainfusioncenter.com\/?page_id=11979"},"modified":"2024-10-09T05:41:35","modified_gmt":"2024-10-09T12:41:35","slug":"sitemap","status":"publish","type":"page","link":"https:\/\/ameripharmainfusioncenter.com\/es\/sitemap\/","title":{"rendered":"Mapa del sitio"},"content":{"rendered":"<div class=\"wp-block-columns container sitemap-block is-layout-flex wp-container-core-columns-is-layout-9d6595d7 wp-block-columns-is-layout-flex\">\n<div class=\"wp-block-column is-layout-flow wp-block-column-is-layout-flow\" style=\"flex-basis:100%\">\n<h3 class=\"wp-block-heading has-text-color has-link-color wp-elements-5395321d29ea42d1f85a912291770e8a\" style=\"color:#102e61\">P\u00e1ginas<\/h3>\n\n\n<ul class=\"wp-block-page-list\"><li class=\"wp-block-pages-list__item\"><a class=\"wp-block-pages-list__item__link\" href=\"https:\/\/ameripharmainfusioncenter.com\/es\/about-us\/\">Sobre nosotros<\/a><\/li><li class=\"wp-block-pages-list__item\"><a class=\"wp-block-pages-list__item__link\" href=\"https:\/\/ameripharmainfusioncenter.com\/es\/blog\/\">Blog<\/a><\/li><li class=\"wp-block-pages-list__item\"><a class=\"wp-block-pages-list__item__link\" href=\"https:\/\/ameripharmainfusioncenter.com\/es\/cidp-treatment-with-ivig-and-infusions-ameripharmas-effective-solutions\/\">Tratamiento de CIDP con IgIV e infusiones: Soluciones efectivas de AmeriPharma\u00ae<\/a><\/li><li class=\"wp-block-pages-list__item\"><a class=\"wp-block-pages-list__item__link\" href=\"https:\/\/ameripharmainfusioncenter.com\/es\/common-variable-immunodeficiency-treatment-ameripharma-infusion-center\/\">Tratamiento de la inmunodeficiencia variable com\u00fan | Centro de infusi\u00f3n AmeriPharma\u00ae<\/a><\/li><li class=\"wp-block-pages-list__item\"><a class=\"wp-block-pages-list__item__link\" href=\"https:\/\/ameripharmainfusioncenter.com\/es\/contact-us\/\">Cont\u00e1ctenos<\/a><\/li><li class=\"wp-block-pages-list__item\"><a class=\"wp-block-pages-list__item__link\" href=\"https:\/\/ameripharmainfusioncenter.com\/es\/cookie-policy\/\">Pol\u00edtica de cookies<\/a><\/li><li class=\"wp-block-pages-list__item\"><a class=\"wp-block-pages-list__item__link\" href=\"https:\/\/ameripharmainfusioncenter.com\/es\/enrollment-forms\/\">Formularios de inscripci\u00f3n<\/a><\/li><li class=\"wp-block-pages-list__item has-child\"><a class=\"wp-block-pages-list__item__link\" href=\"https:\/\/ameripharmainfusioncenter.com\/es\/enzyme-replacement-therapy\/\">Terapia de reemplazo enzim\u00e1tico | AmeriPharma Infusion Centers<\/a><ul class=\"wp-block-navigation__submenu-container\"><li class=\"wp-block-pages-list__item\"><a class=\"wp-block-pages-list__item__link\" href=\"https:\/\/ameripharmainfusioncenter.com\/es\/enzyme-replacement-therapy\/beverly-hills\/\">Terapia de reemplazo enzim\u00e1tico Beverly Hills | AmeriPharma<\/a><\/li><li class=\"wp-block-pages-list__item\"><a class=\"wp-block-pages-list__item__link\" href=\"https:\/\/ameripharmainfusioncenter.com\/es\/enzyme-replacement-therapy\/houston-tx\/\">Terapia de reemplazo enzim\u00e1tico en Houston, TX | AmeriPharma Infusion Center<\/a><\/li><li class=\"wp-block-pages-list__item\"><a class=\"wp-block-pages-list__item__link\" href=\"https:\/\/ameripharmainfusioncenter.com\/es\/enzyme-replacement-therapy\/stuart-fl\/\">Terapia de reemplazo enzim\u00e1tico en Stuart, FL | AmeriPharma Infusion Center<\/a><\/li><li class=\"wp-block-pages-list__item\"><a class=\"wp-block-pages-list__item__link\" href=\"https:\/\/ameripharmainfusioncenter.com\/es\/enzyme-replacement-therapy\/trinity-fl\/\">Terapia de reemplazo enzim\u00e1tico en Trinity, FL | AmeriPharma Infusion Center<\/a><\/li><li class=\"wp-block-pages-list__item\"><a class=\"wp-block-pages-list__item__link\" href=\"https:\/\/ameripharmainfusioncenter.com\/es\/enzyme-replacement-therapy\/kirkland-wa\/\">Terapia de reemplazo enzim\u00e1tico Kirkland, WA | AmeriPharma<\/a><\/li><li class=\"wp-block-pages-list__item\"><a class=\"wp-block-pages-list__item__link\" href=\"https:\/\/ameripharmainfusioncenter.com\/es\/enzyme-replacement-therapy\/orange-county\/\">Terapia de reemplazo enzim\u00e1tico Orange County | AmeriPharma<\/a><\/li><\/ul><\/li><li class=\"wp-block-pages-list__item\"><a class=\"wp-block-pages-list__item__link\" href=\"https:\/\/ameripharmainfusioncenter.com\/es\/financial-assistance\/\">Asistencia financiera<\/a><\/li><li class=\"wp-block-pages-list__item\"><a class=\"wp-block-pages-list__item__link\" href=\"https:\/\/ameripharmainfusioncenter.com\/es\/get-started\/\">Empezando<\/a><\/li><li class=\"wp-block-pages-list__item\"><a class=\"wp-block-pages-list__item__link\" href=\"https:\/\/ameripharmainfusioncenter.com\/es\/healthcare-providers\/\">Proveedores de atenci\u00f3n m\u00e9dica<\/a><\/li><li class=\"wp-block-pages-list__item\"><a class=\"wp-block-pages-list__item__link\" href=\"https:\/\/ameripharmainfusioncenter.com\/es\/healthcare-providers-faqs\/\">Preguntas frecuentes de los proveedores de atenci\u00f3n m\u00e9dica<\/a><\/li><li class=\"wp-block-pages-list__item\"><a class=\"wp-block-pages-list__item__link\" href=\"https:\/\/ameripharmainfusioncenter.com\/es\/hipaa-privacy-notice\/\">Aviso de privacidad HIPAA<\/a><\/li><li class=\"wp-block-pages-list__item menu-item-home\"><a class=\"wp-block-pages-list__item__link\" href=\"https:\/\/ameripharmainfusioncenter.com\/es\/\">Hogar<\/a><\/li><li class=\"wp-block-pages-list__item\"><a class=\"wp-block-pages-list__item__link\" href=\"https:\/\/ameripharmainfusioncenter.com\/es\/host-infusions\/\">Infusiones de host con AmeriPharma\u00ae<\/a><\/li><li class=\"wp-block-pages-list__item\"><a class=\"wp-block-pages-list__item__link\" href=\"https:\/\/ameripharmainfusioncenter.com\/es\/host-patients\/\">Pacientes anfitriones<\/a><\/li><li class=\"wp-block-pages-list__item\"><a class=\"wp-block-pages-list__item__link\" href=\"https:\/\/ameripharmainfusioncenter.com\/es\/how-to-find-us-in-orange-ca\/\">C\u00f3mo encontrarnos en Orange, CA<\/a><\/li><li class=\"wp-block-pages-list__item\"><a class=\"wp-block-pages-list__item__link\" href=\"https:\/\/ameripharmainfusioncenter.com\/es\/infusion-therapy-for-rheumatoid-arthritis\/\">Terapia de infusi\u00f3n para la artritis reumatoide<\/a><\/li><li class=\"wp-block-pages-list__item\"><a class=\"wp-block-pages-list__item__link\" href=\"https:\/\/ameripharmainfusioncenter.com\/es\/iv-therapy-insurance\/\">Cobertura de seguro para terapia intravenosa | Centros de infusi\u00f3n AmeriPharma\u00ae<\/a><\/li><li class=\"wp-block-pages-list__item\"><a class=\"wp-block-pages-list__item__link\" href=\"https:\/\/ameripharmainfusioncenter.com\/es\/ivig\/\">Terapia con IgIV<\/a><\/li><li class=\"wp-block-pages-list__item\"><a class=\"wp-block-pages-list__item__link\" href=\"https:\/\/ameripharmainfusioncenter.com\/es\/multiple-sclerosis-infusion-therapy\/\">Terapia de infusi\u00f3n para la esclerosis m\u00faltiple<\/a><\/li><li class=\"wp-block-pages-list__item\"><a class=\"wp-block-pages-list__item__link\" href=\"https:\/\/ameripharmainfusioncenter.com\/es\/near-our-infusion-center\/\">Cerca de nuestro centro de infusi\u00f3n<\/a><\/li><li class=\"wp-block-pages-list__item\"><a class=\"wp-block-pages-list__item__link\" href=\"https:\/\/ameripharmainfusioncenter.com\/es\/networks-and-insurances-accepted-by-ameripharma-infusion-centers\/\">Redes y seguros aceptados por los centros de infusi\u00f3n AmeriPharma\u00ae<\/a><\/li><li class=\"wp-block-pages-list__item\"><a class=\"wp-block-pages-list__item__link\" href=\"https:\/\/ameripharmainfusioncenter.com\/es\/notice-of-privacy-practices\/\">Aviso de pr\u00e1cticas de privacidad<\/a><\/li><li class=\"wp-block-pages-list__item\"><a class=\"wp-block-pages-list__item__link\" href=\"https:\/\/ameripharmainfusioncenter.com\/es\/patient-faqs\/\">Preguntas frecuentes de los pacientes<\/a><\/li><li class=\"wp-block-pages-list__item\"><a class=\"wp-block-pages-list__item__link\" href=\"https:\/\/ameripharmainfusioncenter.com\/es\/patients-caregivers-faqs\/\">Preguntas frecuentes de los pacientes<\/a><\/li><li class=\"wp-block-pages-list__item\"><a class=\"wp-block-pages-list__item__link\" href=\"https:\/\/ameripharmainfusioncenter.com\/es\/patients-caregivers\/\">Pacientes y cuidadores<\/a><\/li><li class=\"wp-block-pages-list__item\"><a class=\"wp-block-pages-list__item__link\" href=\"https:\/\/ameripharmainfusioncenter.com\/es\/privacy-policy\/\">pol\u00edtica de privacidad<\/a><\/li><li class=\"wp-block-pages-list__item has-child\"><a class=\"wp-block-pages-list__item__link\" href=\"https:\/\/ameripharmainfusioncenter.com\/es\/biologics-infusion-therapy\/\">Centro de infusi\u00f3n Remicade cerca de m\u00ed | Infusi\u00f3n AmeriPharma<\/a><ul class=\"wp-block-navigation__submenu-container\"><li class=\"wp-block-pages-list__item\"><a class=\"wp-block-pages-list__item__link\" href=\"https:\/\/ameripharmainfusioncenter.com\/es\/biologics-infusion-therapy\/houston-tx\/\">Terapia de infusi\u00f3n biol\u00f3gica en Houston, TX | AmeriPharma Infusion Center<\/a><\/li><li class=\"wp-block-pages-list__item\"><a class=\"wp-block-pages-list__item__link\" href=\"https:\/\/ameripharmainfusioncenter.com\/es\/biologics-infusion-therapy\/stuart-fl\/\">Terapia de infusi\u00f3n biol\u00f3gica en Stuart, Florida | AmeriPharma Infusion Center<\/a><\/li><li class=\"wp-block-pages-list__item\"><a class=\"wp-block-pages-list__item__link\" href=\"https:\/\/ameripharmainfusioncenter.com\/es\/biologics-infusion-therapy\/trinity-fl\/\">Terapia de infusi\u00f3n biol\u00f3gica Trinity, FL | AmeriPharma Infusion Center<\/a><\/li><li class=\"wp-block-pages-list__item\"><a class=\"wp-block-pages-list__item__link\" href=\"https:\/\/ameripharmainfusioncenter.com\/es\/biologics-infusion-therapy\/beverly-hills\/\">Remicade Centro de infusi\u00f3n cerca de m\u00ed | AmeriPharma Infusi\u00f3n Beverly Hills<\/a><\/li><li class=\"wp-block-pages-list__item\"><a class=\"wp-block-pages-list__item__link\" href=\"https:\/\/ameripharmainfusioncenter.com\/es\/biologics-infusion-therapy\/kirkland-wa\/\">Remicade Centro de infusi\u00f3n cerca de m\u00ed | AmeriPharma Infusi\u00f3n Kirkland<\/a><\/li><li class=\"wp-block-pages-list__item\"><a class=\"wp-block-pages-list__item__link\" href=\"https:\/\/ameripharmainfusioncenter.com\/es\/biologics-infusion-therapy\/orange-county\/\">Centro de infusi\u00f3n Remicade cerca de m\u00ed | Infusi\u00f3n AmeriPharma Orange County<\/a><\/li><\/ul><\/li><li class=\"wp-block-pages-list__item\"><a class=\"wp-block-pages-list__item__link\" href=\"https:\/\/ameripharmainfusioncenter.com\/es\/sitemap\/\">Mapa del sitio<\/a><\/li><li class=\"wp-block-pages-list__item has-child\"><a class=\"wp-block-pages-list__item__link\" href=\"https:\/\/ameripharmainfusioncenter.com\/es\/specialty-infusion-center-locations\/\">Ubicaciones de centros de infusi\u00f3n especializados<\/a><ul class=\"wp-block-navigation__submenu-container\"><li class=\"wp-block-pages-list__item\"><a class=\"wp-block-pages-list__item__link\" href=\"https:\/\/ameripharmainfusioncenter.com\/es\/specialty-infusion-center-locations\/beverly-hills-ca\/\">Centro de infusi\u00f3n de terapia intravenosa de Beverly Hills<\/a><\/li><li class=\"wp-block-pages-list__item\"><a class=\"wp-block-pages-list__item__link\" href=\"https:\/\/ameripharmainfusioncenter.com\/es\/specialty-infusion-center-locations\/houston-tx\/\">Terapia de infusi\u00f3n intravenosa en Houston, TX<\/a><\/li><li class=\"wp-block-pages-list__item\"><a class=\"wp-block-pages-list__item__link\" href=\"https:\/\/ameripharmainfusioncenter.com\/es\/specialty-infusion-center-locations\/orange-ca\/\">Centro de terapia de infusi\u00f3n intravenosa en Orange County<\/a><\/li><li class=\"wp-block-pages-list__item\"><a class=\"wp-block-pages-list__item__link\" href=\"https:\/\/ameripharmainfusioncenter.com\/es\/specialty-infusion-center-locations\/kirkland-wa\/\">Terapia de infusi\u00f3n intravenosa en Kirkland, WA<\/a><\/li><li class=\"wp-block-pages-list__item\"><a class=\"wp-block-pages-list__item__link\" href=\"https:\/\/ameripharmainfusioncenter.com\/es\/specialty-infusion-center-locations\/stuart-fl\/\">Stuart, FL Terapia de infusi\u00f3n intravenosa<\/a><\/li><li class=\"wp-block-pages-list__item\"><a class=\"wp-block-pages-list__item__link\" href=\"https:\/\/ameripharmainfusioncenter.com\/es\/specialty-infusion-center-locations\/trinity-fl\/\">Terapia de infusi\u00f3n intravenosa en Trinity, FL<\/a><\/li><\/ul><\/li><li class=\"wp-block-pages-list__item\"><a class=\"wp-block-pages-list__item__link\" href=\"https:\/\/ameripharmainfusioncenter.com\/es\/specialty-neurological-infusion-therapy\/\">Terapia de infusi\u00f3n neurol\u00f3gica especializada | Vyvgart, Vyepti y Ocrevus | AmeriPharma<\/a><\/li><li class=\"wp-block-pages-list__item\"><a class=\"wp-block-pages-list__item__link\" href=\"https:\/\/ameripharmainfusioncenter.com\/es\/terms-of-use\/\">Condiciones de uso<\/a><\/li><li class=\"wp-block-pages-list__item\"><a class=\"wp-block-pages-list__item__link\" href=\"https:\/\/ameripharmainfusioncenter.com\/es\/thank-you\/\">Gracias<\/a><\/li><li class=\"wp-block-pages-list__item\"><a class=\"wp-block-pages-list__item__link\" href=\"https:\/\/ameripharmainfusioncenter.com\/es\/treatment-care\/\">Tratamiento y cuidados<\/a><\/li><li class=\"wp-block-pages-list__item\"><a class=\"wp-block-pages-list__item__link\" href=\"https:\/\/ameripharmainfusioncenter.com\/es\/ulcerative-colitis-and-crohns-infusion-treatment-at-ameripharma-infusion-center\/\">Tratamiento de infusi\u00f3n para la colitis ulcerosa y la enfermedad de Crohn en el Centro de Infusi\u00f3n AmeriPharma\u00ae<\/a><\/li><li class=\"wp-block-pages-list__item\"><a class=\"wp-block-pages-list__item__link\" href=\"https:\/\/ameripharmainfusioncenter.com\/es\/what-you-need-to-know-about-ivig\/\">Lo que necesita saber sobre la IgIV<\/a><\/li><li class=\"wp-block-pages-list__item\"><a class=\"wp-block-pages-list__item__link\" href=\"https:\/\/ameripharmainfusioncenter.com\/es\/what-you-need-to-know-about-ivig-therapy\/\">Lo que necesita saber sobre la terapia con IgIV<\/a><\/li><li class=\"wp-block-pages-list__item\"><a class=\"wp-block-pages-list__item__link\" href=\"https:\/\/ameripharmainfusioncenter.com\/es\/your-privacy-choices\/\">Sus opciones de privacidad<\/a><\/li><\/ul>\n\n\n<div style=\"height:100px\" aria-hidden=\"true\" class=\"wp-block-spacer\"><\/div>\n<\/div>\n<\/div>\n\n\n\n<p><\/p>","protected":false},"excerpt":{"rendered":"<p>P\u00e1ginas<\/p>","protected":false},"author":26,"featured_media":0,"parent":0,"menu_order":0,"comment_status":"closed","ping_status":"closed","template":"","meta":{"_acf_changed":false,"inline_featured_image":false,"_uag_custom_page_level_css":"","footnotes":""},"class_list":["post-11979","page","type-page","status-publish","hentry"],"acf":[],"yoast_head":"<!-- This site is optimized with the Yoast SEO plugin v27.4 - https:\/\/yoast.com\/product\/yoast-seo-wordpress\/ -->\n<title>Sitemap | AmeriPharma Infusion Center<\/title>\n<meta name=\"description\" content=\"Browse the site map for AmeriPharma Infusion Centers.\" \/>\n<meta name=\"robots\" content=\"index, follow, max-snippet:-1, max-image-preview:large, max-video-preview:-1\" \/>\n<link rel=\"canonical\" href=\"https:\/\/ameripharmainfusioncenter.com\/es\/sitemap\/\" \/>\n<meta property=\"og:locale\" content=\"es_MX\" \/>\n<meta property=\"og:type\" content=\"article\" \/>\n<meta property=\"og:title\" content=\"Sitemap | AmeriPharma Infusion Center\" \/>\n<meta property=\"og:description\" content=\"Browse the site map for AmeriPharma Infusion Centers.\" \/>\n<meta property=\"og:url\" content=\"https:\/\/ameripharmainfusioncenter.com\/es\/sitemap\/\" \/>\n<meta property=\"og:site_name\" content=\"AmeriPharma Infusion Center\" \/>\n<meta property=\"article:publisher\" content=\"https:\/\/www.facebook.com\/AmeriPharmaInfusionCenter\/\" \/>\n<meta property=\"article:modified_time\" content=\"2024-10-09T12:41:35+00:00\" \/>\n<meta property=\"og:image\" content=\"https:\/\/ameripharmainfusioncenter.com\/wp-content\/uploads\/2023\/06\/infusion-center-logo-large-square.png\" \/>\n\t<meta property=\"og:image:width\" content=\"400\" \/>\n\t<meta property=\"og:image:height\" content=\"400\" \/>\n\t<meta property=\"og:image:type\" content=\"image\/png\" \/>\n<meta name=\"twitter:card\" content=\"summary_large_image\" \/>\n<meta name=\"twitter:label1\" content=\"Tiempo de lectura\" \/>\n\t<meta name=\"twitter:data1\" content=\"1 minuto\" \/>\n<script type=\"application\/ld+json\" class=\"yoast-schema-graph\">{\"@context\":\"https:\\\/\\\/schema.org\",\"@graph\":[{\"@type\":\"WebPage\",\"@id\":\"https:\\\/\\\/ameripharmainfusioncenter.com\\\/sitemap\\\/\",\"url\":\"https:\\\/\\\/ameripharmainfusioncenter.com\\\/sitemap\\\/\",\"name\":\"Sitemap | AmeriPharma Infusion Center\",\"isPartOf\":{\"@id\":\"https:\\\/\\\/ameripharmainfusioncenter.com\\\/#website\"},\"datePublished\":\"2023-05-04T22:20:51+00:00\",\"dateModified\":\"2024-10-09T12:41:35+00:00\",\"description\":\"Browse the site map for AmeriPharma Infusion Centers.\",\"breadcrumb\":{\"@id\":\"https:\\\/\\\/ameripharmainfusioncenter.com\\\/sitemap\\\/#breadcrumb\"},\"inLanguage\":\"es\",\"potentialAction\":[{\"@type\":\"ReadAction\",\"target\":[\"https:\\\/\\\/ameripharmainfusioncenter.com\\\/sitemap\\\/\"]}]},{\"@type\":\"BreadcrumbList\",\"@id\":\"https:\\\/\\\/ameripharmainfusioncenter.com\\\/sitemap\\\/#breadcrumb\",\"itemListElement\":[{\"@type\":\"ListItem\",\"position\":1,\"name\":\"Home\",\"item\":\"https:\\\/\\\/ameripharmainfusioncenter.com\\\/\"},{\"@type\":\"ListItem\",\"position\":2,\"name\":\"Sitemap\"}]},{\"@type\":\"WebSite\",\"@id\":\"https:\\\/\\\/ameripharmainfusioncenter.com\\\/#website\",\"url\":\"https:\\\/\\\/ameripharmainfusioncenter.com\\\/\",\"name\":\"AmeriPharma Infusion Center\",\"description\":\"Prescription-based Infusion Center in Orange, CA\",\"publisher\":{\"@id\":\"https:\\\/\\\/ameripharmainfusioncenter.com\\\/#organization\"},\"potentialAction\":[{\"@type\":\"SearchAction\",\"target\":{\"@type\":\"EntryPoint\",\"urlTemplate\":\"https:\\\/\\\/ameripharmainfusioncenter.com\\\/?s={search_term_string}\"},\"query-input\":{\"@type\":\"PropertyValueSpecification\",\"valueRequired\":true,\"valueName\":\"search_term_string\"}}],\"inLanguage\":\"es\"},{\"@type\":\"Organization\",\"@id\":\"https:\\\/\\\/ameripharmainfusioncenter.com\\\/#organization\",\"name\":\"AmeriPharma Infusion Center\",\"url\":\"https:\\\/\\\/ameripharmainfusioncenter.com\\\/\",\"logo\":{\"@type\":\"ImageObject\",\"inLanguage\":\"es\",\"@id\":\"https:\\\/\\\/ameripharmainfusioncenter.com\\\/#\\\/schema\\\/logo\\\/image\\\/\",\"url\":\"https:\\\/\\\/ameripharmainfusioncenter.com\\\/wp-content\\\/uploads\\\/2023\\\/02\\\/AmeriPharma-InfusionCenter-logo.png\",\"contentUrl\":\"https:\\\/\\\/ameripharmainfusioncenter.com\\\/wp-content\\\/uploads\\\/2023\\\/02\\\/AmeriPharma-InfusionCenter-logo.png\",\"width\":375,\"height\":60,\"caption\":\"AmeriPharma Infusion Center\"},\"image\":{\"@id\":\"https:\\\/\\\/ameripharmainfusioncenter.com\\\/#\\\/schema\\\/logo\\\/image\\\/\"},\"sameAs\":[\"https:\\\/\\\/www.facebook.com\\\/AmeriPharmaInfusionCenter\\\/\",\"https:\\\/\\\/www.linkedin.com\\\/company\\\/ameripharma\",\"https:\\\/\\\/www.youtube.com\\\/channel\\\/UCdo4qXkWsAwiSz4-f-yz0Aw\"]}]}<\/script>\n<!-- \/ Yoast SEO plugin. -->","yoast_head_json":{"title":"Mapa del sitio | AmeriPharma Infusion Center","description":"Explore el mapa del sitio para AmeriPharma Infusion Centers.","robots":{"index":"index","follow":"follow","max-snippet":"max-snippet:-1","max-image-preview":"max-image-preview:large","max-video-preview":"max-video-preview:-1"},"canonical":"https:\/\/ameripharmainfusioncenter.com\/es\/sitemap\/","og_locale":"es_MX","og_type":"article","og_title":"Sitemap | AmeriPharma Infusion Center","og_description":"Browse the site map for AmeriPharma Infusion Centers.","og_url":"https:\/\/ameripharmainfusioncenter.com\/es\/sitemap\/","og_site_name":"AmeriPharma Infusion Center","article_publisher":"https:\/\/www.facebook.com\/AmeriPharmaInfusionCenter\/","article_modified_time":"2024-10-09T12:41:35+00:00","og_image":[{"width":400,"height":400,"url":"https:\/\/ameripharmainfusioncenter.com\/wp-content\/uploads\/2023\/06\/infusion-center-logo-large-square.png","type":"image\/png"}],"twitter_card":"summary_large_image","twitter_misc":{"Tiempo de lectura":"1 minuto"},"schema":{"@context":"https:\/\/schema.org","@graph":[{"@type":"WebPage","@id":"https:\/\/ameripharmainfusioncenter.com\/sitemap\/","url":"https:\/\/ameripharmainfusioncenter.com\/sitemap\/","name":"Mapa del sitio | AmeriPharma Infusion Center","isPartOf":{"@id":"https:\/\/ameripharmainfusioncenter.com\/#website"},"datePublished":"2023-05-04T22:20:51+00:00","dateModified":"2024-10-09T12:41:35+00:00","description":"Explore el mapa del sitio para AmeriPharma Infusion Centers.","breadcrumb":{"@id":"https:\/\/ameripharmainfusioncenter.com\/sitemap\/#breadcrumb"},"inLanguage":"es","potentialAction":[{"@type":"ReadAction","target":["https:\/\/ameripharmainfusioncenter.com\/sitemap\/"]}]},{"@type":"BreadcrumbList","@id":"https:\/\/ameripharmainfusioncenter.com\/sitemap\/#breadcrumb","itemListElement":[{"@type":"ListItem","position":1,"name":"Home","item":"https:\/\/ameripharmainfusioncenter.com\/"},{"@type":"ListItem","position":2,"name":"Sitemap"}]},{"@type":"WebSite","@id":"https:\/\/ameripharmainfusioncenter.com\/#website","url":"https:\/\/ameripharmainfusioncenter.com\/","name":"AmeriPharma Infusion Center","description":"Centro de infusi\u00f3n con receta en Orange, CA","publisher":{"@id":"https:\/\/ameripharmainfusioncenter.com\/#organization"},"potentialAction":[{"@type":"SearchAction","target":{"@type":"EntryPoint","urlTemplate":"https:\/\/ameripharmainfusioncenter.com\/?s={search_term_string}"},"query-input":{"@type":"PropertyValueSpecification","valueRequired":true,"valueName":"search_term_string"}}],"inLanguage":"es"},{"@type":"Organization","@id":"https:\/\/ameripharmainfusioncenter.com\/#organization","name":"AmeriPharma Infusion Center","url":"https:\/\/ameripharmainfusioncenter.com\/","logo":{"@type":"ImageObject","inLanguage":"es","@id":"https:\/\/ameripharmainfusioncenter.com\/#\/schema\/logo\/image\/","url":"https:\/\/ameripharmainfusioncenter.com\/wp-content\/uploads\/2023\/02\/AmeriPharma-InfusionCenter-logo.png","contentUrl":"https:\/\/ameripharmainfusioncenter.com\/wp-content\/uploads\/2023\/02\/AmeriPharma-InfusionCenter-logo.png","width":375,"height":60,"caption":"AmeriPharma Infusion Center"},"image":{"@id":"https:\/\/ameripharmainfusioncenter.com\/#\/schema\/logo\/image\/"},"sameAs":["https:\/\/www.facebook.com\/AmeriPharmaInfusionCenter\/","https:\/\/www.linkedin.com\/company\/ameripharma","https:\/\/www.youtube.com\/channel\/UCdo4qXkWsAwiSz4-f-yz0Aw"]}]}},"uagb_featured_image_src":{"full":false,"thumbnail":false,"medium":false,"medium_large":false,"large":false,"1536x1536":false,"2048x2048":false,"trp-custom-language-flag":false,"block-image-html-large":false,"ct-gallery":false,"ct-section-header":false,"ct-thumb":false,"ct-thumb-large":false,"ct-small":false,"ct-medium":false,"ct-xmedium":false,"ct-large":false},"uagb_author_info":{"display_name":"AmeriPharma Infusion Center Staff","author_link":"https:\/\/ameripharmainfusioncenter.com\/es\/author\/ameripharma-infusion-center-staff\/"},"uagb_comment_info":0,"uagb_excerpt":"Pages","_links":{"self":[{"href":"https:\/\/ameripharmainfusioncenter.com\/es\/wp-json\/wp\/v2\/pages\/11979","targetHints":{"allow":["GET"]}}],"collection":[{"href":"https:\/\/ameripharmainfusioncenter.com\/es\/wp-json\/wp\/v2\/pages"}],"about":[{"href":"https:\/\/ameripharmainfusioncenter.com\/es\/wp-json\/wp\/v2\/types\/page"}],"author":[{"embeddable":true,"href":"https:\/\/ameripharmainfusioncenter.com\/es\/wp-json\/wp\/v2\/users\/26"}],"replies":[{"embeddable":true,"href":"https:\/\/ameripharmainfusioncenter.com\/es\/wp-json\/wp\/v2\/comments?post=11979"}],"version-history":[{"count":0,"href":"https:\/\/ameripharmainfusioncenter.com\/es\/wp-json\/wp\/v2\/pages\/11979\/revisions"}],"wp:attachment":[{"href":"https:\/\/ameripharmainfusioncenter.com\/es\/wp-json\/wp\/v2\/media?parent=11979"}],"curies":[{"name":"gracias","href":"https:\/\/api.w.org\/{rel}","templated":true}]}}