{"id":11964,"date":"2023-04-24T14:48:25","date_gmt":"2023-04-24T21:48:25","guid":{"rendered":"https:\/\/ameripharmainfusioncenter.com\/?page_id=11964"},"modified":"2026-03-05T13:38:40","modified_gmt":"2026-03-05T21:38:40","slug":"contact-us","status":"publish","type":"page","link":"https:\/\/ameripharmainfusioncenter.com\/es\/contact-us\/","title":{"rendered":"Cont\u00e1ctenos"},"content":{"rendered":"<div class=\"wp-block-columns contact-block container is-layout-flex wp-container-core-columns-is-layout-9d6595d7 wp-block-columns-is-layout-flex\">\n<div class=\"wp-block-column is-layout-flow wp-block-column-is-layout-flow\">\n<p class=\"has-large-font-size\">Le invitamos a llamarnos al&nbsp;<a href=\"tel:+7148553743\">(714) 551-6629<\/a>&nbsp;Si tiene alguna pregunta o comentario sobre los Centros de Infusi\u00f3n AmeriPharma\u00ae, o bien, puede completar el formulario de contacto para programar una cita con uno de nuestros expertos en terapia de infusi\u00f3n.<\/p>\n\n\n\n<p class=\"has-large-font-size\">El Centro de Infusi\u00f3n AmeriPharma\u00ae tiene seis ubicaciones para atenderlo, incluido nuestro Anita&nbsp;<a href=\"https:\/\/ameripharmainfusioncenter.com\/es\/locations\/\">centro de infusi\u00f3n en Orange, CA<\/a>En cada uno de los centros de infusi\u00f3n, recibir\u00e1 el mismo personal de enfermer\u00eda altamente capacitado y la misma atenci\u00f3n compasiva. Desde encontrar...&nbsp;<a href=\"https:\/\/ameripharmainfusioncenter.com\/es\/financial-assistance\/\">asistencia financiera<\/a>&nbsp;Para brindarle una experiencia acogedora el d\u00eda de la infusi\u00f3n, nuestro equipo compasivo lo apoyar\u00e1 en cada paso del camino.<\/p>\n\n\n\n<p class=\"has-large-font-size\">Visita nuestra&nbsp;<a href=\"https:\/\/ameripharmainfusioncenter.com\/es\/treatment-care\/\">centros de infusi\u00f3n especializados<\/a>&nbsp;en Orange, CA; Beverly Hills, CA; Kirkland, WA; Stuart, FL; Trinity, FL; y Houston, TX. Cont\u00e1ctenos hoy mismo para recibir su<a href=\"https:\/\/ameripharmainfusioncenter.com\/es\/ivig\/\">tratamiento para IgIV<\/a> o infusiones biol\u00f3gicas para la esclerosis m\u00faltiple,<a href=\"https:\/\/ameripharmainfusioncenter.com\/es\/infusion-therapy-for-rheumatoid-arthritis\/\">artritis reumatoide<\/a>, y enfermedad de Crohn o colitis ulcerosa en una de nuestras cl\u00ednicas de infusi\u00f3n especializadas.<\/p>\n\n\n\n<div class=\"wp-block-uagb-container uagb-block-5b6d33f1 default uagb-is-root-container\">\n<div class=\"wp-block-uagb-container uagb-block-5711797a\">\n<div class=\"wp-block-uagb-image uagb-block-dc109395 wp-block-uagb-image--layout-default wp-block-uagb-image--effect-static wp-block-uagb-image--align-none\"><figure class=\"wp-block-uagb-image__figure\"><img decoding=\"async\" srcset=\"https:\/\/ameripharmainfusioncenter.com\/wp-content\/uploads\/2024\/01\/nurse-doctor-senior-care-caregiver-help-assistence.jpg ,https:\/\/ameripharmainfusioncenter.com\/wp-content\/uploads\/2024\/01\/nurse-doctor-senior-care-caregiver-help-assistence.jpg 780w, https:\/\/ameripharmainfusioncenter.com\/wp-content\/uploads\/2024\/01\/nurse-doctor-senior-care-caregiver-help-assistence.jpg 360w\" sizes=\"auto, (max-width: 480px) 150px\" src=\"https:\/\/ameripharmainfusioncenter.com\/wp-content\/uploads\/2024\/01\/nurse-doctor-senior-care-caregiver-help-assistence.jpg\" alt=\"Smiling doctor holding the hand of a patient and offering support\" class=\"uag-image-12292\" width=\"571\" height=\"635\" title=\"Enfermera, m\u00e9dico, cuidador de personas mayores, ayuda y asistencia\" loading=\"lazy\" role=\"img\"\/><\/figure><\/div>\n<\/div>\n\n\n\n<div class=\"wp-block-uagb-container uagb-block-d19dc9e9\">\n<iframe\n  src=\"https:\/\/api.leadconnectorhq.com\/widget\/form\/7ipJ7bYeWwGe3LUnonMO\"\n  style=\"width:100%;height:100%;border:none;border-radius:4px\"\n  id=\"inline-7ipJ7bYeWwGe3LUnonMO\" \n  data-layout=\"{'id':'INLINE'}\"\n  data-trigger-type=\"alwaysShow\"\n  data-trigger-value=\"\"\n  data-activation-type=\"alwaysActivated\"\n  data-activation-value=\"\"\n  data-deactivation-type=\"neverDeactivate\"\n  data-deactivation-value=\"\"\n  data-form-name=\"AIC Contact Us\"\n  data-height=\"1501\"\n  data-layout-iframe-id=\"inline-7ipJ7bYeWwGe3LUnonMO\"\n  data-form-id=\"7ipJ7bYeWwGe3LUnonMO\"\n  title=\"AIC Cont\u00e1ctenos\"\n      ><\/iframe>\n<script src=\"https:\/\/link.msgsndr.com\/js\/form_embed.js\"><\/script>\n<\/div>\n<\/div>\n\n\n\n<h2 class=\"wp-block-heading has-text-align-center text-center has-text-color has-link-color wp-elements-6a403c639d910a15ba2f87cf1fcd15aa\" style=\"color:#102e61\">Nuestras ubicaciones<\/h2>\n\n\n\n<div class=\"wp-block-uagb-container uagb-block-2ef82b6c default uagb-is-root-container\">\n<div class=\"wp-block-uagb-container uagb-block-33d5bfd6\">\n<div class=\"wp-block-uagb-advanced-heading uagb-block-6222cade\"><h2 class=\"uagb-heading-text\">Centro de Infusi\u00f3n de Naranja<\/h2><p class=\"uagb-desc-text\">(cerca de UCI)<\/p><\/div>\n\n\n\n<p style=\"text-align: right;\"><a href=\"https:\/\/maps.app.goo.gl\/gur2pp22xQrFadqVA\" target=\"_blank\" rel=\"noopener\">132 S. Anita Dr.<br\/>\nSuite A<br\/>\nOrange, CA 92868<\/a><br\/>\nTel\u00e9fono: <a href=\"tel:714-551-6629\">(714) 551-6629<\/a><\/p>\n<\/div>\n\n\n\n<div class=\"wp-block-uagb-container uagb-block-9eabd8a5\">\t\t\t<div \n\t\t\tclass=\"wp-block-uagb-google-map uagb-google-map__wrap uagb-block-072b445f\"\n\t\t\tstyle=\"\" >\n\t\t\t\t<embed\n\t\t\t\t\tclass=\"uagb-google-map__iframe\"\n\t\t\t\t\ttitle=\"Mapa de Google para \"\n\t\t\t\t\tsrc=\"https:\/\/maps.google.com\/maps?q=132%20S%20Anita%20Dr%2C%20Orange%2C%20CA%2092868&#038;z=16&#038;hl=en&#038;t=m&#038;output=embed&#038;iwloc=near\"\n\t\t\t\t\twidth=\"640\"\n\t\t\t\t\theight=\"300\"\n\t\t\t\t\tloading=\"lazy\"\n\t\t\t\t><\/embed>\n\t\t\t<\/div>\n\t\t\t<\/div>\n<\/div>\n\n\n\n<div class=\"wp-block-uagb-container uagb-block-b8865353 default uagb-is-root-container\">\n<div class=\"wp-block-uagb-container uagb-block-2bbcfabb\">\t\t\t<div \n\t\t\tclass=\"wp-block-uagb-google-map uagb-google-map__wrap uagb-block-6b13f457\"\n\t\t\tstyle=\"\" >\n\t\t\t\t<embed\n\t\t\t\t\tclass=\"uagb-google-map__iframe\"\n\t\t\t\t\ttitle=\"Mapa de Google para \"\n\t\t\t\t\tsrc=\"https:\/\/maps.google.com\/maps?q=13107%20121st%20Way%20NE%2C%20Suite%20101%2C%20Kirkland%2C%20WA%2098034&#038;z=16&#038;hl=en&#038;t=m&#038;output=embed&#038;iwloc=near\"\n\t\t\t\t\twidth=\"640\"\n\t\t\t\t\theight=\"300\"\n\t\t\t\t\tloading=\"lazy\"\n\t\t\t\t><\/embed>\n\t\t\t<\/div>\n\t\t\t<\/div>\n\n\n\n<div class=\"wp-block-uagb-container uagb-block-02bc45b2\">\n<div class=\"wp-block-uagb-advanced-heading uagb-block-a72e600c\"><h2 class=\"uagb-heading-text\">Centro de infusi\u00f3n de Kirkland, WA<\/h2><\/div>\n\n\n\n<p style=\"text-align: left;\"><a href=\"https:\/\/maps.app.goo.gl\/b3iQjNSLnV7cPDbD9\" target=\"_blank\" rel=\"noopener\">13107 121st Way NE<br \/>Suite 101<br \/>Kirkland, WA 98034<\/a><br\/>\nTel\u00e9fono: <a href=\"tel:4253205063\">(425) 320-5063<\/a><\/p>\n<\/div>\n<\/div>\n\n\n\n<div class=\"wp-block-uagb-container uagb-block-f777c4f8 default uagb-is-root-container\">\n<div class=\"wp-block-uagb-container uagb-block-37a84fe2\">\n<div class=\"wp-block-uagb-advanced-heading uagb-block-e8c90f51\"><h2 class=\"uagb-heading-text\">Centro de infusi\u00f3n de Beverly Hills<\/h2><\/div>\n\n\n\n<p style=\"text-align: right;\"><a href=\"https:\/\/maps.app.goo.gl\/GGHA6Tb41uokgTsY8\" target=\"_blank\" rel=\"noopener\">8750 Wilshire Blvd<br\/>\nSuite 210<br\/>\nBeverly Hills, CA 90211<\/a><br\/>\nTel\u00e9fono: <a href=\"tel:4243918171\">(424) 391-8171<\/a><\/p>\n<\/div>\n\n\n\n<div class=\"wp-block-uagb-container uagb-block-bbabc79c\">\t\t\t<div \n\t\t\tclass=\"wp-block-uagb-google-map uagb-google-map__wrap uagb-block-1de91106\"\n\t\t\tstyle=\"\" >\n\t\t\t\t<embed\n\t\t\t\t\tclass=\"uagb-google-map__iframe\"\n\t\t\t\t\ttitle=\"Mapa de Google para \"\n\t\t\t\t\tsrc=\"https:\/\/maps.google.com\/maps?q=8750%20Wilshire%20Blvd%2C%20Beverly%20Hills%2C%20CA%2090211&#038;z=16&#038;hl=en&#038;t=m&#038;output=embed&#038;iwloc=near\"\n\t\t\t\t\twidth=\"640\"\n\t\t\t\t\theight=\"300\"\n\t\t\t\t\tloading=\"lazy\"\n\t\t\t\t><\/embed>\n\t\t\t<\/div>\n\t\t\t<\/div>\n<\/div>\n\n\n\n<div class=\"wp-block-uagb-container uagb-block-dae18545 default uagb-is-root-container\">\n<div class=\"wp-block-uagb-container uagb-block-bd4ace59\">\t\t\t<div \n\t\t\tclass=\"wp-block-uagb-google-map uagb-google-map__wrap uagb-block-43dc6104\"\n\t\t\tstyle=\"\" >\n\t\t\t\t<embed\n\t\t\t\t\tclass=\"uagb-google-map__iframe\"\n\t\t\t\t\ttitle=\"Mapa de Google para \"\n\t\t\t\t\tsrc=\"https:\/\/maps.google.com\/maps?q=1026%20SE%20Federal%20Highway%20Stuart%2C%20FL%2034994WA%2098034&#038;z=16&#038;hl=en&#038;t=m&#038;output=embed&#038;iwloc=near\"\n\t\t\t\t\twidth=\"640\"\n\t\t\t\t\theight=\"300\"\n\t\t\t\t\tloading=\"lazy\"\n\t\t\t\t><\/embed>\n\t\t\t<\/div>\n\t\t\t<\/div>\n\n\n\n<div class=\"wp-block-uagb-container uagb-block-a39bed7f\">\n<div class=\"wp-block-uagb-advanced-heading uagb-block-53965cea\"><h2 class=\"uagb-heading-text\">Centro de infusi\u00f3n de Stuart, FL<\/h2><\/div>\n\n\n\n<p style=\"text-align: left;\"><a href=\"https:\/\/maps.app.goo.gl\/SbyBiX5TYNzgmv3b8\" target=\"_blank\" rel=\"noopener\">Carretera Federal 1026 SE<br \/>Stuart, Florida 34994<\/a><br\/>\nTel\u00e9fono: <a href=\"tel:7727582236\">(772) 758-2236<\/a><\/p>\n<\/div>\n<\/div>\n\n\n\n<div class=\"wp-block-uagb-container uagb-block-0b6c4acb default uagb-is-root-container\">\n<div class=\"wp-block-uagb-container uagb-block-cddbb2f8\">\n<div class=\"wp-block-uagb-advanced-heading uagb-block-1b451881\"><h2 class=\"uagb-heading-text\">Centro de infusi\u00f3n de Trinity, FL<\/h2><\/div>\n\n\n\n<p style=\"text-align: right;\"><a href=\"https:\/\/maps.app.goo.gl\/J3LgqukQWbRCGDK96\" target=\"_blank\" rel=\"noopener\">8140 Picton Way<br\/>\nSuite 103<br\/>\nTrinidad, FL 34655<\/a><br\/>\nTel\u00e9fono: <a href=\"tel:7276187462\">(727) 618-7462<\/a><\/p>\n<\/div>\n\n\n\n<div class=\"wp-block-uagb-container uagb-block-094dcf05\">\t\t\t<div \n\t\t\tclass=\"wp-block-uagb-google-map uagb-google-map__wrap uagb-block-1a44de0c\"\n\t\t\tstyle=\"\" >\n\t\t\t\t<embed\n\t\t\t\t\tclass=\"uagb-google-map__iframe\"\n\t\t\t\t\ttitle=\"Mapa de Google para \"\n\t\t\t\t\tsrc=\"https:\/\/maps.google.com\/maps?q=Brainstorm%20Force&#038;z=16&#038;hl=en&#038;t=m&#038;output=embed&#038;iwloc=near\"\n\t\t\t\t\twidth=\"640\"\n\t\t\t\t\theight=\"300\"\n\t\t\t\t\tloading=\"lazy\"\n\t\t\t\t><\/embed>\n\t\t\t<\/div>\n\t\t\t<\/div>\n<\/div>\n\n\n\n<div class=\"wp-block-uagb-container uagb-block-aa0f32e3 default uagb-is-root-container\">\n<div class=\"wp-block-uagb-container uagb-block-0118f655\">\t\t\t<div \n\t\t\tclass=\"wp-block-uagb-google-map uagb-google-map__wrap uagb-block-4175c24a\"\n\t\t\tstyle=\"\" >\n\t\t\t\t<embed\n\t\t\t\t\tclass=\"uagb-google-map__iframe\"\n\t\t\t\t\ttitle=\"Mapa de Google para \"\n\t\t\t\t\tsrc=\"https:\/\/maps.google.com\/maps?q=6655%20Travis%20Street%2C%20Suite%20625%2C%20Houston%2C%20TX%2077030&#038;z=16&#038;hl=en&#038;t=m&#038;output=embed&#038;iwloc=near\"\n\t\t\t\t\twidth=\"640\"\n\t\t\t\t\theight=\"300\"\n\t\t\t\t\tloading=\"lazy\"\n\t\t\t\t><\/embed>\n\t\t\t<\/div>\n\t\t\t<\/div>\n\n\n\n<div class=\"wp-block-uagb-container uagb-block-50e9d7d6\">\n<div class=\"wp-block-uagb-advanced-heading uagb-block-12a48b09\"><h2 class=\"uagb-heading-text\">Centro de Infusi\u00f3n de Houston, TX (Pr\u00f3ximamente)<\/h2><\/div>\n\n\n\n<p style=\"text-align: left;\"><a href=\"https:\/\/maps.app.goo.gl\/zYGcjsZHGPj1scHy6\" target=\"_blank\" rel=\"noopener\">6655 Calle Travis<br\/>Suite 625<br\/>Houston, Texas 77030<\/a><br\/>\nTel\u00e9fono: <a href=\"tel:7135647046\">(713) 564-7046<\/a><\/p>\n<\/div>\n<\/div>\n<\/div>\n<\/div>","protected":false},"excerpt":{"rendered":"<p>Lo invitamos a llamarnos al (714) 551-6629 si tiene alguna pregunta o comentario sobre los Centros de Infusi\u00f3n AmeriPharma\u00ae. Tambi\u00e9n puede completar el formulario de contacto para programar una cita con uno de nuestros expertos en terapia de infusi\u00f3n.<\/p>","protected":false},"author":26,"featured_media":0,"parent":0,"menu_order":0,"comment_status":"closed","ping_status":"closed","template":"","meta":{"_acf_changed":false,"inline_featured_image":false,"_uag_custom_page_level_css":"","footnotes":""},"class_list":["post-11964","page","type-page","status-publish","hentry"],"acf":[],"yoast_head":"<!-- This site is optimized with the Yoast SEO plugin v27.5 - https:\/\/yoast.com\/product\/yoast-seo-wordpress\/ -->\n<title>Contact Us | Call Today | AmeriPharma Infusion Center\u2122<\/title>\n<meta name=\"description\" content=\"Contact us to learn more about AmeriPharma Infusion Centers\u2122 and the conditions we treat. We provide specialty IV infusions in a resort-inspired environment.\" \/>\n<meta name=\"robots\" content=\"index, follow, max-snippet:-1, max-image-preview:large, max-video-preview:-1\" \/>\n<link rel=\"canonical\" href=\"https:\/\/ameripharmainfusioncenter.com\/es\/contact-us\/\" \/>\n<meta property=\"og:locale\" content=\"es_MX\" \/>\n<meta property=\"og:type\" content=\"article\" \/>\n<meta property=\"og:title\" content=\"Contact Us | Call Today | AmeriPharma Infusion Center\u2122\" \/>\n<meta property=\"og:description\" content=\"Contact us to learn more about AmeriPharma Infusion Centers\u2122 and the conditions we treat. We provide specialty IV infusions in a resort-inspired environment.\" \/>\n<meta property=\"og:url\" content=\"https:\/\/ameripharmainfusioncenter.com\/es\/contact-us\/\" \/>\n<meta property=\"og:site_name\" content=\"AmeriPharma Infusion Center\" \/>\n<meta property=\"article:publisher\" content=\"https:\/\/www.facebook.com\/AmeriPharmaInfusionCenter\/\" \/>\n<meta property=\"article:modified_time\" content=\"2026-03-05T21:38:40+00:00\" \/>\n<meta property=\"og:image\" content=\"https:\/\/ameripharmainfusioncenter.com\/wp-content\/uploads\/2024\/01\/nurse-doctor-senior-care-caregiver-help-assistence.jpg\" \/>\n<meta name=\"twitter:card\" content=\"summary_large_image\" \/>\n<meta name=\"twitter:label1\" content=\"Tiempo de lectura\" \/>\n\t<meta name=\"twitter:data1\" content=\"2 minutos\" \/>\n<script type=\"application\/ld+json\" class=\"yoast-schema-graph\">{\"@context\":\"https:\\\/\\\/schema.org\",\"@graph\":[{\"@type\":\"WebPage\",\"@id\":\"https:\\\/\\\/ameripharmainfusioncenter.com\\\/contact-us\\\/\",\"url\":\"https:\\\/\\\/ameripharmainfusioncenter.com\\\/contact-us\\\/\",\"name\":\"Contact Us | Call Today | AmeriPharma Infusion Center\u2122\",\"isPartOf\":{\"@id\":\"https:\\\/\\\/ameripharmainfusioncenter.com\\\/#website\"},\"primaryImageOfPage\":{\"@id\":\"https:\\\/\\\/ameripharmainfusioncenter.com\\\/contact-us\\\/#primaryimage\"},\"image\":{\"@id\":\"https:\\\/\\\/ameripharmainfusioncenter.com\\\/contact-us\\\/#primaryimage\"},\"thumbnailUrl\":\"https:\\\/\\\/ameripharmainfusioncenter.com\\\/wp-content\\\/uploads\\\/2024\\\/01\\\/nurse-doctor-senior-care-caregiver-help-assistence.jpg\",\"datePublished\":\"2023-04-24T21:48:25+00:00\",\"dateModified\":\"2026-03-05T21:38:40+00:00\",\"description\":\"Contact us to learn more about AmeriPharma Infusion Centers\u2122 and the conditions we treat. We provide specialty IV infusions in a resort-inspired environment.\",\"breadcrumb\":{\"@id\":\"https:\\\/\\\/ameripharmainfusioncenter.com\\\/contact-us\\\/#breadcrumb\"},\"inLanguage\":\"es\",\"potentialAction\":[{\"@type\":\"ReadAction\",\"target\":[\"https:\\\/\\\/ameripharmainfusioncenter.com\\\/contact-us\\\/\"]}]},{\"@type\":\"ImageObject\",\"inLanguage\":\"es\",\"@id\":\"https:\\\/\\\/ameripharmainfusioncenter.com\\\/contact-us\\\/#primaryimage\",\"url\":\"https:\\\/\\\/ameripharmainfusioncenter.com\\\/wp-content\\\/uploads\\\/2024\\\/01\\\/nurse-doctor-senior-care-caregiver-help-assistence.jpg\",\"contentUrl\":\"https:\\\/\\\/ameripharmainfusioncenter.com\\\/wp-content\\\/uploads\\\/2024\\\/01\\\/nurse-doctor-senior-care-caregiver-help-assistence.jpg\"},{\"@type\":\"BreadcrumbList\",\"@id\":\"https:\\\/\\\/ameripharmainfusioncenter.com\\\/contact-us\\\/#breadcrumb\",\"itemListElement\":[{\"@type\":\"ListItem\",\"position\":1,\"name\":\"Home\",\"item\":\"https:\\\/\\\/ameripharmainfusioncenter.com\\\/\"},{\"@type\":\"ListItem\",\"position\":2,\"name\":\"Contact Us\"}]},{\"@type\":\"WebSite\",\"@id\":\"https:\\\/\\\/ameripharmainfusioncenter.com\\\/#website\",\"url\":\"https:\\\/\\\/ameripharmainfusioncenter.com\\\/\",\"name\":\"AmeriPharma Infusion Center\",\"description\":\"Prescription-based Infusion Center in Orange, CA\",\"publisher\":{\"@id\":\"https:\\\/\\\/ameripharmainfusioncenter.com\\\/#organization\"},\"potentialAction\":[{\"@type\":\"SearchAction\",\"target\":{\"@type\":\"EntryPoint\",\"urlTemplate\":\"https:\\\/\\\/ameripharmainfusioncenter.com\\\/?s={search_term_string}\"},\"query-input\":{\"@type\":\"PropertyValueSpecification\",\"valueRequired\":true,\"valueName\":\"search_term_string\"}}],\"inLanguage\":\"es\"},{\"@type\":\"Organization\",\"@id\":\"https:\\\/\\\/ameripharmainfusioncenter.com\\\/#organization\",\"name\":\"AmeriPharma Infusion Center\",\"url\":\"https:\\\/\\\/ameripharmainfusioncenter.com\\\/\",\"logo\":{\"@type\":\"ImageObject\",\"inLanguage\":\"es\",\"@id\":\"https:\\\/\\\/ameripharmainfusioncenter.com\\\/#\\\/schema\\\/logo\\\/image\\\/\",\"url\":\"https:\\\/\\\/ameripharmainfusioncenter.com\\\/wp-content\\\/uploads\\\/2023\\\/02\\\/AmeriPharma-InfusionCenter-logo.png\",\"contentUrl\":\"https:\\\/\\\/ameripharmainfusioncenter.com\\\/wp-content\\\/uploads\\\/2023\\\/02\\\/AmeriPharma-InfusionCenter-logo.png\",\"width\":375,\"height\":60,\"caption\":\"AmeriPharma Infusion Center\"},\"image\":{\"@id\":\"https:\\\/\\\/ameripharmainfusioncenter.com\\\/#\\\/schema\\\/logo\\\/image\\\/\"},\"sameAs\":[\"https:\\\/\\\/www.facebook.com\\\/AmeriPharmaInfusionCenter\\\/\",\"https:\\\/\\\/www.linkedin.com\\\/company\\\/ameripharma\",\"https:\\\/\\\/www.youtube.com\\\/channel\\\/UCdo4qXkWsAwiSz4-f-yz0Aw\"]}]}<\/script>\n<!-- \/ Yoast SEO plugin. -->","yoast_head_json":{"title":"Cont\u00e1ctenos | Llame hoy | AmeriPharma Infusion Center\u2122","description":"Cont\u00e1ctenos para obtener m\u00e1s informaci\u00f3n sobre AmeriPharma Infusion Centers\u2122 y las afecciones que tratamos. Ofrecemos infusiones intravenosas especializadas en un ambiente inspirado en un resort.","robots":{"index":"index","follow":"follow","max-snippet":"max-snippet:-1","max-image-preview":"max-image-preview:large","max-video-preview":"max-video-preview:-1"},"canonical":"https:\/\/ameripharmainfusioncenter.com\/es\/contact-us\/","og_locale":"es_MX","og_type":"article","og_title":"Contact Us | Call Today | AmeriPharma Infusion Center\u2122","og_description":"Contact us to learn more about AmeriPharma Infusion Centers\u2122 and the conditions we treat. We provide specialty IV infusions in a resort-inspired environment.","og_url":"https:\/\/ameripharmainfusioncenter.com\/es\/contact-us\/","og_site_name":"AmeriPharma Infusion Center","article_publisher":"https:\/\/www.facebook.com\/AmeriPharmaInfusionCenter\/","article_modified_time":"2026-03-05T21:38:40+00:00","og_image":[{"url":"https:\/\/ameripharmainfusioncenter.com\/wp-content\/uploads\/2024\/01\/nurse-doctor-senior-care-caregiver-help-assistence.jpg","type":"","width":"","height":""}],"twitter_card":"summary_large_image","twitter_misc":{"Tiempo de lectura":"2 minutos"},"schema":{"@context":"https:\/\/schema.org","@graph":[{"@type":"WebPage","@id":"https:\/\/ameripharmainfusioncenter.com\/contact-us\/","url":"https:\/\/ameripharmainfusioncenter.com\/contact-us\/","name":"Cont\u00e1ctenos | Llame hoy | AmeriPharma Infusion Center\u2122","isPartOf":{"@id":"https:\/\/ameripharmainfusioncenter.com\/#website"},"primaryImageOfPage":{"@id":"https:\/\/ameripharmainfusioncenter.com\/contact-us\/#primaryimage"},"image":{"@id":"https:\/\/ameripharmainfusioncenter.com\/contact-us\/#primaryimage"},"thumbnailUrl":"https:\/\/ameripharmainfusioncenter.com\/wp-content\/uploads\/2024\/01\/nurse-doctor-senior-care-caregiver-help-assistence.jpg","datePublished":"2023-04-24T21:48:25+00:00","dateModified":"2026-03-05T21:38:40+00:00","description":"Cont\u00e1ctenos para obtener m\u00e1s informaci\u00f3n sobre AmeriPharma Infusion Centers\u2122 y las afecciones que tratamos. Ofrecemos infusiones intravenosas especializadas en un ambiente inspirado en un resort.","breadcrumb":{"@id":"https:\/\/ameripharmainfusioncenter.com\/contact-us\/#breadcrumb"},"inLanguage":"es","potentialAction":[{"@type":"ReadAction","target":["https:\/\/ameripharmainfusioncenter.com\/contact-us\/"]}]},{"@type":"ImageObject","inLanguage":"es","@id":"https:\/\/ameripharmainfusioncenter.com\/contact-us\/#primaryimage","url":"https:\/\/ameripharmainfusioncenter.com\/wp-content\/uploads\/2024\/01\/nurse-doctor-senior-care-caregiver-help-assistence.jpg","contentUrl":"https:\/\/ameripharmainfusioncenter.com\/wp-content\/uploads\/2024\/01\/nurse-doctor-senior-care-caregiver-help-assistence.jpg"},{"@type":"BreadcrumbList","@id":"https:\/\/ameripharmainfusioncenter.com\/contact-us\/#breadcrumb","itemListElement":[{"@type":"ListItem","position":1,"name":"Home","item":"https:\/\/ameripharmainfusioncenter.com\/"},{"@type":"ListItem","position":2,"name":"Contact Us"}]},{"@type":"WebSite","@id":"https:\/\/ameripharmainfusioncenter.com\/#website","url":"https:\/\/ameripharmainfusioncenter.com\/","name":"AmeriPharma Infusion Center","description":"Centro de infusi\u00f3n con receta en Orange, CA","publisher":{"@id":"https:\/\/ameripharmainfusioncenter.com\/#organization"},"potentialAction":[{"@type":"SearchAction","target":{"@type":"EntryPoint","urlTemplate":"https:\/\/ameripharmainfusioncenter.com\/?s={search_term_string}"},"query-input":{"@type":"PropertyValueSpecification","valueRequired":true,"valueName":"search_term_string"}}],"inLanguage":"es"},{"@type":"Organization","@id":"https:\/\/ameripharmainfusioncenter.com\/#organization","name":"AmeriPharma Infusion Center","url":"https:\/\/ameripharmainfusioncenter.com\/","logo":{"@type":"ImageObject","inLanguage":"es","@id":"https:\/\/ameripharmainfusioncenter.com\/#\/schema\/logo\/image\/","url":"https:\/\/ameripharmainfusioncenter.com\/wp-content\/uploads\/2023\/02\/AmeriPharma-InfusionCenter-logo.png","contentUrl":"https:\/\/ameripharmainfusioncenter.com\/wp-content\/uploads\/2023\/02\/AmeriPharma-InfusionCenter-logo.png","width":375,"height":60,"caption":"AmeriPharma Infusion Center"},"image":{"@id":"https:\/\/ameripharmainfusioncenter.com\/#\/schema\/logo\/image\/"},"sameAs":["https:\/\/www.facebook.com\/AmeriPharmaInfusionCenter\/","https:\/\/www.linkedin.com\/company\/ameripharma","https:\/\/www.youtube.com\/channel\/UCdo4qXkWsAwiSz4-f-yz0Aw"]}]}},"uagb_featured_image_src":{"full":false,"thumbnail":false,"medium":false,"medium_large":false,"large":false,"1536x1536":false,"2048x2048":false,"trp-custom-language-flag":false,"block-image-html-large":false,"ct-gallery":false,"ct-section-header":false,"ct-thumb":false,"ct-thumb-large":false,"ct-small":false,"ct-medium":false,"ct-xmedium":false,"ct-large":false},"uagb_author_info":{"display_name":"AmeriPharma Infusion Center Staff","author_link":"https:\/\/ameripharmainfusioncenter.com\/es\/author\/ameripharma-infusion-center-staff\/"},"uagb_comment_info":0,"uagb_excerpt":"We invite you to call us at&nbsp;(714) 551-6629&nbsp;with any questions or comments about AmeriPharma\u00ae Infusion Centers. Or you can fill out the contact form to schedule an appointment with one of our infusion therapy experts.","_links":{"self":[{"href":"https:\/\/ameripharmainfusioncenter.com\/es\/wp-json\/wp\/v2\/pages\/11964","targetHints":{"allow":["GET"]}}],"collection":[{"href":"https:\/\/ameripharmainfusioncenter.com\/es\/wp-json\/wp\/v2\/pages"}],"about":[{"href":"https:\/\/ameripharmainfusioncenter.com\/es\/wp-json\/wp\/v2\/types\/page"}],"author":[{"embeddable":true,"href":"https:\/\/ameripharmainfusioncenter.com\/es\/wp-json\/wp\/v2\/users\/26"}],"replies":[{"embeddable":true,"href":"https:\/\/ameripharmainfusioncenter.com\/es\/wp-json\/wp\/v2\/comments?post=11964"}],"version-history":[{"count":0,"href":"https:\/\/ameripharmainfusioncenter.com\/es\/wp-json\/wp\/v2\/pages\/11964\/revisions"}],"wp:attachment":[{"href":"https:\/\/ameripharmainfusioncenter.com\/es\/wp-json\/wp\/v2\/media?parent=11964"}],"curies":[{"name":"gracias","href":"https:\/\/api.w.org\/{rel}","templated":true}]}}