{"id":11932,"date":"2023-03-15T13:49:23","date_gmt":"2023-03-15T20:49:23","guid":{"rendered":"https:\/\/ameripharmainfusioncenter.com\/?page_id=11932"},"modified":"2025-12-12T06:03:24","modified_gmt":"2025-12-12T14:03:24","slug":"what-you-need-to-know-about-ivig","status":"publish","type":"page","link":"https:\/\/ameripharmainfusioncenter.com\/es\/what-you-need-to-know-about-ivig\/","title":{"rendered":"Lo que necesita saber sobre la IgIV"},"content":{"rendered":"<div class=\"wp-block-columns container about-ivig-block is-layout-flex wp-container-core-columns-is-layout-9d6595d7 wp-block-columns-is-layout-flex\">\n<div class=\"wp-block-column is-layout-flow wp-block-column-is-layout-flow\">\n<h5 class=\"wp-block-heading\"><strong>Lo que necesita saber sobre la IVI<\/strong>G<\/h5>\n\n\n\n<p class=\"has-large-font-size\">IgIV es la abreviatura de inmunoglobulina intravenosa, un tratamiento terap\u00e9utico que salva vidas y se utiliza para ayudar a personas con un sistema inmunitario debilitado y otras enfermedades. La inmunoglobulina subcut\u00e1nea (IgS) es un m\u00e9todo de tratamiento que administra inmunoglobulina al sistema mediante inyecci\u00f3n en el tejido adiposo subcut\u00e1neo. La inmunoglobulina aislada del plasma sangu\u00edneo sano de donantes se convierte en una soluci\u00f3n est\u00e9ril que luego se administra a los pacientes por v\u00eda intravenosa. Seg\u00fan la&nbsp;<a href=\"https:\/\/www.ncbi.nlm.nih.gov\/pmc\/articles\/PMC1809480\/\">Centro Nacional de Informaci\u00f3n Biotecnol\u00f3gica<\/a>&nbsp;(NCBI), cada lote de IgIV contiene el suero de 10.000 a 15.000 donantes de sangre.<\/p>\n\n\n\n<div style=\"height:50px\" aria-hidden=\"true\" class=\"wp-block-spacer\"><\/div>\n\n\n\n<h5 class=\"wp-block-heading\"><strong>Entendiendo la inmunoglobulina<\/strong><\/h5>\n\n\n\n<div  id=\"image-30-text-70-6db7feef56259f43dbb0ff70cacedf0f\" style=\"\" class=\"uig-block roundedimg img30text70 white\">\n\t<div class=\"container\">\n\t\t<div class=\"block-wrap right\">\n\t\t\t<div class=\"block-column image\">\n\t\t\t\t<picture class=\"image-30\">\n\t\t\t\t\t\t\t\t\t\t<source media=\"(min-width:768px)\" srcset=\"https:\/\/ameripharmainfusioncenter.com\/wp-content\/uploads\/2019\/04\/ameripharma-small-iv-close-up.jpg\">\n\t\t\t\t\t<img decoding=\"async\" src=\"https:\/\/ameripharmainfusioncenter.com\/wp-content\/uploads\/2019\/04\/ameripharma-small-iv-close-up.jpg\" alt=\"https:\/\/ameripharmainfusioncenter.com\/wp-content\/uploads\/2019\/04\/ameripharma-small-iv-close-up.jpg\" style=\"width:auto;\">\n\t\t\t\t<\/picture>\n\t\t\t<\/div>\n\t\t\t<div class=\"block-column\">\n\t\t\t\t<div class=\"text\">\n\t\t\t\t\t<p>La inmunoglobulina (Ig) es una prote\u00edna presente en la sangre, tan importante para el organismo como los nutrientes y el ox\u00edgeno, y un componente esencial del sistema inmunitario. La Ig combate los ant\u00edgenos que entran en el organismo, como bacterias, virus y toxinas. Sin ellas, el cuerpo tiene dificultades para protegerse de infecciones y enfermedades. Desafortunadamente, algunas enfermedades atacan directamente los anticuerpos del cuerpo o afectan su capacidad para crearlos, debilitando el sistema inmunitario. Afortunadamente, se ha desarrollado un tratamiento para ayudar a las personas con trastornos del sistema inmunitario.<\/p>\n<p><a class=\"uagb-buttons-repeater wp-block-button__link uig-btn\" href=\"https:\/\/ameripharmainfusioncenter.com\/es\/contact-us\/\">Preg\u00fantele a nuestro farmac\u00e9utico sobre la IgIV<\/a><\/p>\n\t\t\t\t<\/div>\n\t\t\t<\/div>\n\t\t<\/div>\n\t<\/div>\n<\/div>\n\n\n\n<h5 class=\"wp-block-heading\"><strong>\u00bfA qui\u00e9n beneficia la terapia con IgIV?<\/strong><\/h5>\n\n\n\n<p class=\"has-large-font-size\">Las personas con inmunodeficiencias no pueden producir suficientes anticuerpos (o ninguno en algunos casos) para combatir los ant\u00edgenos. Como resultado, el cuerpo se vuelve susceptible a infecciones e inflamaci\u00f3n. Los pacientes diagnosticados con polineuropat\u00eda desmielinizante inflamatoria cr\u00f3nica (PDIC), esclerosis m\u00faltiple y miastenia gravis son receptores comunes de terapia con IgIV. En algunos casos, la IgIV tambi\u00e9n se utiliza para tratar a pacientes con deficiencias autoinmunes como el lupus y la miositis (afecciones que causan inflamaci\u00f3n).<\/p>\n\n\n\n<div style=\"height:30px\" aria-hidden=\"true\" class=\"wp-block-spacer\"><\/div>\n\n\n\n<h5 class=\"wp-block-heading\"><strong>\u00bfC\u00f3mo funciona la IgIV y c\u00f3mo se administra?<\/strong><\/h5>\n\n\n\n<p class=\"has-large-font-size\">La inmunoglobulina se administra directamente al torrente sangu\u00edneo por v\u00eda intravenosa a trav\u00e9s de un cat\u00e9ter en el brazo o a trav\u00e9s de una v\u00eda central en el \u00e1rea del pecho. Un profesional m\u00e9dico capacitado y autorizado, como una enfermera certificada en terapia intravenosa, debe administrar el tratamiento en un&nbsp;<a href=\"https:\/\/ameripharmainfusioncenter.com\/es\/locations\/\">centro de infusi\u00f3n local<\/a>&nbsp;o a trav\u00e9s de un servicio a domicilio. Alternativamente, la inmunoglobulina puede administrarse por v\u00eda subcut\u00e1nea en casa o en un centro de infusi\u00f3n. Los pacientes que reciben IgIV tambi\u00e9n pueden eventualmente autoadministrarse el tratamiento por v\u00eda subcut\u00e1nea en casa despu\u00e9s de recibir capacitaci\u00f3n de una enfermera. Completar el tratamiento puede tomar aproximadamente tres horas.&nbsp;<a href=\"https:\/\/ameripharmainfusioncenter.com\/es\/ivig\/\">Terapia de infusi\u00f3n de IgIV<\/a>&nbsp;con intervalos de tratamiento que var\u00edan entre d\u00edas y semanas seg\u00fan lo determine su m\u00e9dico.<\/p>\n\n\n\n<p class=\"has-large-font-size\">Si est\u00e1 interesado en tomar inmunoglobulina para tratar una inmunodeficiencia, aseg\u00farese de hablar con su m\u00e9dico para analizar los posibles efectos secundarios, su historial m\u00e9dico y sus recetas actuales para asegurarse de que es un candidato elegible.<\/p>\n\n\n\n<div class=\"wp-block-uagb-buttons uagb-buttons__outer-wrap uagb-btn__default-btn uagb-btn-tablet__default-btn uagb-btn-mobile__default-btn uagb-block-9573d568\"><div class=\"uagb-buttons__wrap uagb-buttons-layout-wrap\">\n<div class=\"wp-block-uagb-buttons-child uagb-buttons__outer-wrap uagb-block-114c6f9a wp-block-button\"><div class=\"uagb-button__wrapper\"><a class=\"uagb-buttons-repeater wp-block-button__link\" aria-label=\"\" href=\"\/es\/get-started\/\" rel=\"follow noopener\" target=\"_self\" role=\"button\"><div class=\"uagb-button__link\">Empieza ahora<\/div><\/a><\/div><\/div>\n<\/div><\/div>\n\n\n\n<div style=\"height:80px\" aria-hidden=\"true\" class=\"wp-block-spacer\"><\/div>\n<\/div>\n<\/div>\n\n\n\n<p><\/p>","protected":false},"excerpt":{"rendered":"<p>Lo que necesita saber sobre la inmunoglobulina intravenosa (IVIG). IgIV es la abreviatura de inmunoglobulina intravenosa, un tratamiento terap\u00e9utico que salva vidas y se utiliza para ayudar a personas con un sistema inmunitario debilitado y otras enfermedades. La inmunoglobulina subcut\u00e1nea (SCIg) es un m\u00e9todo de tratamiento que administra inmunoglobulina al sistema mediante inyecci\u00f3n en el tejido adiposo subcut\u00e1neo.<\/p>","protected":false},"author":26,"featured_media":0,"parent":0,"menu_order":0,"comment_status":"closed","ping_status":"closed","template":"","meta":{"_acf_changed":true,"inline_featured_image":false,"_uag_custom_page_level_css":"","footnotes":""},"class_list":["post-11932","page","type-page","status-publish","hentry"],"acf":[],"yoast_head":"<!-- This site is optimized with the Yoast SEO plugin v27.4 - https:\/\/yoast.com\/product\/yoast-seo-wordpress\/ -->\n<title>What You Need to Know About IVIg | AmeriPharma Infusion Center<\/title>\n<meta name=\"description\" content=\"IVIg (intravenous immune globulin) therapy is a life-saving treatment created to help people with antibody deficiencies.\" \/>\n<meta name=\"robots\" content=\"index, follow, max-snippet:-1, max-image-preview:large, max-video-preview:-1\" \/>\n<link rel=\"canonical\" href=\"https:\/\/ameripharmainfusioncenter.com\/es\/what-you-need-to-know-about-ivig\/\" \/>\n<meta property=\"og:locale\" content=\"es_MX\" \/>\n<meta property=\"og:type\" content=\"article\" \/>\n<meta property=\"og:title\" content=\"What You Need to Know About IVIg | AmeriPharma Infusion Center\" \/>\n<meta property=\"og:description\" content=\"IVIg (intravenous immune globulin) therapy is a life-saving treatment created to help people with antibody deficiencies.\" \/>\n<meta property=\"og:url\" content=\"https:\/\/ameripharmainfusioncenter.com\/es\/what-you-need-to-know-about-ivig\/\" \/>\n<meta property=\"og:site_name\" content=\"AmeriPharma Infusion Center\" \/>\n<meta property=\"article:publisher\" content=\"https:\/\/www.facebook.com\/AmeriPharmaInfusionCenter\/\" \/>\n<meta property=\"article:modified_time\" content=\"2025-12-12T14:03:24+00:00\" \/>\n<meta property=\"og:image\" content=\"https:\/\/ameripharmainfusioncenter.com\/wp-content\/uploads\/2023\/06\/infusion-center-logo-large-square.png\" \/>\n\t<meta property=\"og:image:width\" content=\"400\" \/>\n\t<meta property=\"og:image:height\" content=\"400\" \/>\n\t<meta property=\"og:image:type\" content=\"image\/png\" \/>\n<meta name=\"twitter:card\" content=\"summary_large_image\" \/>\n<meta name=\"twitter:label1\" content=\"Tiempo de lectura\" \/>\n\t<meta name=\"twitter:data1\" content=\"2 minutos\" \/>\n<script type=\"application\/ld+json\" class=\"yoast-schema-graph\">{\"@context\":\"https:\\\/\\\/schema.org\",\"@graph\":[{\"@type\":\"WebPage\",\"@id\":\"https:\\\/\\\/ameripharmainfusioncenter.com\\\/what-you-need-to-know-about-ivig\\\/\",\"url\":\"https:\\\/\\\/ameripharmainfusioncenter.com\\\/what-you-need-to-know-about-ivig\\\/\",\"name\":\"What You Need to Know About IVIg | AmeriPharma Infusion Center\",\"isPartOf\":{\"@id\":\"https:\\\/\\\/ameripharmainfusioncenter.com\\\/#website\"},\"datePublished\":\"2023-03-15T20:49:23+00:00\",\"dateModified\":\"2025-12-12T14:03:24+00:00\",\"description\":\"IVIg (intravenous immune globulin) therapy is a life-saving treatment created to help people with antibody deficiencies.\",\"breadcrumb\":{\"@id\":\"https:\\\/\\\/ameripharmainfusioncenter.com\\\/what-you-need-to-know-about-ivig\\\/#breadcrumb\"},\"inLanguage\":\"es\",\"potentialAction\":[{\"@type\":\"ReadAction\",\"target\":[\"https:\\\/\\\/ameripharmainfusioncenter.com\\\/what-you-need-to-know-about-ivig\\\/\"]}]},{\"@type\":\"BreadcrumbList\",\"@id\":\"https:\\\/\\\/ameripharmainfusioncenter.com\\\/what-you-need-to-know-about-ivig\\\/#breadcrumb\",\"itemListElement\":[{\"@type\":\"ListItem\",\"position\":1,\"name\":\"Home\",\"item\":\"https:\\\/\\\/ameripharmainfusioncenter.com\\\/\"},{\"@type\":\"ListItem\",\"position\":2,\"name\":\"What You Need to Know About IVIG\"}]},{\"@type\":\"WebSite\",\"@id\":\"https:\\\/\\\/ameripharmainfusioncenter.com\\\/#website\",\"url\":\"https:\\\/\\\/ameripharmainfusioncenter.com\\\/\",\"name\":\"AmeriPharma Infusion Center\",\"description\":\"Prescription-based Infusion Center in Orange, CA\",\"publisher\":{\"@id\":\"https:\\\/\\\/ameripharmainfusioncenter.com\\\/#organization\"},\"potentialAction\":[{\"@type\":\"SearchAction\",\"target\":{\"@type\":\"EntryPoint\",\"urlTemplate\":\"https:\\\/\\\/ameripharmainfusioncenter.com\\\/?s={search_term_string}\"},\"query-input\":{\"@type\":\"PropertyValueSpecification\",\"valueRequired\":true,\"valueName\":\"search_term_string\"}}],\"inLanguage\":\"es\"},{\"@type\":\"Organization\",\"@id\":\"https:\\\/\\\/ameripharmainfusioncenter.com\\\/#organization\",\"name\":\"AmeriPharma Infusion Center\",\"url\":\"https:\\\/\\\/ameripharmainfusioncenter.com\\\/\",\"logo\":{\"@type\":\"ImageObject\",\"inLanguage\":\"es\",\"@id\":\"https:\\\/\\\/ameripharmainfusioncenter.com\\\/#\\\/schema\\\/logo\\\/image\\\/\",\"url\":\"https:\\\/\\\/ameripharmainfusioncenter.com\\\/wp-content\\\/uploads\\\/2023\\\/02\\\/AmeriPharma-InfusionCenter-logo.png\",\"contentUrl\":\"https:\\\/\\\/ameripharmainfusioncenter.com\\\/wp-content\\\/uploads\\\/2023\\\/02\\\/AmeriPharma-InfusionCenter-logo.png\",\"width\":375,\"height\":60,\"caption\":\"AmeriPharma Infusion Center\"},\"image\":{\"@id\":\"https:\\\/\\\/ameripharmainfusioncenter.com\\\/#\\\/schema\\\/logo\\\/image\\\/\"},\"sameAs\":[\"https:\\\/\\\/www.facebook.com\\\/AmeriPharmaInfusionCenter\\\/\",\"https:\\\/\\\/www.linkedin.com\\\/company\\\/ameripharma\",\"https:\\\/\\\/www.youtube.com\\\/channel\\\/UCdo4qXkWsAwiSz4-f-yz0Aw\"]}]}<\/script>\n<!-- \/ Yoast SEO plugin. -->","yoast_head_json":{"title":"Lo que necesita saber sobre la IgIV | AmeriPharma Infusion Center","description":"La terapia con IgIV (inmunoglobulina intravenosa) es un tratamiento que salva vidas y fue creado para ayudar a personas con deficiencias de anticuerpos.","robots":{"index":"index","follow":"follow","max-snippet":"max-snippet:-1","max-image-preview":"max-image-preview:large","max-video-preview":"max-video-preview:-1"},"canonical":"https:\/\/ameripharmainfusioncenter.com\/es\/what-you-need-to-know-about-ivig\/","og_locale":"es_MX","og_type":"article","og_title":"What You Need to Know About IVIg | AmeriPharma Infusion Center","og_description":"IVIg (intravenous immune globulin) therapy is a life-saving treatment created to help people with antibody deficiencies.","og_url":"https:\/\/ameripharmainfusioncenter.com\/es\/what-you-need-to-know-about-ivig\/","og_site_name":"AmeriPharma Infusion Center","article_publisher":"https:\/\/www.facebook.com\/AmeriPharmaInfusionCenter\/","article_modified_time":"2025-12-12T14:03:24+00:00","og_image":[{"width":400,"height":400,"url":"https:\/\/ameripharmainfusioncenter.com\/wp-content\/uploads\/2023\/06\/infusion-center-logo-large-square.png","type":"image\/png"}],"twitter_card":"summary_large_image","twitter_misc":{"Tiempo de lectura":"2 minutos"},"schema":{"@context":"https:\/\/schema.org","@graph":[{"@type":"WebPage","@id":"https:\/\/ameripharmainfusioncenter.com\/what-you-need-to-know-about-ivig\/","url":"https:\/\/ameripharmainfusioncenter.com\/what-you-need-to-know-about-ivig\/","name":"Lo que necesita saber sobre la IgIV | AmeriPharma Infusion Center","isPartOf":{"@id":"https:\/\/ameripharmainfusioncenter.com\/#website"},"datePublished":"2023-03-15T20:49:23+00:00","dateModified":"2025-12-12T14:03:24+00:00","description":"La terapia con IgIV (inmunoglobulina intravenosa) es un tratamiento que salva vidas y fue creado para ayudar a personas con deficiencias de anticuerpos.","breadcrumb":{"@id":"https:\/\/ameripharmainfusioncenter.com\/what-you-need-to-know-about-ivig\/#breadcrumb"},"inLanguage":"es","potentialAction":[{"@type":"ReadAction","target":["https:\/\/ameripharmainfusioncenter.com\/what-you-need-to-know-about-ivig\/"]}]},{"@type":"BreadcrumbList","@id":"https:\/\/ameripharmainfusioncenter.com\/what-you-need-to-know-about-ivig\/#breadcrumb","itemListElement":[{"@type":"ListItem","position":1,"name":"Home","item":"https:\/\/ameripharmainfusioncenter.com\/"},{"@type":"ListItem","position":2,"name":"What You Need to Know About IVIG"}]},{"@type":"WebSite","@id":"https:\/\/ameripharmainfusioncenter.com\/#website","url":"https:\/\/ameripharmainfusioncenter.com\/","name":"AmeriPharma Infusion Center","description":"Centro de infusi\u00f3n con receta en Orange, CA","publisher":{"@id":"https:\/\/ameripharmainfusioncenter.com\/#organization"},"potentialAction":[{"@type":"SearchAction","target":{"@type":"EntryPoint","urlTemplate":"https:\/\/ameripharmainfusioncenter.com\/?s={search_term_string}"},"query-input":{"@type":"PropertyValueSpecification","valueRequired":true,"valueName":"search_term_string"}}],"inLanguage":"es"},{"@type":"Organization","@id":"https:\/\/ameripharmainfusioncenter.com\/#organization","name":"AmeriPharma Infusion Center","url":"https:\/\/ameripharmainfusioncenter.com\/","logo":{"@type":"ImageObject","inLanguage":"es","@id":"https:\/\/ameripharmainfusioncenter.com\/#\/schema\/logo\/image\/","url":"https:\/\/ameripharmainfusioncenter.com\/wp-content\/uploads\/2023\/02\/AmeriPharma-InfusionCenter-logo.png","contentUrl":"https:\/\/ameripharmainfusioncenter.com\/wp-content\/uploads\/2023\/02\/AmeriPharma-InfusionCenter-logo.png","width":375,"height":60,"caption":"AmeriPharma Infusion Center"},"image":{"@id":"https:\/\/ameripharmainfusioncenter.com\/#\/schema\/logo\/image\/"},"sameAs":["https:\/\/www.facebook.com\/AmeriPharmaInfusionCenter\/","https:\/\/www.linkedin.com\/company\/ameripharma","https:\/\/www.youtube.com\/channel\/UCdo4qXkWsAwiSz4-f-yz0Aw"]}]}},"uagb_featured_image_src":{"full":false,"thumbnail":false,"medium":false,"medium_large":false,"large":false,"1536x1536":false,"2048x2048":false,"trp-custom-language-flag":false,"block-image-html-large":false,"ct-gallery":false,"ct-section-header":false,"ct-thumb":false,"ct-thumb-large":false,"ct-small":false,"ct-medium":false,"ct-xmedium":false,"ct-large":false},"uagb_author_info":{"display_name":"AmeriPharma Infusion Center Staff","author_link":"https:\/\/ameripharmainfusioncenter.com\/es\/author\/ameripharma-infusion-center-staff\/"},"uagb_comment_info":0,"uagb_excerpt":"What You Need to Know About&nbsp;IVIG IVIG is short for intravenous immune globulin, a life-saving therapy treatment used to aid those with a weakened immune system and other diseases. Subcutaneous immune globulin (SCIg) is a treatment method that delivers immune globulin into the system by injecting into fatty tissue below the skin.","_links":{"self":[{"href":"https:\/\/ameripharmainfusioncenter.com\/es\/wp-json\/wp\/v2\/pages\/11932","targetHints":{"allow":["GET"]}}],"collection":[{"href":"https:\/\/ameripharmainfusioncenter.com\/es\/wp-json\/wp\/v2\/pages"}],"about":[{"href":"https:\/\/ameripharmainfusioncenter.com\/es\/wp-json\/wp\/v2\/types\/page"}],"author":[{"embeddable":true,"href":"https:\/\/ameripharmainfusioncenter.com\/es\/wp-json\/wp\/v2\/users\/26"}],"replies":[{"embeddable":true,"href":"https:\/\/ameripharmainfusioncenter.com\/es\/wp-json\/wp\/v2\/comments?post=11932"}],"version-history":[{"count":0,"href":"https:\/\/ameripharmainfusioncenter.com\/es\/wp-json\/wp\/v2\/pages\/11932\/revisions"}],"wp:attachment":[{"href":"https:\/\/ameripharmainfusioncenter.com\/es\/wp-json\/wp\/v2\/media?parent=11932"}],"curies":[{"name":"gracias","href":"https:\/\/api.w.org\/{rel}","templated":true}]}}