{"id":10236,"date":"2019-02-21T19:24:08","date_gmt":"2019-02-22T03:24:08","guid":{"rendered":"https:\/\/ameripharmainfusioncenter.com\/?page_id=10236"},"modified":"2025-12-15T07:26:09","modified_gmt":"2025-12-15T15:26:09","slug":"enrollment-forms","status":"publish","type":"page","link":"https:\/\/ameripharmainfusioncenter.com\/es\/enrollment-forms\/","title":{"rendered":"Formularios de inscripci\u00f3n"},"content":{"rendered":"<div  id=\"pdf-forms-acdc3fdec97d61d91a6152f266654172\" style=\"\" class=\"pdfForms\">\n    <div class=\"container\">\n        <div class=\"block-wrap ct_pdfForms\">\n        <h2 class=\"pdfForms_heading\"><\/h2>\n            <div class=\"pdfForms_inner col2\">\n                                                                                        <div class=\"pdfForms_inner_col_box\">\n                                <h3>Enfermedad de Crohn \/ Colitis ulcerosa<\/h3>\n                                <ul>\n                                                                                                                <li>\n                                            <a href=\"https:\/\/ameripharmainfusioncenter.com\/wp-content\/uploads\/2024\/11\/cduc-rf-crohns-disease-ulcerative-colitis-referral-form.pdf\" target=\"_blank\" > \n                                                <img decoding=\"async\" src=\"https:\/\/ameripharmainfusioncenter.com\/wp-content\/themes\/ct-theme\/assets\/img\/pdf-icon.png\" alt=\"PDF\" \/>\n                                                Descargar formulario de referencia\n                                            <\/a>\n                                        <\/li>\n                                                                    <\/ul>\n                            <\/div>\n                                                                                                <div class=\"pdfForms_inner_col_box\">\n                                <h3> Inmunoglobulina intravenosa<\/h3>\n                                <ul>\n                                                                                                                <li>\n                                            <a href=\"https:\/\/ameripharmainfusioncenter.com\/wp-content\/uploads\/2024\/10\/ivig-rf-intravenous-immune-globulin-referral-form.pdf\" target=\"_blank\" > \n                                                <img decoding=\"async\" src=\"https:\/\/ameripharmainfusioncenter.com\/wp-content\/themes\/ct-theme\/assets\/img\/pdf-icon.png\" alt=\"PDF\" \/>\n                                                Descargar formulario de referencia\n                                            <\/a>\n                                        <\/li>\n                                                                    <\/ul>\n                            <\/div>\n                                                                                                <div class=\"pdfForms_inner_col_box\">\n                                <h3>Inmunoglobulina subcut\u00e1nea<\/h3>\n                                <ul>\n                                                                            <li>\n                                            <a href=\"https:\/\/ameripharmainfusioncenter.com\/wp-content\/uploads\/2024\/11\/IVIG-SubQ-Order-Form.pdf\" target=\"_blank\" >\n                                            <img decoding=\"async\" src=\"https:\/\/ameripharmainfusioncenter.com\/wp-content\/themes\/ct-theme\/assets\/img\/pdf-icon.png\" alt=\"PDF\" \/>\n                                            Descargar formulario de pedido\n                                            <\/a>\n                                        <\/li>\n                                                                                                        <\/ul>\n                            <\/div>\n                                                                                                <div class=\"pdfForms_inner_col_box\">\n                                <h3>Hemofilia \/ Trastornos hemorr\u00e1gicos<\/h3>\n                                <ul>\n                                                                                                                <li>\n                                            <a href=\"https:\/\/ameripharmainfusioncenter.com\/wp-content\/uploads\/2024\/10\/Updated_05.04.2024-Hemophilia-Referral-form.pdf\" target=\"_blank\" > \n                                                <img decoding=\"async\" src=\"https:\/\/ameripharmainfusioncenter.com\/wp-content\/themes\/ct-theme\/assets\/img\/pdf-icon.png\" alt=\"PDF\" \/>\n                                                Descargar formulario de referencia\n                                            <\/a>\n                                        <\/li>\n                                                                    <\/ul>\n                            <\/div>\n                                                                                                <div class=\"pdfForms_inner_col_box\">\n                                <h3> Oncolog\u00eda<\/h3>\n                                <ul>\n                                                                            <li>\n                                            <a href=\"https:\/\/ameripharmainfusioncenter.com\/wp-content\/uploads\/2024\/10\/ONCOLOGY-REFERRAL-FORM.pdf\" target=\"_blank\" >\n                                            <img decoding=\"async\" src=\"https:\/\/ameripharmainfusioncenter.com\/wp-content\/themes\/ct-theme\/assets\/img\/pdf-icon.png\" alt=\"PDF\" \/>\n                                            Descargar formulario de pedido\n                                            <\/a>\n                                        <\/li>\n                                                                                                        <\/ul>\n                            <\/div>\n                                                                                                <div class=\"pdfForms_inner_col_box\">\n                                <h3>Infusi\u00f3n intravenosa para esclerosis m\u00faltiple<\/h3>\n                                <ul>\n                                                                            <li>\n                                            <a href=\"https:\/\/ameripharmainfusioncenter.com\/wp-content\/uploads\/2024\/10\/multiple-sclerosis-enrollment-form.pdf\" target=\"_blank\" >\n                                            <img decoding=\"async\" src=\"https:\/\/ameripharmainfusioncenter.com\/wp-content\/themes\/ct-theme\/assets\/img\/pdf-icon.png\" alt=\"PDF\" \/>\n                                            Descargar formulario de pedido\n                                            <\/a>\n                                        <\/li>\n                                                                                                        <\/ul>\n                            <\/div>\n                                                                                                <div class=\"pdfForms_inner_col_box\">\n                                <h3>Terapia de infusi\u00f3n<\/h3>\n                                <ul>\n                                                                                                                <li>\n                                            <a href=\"https:\/\/ameripharmainfusioncenter.com\/wp-content\/uploads\/2024\/10\/inft-rf-infusion-therapy-referral-form.pdf\" target=\"_blank\" > \n                                                <img decoding=\"async\" src=\"https:\/\/ameripharmainfusioncenter.com\/wp-content\/themes\/ct-theme\/assets\/img\/pdf-icon.png\" alt=\"PDF\" \/>\n                                                Descargar formulario de referencia\n                                            <\/a>\n                                        <\/li>\n                                                                    <\/ul>\n                            <\/div>\n                                                                                                <div class=\"pdfForms_inner_col_box\">\n                                <h3>Reumatolog\u00eda<\/h3>\n                                <ul>\n                                                                                                                <li>\n                                            <a href=\"https:\/\/ameripharmainfusioncenter.com\/wp-content\/uploads\/2024\/10\/RHEUMATOLOGY-REFERRAL-FORM.pdf\" target=\"_blank\" > \n                                                <img decoding=\"async\" src=\"https:\/\/ameripharmainfusioncenter.com\/wp-content\/themes\/ct-theme\/assets\/img\/pdf-icon.png\" alt=\"PDF\" \/>\n                                                Descargar formulario de referencia\n                                            <\/a>\n                                        <\/li>\n                                                                    <\/ul>\n                            <\/div>\n                                                                                                <div class=\"pdfForms_inner_col_box\">\n                                <h3>Fibrosis qu\u00edstica<\/h3>\n                                <ul>\n                                                                            <li>\n                                            <a href=\"https:\/\/ameripharmainfusioncenter.com\/wp-content\/uploads\/2024\/10\/cystic_fibrosis_referral_form.pdf\" target=\"_blank\" >\n                                            <img decoding=\"async\" src=\"https:\/\/ameripharmainfusioncenter.com\/wp-content\/themes\/ct-theme\/assets\/img\/pdf-icon.png\" alt=\"PDF\" \/>\n                                            Descargar formulario de pedido\n                                            <\/a>\n                                        <\/li>\n                                                                                                        <\/ul>\n                            <\/div>\n                                                                        <\/div>\n        <\/div>\n    <\/div>\n<\/div>\n\n\n\n<div class=\"wp-block-columns container is-layout-flex wp-container-core-columns-is-layout-9d6595d7 wp-block-columns-is-layout-flex\">\n<div class=\"wp-block-column is-layout-flow wp-block-column-is-layout-flow\">\n<div style=\"height:40px\" aria-hidden=\"true\" class=\"wp-block-spacer\"><\/div>\n\n\n\n<div class=\"wp-block-media-text is-stacked-on-mobile oc-flexbox ef-flexbox roundedimg\"><figure class=\"wp-block-media-text__media\"><img loading=\"lazy\" decoding=\"async\" width=\"600\" height=\"337\" src=\"https:\/\/ameripharmainfusioncenter.com\/wp-content\/uploads\/2019\/04\/ameripharma-enrollment-1.jpg\" alt=\"AmeriPharma enrollment and consultation\" class=\"wp-image-11094 size-full\" srcset=\"https:\/\/ameripharmainfusioncenter.com\/wp-content\/uploads\/2019\/04\/ameripharma-enrollment-1.jpg 600w, https:\/\/ameripharmainfusioncenter.com\/wp-content\/uploads\/2019\/04\/ameripharma-enrollment-1-300x169.jpg 300w\" sizes=\"auto, (max-width: 600px) 100vw, 600px\" \/><\/figure><div class=\"wp-block-media-text__content\">\n<p class=\"has-large-font-size\"><strong>En cumplimiento con las normas y regulaciones aplicables, podemos aceptar recetas enviadas por fax \u00fanicamente de los m\u00e9dicos que las prescriben, mientras que los pacientes pueden presentar la receta original.<\/strong><\/p>\n<\/div><\/div>\n\n\n\n<div style=\"height:80px\" aria-hidden=\"true\" class=\"wp-block-spacer\"><\/div>\n<\/div>\n<\/div>\n\n\n\n<p><\/p>","protected":false},"excerpt":{"rendered":"<p>En cumplimiento con las normas y regulaciones aplicables, podemos aceptar recetas enviadas por fax \u00fanicamente de los m\u00e9dicos que las prescriben, mientras que los pacientes pueden presentar la receta original.<\/p>","protected":false},"author":1,"featured_media":0,"parent":0,"menu_order":0,"comment_status":"closed","ping_status":"closed","template":"","meta":{"_acf_changed":true,"inline_featured_image":false,"_uag_custom_page_level_css":"","footnotes":""},"class_list":["post-10236","page","type-page","status-publish","hentry"],"acf":[],"yoast_head":"<!-- This site is optimized with the Yoast SEO plugin v27.5 - https:\/\/yoast.com\/product\/yoast-seo-wordpress\/ -->\n<title>Enrollment Form | AmeriPharma Infusion Center<\/title>\n<meta name=\"description\" content=\"Download and complete the AmeriPharma Infusion Center enrollment forms and submit to us via fax from a doctor&#039;s office or in-person.\" \/>\n<meta name=\"robots\" content=\"index, follow, max-snippet:-1, max-image-preview:large, max-video-preview:-1\" \/>\n<link rel=\"canonical\" href=\"https:\/\/ameripharmainfusioncenter.com\/es\/enrollment-forms\/\" \/>\n<meta property=\"og:locale\" content=\"es_MX\" \/>\n<meta property=\"og:type\" content=\"article\" \/>\n<meta property=\"og:title\" content=\"Enrollment Form | AmeriPharma Infusion Center\" \/>\n<meta property=\"og:description\" content=\"Download and complete the AmeriPharma Infusion Center enrollment forms and submit to us via fax from a doctor&#039;s office or in-person.\" \/>\n<meta property=\"og:url\" content=\"https:\/\/ameripharmainfusioncenter.com\/es\/enrollment-forms\/\" \/>\n<meta property=\"og:site_name\" content=\"AmeriPharma Infusion Center\" \/>\n<meta property=\"article:publisher\" content=\"https:\/\/www.facebook.com\/AmeriPharmaInfusionCenter\/\" \/>\n<meta property=\"article:modified_time\" content=\"2025-12-15T15:26:09+00:00\" \/>\n<meta property=\"og:image\" content=\"https:\/\/ameripharmainfusioncenter.com\/wp-content\/uploads\/2019\/04\/ameripharma-enrollment-1.jpg\" \/>\n<meta name=\"twitter:card\" content=\"summary_large_image\" \/>\n<meta name=\"twitter:label1\" content=\"Tiempo de lectura\" \/>\n\t<meta name=\"twitter:data1\" content=\"1 minuto\" \/>\n<script type=\"application\/ld+json\" class=\"yoast-schema-graph\">{\"@context\":\"https:\\\/\\\/schema.org\",\"@graph\":[{\"@type\":\"WebPage\",\"@id\":\"https:\\\/\\\/ameripharmainfusioncenter.com\\\/enrollment-forms\\\/\",\"url\":\"https:\\\/\\\/ameripharmainfusioncenter.com\\\/enrollment-forms\\\/\",\"name\":\"Enrollment Form | AmeriPharma Infusion Center\",\"isPartOf\":{\"@id\":\"https:\\\/\\\/ameripharmainfusioncenter.com\\\/#website\"},\"primaryImageOfPage\":{\"@id\":\"https:\\\/\\\/ameripharmainfusioncenter.com\\\/enrollment-forms\\\/#primaryimage\"},\"image\":{\"@id\":\"https:\\\/\\\/ameripharmainfusioncenter.com\\\/enrollment-forms\\\/#primaryimage\"},\"thumbnailUrl\":\"https:\\\/\\\/ameripharmainfusioncenter.com\\\/wp-content\\\/uploads\\\/2019\\\/04\\\/ameripharma-enrollment-1.jpg\",\"datePublished\":\"2019-02-22T03:24:08+00:00\",\"dateModified\":\"2025-12-15T15:26:09+00:00\",\"description\":\"Download and complete the AmeriPharma Infusion Center enrollment forms and submit to us via fax from a doctor's office or in-person.\",\"breadcrumb\":{\"@id\":\"https:\\\/\\\/ameripharmainfusioncenter.com\\\/enrollment-forms\\\/#breadcrumb\"},\"inLanguage\":\"es\",\"potentialAction\":[{\"@type\":\"ReadAction\",\"target\":[\"https:\\\/\\\/ameripharmainfusioncenter.com\\\/enrollment-forms\\\/\"]}]},{\"@type\":\"ImageObject\",\"inLanguage\":\"es\",\"@id\":\"https:\\\/\\\/ameripharmainfusioncenter.com\\\/enrollment-forms\\\/#primaryimage\",\"url\":\"https:\\\/\\\/ameripharmainfusioncenter.com\\\/wp-content\\\/uploads\\\/2019\\\/04\\\/ameripharma-enrollment-1.jpg\",\"contentUrl\":\"https:\\\/\\\/ameripharmainfusioncenter.com\\\/wp-content\\\/uploads\\\/2019\\\/04\\\/ameripharma-enrollment-1.jpg\"},{\"@type\":\"BreadcrumbList\",\"@id\":\"https:\\\/\\\/ameripharmainfusioncenter.com\\\/enrollment-forms\\\/#breadcrumb\",\"itemListElement\":[{\"@type\":\"ListItem\",\"position\":1,\"name\":\"Home\",\"item\":\"https:\\\/\\\/ameripharmainfusioncenter.com\\\/\"},{\"@type\":\"ListItem\",\"position\":2,\"name\":\"Enrollment Forms\"}]},{\"@type\":\"WebSite\",\"@id\":\"https:\\\/\\\/ameripharmainfusioncenter.com\\\/#website\",\"url\":\"https:\\\/\\\/ameripharmainfusioncenter.com\\\/\",\"name\":\"AmeriPharma Infusion Center\",\"description\":\"Prescription-based Infusion Center in Orange, CA\",\"publisher\":{\"@id\":\"https:\\\/\\\/ameripharmainfusioncenter.com\\\/#organization\"},\"potentialAction\":[{\"@type\":\"SearchAction\",\"target\":{\"@type\":\"EntryPoint\",\"urlTemplate\":\"https:\\\/\\\/ameripharmainfusioncenter.com\\\/?s={search_term_string}\"},\"query-input\":{\"@type\":\"PropertyValueSpecification\",\"valueRequired\":true,\"valueName\":\"search_term_string\"}}],\"inLanguage\":\"es\"},{\"@type\":\"Organization\",\"@id\":\"https:\\\/\\\/ameripharmainfusioncenter.com\\\/#organization\",\"name\":\"AmeriPharma Infusion Center\",\"url\":\"https:\\\/\\\/ameripharmainfusioncenter.com\\\/\",\"logo\":{\"@type\":\"ImageObject\",\"inLanguage\":\"es\",\"@id\":\"https:\\\/\\\/ameripharmainfusioncenter.com\\\/#\\\/schema\\\/logo\\\/image\\\/\",\"url\":\"https:\\\/\\\/ameripharmainfusioncenter.com\\\/wp-content\\\/uploads\\\/2023\\\/02\\\/AmeriPharma-InfusionCenter-logo.png\",\"contentUrl\":\"https:\\\/\\\/ameripharmainfusioncenter.com\\\/wp-content\\\/uploads\\\/2023\\\/02\\\/AmeriPharma-InfusionCenter-logo.png\",\"width\":375,\"height\":60,\"caption\":\"AmeriPharma Infusion Center\"},\"image\":{\"@id\":\"https:\\\/\\\/ameripharmainfusioncenter.com\\\/#\\\/schema\\\/logo\\\/image\\\/\"},\"sameAs\":[\"https:\\\/\\\/www.facebook.com\\\/AmeriPharmaInfusionCenter\\\/\",\"https:\\\/\\\/www.linkedin.com\\\/company\\\/ameripharma\",\"https:\\\/\\\/www.youtube.com\\\/channel\\\/UCdo4qXkWsAwiSz4-f-yz0Aw\"]}]}<\/script>\n<!-- \/ Yoast SEO plugin. -->","yoast_head_json":{"title":"Formulario de inscripci\u00f3n | AmeriPharma Infusion Center","description":"Descargue y complete los formularios de inscripci\u00f3n AmeriPharma Infusion Center y env\u00edenoslos por fax desde el consultorio de un m\u00e9dico o en persona.","robots":{"index":"index","follow":"follow","max-snippet":"max-snippet:-1","max-image-preview":"max-image-preview:large","max-video-preview":"max-video-preview:-1"},"canonical":"https:\/\/ameripharmainfusioncenter.com\/es\/enrollment-forms\/","og_locale":"es_MX","og_type":"article","og_title":"Enrollment Form | AmeriPharma Infusion Center","og_description":"Download and complete the AmeriPharma Infusion Center enrollment forms and submit to us via fax from a doctor's office or in-person.","og_url":"https:\/\/ameripharmainfusioncenter.com\/es\/enrollment-forms\/","og_site_name":"AmeriPharma Infusion Center","article_publisher":"https:\/\/www.facebook.com\/AmeriPharmaInfusionCenter\/","article_modified_time":"2025-12-15T15:26:09+00:00","og_image":[{"url":"https:\/\/ameripharmainfusioncenter.com\/wp-content\/uploads\/2019\/04\/ameripharma-enrollment-1.jpg","type":"","width":"","height":""}],"twitter_card":"summary_large_image","twitter_misc":{"Tiempo de lectura":"1 minuto"},"schema":{"@context":"https:\/\/schema.org","@graph":[{"@type":"WebPage","@id":"https:\/\/ameripharmainfusioncenter.com\/enrollment-forms\/","url":"https:\/\/ameripharmainfusioncenter.com\/enrollment-forms\/","name":"Formulario de inscripci\u00f3n | AmeriPharma Infusion Center","isPartOf":{"@id":"https:\/\/ameripharmainfusioncenter.com\/#website"},"primaryImageOfPage":{"@id":"https:\/\/ameripharmainfusioncenter.com\/enrollment-forms\/#primaryimage"},"image":{"@id":"https:\/\/ameripharmainfusioncenter.com\/enrollment-forms\/#primaryimage"},"thumbnailUrl":"https:\/\/ameripharmainfusioncenter.com\/wp-content\/uploads\/2019\/04\/ameripharma-enrollment-1.jpg","datePublished":"2019-02-22T03:24:08+00:00","dateModified":"2025-12-15T15:26:09+00:00","description":"Descargue y complete los formularios de inscripci\u00f3n AmeriPharma Infusion Center y env\u00edenoslos por fax desde el consultorio de un m\u00e9dico o en persona.","breadcrumb":{"@id":"https:\/\/ameripharmainfusioncenter.com\/enrollment-forms\/#breadcrumb"},"inLanguage":"es","potentialAction":[{"@type":"ReadAction","target":["https:\/\/ameripharmainfusioncenter.com\/enrollment-forms\/"]}]},{"@type":"ImageObject","inLanguage":"es","@id":"https:\/\/ameripharmainfusioncenter.com\/enrollment-forms\/#primaryimage","url":"https:\/\/ameripharmainfusioncenter.com\/wp-content\/uploads\/2019\/04\/ameripharma-enrollment-1.jpg","contentUrl":"https:\/\/ameripharmainfusioncenter.com\/wp-content\/uploads\/2019\/04\/ameripharma-enrollment-1.jpg"},{"@type":"BreadcrumbList","@id":"https:\/\/ameripharmainfusioncenter.com\/enrollment-forms\/#breadcrumb","itemListElement":[{"@type":"ListItem","position":1,"name":"Home","item":"https:\/\/ameripharmainfusioncenter.com\/"},{"@type":"ListItem","position":2,"name":"Enrollment Forms"}]},{"@type":"WebSite","@id":"https:\/\/ameripharmainfusioncenter.com\/#website","url":"https:\/\/ameripharmainfusioncenter.com\/","name":"AmeriPharma Infusion Center","description":"Centro de infusi\u00f3n con receta en Orange, CA","publisher":{"@id":"https:\/\/ameripharmainfusioncenter.com\/#organization"},"potentialAction":[{"@type":"SearchAction","target":{"@type":"EntryPoint","urlTemplate":"https:\/\/ameripharmainfusioncenter.com\/?s={search_term_string}"},"query-input":{"@type":"PropertyValueSpecification","valueRequired":true,"valueName":"search_term_string"}}],"inLanguage":"es"},{"@type":"Organization","@id":"https:\/\/ameripharmainfusioncenter.com\/#organization","name":"AmeriPharma Infusion Center","url":"https:\/\/ameripharmainfusioncenter.com\/","logo":{"@type":"ImageObject","inLanguage":"es","@id":"https:\/\/ameripharmainfusioncenter.com\/#\/schema\/logo\/image\/","url":"https:\/\/ameripharmainfusioncenter.com\/wp-content\/uploads\/2023\/02\/AmeriPharma-InfusionCenter-logo.png","contentUrl":"https:\/\/ameripharmainfusioncenter.com\/wp-content\/uploads\/2023\/02\/AmeriPharma-InfusionCenter-logo.png","width":375,"height":60,"caption":"AmeriPharma Infusion Center"},"image":{"@id":"https:\/\/ameripharmainfusioncenter.com\/#\/schema\/logo\/image\/"},"sameAs":["https:\/\/www.facebook.com\/AmeriPharmaInfusionCenter\/","https:\/\/www.linkedin.com\/company\/ameripharma","https:\/\/www.youtube.com\/channel\/UCdo4qXkWsAwiSz4-f-yz0Aw"]}]}},"uagb_featured_image_src":{"full":false,"thumbnail":false,"medium":false,"medium_large":false,"large":false,"1536x1536":false,"2048x2048":false,"trp-custom-language-flag":false,"block-image-html-large":false,"ct-gallery":false,"ct-section-header":false,"ct-thumb":false,"ct-thumb-large":false,"ct-small":false,"ct-medium":false,"ct-xmedium":false,"ct-large":false},"uagb_author_info":{"display_name":"AmeriPharma\u00ae Infusion Center Staff","author_link":"https:\/\/ameripharmainfusioncenter.com\/es\/author\/admin\/"},"uagb_comment_info":0,"uagb_excerpt":"In compliance with applicable standards and regulations, we can accept faxed prescriptions from prescribing practitioners only while patients may submit the original prescription","_links":{"self":[{"href":"https:\/\/ameripharmainfusioncenter.com\/es\/wp-json\/wp\/v2\/pages\/10236","targetHints":{"allow":["GET"]}}],"collection":[{"href":"https:\/\/ameripharmainfusioncenter.com\/es\/wp-json\/wp\/v2\/pages"}],"about":[{"href":"https:\/\/ameripharmainfusioncenter.com\/es\/wp-json\/wp\/v2\/types\/page"}],"author":[{"embeddable":true,"href":"https:\/\/ameripharmainfusioncenter.com\/es\/wp-json\/wp\/v2\/users\/1"}],"replies":[{"embeddable":true,"href":"https:\/\/ameripharmainfusioncenter.com\/es\/wp-json\/wp\/v2\/comments?post=10236"}],"version-history":[{"count":0,"href":"https:\/\/ameripharmainfusioncenter.com\/es\/wp-json\/wp\/v2\/pages\/10236\/revisions"}],"wp:attachment":[{"href":"https:\/\/ameripharmainfusioncenter.com\/es\/wp-json\/wp\/v2\/media?parent=10236"}],"curies":[{"name":"gracias","href":"https:\/\/api.w.org\/{rel}","templated":true}]}}